{"id":9413,"date":"2026-04-11T16:40:09","date_gmt":"2026-04-11T21:40:09","guid":{"rendered":"https:\/\/educacioncontinua.pascualbravo.edu.co\/?post_type=product&#038;p=9413"},"modified":"2026-04-17T13:39:27","modified_gmt":"2026-04-17T18:39:27","slug":"diplomado-en-metodologias-agiles-para-la-gestion-de-proyectos-e-innovacion-organizacional","status":"publish","type":"product","link":"https:\/\/educacioncontinua.pascualbravo.edu.co\/?product=diplomado-en-metodologias-agiles-para-la-gestion-de-proyectos-e-innovacion-organizacional","title":{"rendered":"Diplomado en Metodolog\u00edas \u00e1giles para la gesti\u00f3n de proyectos e innovaci\u00f3n organizacional"},"content":{"rendered":"<p>El diplomado en Metodolog\u00edas \u00c1giles para la Gesti\u00f3n de Proyectos e Innovaci\u00f3n Organizacional tiene como prop\u00f3sito fortalecer las competencias de los participantes para comprender y aplicar diversos enfoques \u00e1giles en distintos contextos profesionales, promoviendo el trabajo colaborativo, la innovaci\u00f3n y la mejora continua en las organizaciones.<\/p>\n<h5>OBJETIVOS ESPEC\u00cdFICOS:<\/h5>\n<ul>\n<li>Analizar los desaf\u00edos de los entornos organizacionales contempor\u00e1neos, caracterizados por contextos VUCA y BANI, y su impacto en la gesti\u00f3n de proyectos y procesos.<\/li>\n<li>Comprender los principios del pensamiento \u00e1gil y su aplicaci\u00f3n en la gesti\u00f3n de proyectos, productos y servicios.<\/li>\n<li>Aplicar marcos de trabajo \u00e1giles como Scrum, Lean y Kanban para la planificaci\u00f3n, ejecuci\u00f3n y seguimiento de proyectos en diferentes contextos organizacionales.<\/li>\n<\/ul>\n<h5>Lo que vas a aprender:<\/h5>\n<p><!--aqu\u00ed empieza acoerde\u00f3n de qu\u00e9 vas a aprender--><\/p>\n<div id=\"accordionExample\" class=\"accordion\">\n<div class=\"card ec-card\">\n<div id=\"headingOne\" class=\"card-header ec-header\">\n<p><button class=\"btn btn-link btn-block text-left ec-btn\" type=\"button\" data-toggle=\"collapse\" data-target=\"#collapseOne\" aria-expanded=\"true\" aria-controls=\"collapseOne\"><br \/>\nTemas<\/button><\/p>\n<\/div>\n<div id=\"collapseOne\" class=\"collapse show\" aria-labelledby=\"headingOne\" data-parent=\"#accordionExample\">\n<div class=\"card-body ec-cardbody\">\n<ul>\n<li>Fundamentos de agilidad y pensamiento \u00e1gil en entornos complejos<\/li>\n<li>Gesti\u00f3n \u00e1gil de proyectos con Scrum<\/li>\n<li>Gesti\u00f3n visual del trabajo con Kanban y principios Lean<\/li>\n<li>Innovaci\u00f3n y soluci\u00f3n de problemas con Design thinking<\/li>\n<li>Liderazgo u gesti\u00f3n de equipos \u00e1giles<\/li>\n<li>Escalamiento y transformaci\u00f3n \u00e1gil en organizaciones<\/li>\n<li>Herramientas digitales para la gesti\u00f3n \u00e1gil<\/li>\n<li>Proyecto integrador aplicado<\/li>\n<\/ul>\n<h5>Dirigido a:<\/h5>\n<\/div>\n<\/div>\n<\/div>\n<div class=\"card ec-card\">\n<div id=\"collapseTwo\" class=\"collapse\" aria-labelledby=\"headingTwo\" data-parent=\"#accordionExample\">\n<div class=\"card-body ec-cardbody\">Dirigido a profesionales de \u00e1reas como ingenier\u00eda (mec\u00e1nica, el\u00e9ctrica, electr\u00f3nica, sistemas o software), ingenier\u00eda administrativa, log\u00edstica, industrial y dise\u00f1o.<br \/>\nEste diplomado es especialmente relevante para quienes participan en procesos de desarrollo de productos, gesti\u00f3n de servicios, innovaci\u00f3n o mejora organizacional, y desean incorporar metodolog\u00edas \u00e1giles para optimizar el trabajo en equipo y la generaci\u00f3n de valor.<\/div>\n<\/div>\n<\/div>\n<\/div>\n<p>&nbsp;<\/p>\n<p><b>El inicio del curso se encuentra sujeto a la inscripci\u00f3n del cupo m\u00ednimo de 19 participantes.<\/b><\/p>\n<p>Valor: $ 1.639.000<\/p>\n<p>Horarios: S\u00e1bados 8:00 a.m. a 12:00 m y 1:00 p.m. a 5:00 p.m.<\/p>\n","protected":false},"excerpt":{"rendered":"<p>El diplomado en Metodolog\u00edas \u00c1giles para la Gesti\u00f3n de Proyectos e Innovaci\u00f3n Organizacional tiene como prop\u00f3sito fortalecer las competencias de los participantes para comprender y aplicar diversos enfoques \u00e1giles en distintos contextos profesionales, promoviendo el trabajo colaborativo, la innovaci\u00f3n y la mejora continua en las organizaciones. OBJETIVOS ESPEC\u00cdFICOS: Analizar los desaf\u00edos de los entornos organizacionales [&hellip;]<\/p>\n","protected":false},"featured_media":9439,"comment_status":"open","ping_status":"closed","template":"","meta":{"_acf_changed":false},"product_cat":[137],"product_tag":[67],"tipo_oferta":[],"modalidad":[],"nivel":[],"tipo_de_programa":[],"acf":[],"yoast_head":"<!-- This site is optimized with the Yoast SEO plugin v22.9 - https:\/\/yoast.com\/wordpress\/plugins\/seo\/ -->\n<title>Diplomado en Metodolog\u00edas \u00e1giles para la gesti\u00f3n de proyectos e innovaci\u00f3n organizacional - Unidad de Educaci\u00f3n Continua - I.U. Pascual Bravo<\/title>\n<meta name=\"robots\" content=\"index, follow, max-snippet:-1, max-image-preview:large, max-video-preview:-1\" \/>\n<link rel=\"canonical\" href=\"https:\/\/educacioncontinua.pascualbravo.edu.co\/?product=diplomado-en-metodologias-agiles-para-la-gestion-de-proyectos-e-innovacion-organizacional\" \/>\n<meta property=\"og:locale\" content=\"es_ES\" \/>\n<meta property=\"og:type\" content=\"article\" \/>\n<meta property=\"og:title\" content=\"Diplomado en Metodolog\u00edas \u00e1giles para la gesti\u00f3n de proyectos e innovaci\u00f3n organizacional - Unidad de Educaci\u00f3n Continua - I.U. Pascual Bravo\" \/>\n<meta property=\"og:description\" content=\"El diplomado en Metodolog\u00edas \u00c1giles para la Gesti\u00f3n de Proyectos e Innovaci\u00f3n Organizacional tiene como prop\u00f3sito fortalecer las competencias de los participantes para comprender y aplicar diversos enfoques \u00e1giles en distintos contextos profesionales, promoviendo el trabajo colaborativo, la innovaci\u00f3n y la mejora continua en las organizaciones. OBJETIVOS ESPEC\u00cdFICOS: Analizar los desaf\u00edos de los entornos organizacionales [&hellip;]\" \/>\n<meta property=\"og:url\" content=\"https:\/\/educacioncontinua.pascualbravo.edu.co\/?product=diplomado-en-metodologias-agiles-para-la-gestion-de-proyectos-e-innovacion-organizacional\" \/>\n<meta property=\"og:site_name\" content=\"Unidad de Educaci\u00f3n Continua - I.U. Pascual Bravo\" \/>\n<meta property=\"article:modified_time\" content=\"2026-04-17T18:39:27+00:00\" \/>\n<meta property=\"og:image\" content=\"https:\/\/educacioncontinua.pascualbravo.edu.co\/wp-content\/uploads\/2026\/04\/Miniatura-Diplomado_Metodologias-agiles_2026.webp\" \/>\n\t<meta property=\"og:image:width\" content=\"628\" \/>\n\t<meta property=\"og:image:height\" content=\"628\" \/>\n\t<meta property=\"og:image:type\" content=\"image\/webp\" \/>\n<meta name=\"twitter:card\" content=\"summary_large_image\" \/>\n<meta name=\"twitter:label1\" content=\"Tiempo de lectura\" \/>\n\t<meta name=\"twitter:data1\" content=\"2 minutos\" \/>\n<script type=\"application\/ld+json\" class=\"yoast-schema-graph\">{\"@context\":\"https:\/\/schema.org\",\"@graph\":[{\"@type\":\"WebPage\",\"@id\":\"https:\/\/educacioncontinua.pascualbravo.edu.co\/?product=diplomado-en-metodologias-agiles-para-la-gestion-de-proyectos-e-innovacion-organizacional\",\"url\":\"https:\/\/educacioncontinua.pascualbravo.edu.co\/?product=diplomado-en-metodologias-agiles-para-la-gestion-de-proyectos-e-innovacion-organizacional\",\"name\":\"Diplomado en Metodolog\u00edas \u00e1giles para la gesti\u00f3n de proyectos e innovaci\u00f3n organizacional - Unidad de Educaci\u00f3n Continua - I.U. Pascual Bravo\",\"isPartOf\":{\"@id\":\"https:\/\/educacioncontinua.pascualbravo.edu.co\/#website\"},\"primaryImageOfPage\":{\"@id\":\"https:\/\/educacioncontinua.pascualbravo.edu.co\/?product=diplomado-en-metodologias-agiles-para-la-gestion-de-proyectos-e-innovacion-organizacional#primaryimage\"},\"image\":{\"@id\":\"https:\/\/educacioncontinua.pascualbravo.edu.co\/?product=diplomado-en-metodologias-agiles-para-la-gestion-de-proyectos-e-innovacion-organizacional#primaryimage\"},\"thumbnailUrl\":\"https:\/\/educacioncontinua.pascualbravo.edu.co\/wp-content\/uploads\/2026\/04\/Miniatura-Diplomado_Metodologias-agiles_2026.webp\",\"datePublished\":\"2026-04-11T21:40:09+00:00\",\"dateModified\":\"2026-04-17T18:39:27+00:00\",\"breadcrumb\":{\"@id\":\"https:\/\/educacioncontinua.pascualbravo.edu.co\/?product=diplomado-en-metodologias-agiles-para-la-gestion-de-proyectos-e-innovacion-organizacional#breadcrumb\"},\"inLanguage\":\"es-CO\",\"potentialAction\":[{\"@type\":\"ReadAction\",\"target\":[\"https:\/\/educacioncontinua.pascualbravo.edu.co\/?product=diplomado-en-metodologias-agiles-para-la-gestion-de-proyectos-e-innovacion-organizacional\"]}]},{\"@type\":\"ImageObject\",\"inLanguage\":\"es-CO\",\"@id\":\"https:\/\/educacioncontinua.pascualbravo.edu.co\/?product=diplomado-en-metodologias-agiles-para-la-gestion-de-proyectos-e-innovacion-organizacional#primaryimage\",\"url\":\"https:\/\/educacioncontinua.pascualbravo.edu.co\/wp-content\/uploads\/2026\/04\/Miniatura-Diplomado_Metodologias-agiles_2026.webp\",\"contentUrl\":\"https:\/\/educacioncontinua.pascualbravo.edu.co\/wp-content\/uploads\/2026\/04\/Miniatura-Diplomado_Metodologias-agiles_2026.webp\",\"width\":628,\"height\":628},{\"@type\":\"BreadcrumbList\",\"@id\":\"https:\/\/educacioncontinua.pascualbravo.edu.co\/?product=diplomado-en-metodologias-agiles-para-la-gestion-de-proyectos-e-innovacion-organizacional#breadcrumb\",\"itemListElement\":[{\"@type\":\"ListItem\",\"position\":1,\"name\":\"Inicio\",\"item\":\"https:\/\/educacioncontinua.pascualbravo.edu.co\/\"},{\"@type\":\"ListItem\",\"position\":2,\"name\":\"Oferta acad\u00e9mica\",\"item\":\"https:\/\/educacioncontinua.pascualbravo.edu.co\/?page_id=14\"},{\"@type\":\"ListItem\",\"position\":3,\"name\":\"Diplomado en Metodolog\u00edas \u00e1giles para la gesti\u00f3n de proyectos e innovaci\u00f3n organizacional\"}]},{\"@type\":\"WebSite\",\"@id\":\"https:\/\/educacioncontinua.pascualbravo.edu.co\/#website\",\"url\":\"https:\/\/educacioncontinua.pascualbravo.edu.co\/\",\"name\":\"Unidad de Educaci\u00f3n Continua - I.U. Pascual Bravo\",\"description\":\"Unidad de Educaci\u00f3n Continua - I.U. Pascual Bravo\",\"publisher\":{\"@id\":\"https:\/\/educacioncontinua.pascualbravo.edu.co\/#organization\"},\"potentialAction\":[{\"@type\":\"SearchAction\",\"target\":{\"@type\":\"EntryPoint\",\"urlTemplate\":\"https:\/\/educacioncontinua.pascualbravo.edu.co\/?s={search_term_string}\"},\"query-input\":\"required name=search_term_string\"}],\"inLanguage\":\"es-CO\"},{\"@type\":\"Organization\",\"@id\":\"https:\/\/educacioncontinua.pascualbravo.edu.co\/#organization\",\"name\":\"Unidad de Educaci\u00f3n Continua - I.U. Pascual Bravo\",\"url\":\"https:\/\/educacioncontinua.pascualbravo.edu.co\/\",\"logo\":{\"@type\":\"ImageObject\",\"inLanguage\":\"es-CO\",\"@id\":\"https:\/\/educacioncontinua.pascualbravo.edu.co\/#\/schema\/logo\/image\/\",\"url\":\"https:\/\/educacioncontinua.pascualbravo.edu.co\/wp-content\/uploads\/2020\/12\/Pascual-Bravo.png\",\"contentUrl\":\"https:\/\/educacioncontinua.pascualbravo.edu.co\/wp-content\/uploads\/2020\/12\/Pascual-Bravo.png\",\"width\":300,\"height\":77,\"caption\":\"Unidad de Educaci\u00f3n Continua - I.U. Pascual Bravo\"},\"image\":{\"@id\":\"https:\/\/educacioncontinua.pascualbravo.edu.co\/#\/schema\/logo\/image\/\"}}]}<\/script>\n<!-- \/ Yoast SEO plugin. -->","yoast_head_json":{"title":"Diplomado en Metodolog\u00edas \u00e1giles para la gesti\u00f3n de proyectos e innovaci\u00f3n organizacional - Unidad de Educaci\u00f3n Continua - I.U. Pascual Bravo","robots":{"index":"index","follow":"follow","max-snippet":"max-snippet:-1","max-image-preview":"max-image-preview:large","max-video-preview":"max-video-preview:-1"},"canonical":"https:\/\/educacioncontinua.pascualbravo.edu.co\/?product=diplomado-en-metodologias-agiles-para-la-gestion-de-proyectos-e-innovacion-organizacional","og_locale":"es_ES","og_type":"article","og_title":"Diplomado en Metodolog\u00edas \u00e1giles para la gesti\u00f3n de proyectos e innovaci\u00f3n organizacional - Unidad de Educaci\u00f3n Continua - I.U. Pascual Bravo","og_description":"El diplomado en Metodolog\u00edas \u00c1giles para la Gesti\u00f3n de Proyectos e Innovaci\u00f3n Organizacional tiene como prop\u00f3sito fortalecer las competencias de los participantes para comprender y aplicar diversos enfoques \u00e1giles en distintos contextos profesionales, promoviendo el trabajo colaborativo, la innovaci\u00f3n y la mejora continua en las organizaciones. OBJETIVOS ESPEC\u00cdFICOS: Analizar los desaf\u00edos de los entornos organizacionales [&hellip;]","og_url":"https:\/\/educacioncontinua.pascualbravo.edu.co\/?product=diplomado-en-metodologias-agiles-para-la-gestion-de-proyectos-e-innovacion-organizacional","og_site_name":"Unidad de Educaci\u00f3n Continua - I.U. Pascual Bravo","article_modified_time":"2026-04-17T18:39:27+00:00","og_image":[{"width":628,"height":628,"url":"https:\/\/educacioncontinua.pascualbravo.edu.co\/wp-content\/uploads\/2026\/04\/Miniatura-Diplomado_Metodologias-agiles_2026.webp","type":"image\/webp"}],"twitter_card":"summary_large_image","twitter_misc":{"Tiempo de lectura":"2 minutos"},"schema":{"@context":"https:\/\/schema.org","@graph":[{"@type":"WebPage","@id":"https:\/\/educacioncontinua.pascualbravo.edu.co\/?product=diplomado-en-metodologias-agiles-para-la-gestion-de-proyectos-e-innovacion-organizacional","url":"https:\/\/educacioncontinua.pascualbravo.edu.co\/?product=diplomado-en-metodologias-agiles-para-la-gestion-de-proyectos-e-innovacion-organizacional","name":"Diplomado en Metodolog\u00edas \u00e1giles para la gesti\u00f3n de proyectos e innovaci\u00f3n organizacional - Unidad de Educaci\u00f3n Continua - I.U. Pascual Bravo","isPartOf":{"@id":"https:\/\/educacioncontinua.pascualbravo.edu.co\/#website"},"primaryImageOfPage":{"@id":"https:\/\/educacioncontinua.pascualbravo.edu.co\/?product=diplomado-en-metodologias-agiles-para-la-gestion-de-proyectos-e-innovacion-organizacional#primaryimage"},"image":{"@id":"https:\/\/educacioncontinua.pascualbravo.edu.co\/?product=diplomado-en-metodologias-agiles-para-la-gestion-de-proyectos-e-innovacion-organizacional#primaryimage"},"thumbnailUrl":"https:\/\/educacioncontinua.pascualbravo.edu.co\/wp-content\/uploads\/2026\/04\/Miniatura-Diplomado_Metodologias-agiles_2026.webp","datePublished":"2026-04-11T21:40:09+00:00","dateModified":"2026-04-17T18:39:27+00:00","breadcrumb":{"@id":"https:\/\/educacioncontinua.pascualbravo.edu.co\/?product=diplomado-en-metodologias-agiles-para-la-gestion-de-proyectos-e-innovacion-organizacional#breadcrumb"},"inLanguage":"es-CO","potentialAction":[{"@type":"ReadAction","target":["https:\/\/educacioncontinua.pascualbravo.edu.co\/?product=diplomado-en-metodologias-agiles-para-la-gestion-de-proyectos-e-innovacion-organizacional"]}]},{"@type":"ImageObject","inLanguage":"es-CO","@id":"https:\/\/educacioncontinua.pascualbravo.edu.co\/?product=diplomado-en-metodologias-agiles-para-la-gestion-de-proyectos-e-innovacion-organizacional#primaryimage","url":"https:\/\/educacioncontinua.pascualbravo.edu.co\/wp-content\/uploads\/2026\/04\/Miniatura-Diplomado_Metodologias-agiles_2026.webp","contentUrl":"https:\/\/educacioncontinua.pascualbravo.edu.co\/wp-content\/uploads\/2026\/04\/Miniatura-Diplomado_Metodologias-agiles_2026.webp","width":628,"height":628},{"@type":"BreadcrumbList","@id":"https:\/\/educacioncontinua.pascualbravo.edu.co\/?product=diplomado-en-metodologias-agiles-para-la-gestion-de-proyectos-e-innovacion-organizacional#breadcrumb","itemListElement":[{"@type":"ListItem","position":1,"name":"Inicio","item":"https:\/\/educacioncontinua.pascualbravo.edu.co\/"},{"@type":"ListItem","position":2,"name":"Oferta acad\u00e9mica","item":"https:\/\/educacioncontinua.pascualbravo.edu.co\/?page_id=14"},{"@type":"ListItem","position":3,"name":"Diplomado en Metodolog\u00edas \u00e1giles para la gesti\u00f3n de proyectos e innovaci\u00f3n organizacional"}]},{"@type":"WebSite","@id":"https:\/\/educacioncontinua.pascualbravo.edu.co\/#website","url":"https:\/\/educacioncontinua.pascualbravo.edu.co\/","name":"Unidad de Educaci\u00f3n Continua - I.U. Pascual Bravo","description":"Unidad de Educaci\u00f3n Continua - I.U. Pascual Bravo","publisher":{"@id":"https:\/\/educacioncontinua.pascualbravo.edu.co\/#organization"},"potentialAction":[{"@type":"SearchAction","target":{"@type":"EntryPoint","urlTemplate":"https:\/\/educacioncontinua.pascualbravo.edu.co\/?s={search_term_string}"},"query-input":"required name=search_term_string"}],"inLanguage":"es-CO"},{"@type":"Organization","@id":"https:\/\/educacioncontinua.pascualbravo.edu.co\/#organization","name":"Unidad de Educaci\u00f3n Continua - I.U. Pascual Bravo","url":"https:\/\/educacioncontinua.pascualbravo.edu.co\/","logo":{"@type":"ImageObject","inLanguage":"es-CO","@id":"https:\/\/educacioncontinua.pascualbravo.edu.co\/#\/schema\/logo\/image\/","url":"https:\/\/educacioncontinua.pascualbravo.edu.co\/wp-content\/uploads\/2020\/12\/Pascual-Bravo.png","contentUrl":"https:\/\/educacioncontinua.pascualbravo.edu.co\/wp-content\/uploads\/2020\/12\/Pascual-Bravo.png","width":300,"height":77,"caption":"Unidad de Educaci\u00f3n Continua - I.U. Pascual Bravo"},"image":{"@id":"https:\/\/educacioncontinua.pascualbravo.edu.co\/#\/schema\/logo\/image\/"}}]}},"_links":{"self":[{"href":"https:\/\/educacioncontinua.pascualbravo.edu.co\/index.php?rest_route=\/wp\/v2\/product\/9413"}],"collection":[{"href":"https:\/\/educacioncontinua.pascualbravo.edu.co\/index.php?rest_route=\/wp\/v2\/product"}],"about":[{"href":"https:\/\/educacioncontinua.pascualbravo.edu.co\/index.php?rest_route=\/wp\/v2\/types\/product"}],"replies":[{"embeddable":true,"href":"https:\/\/educacioncontinua.pascualbravo.edu.co\/index.php?rest_route=%2Fwp%2Fv2%2Fcomments&post=9413"}],"wp:featuredmedia":[{"embeddable":true,"href":"https:\/\/educacioncontinua.pascualbravo.edu.co\/index.php?rest_route=\/wp\/v2\/media\/9439"}],"wp:attachment":[{"href":"https:\/\/educacioncontinua.pascualbravo.edu.co\/index.php?rest_route=%2Fwp%2Fv2%2Fmedia&parent=9413"}],"wp:term":[{"taxonomy":"product_cat","embeddable":true,"href":"https:\/\/educacioncontinua.pascualbravo.edu.co\/index.php?rest_route=%2Fwp%2Fv2%2Fproduct_cat&post=9413"},{"taxonomy":"product_tag","embeddable":true,"href":"https:\/\/educacioncontinua.pascualbravo.edu.co\/index.php?rest_route=%2Fwp%2Fv2%2Fproduct_tag&post=9413"},{"taxonomy":"tipo_oferta","embeddable":true,"href":"https:\/\/educacioncontinua.pascualbravo.edu.co\/index.php?rest_route=%2Fwp%2Fv2%2Ftipo_oferta&post=9413"},{"taxonomy":"modalidad","embeddable":true,"href":"https:\/\/educacioncontinua.pascualbravo.edu.co\/index.php?rest_route=%2Fwp%2Fv2%2Fmodalidad&post=9413"},{"taxonomy":"nivel","embeddable":true,"href":"https:\/\/educacioncontinua.pascualbravo.edu.co\/index.php?rest_route=%2Fwp%2Fv2%2Fnivel&post=9413"},{"taxonomy":"tipo_de_programa","embeddable":true,"href":"https:\/\/educacioncontinua.pascualbravo.edu.co\/index.php?rest_route=%2Fwp%2Fv2%2Ftipo_de_programa&post=9413"}],"curies":[{"name":"wp","href":"https:\/\/api.w.org\/{rel}","templated":true}]}}