{"id":9195,"date":"2026-02-09T20:42:55","date_gmt":"2026-02-10T01:42:55","guid":{"rendered":"https:\/\/educacioncontinua.pascualbravo.edu.co\/?post_type=product&#038;p=9195"},"modified":"2026-04-11T17:01:43","modified_gmt":"2026-04-11T22:01:43","slug":"curso-marketing-digital-para-jovenes","status":"publish","type":"product","link":"https:\/\/educacioncontinua.pascualbravo.edu.co\/?product=curso-marketing-digital-para-jovenes","title":{"rendered":"Curso Marketing digital para j\u00f3venes"},"content":{"rendered":"<p>En este curso los participantes aprenderan fundamentos del marketing con especial \u00e9nfasis en el ecosistema digital. Se integraran ejercicios introspectivos de orientaci\u00f3n vocacional mediante el desarrollo de una marca personal.<\/p>\n<p>Combinando investigaci\u00f3n de tendencias (Google Trends y herramientas complementarias), segmentaci\u00f3n de<br \/>\naudiencias (p\u00fablico objetivo y buyer persona), definici\u00f3n de propuesta de valor, y construcci\u00f3n de marca basada en psicolog\u00eda del color y principios de forma\/identidad.<br \/>\nComprendiendo el rol del marketing, fortaleciendo competencias digitales y blandas, y que puedan evolucionar con los fundamentos del marketing, hacia proyectos acad\u00e9micos, emprendimientos o ejercicios laborales.<\/p>\n<h5>Objetivo general:<\/h5>\n<p>Desarrollar en los participantes competencias fundamentales de marketing, con foco en lo digital, que les permitan investigar tendencias, definir audiencias, formular propuestas de valor y construir una marca personal, aplicando principios de Inbound Marketing y an\u00e1lisis cr\u00edtico de casos reales para su proyecci\u00f3n acad\u00e9mica y profesional.<\/p>\n<h5>Objetivos espec\u00edficos:<\/h5>\n<ul>\n<li>Reconocer los conceptos base del marketing y su integraci\u00f3n con el marketing digital.<\/li>\n<li>Aplicar Google Trends y otras fuentes para detectar tendencias, estacionalidad y t\u00e9rminos de b\u00fasqueda relevantes.<\/li>\n<li>Definir p\u00fablico objetivo y buyer persona con criterios demogr\u00e1ficos, psicogr\u00e1ficos y comportamentales.<\/li>\n<li>Formular la propuesta de valor (beneficios, diferenciadores y evidencias) para una marca personal o proyecto.<\/li>\n<li>Formular la propuesta de valor (beneficios, diferenciadores y evidencias) para una marca personal o proyecto.<\/li>\n<li>Dise\u00f1ar elementos de identidad: nombre, prop\u00f3sito, valores, y lineamientos visuales.<\/li>\n<li>Emplear psicolog\u00eda del color, forma y tipograf\u00eda para construir una marca coherente.<\/li>\n<\/ul>\n<h5>Lo que vas a aprender:<\/h5>\n<ul>\n<li>M\u00f3dulo 1: Introducci\u00f3n al marketing<\/li>\n<li>M\u00f3dulo 2: Investigaci\u00f3n de tendencias<\/li>\n<li>M\u00f3dulo 3: Segmentaci\u00f3n<\/li>\n<li>M\u00f3dulo 4: Propuesta de Valor y diferenciaci\u00f3n<\/li>\n<li>M\u00f3dulo 5: Branding Personal<\/li>\n<li>M\u00f3dulo 6: Identidad y Piezas<\/li>\n<li>M\u00f3dulo 7: Caso Real (Fyre Festival)<\/li>\n<li>M\u00f3dulo 8: Retroalimentaci\u00f3n<\/li>\n<\/ul>\n<p><b>El inicio del curso se encuentra sujeto a la inscripci\u00f3n del cupo m\u00ednimo de 19 participantes.<\/b><\/p>\n<p>Valor: $ 303.000<\/p>\n<p>Horarios: lunes y miercoles 6:00 p.m.a 8:00 p.m<\/p>\n","protected":false},"excerpt":{"rendered":"<p>En este curso los participantes aprenderan fundamentos del marketing con especial \u00e9nfasis en el ecosistema digital. Se integraran ejercicios introspectivos de orientaci\u00f3n vocacional mediante el desarrollo de una marca personal. Combinando investigaci\u00f3n de tendencias (Google Trends y herramientas complementarias), segmentaci\u00f3n de audiencias (p\u00fablico objetivo y buyer persona), definici\u00f3n de propuesta de valor, y construcci\u00f3n de [&hellip;]<\/p>\n","protected":false},"featured_media":9199,"comment_status":"open","ping_status":"closed","template":"","meta":{"_acf_changed":false},"product_cat":[133,137,72,65,134],"product_tag":[66],"tipo_oferta":[88],"modalidad":[91],"nivel":[93],"tipo_de_programa":[103],"acf":[],"yoast_head":"<!-- This site is optimized with the Yoast SEO plugin v22.9 - https:\/\/yoast.com\/wordpress\/plugins\/seo\/ -->\n<title>Curso Marketing digital para j\u00f3venes - Unidad de Educaci\u00f3n Continua - I.U. Pascual Bravo<\/title>\n<meta name=\"robots\" content=\"index, follow, max-snippet:-1, max-image-preview:large, max-video-preview:-1\" \/>\n<link rel=\"canonical\" href=\"https:\/\/educacioncontinua.pascualbravo.edu.co\/?product=curso-marketing-digital-para-jovenes\" \/>\n<meta property=\"og:locale\" content=\"es_ES\" \/>\n<meta property=\"og:type\" content=\"article\" \/>\n<meta property=\"og:title\" content=\"Curso Marketing digital para j\u00f3venes - Unidad de Educaci\u00f3n Continua - I.U. Pascual Bravo\" \/>\n<meta property=\"og:description\" content=\"En este curso los participantes aprenderan fundamentos del marketing con especial \u00e9nfasis en el ecosistema digital. Se integraran ejercicios introspectivos de orientaci\u00f3n vocacional mediante el desarrollo de una marca personal. Combinando investigaci\u00f3n de tendencias (Google Trends y herramientas complementarias), segmentaci\u00f3n de audiencias (p\u00fablico objetivo y buyer persona), definici\u00f3n de propuesta de valor, y construcci\u00f3n de [&hellip;]\" \/>\n<meta property=\"og:url\" content=\"https:\/\/educacioncontinua.pascualbravo.edu.co\/?product=curso-marketing-digital-para-jovenes\" \/>\n<meta property=\"og:site_name\" content=\"Unidad de Educaci\u00f3n Continua - I.U. Pascual Bravo\" \/>\n<meta property=\"article:modified_time\" content=\"2026-04-11T22:01:43+00:00\" \/>\n<meta property=\"og:image\" content=\"https:\/\/educacioncontinua.pascualbravo.edu.co\/wp-content\/uploads\/2026\/02\/Miniatura-Curso-Marketing-digital-para-jovenes_2026.webp\" \/>\n\t<meta property=\"og:image:width\" content=\"629\" \/>\n\t<meta property=\"og:image:height\" content=\"628\" \/>\n\t<meta property=\"og:image:type\" content=\"image\/webp\" \/>\n<meta name=\"twitter:card\" content=\"summary_large_image\" \/>\n<meta name=\"twitter:label1\" content=\"Tiempo de lectura\" \/>\n\t<meta name=\"twitter:data1\" content=\"2 minutos\" \/>\n<script type=\"application\/ld+json\" class=\"yoast-schema-graph\">{\"@context\":\"https:\/\/schema.org\",\"@graph\":[{\"@type\":\"WebPage\",\"@id\":\"https:\/\/educacioncontinua.pascualbravo.edu.co\/?product=curso-marketing-digital-para-jovenes\",\"url\":\"https:\/\/educacioncontinua.pascualbravo.edu.co\/?product=curso-marketing-digital-para-jovenes\",\"name\":\"Curso Marketing digital para j\u00f3venes - Unidad de Educaci\u00f3n Continua - I.U. Pascual Bravo\",\"isPartOf\":{\"@id\":\"https:\/\/educacioncontinua.pascualbravo.edu.co\/#website\"},\"primaryImageOfPage\":{\"@id\":\"https:\/\/educacioncontinua.pascualbravo.edu.co\/?product=curso-marketing-digital-para-jovenes#primaryimage\"},\"image\":{\"@id\":\"https:\/\/educacioncontinua.pascualbravo.edu.co\/?product=curso-marketing-digital-para-jovenes#primaryimage\"},\"thumbnailUrl\":\"https:\/\/educacioncontinua.pascualbravo.edu.co\/wp-content\/uploads\/2026\/02\/Miniatura-Curso-Marketing-digital-para-jovenes_2026.webp\",\"datePublished\":\"2026-02-10T01:42:55+00:00\",\"dateModified\":\"2026-04-11T22:01:43+00:00\",\"breadcrumb\":{\"@id\":\"https:\/\/educacioncontinua.pascualbravo.edu.co\/?product=curso-marketing-digital-para-jovenes#breadcrumb\"},\"inLanguage\":\"es-CO\",\"potentialAction\":[{\"@type\":\"ReadAction\",\"target\":[\"https:\/\/educacioncontinua.pascualbravo.edu.co\/?product=curso-marketing-digital-para-jovenes\"]}]},{\"@type\":\"ImageObject\",\"inLanguage\":\"es-CO\",\"@id\":\"https:\/\/educacioncontinua.pascualbravo.edu.co\/?product=curso-marketing-digital-para-jovenes#primaryimage\",\"url\":\"https:\/\/educacioncontinua.pascualbravo.edu.co\/wp-content\/uploads\/2026\/02\/Miniatura-Curso-Marketing-digital-para-jovenes_2026.webp\",\"contentUrl\":\"https:\/\/educacioncontinua.pascualbravo.edu.co\/wp-content\/uploads\/2026\/02\/Miniatura-Curso-Marketing-digital-para-jovenes_2026.webp\",\"width\":629,\"height\":628},{\"@type\":\"BreadcrumbList\",\"@id\":\"https:\/\/educacioncontinua.pascualbravo.edu.co\/?product=curso-marketing-digital-para-jovenes#breadcrumb\",\"itemListElement\":[{\"@type\":\"ListItem\",\"position\":1,\"name\":\"Inicio\",\"item\":\"https:\/\/educacioncontinua.pascualbravo.edu.co\/\"},{\"@type\":\"ListItem\",\"position\":2,\"name\":\"Oferta acad\u00e9mica\",\"item\":\"https:\/\/educacioncontinua.pascualbravo.edu.co\/?page_id=14\"},{\"@type\":\"ListItem\",\"position\":3,\"name\":\"Curso Marketing digital para j\u00f3venes\"}]},{\"@type\":\"WebSite\",\"@id\":\"https:\/\/educacioncontinua.pascualbravo.edu.co\/#website\",\"url\":\"https:\/\/educacioncontinua.pascualbravo.edu.co\/\",\"name\":\"Unidad de Educaci\u00f3n Continua - I.U. Pascual Bravo\",\"description\":\"Unidad de Educaci\u00f3n Continua - I.U. Pascual Bravo\",\"publisher\":{\"@id\":\"https:\/\/educacioncontinua.pascualbravo.edu.co\/#organization\"},\"potentialAction\":[{\"@type\":\"SearchAction\",\"target\":{\"@type\":\"EntryPoint\",\"urlTemplate\":\"https:\/\/educacioncontinua.pascualbravo.edu.co\/?s={search_term_string}\"},\"query-input\":\"required name=search_term_string\"}],\"inLanguage\":\"es-CO\"},{\"@type\":\"Organization\",\"@id\":\"https:\/\/educacioncontinua.pascualbravo.edu.co\/#organization\",\"name\":\"Unidad de Educaci\u00f3n Continua - I.U. Pascual Bravo\",\"url\":\"https:\/\/educacioncontinua.pascualbravo.edu.co\/\",\"logo\":{\"@type\":\"ImageObject\",\"inLanguage\":\"es-CO\",\"@id\":\"https:\/\/educacioncontinua.pascualbravo.edu.co\/#\/schema\/logo\/image\/\",\"url\":\"https:\/\/educacioncontinua.pascualbravo.edu.co\/wp-content\/uploads\/2020\/12\/Pascual-Bravo.png\",\"contentUrl\":\"https:\/\/educacioncontinua.pascualbravo.edu.co\/wp-content\/uploads\/2020\/12\/Pascual-Bravo.png\",\"width\":300,\"height\":77,\"caption\":\"Unidad de Educaci\u00f3n Continua - I.U. Pascual Bravo\"},\"image\":{\"@id\":\"https:\/\/educacioncontinua.pascualbravo.edu.co\/#\/schema\/logo\/image\/\"}}]}<\/script>\n<!-- \/ Yoast SEO plugin. -->","yoast_head_json":{"title":"Curso Marketing digital para j\u00f3venes - Unidad de Educaci\u00f3n Continua - I.U. Pascual Bravo","robots":{"index":"index","follow":"follow","max-snippet":"max-snippet:-1","max-image-preview":"max-image-preview:large","max-video-preview":"max-video-preview:-1"},"canonical":"https:\/\/educacioncontinua.pascualbravo.edu.co\/?product=curso-marketing-digital-para-jovenes","og_locale":"es_ES","og_type":"article","og_title":"Curso Marketing digital para j\u00f3venes - Unidad de Educaci\u00f3n Continua - I.U. Pascual Bravo","og_description":"En este curso los participantes aprenderan fundamentos del marketing con especial \u00e9nfasis en el ecosistema digital. Se integraran ejercicios introspectivos de orientaci\u00f3n vocacional mediante el desarrollo de una marca personal. Combinando investigaci\u00f3n de tendencias (Google Trends y herramientas complementarias), segmentaci\u00f3n de audiencias (p\u00fablico objetivo y buyer persona), definici\u00f3n de propuesta de valor, y construcci\u00f3n de [&hellip;]","og_url":"https:\/\/educacioncontinua.pascualbravo.edu.co\/?product=curso-marketing-digital-para-jovenes","og_site_name":"Unidad de Educaci\u00f3n Continua - I.U. Pascual Bravo","article_modified_time":"2026-04-11T22:01:43+00:00","og_image":[{"width":629,"height":628,"url":"https:\/\/educacioncontinua.pascualbravo.edu.co\/wp-content\/uploads\/2026\/02\/Miniatura-Curso-Marketing-digital-para-jovenes_2026.webp","type":"image\/webp"}],"twitter_card":"summary_large_image","twitter_misc":{"Tiempo de lectura":"2 minutos"},"schema":{"@context":"https:\/\/schema.org","@graph":[{"@type":"WebPage","@id":"https:\/\/educacioncontinua.pascualbravo.edu.co\/?product=curso-marketing-digital-para-jovenes","url":"https:\/\/educacioncontinua.pascualbravo.edu.co\/?product=curso-marketing-digital-para-jovenes","name":"Curso Marketing digital para j\u00f3venes - Unidad de Educaci\u00f3n Continua - I.U. Pascual Bravo","isPartOf":{"@id":"https:\/\/educacioncontinua.pascualbravo.edu.co\/#website"},"primaryImageOfPage":{"@id":"https:\/\/educacioncontinua.pascualbravo.edu.co\/?product=curso-marketing-digital-para-jovenes#primaryimage"},"image":{"@id":"https:\/\/educacioncontinua.pascualbravo.edu.co\/?product=curso-marketing-digital-para-jovenes#primaryimage"},"thumbnailUrl":"https:\/\/educacioncontinua.pascualbravo.edu.co\/wp-content\/uploads\/2026\/02\/Miniatura-Curso-Marketing-digital-para-jovenes_2026.webp","datePublished":"2026-02-10T01:42:55+00:00","dateModified":"2026-04-11T22:01:43+00:00","breadcrumb":{"@id":"https:\/\/educacioncontinua.pascualbravo.edu.co\/?product=curso-marketing-digital-para-jovenes#breadcrumb"},"inLanguage":"es-CO","potentialAction":[{"@type":"ReadAction","target":["https:\/\/educacioncontinua.pascualbravo.edu.co\/?product=curso-marketing-digital-para-jovenes"]}]},{"@type":"ImageObject","inLanguage":"es-CO","@id":"https:\/\/educacioncontinua.pascualbravo.edu.co\/?product=curso-marketing-digital-para-jovenes#primaryimage","url":"https:\/\/educacioncontinua.pascualbravo.edu.co\/wp-content\/uploads\/2026\/02\/Miniatura-Curso-Marketing-digital-para-jovenes_2026.webp","contentUrl":"https:\/\/educacioncontinua.pascualbravo.edu.co\/wp-content\/uploads\/2026\/02\/Miniatura-Curso-Marketing-digital-para-jovenes_2026.webp","width":629,"height":628},{"@type":"BreadcrumbList","@id":"https:\/\/educacioncontinua.pascualbravo.edu.co\/?product=curso-marketing-digital-para-jovenes#breadcrumb","itemListElement":[{"@type":"ListItem","position":1,"name":"Inicio","item":"https:\/\/educacioncontinua.pascualbravo.edu.co\/"},{"@type":"ListItem","position":2,"name":"Oferta acad\u00e9mica","item":"https:\/\/educacioncontinua.pascualbravo.edu.co\/?page_id=14"},{"@type":"ListItem","position":3,"name":"Curso Marketing digital para j\u00f3venes"}]},{"@type":"WebSite","@id":"https:\/\/educacioncontinua.pascualbravo.edu.co\/#website","url":"https:\/\/educacioncontinua.pascualbravo.edu.co\/","name":"Unidad de Educaci\u00f3n Continua - I.U. Pascual Bravo","description":"Unidad de Educaci\u00f3n Continua - I.U. Pascual Bravo","publisher":{"@id":"https:\/\/educacioncontinua.pascualbravo.edu.co\/#organization"},"potentialAction":[{"@type":"SearchAction","target":{"@type":"EntryPoint","urlTemplate":"https:\/\/educacioncontinua.pascualbravo.edu.co\/?s={search_term_string}"},"query-input":"required name=search_term_string"}],"inLanguage":"es-CO"},{"@type":"Organization","@id":"https:\/\/educacioncontinua.pascualbravo.edu.co\/#organization","name":"Unidad de Educaci\u00f3n Continua - I.U. Pascual Bravo","url":"https:\/\/educacioncontinua.pascualbravo.edu.co\/","logo":{"@type":"ImageObject","inLanguage":"es-CO","@id":"https:\/\/educacioncontinua.pascualbravo.edu.co\/#\/schema\/logo\/image\/","url":"https:\/\/educacioncontinua.pascualbravo.edu.co\/wp-content\/uploads\/2020\/12\/Pascual-Bravo.png","contentUrl":"https:\/\/educacioncontinua.pascualbravo.edu.co\/wp-content\/uploads\/2020\/12\/Pascual-Bravo.png","width":300,"height":77,"caption":"Unidad de Educaci\u00f3n Continua - I.U. Pascual Bravo"},"image":{"@id":"https:\/\/educacioncontinua.pascualbravo.edu.co\/#\/schema\/logo\/image\/"}}]}},"_links":{"self":[{"href":"https:\/\/educacioncontinua.pascualbravo.edu.co\/index.php?rest_route=\/wp\/v2\/product\/9195"}],"collection":[{"href":"https:\/\/educacioncontinua.pascualbravo.edu.co\/index.php?rest_route=\/wp\/v2\/product"}],"about":[{"href":"https:\/\/educacioncontinua.pascualbravo.edu.co\/index.php?rest_route=\/wp\/v2\/types\/product"}],"replies":[{"embeddable":true,"href":"https:\/\/educacioncontinua.pascualbravo.edu.co\/index.php?rest_route=%2Fwp%2Fv2%2Fcomments&post=9195"}],"wp:featuredmedia":[{"embeddable":true,"href":"https:\/\/educacioncontinua.pascualbravo.edu.co\/index.php?rest_route=\/wp\/v2\/media\/9199"}],"wp:attachment":[{"href":"https:\/\/educacioncontinua.pascualbravo.edu.co\/index.php?rest_route=%2Fwp%2Fv2%2Fmedia&parent=9195"}],"wp:term":[{"taxonomy":"product_cat","embeddable":true,"href":"https:\/\/educacioncontinua.pascualbravo.edu.co\/index.php?rest_route=%2Fwp%2Fv2%2Fproduct_cat&post=9195"},{"taxonomy":"product_tag","embeddable":true,"href":"https:\/\/educacioncontinua.pascualbravo.edu.co\/index.php?rest_route=%2Fwp%2Fv2%2Fproduct_tag&post=9195"},{"taxonomy":"tipo_oferta","embeddable":true,"href":"https:\/\/educacioncontinua.pascualbravo.edu.co\/index.php?rest_route=%2Fwp%2Fv2%2Ftipo_oferta&post=9195"},{"taxonomy":"modalidad","embeddable":true,"href":"https:\/\/educacioncontinua.pascualbravo.edu.co\/index.php?rest_route=%2Fwp%2Fv2%2Fmodalidad&post=9195"},{"taxonomy":"nivel","embeddable":true,"href":"https:\/\/educacioncontinua.pascualbravo.edu.co\/index.php?rest_route=%2Fwp%2Fv2%2Fnivel&post=9195"},{"taxonomy":"tipo_de_programa","embeddable":true,"href":"https:\/\/educacioncontinua.pascualbravo.edu.co\/index.php?rest_route=%2Fwp%2Fv2%2Ftipo_de_programa&post=9195"}],"curies":[{"name":"wp","href":"https:\/\/api.w.org\/{rel}","templated":true}]}}