{"id":8972,"date":"2025-10-28T15:57:39","date_gmt":"2025-10-28T20:57:39","guid":{"rendered":"https:\/\/educacioncontinua.pascualbravo.edu.co\/?post_type=product&#038;p=8972"},"modified":"2025-11-25T15:51:54","modified_gmt":"2025-11-25T20:51:54","slug":"macrocredencial-en-diseno-grafico-aplicado","status":"publish","type":"product","link":"https:\/\/educacioncontinua.pascualbravo.edu.co\/?product=macrocredencial-en-diseno-grafico-aplicado","title":{"rendered":"Macrocredencial en Dise\u00f1o Gr\u00e1fico Aplicado"},"content":{"rendered":"<h3>Macrocredencial en Dise\u00f1o Gr\u00e1fico Aplicado<\/h3>\n<h3>Profesional en\u00a0Dise\u00f1o Gr\u00e1fico<\/h3>\n<p>La insignia certifica habilidades en la creaci\u00f3n de proyectos bi y tridimensionales, integrando tipograf\u00eda, dise\u00f1o editorial, visualizaci\u00f3n de datos, identidad corporativa y empaques. El acreditado utiliza principios de dise\u00f1o gr\u00e1fico, teor\u00eda del color, y herramientas digitales y an\u00e1logas para dise\u00f1ar soluciones visuales que respondan a las necesidades de comunicaci\u00f3n de marcas, productos y servicios, respetando su identidad y valores.<\/p>\n<h3>Modulo acad\u00e9mico de aprendizaje cursado:<\/h3>\n<ol>\n<li>Dise\u00f1o tipogr\u00e1fico<\/li>\n<li>Dise\u00f1o editorial<\/li>\n<li>Dise\u00f1o infogr\u00e1fico<\/li>\n<li>Dise\u00f1o de imagen corporativa<\/li>\n<li>Dise\u00f1o y desarrollo de empaques<\/li>\n<\/ol>\n<p>&nbsp;<\/p>\n<h5>Habilidades<\/h5>\n<p><!--aqu\u00ed empieza acoerde\u00f3n de qu\u00e9 vas a aprender--><\/p>\n<ul>\n<li>Dise\u00f1ar tipograf\u00edas y logotipos<\/li>\n<li>Construir identidad corporativa y l\u00edneas gr\u00e1ficas<\/li>\n<li>Crear manuales de marca<\/li>\n<li>Dise\u00f1ar empaques, envases y embalajes<\/li>\n<li>Manejar herramientas de visualizaci\u00f3n de datos<\/li>\n<li>Aplicar teor\u00eda del color en dise\u00f1os gr\u00e1ficos<\/li>\n<li>Crear moodboards y briefs conceptuales<\/li>\n<li>Dise\u00f1ar publicaciones impresas y digitales<\/li>\n<li>Aplicar t\u00e9cnicas de maquetaci\u00f3n y jerarqu\u00eda visual<\/li>\n<li>Utilizar herramientas de graficaci\u00f3n infogr\u00e1fica y cartogr\u00e1fica<\/li>\n<li>Desarrollar propuestas de arquitectura de informaci\u00f3n<\/li>\n<li>Crear contenido interactivo y visualizaciones sensoriales<\/li>\n<li>Representar conceptos visuales mediante lettering y caligraf\u00eda<\/li>\n<li>Dise\u00f1ar piezas gr\u00e1ficas comunitarias y comerciales<\/li>\n<li>Integrar elementos de dise\u00f1o en proyectos de branding y comunicaci\u00f3n.<\/li>\n<\/ul>\n<p>&nbsp;<\/p>\n<p><strong>\u00a0 \u00a0 \u00a0Microcertificaci\u00f3n para grupo cerrado de empresas<\/strong><\/p>\n<p>Para m\u00e1s informaci\u00f3n escr\u00edbenos a <strong>educacion.continua@pascualbravo.edu.co<\/strong><\/p>\n","protected":false},"excerpt":{"rendered":"<p>Macrocredencial en Dise\u00f1o Gr\u00e1fico Aplicado Profesional en\u00a0Dise\u00f1o Gr\u00e1fico La insignia certifica habilidades en la creaci\u00f3n de proyectos bi y tridimensionales, integrando tipograf\u00eda, dise\u00f1o editorial, visualizaci\u00f3n de datos, identidad corporativa y empaques. El acreditado utiliza principios de dise\u00f1o gr\u00e1fico, teor\u00eda del color, y herramientas digitales y an\u00e1logas para dise\u00f1ar soluciones visuales que respondan a las necesidades [&hellip;]<\/p>\n","protected":false},"featured_media":8973,"comment_status":"open","ping_status":"closed","template":"","meta":{"_acf_changed":false},"product_cat":[135,155],"product_tag":[],"tipo_oferta":[],"modalidad":[],"nivel":[],"tipo_de_programa":[149],"acf":[],"yoast_head":"<!-- This site is optimized with the Yoast SEO plugin v22.9 - https:\/\/yoast.com\/wordpress\/plugins\/seo\/ -->\n<title>Macrocredencial en Dise\u00f1o Gr\u00e1fico Aplicado - Unidad de Educaci\u00f3n Continua - I.U. Pascual Bravo<\/title>\n<meta name=\"robots\" content=\"index, follow, max-snippet:-1, max-image-preview:large, max-video-preview:-1\" \/>\n<link rel=\"canonical\" href=\"https:\/\/educacioncontinua.pascualbravo.edu.co\/?product=macrocredencial-en-diseno-grafico-aplicado\" \/>\n<meta property=\"og:locale\" content=\"es_ES\" \/>\n<meta property=\"og:type\" content=\"article\" \/>\n<meta property=\"og:title\" content=\"Macrocredencial en Dise\u00f1o Gr\u00e1fico Aplicado - Unidad de Educaci\u00f3n Continua - I.U. Pascual Bravo\" \/>\n<meta property=\"og:description\" content=\"Macrocredencial en Dise\u00f1o Gr\u00e1fico Aplicado Profesional en\u00a0Dise\u00f1o Gr\u00e1fico La insignia certifica habilidades en la creaci\u00f3n de proyectos bi y tridimensionales, integrando tipograf\u00eda, dise\u00f1o editorial, visualizaci\u00f3n de datos, identidad corporativa y empaques. El acreditado utiliza principios de dise\u00f1o gr\u00e1fico, teor\u00eda del color, y herramientas digitales y an\u00e1logas para dise\u00f1ar soluciones visuales que respondan a las necesidades [&hellip;]\" \/>\n<meta property=\"og:url\" content=\"https:\/\/educacioncontinua.pascualbravo.edu.co\/?product=macrocredencial-en-diseno-grafico-aplicado\" \/>\n<meta property=\"og:site_name\" content=\"Unidad de Educaci\u00f3n Continua - I.U. Pascual Bravo\" \/>\n<meta property=\"article:modified_time\" content=\"2025-11-25T20:51:54+00:00\" \/>\n<meta property=\"og:image\" content=\"https:\/\/educacioncontinua.pascualbravo.edu.co\/wp-content\/uploads\/2025\/10\/Profesional-en-Diseno-Grafico-Diseno-Grafico-Aplicado.webp\" \/>\n\t<meta property=\"og:image:width\" content=\"628\" \/>\n\t<meta property=\"og:image:height\" content=\"629\" \/>\n\t<meta property=\"og:image:type\" content=\"image\/webp\" \/>\n<meta name=\"twitter:card\" content=\"summary_large_image\" \/>\n<meta name=\"twitter:label1\" content=\"Tiempo de lectura\" \/>\n\t<meta name=\"twitter:data1\" content=\"2 minutos\" \/>\n<script type=\"application\/ld+json\" class=\"yoast-schema-graph\">{\"@context\":\"https:\/\/schema.org\",\"@graph\":[{\"@type\":\"WebPage\",\"@id\":\"https:\/\/educacioncontinua.pascualbravo.edu.co\/?product=macrocredencial-en-diseno-grafico-aplicado\",\"url\":\"https:\/\/educacioncontinua.pascualbravo.edu.co\/?product=macrocredencial-en-diseno-grafico-aplicado\",\"name\":\"Macrocredencial en Dise\u00f1o Gr\u00e1fico Aplicado - Unidad de Educaci\u00f3n Continua - I.U. Pascual Bravo\",\"isPartOf\":{\"@id\":\"https:\/\/educacioncontinua.pascualbravo.edu.co\/#website\"},\"primaryImageOfPage\":{\"@id\":\"https:\/\/educacioncontinua.pascualbravo.edu.co\/?product=macrocredencial-en-diseno-grafico-aplicado#primaryimage\"},\"image\":{\"@id\":\"https:\/\/educacioncontinua.pascualbravo.edu.co\/?product=macrocredencial-en-diseno-grafico-aplicado#primaryimage\"},\"thumbnailUrl\":\"https:\/\/educacioncontinua.pascualbravo.edu.co\/wp-content\/uploads\/2025\/10\/Profesional-en-Diseno-Grafico-Diseno-Grafico-Aplicado.webp\",\"datePublished\":\"2025-10-28T20:57:39+00:00\",\"dateModified\":\"2025-11-25T20:51:54+00:00\",\"breadcrumb\":{\"@id\":\"https:\/\/educacioncontinua.pascualbravo.edu.co\/?product=macrocredencial-en-diseno-grafico-aplicado#breadcrumb\"},\"inLanguage\":\"es-CO\",\"potentialAction\":[{\"@type\":\"ReadAction\",\"target\":[\"https:\/\/educacioncontinua.pascualbravo.edu.co\/?product=macrocredencial-en-diseno-grafico-aplicado\"]}]},{\"@type\":\"ImageObject\",\"inLanguage\":\"es-CO\",\"@id\":\"https:\/\/educacioncontinua.pascualbravo.edu.co\/?product=macrocredencial-en-diseno-grafico-aplicado#primaryimage\",\"url\":\"https:\/\/educacioncontinua.pascualbravo.edu.co\/wp-content\/uploads\/2025\/10\/Profesional-en-Diseno-Grafico-Diseno-Grafico-Aplicado.webp\",\"contentUrl\":\"https:\/\/educacioncontinua.pascualbravo.edu.co\/wp-content\/uploads\/2025\/10\/Profesional-en-Diseno-Grafico-Diseno-Grafico-Aplicado.webp\",\"width\":628,\"height\":629},{\"@type\":\"BreadcrumbList\",\"@id\":\"https:\/\/educacioncontinua.pascualbravo.edu.co\/?product=macrocredencial-en-diseno-grafico-aplicado#breadcrumb\",\"itemListElement\":[{\"@type\":\"ListItem\",\"position\":1,\"name\":\"Inicio\",\"item\":\"https:\/\/educacioncontinua.pascualbravo.edu.co\/\"},{\"@type\":\"ListItem\",\"position\":2,\"name\":\"Oferta acad\u00e9mica\",\"item\":\"https:\/\/educacioncontinua.pascualbravo.edu.co\/?page_id=14\"},{\"@type\":\"ListItem\",\"position\":3,\"name\":\"Macrocredencial en Dise\u00f1o Gr\u00e1fico Aplicado\"}]},{\"@type\":\"WebSite\",\"@id\":\"https:\/\/educacioncontinua.pascualbravo.edu.co\/#website\",\"url\":\"https:\/\/educacioncontinua.pascualbravo.edu.co\/\",\"name\":\"Unidad de Educaci\u00f3n Continua - I.U. Pascual Bravo\",\"description\":\"Unidad de Educaci\u00f3n Continua - I.U. Pascual Bravo\",\"publisher\":{\"@id\":\"https:\/\/educacioncontinua.pascualbravo.edu.co\/#organization\"},\"potentialAction\":[{\"@type\":\"SearchAction\",\"target\":{\"@type\":\"EntryPoint\",\"urlTemplate\":\"https:\/\/educacioncontinua.pascualbravo.edu.co\/?s={search_term_string}\"},\"query-input\":\"required name=search_term_string\"}],\"inLanguage\":\"es-CO\"},{\"@type\":\"Organization\",\"@id\":\"https:\/\/educacioncontinua.pascualbravo.edu.co\/#organization\",\"name\":\"Unidad de Educaci\u00f3n Continua - I.U. Pascual Bravo\",\"url\":\"https:\/\/educacioncontinua.pascualbravo.edu.co\/\",\"logo\":{\"@type\":\"ImageObject\",\"inLanguage\":\"es-CO\",\"@id\":\"https:\/\/educacioncontinua.pascualbravo.edu.co\/#\/schema\/logo\/image\/\",\"url\":\"https:\/\/educacioncontinua.pascualbravo.edu.co\/wp-content\/uploads\/2020\/12\/Pascual-Bravo.png\",\"contentUrl\":\"https:\/\/educacioncontinua.pascualbravo.edu.co\/wp-content\/uploads\/2020\/12\/Pascual-Bravo.png\",\"width\":300,\"height\":77,\"caption\":\"Unidad de Educaci\u00f3n Continua - I.U. Pascual Bravo\"},\"image\":{\"@id\":\"https:\/\/educacioncontinua.pascualbravo.edu.co\/#\/schema\/logo\/image\/\"}}]}<\/script>\n<!-- \/ Yoast SEO plugin. -->","yoast_head_json":{"title":"Macrocredencial en Dise\u00f1o Gr\u00e1fico Aplicado - Unidad de Educaci\u00f3n Continua - I.U. Pascual Bravo","robots":{"index":"index","follow":"follow","max-snippet":"max-snippet:-1","max-image-preview":"max-image-preview:large","max-video-preview":"max-video-preview:-1"},"canonical":"https:\/\/educacioncontinua.pascualbravo.edu.co\/?product=macrocredencial-en-diseno-grafico-aplicado","og_locale":"es_ES","og_type":"article","og_title":"Macrocredencial en Dise\u00f1o Gr\u00e1fico Aplicado - Unidad de Educaci\u00f3n Continua - I.U. Pascual Bravo","og_description":"Macrocredencial en Dise\u00f1o Gr\u00e1fico Aplicado Profesional en\u00a0Dise\u00f1o Gr\u00e1fico La insignia certifica habilidades en la creaci\u00f3n de proyectos bi y tridimensionales, integrando tipograf\u00eda, dise\u00f1o editorial, visualizaci\u00f3n de datos, identidad corporativa y empaques. El acreditado utiliza principios de dise\u00f1o gr\u00e1fico, teor\u00eda del color, y herramientas digitales y an\u00e1logas para dise\u00f1ar soluciones visuales que respondan a las necesidades [&hellip;]","og_url":"https:\/\/educacioncontinua.pascualbravo.edu.co\/?product=macrocredencial-en-diseno-grafico-aplicado","og_site_name":"Unidad de Educaci\u00f3n Continua - I.U. Pascual Bravo","article_modified_time":"2025-11-25T20:51:54+00:00","og_image":[{"width":628,"height":629,"url":"https:\/\/educacioncontinua.pascualbravo.edu.co\/wp-content\/uploads\/2025\/10\/Profesional-en-Diseno-Grafico-Diseno-Grafico-Aplicado.webp","type":"image\/webp"}],"twitter_card":"summary_large_image","twitter_misc":{"Tiempo de lectura":"2 minutos"},"schema":{"@context":"https:\/\/schema.org","@graph":[{"@type":"WebPage","@id":"https:\/\/educacioncontinua.pascualbravo.edu.co\/?product=macrocredencial-en-diseno-grafico-aplicado","url":"https:\/\/educacioncontinua.pascualbravo.edu.co\/?product=macrocredencial-en-diseno-grafico-aplicado","name":"Macrocredencial en Dise\u00f1o Gr\u00e1fico Aplicado - Unidad de Educaci\u00f3n Continua - I.U. Pascual Bravo","isPartOf":{"@id":"https:\/\/educacioncontinua.pascualbravo.edu.co\/#website"},"primaryImageOfPage":{"@id":"https:\/\/educacioncontinua.pascualbravo.edu.co\/?product=macrocredencial-en-diseno-grafico-aplicado#primaryimage"},"image":{"@id":"https:\/\/educacioncontinua.pascualbravo.edu.co\/?product=macrocredencial-en-diseno-grafico-aplicado#primaryimage"},"thumbnailUrl":"https:\/\/educacioncontinua.pascualbravo.edu.co\/wp-content\/uploads\/2025\/10\/Profesional-en-Diseno-Grafico-Diseno-Grafico-Aplicado.webp","datePublished":"2025-10-28T20:57:39+00:00","dateModified":"2025-11-25T20:51:54+00:00","breadcrumb":{"@id":"https:\/\/educacioncontinua.pascualbravo.edu.co\/?product=macrocredencial-en-diseno-grafico-aplicado#breadcrumb"},"inLanguage":"es-CO","potentialAction":[{"@type":"ReadAction","target":["https:\/\/educacioncontinua.pascualbravo.edu.co\/?product=macrocredencial-en-diseno-grafico-aplicado"]}]},{"@type":"ImageObject","inLanguage":"es-CO","@id":"https:\/\/educacioncontinua.pascualbravo.edu.co\/?product=macrocredencial-en-diseno-grafico-aplicado#primaryimage","url":"https:\/\/educacioncontinua.pascualbravo.edu.co\/wp-content\/uploads\/2025\/10\/Profesional-en-Diseno-Grafico-Diseno-Grafico-Aplicado.webp","contentUrl":"https:\/\/educacioncontinua.pascualbravo.edu.co\/wp-content\/uploads\/2025\/10\/Profesional-en-Diseno-Grafico-Diseno-Grafico-Aplicado.webp","width":628,"height":629},{"@type":"BreadcrumbList","@id":"https:\/\/educacioncontinua.pascualbravo.edu.co\/?product=macrocredencial-en-diseno-grafico-aplicado#breadcrumb","itemListElement":[{"@type":"ListItem","position":1,"name":"Inicio","item":"https:\/\/educacioncontinua.pascualbravo.edu.co\/"},{"@type":"ListItem","position":2,"name":"Oferta acad\u00e9mica","item":"https:\/\/educacioncontinua.pascualbravo.edu.co\/?page_id=14"},{"@type":"ListItem","position":3,"name":"Macrocredencial en Dise\u00f1o Gr\u00e1fico Aplicado"}]},{"@type":"WebSite","@id":"https:\/\/educacioncontinua.pascualbravo.edu.co\/#website","url":"https:\/\/educacioncontinua.pascualbravo.edu.co\/","name":"Unidad de Educaci\u00f3n Continua - I.U. Pascual Bravo","description":"Unidad de Educaci\u00f3n Continua - I.U. Pascual Bravo","publisher":{"@id":"https:\/\/educacioncontinua.pascualbravo.edu.co\/#organization"},"potentialAction":[{"@type":"SearchAction","target":{"@type":"EntryPoint","urlTemplate":"https:\/\/educacioncontinua.pascualbravo.edu.co\/?s={search_term_string}"},"query-input":"required name=search_term_string"}],"inLanguage":"es-CO"},{"@type":"Organization","@id":"https:\/\/educacioncontinua.pascualbravo.edu.co\/#organization","name":"Unidad de Educaci\u00f3n Continua - I.U. Pascual Bravo","url":"https:\/\/educacioncontinua.pascualbravo.edu.co\/","logo":{"@type":"ImageObject","inLanguage":"es-CO","@id":"https:\/\/educacioncontinua.pascualbravo.edu.co\/#\/schema\/logo\/image\/","url":"https:\/\/educacioncontinua.pascualbravo.edu.co\/wp-content\/uploads\/2020\/12\/Pascual-Bravo.png","contentUrl":"https:\/\/educacioncontinua.pascualbravo.edu.co\/wp-content\/uploads\/2020\/12\/Pascual-Bravo.png","width":300,"height":77,"caption":"Unidad de Educaci\u00f3n Continua - I.U. Pascual Bravo"},"image":{"@id":"https:\/\/educacioncontinua.pascualbravo.edu.co\/#\/schema\/logo\/image\/"}}]}},"_links":{"self":[{"href":"https:\/\/educacioncontinua.pascualbravo.edu.co\/index.php?rest_route=\/wp\/v2\/product\/8972"}],"collection":[{"href":"https:\/\/educacioncontinua.pascualbravo.edu.co\/index.php?rest_route=\/wp\/v2\/product"}],"about":[{"href":"https:\/\/educacioncontinua.pascualbravo.edu.co\/index.php?rest_route=\/wp\/v2\/types\/product"}],"replies":[{"embeddable":true,"href":"https:\/\/educacioncontinua.pascualbravo.edu.co\/index.php?rest_route=%2Fwp%2Fv2%2Fcomments&post=8972"}],"wp:featuredmedia":[{"embeddable":true,"href":"https:\/\/educacioncontinua.pascualbravo.edu.co\/index.php?rest_route=\/wp\/v2\/media\/8973"}],"wp:attachment":[{"href":"https:\/\/educacioncontinua.pascualbravo.edu.co\/index.php?rest_route=%2Fwp%2Fv2%2Fmedia&parent=8972"}],"wp:term":[{"taxonomy":"product_cat","embeddable":true,"href":"https:\/\/educacioncontinua.pascualbravo.edu.co\/index.php?rest_route=%2Fwp%2Fv2%2Fproduct_cat&post=8972"},{"taxonomy":"product_tag","embeddable":true,"href":"https:\/\/educacioncontinua.pascualbravo.edu.co\/index.php?rest_route=%2Fwp%2Fv2%2Fproduct_tag&post=8972"},{"taxonomy":"tipo_oferta","embeddable":true,"href":"https:\/\/educacioncontinua.pascualbravo.edu.co\/index.php?rest_route=%2Fwp%2Fv2%2Ftipo_oferta&post=8972"},{"taxonomy":"modalidad","embeddable":true,"href":"https:\/\/educacioncontinua.pascualbravo.edu.co\/index.php?rest_route=%2Fwp%2Fv2%2Fmodalidad&post=8972"},{"taxonomy":"nivel","embeddable":true,"href":"https:\/\/educacioncontinua.pascualbravo.edu.co\/index.php?rest_route=%2Fwp%2Fv2%2Fnivel&post=8972"},{"taxonomy":"tipo_de_programa","embeddable":true,"href":"https:\/\/educacioncontinua.pascualbravo.edu.co\/index.php?rest_route=%2Fwp%2Fv2%2Ftipo_de_programa&post=8972"}],"curies":[{"name":"wp","href":"https:\/\/api.w.org\/{rel}","templated":true}]}}