{"id":8968,"date":"2025-10-28T15:44:08","date_gmt":"2025-10-28T20:44:08","guid":{"rendered":"https:\/\/educacioncontinua.pascualbravo.edu.co\/?post_type=product&#038;p=8968"},"modified":"2025-11-25T16:12:42","modified_gmt":"2025-11-25T21:12:42","slug":"macrocredencial-en-ilustracion-basica","status":"publish","type":"product","link":"https:\/\/educacioncontinua.pascualbravo.edu.co\/?product=macrocredencial-en-ilustracion-basica","title":{"rendered":"Macrocredencial en Ilustraci\u00f3n B\u00e1sica"},"content":{"rendered":"<h3>Macrocredencial en Ilustraci\u00f3n B\u00e1sica<\/h3>\n<h3>Profesional en\u00a0Dise\u00f1o Gr\u00e1fico<\/h3>\n<p>Esta Insignia certifica la capacidad del acreditado para crear piezas gr\u00e1ficas que representan conceptos y mensajes de forma visual, utilizando t\u00e9cnicas de dibujo manual y herramientas digitales. El acreditado domina principios de perspectiva, geometr\u00eda, y teor\u00eda del color, aplicados desde la conceptualizaci\u00f3n hasta la ilustraci\u00f3n final. Adem\u00e1s, integra estilos art\u00edsticos y t\u00e9cnicas de bocetaci\u00f3n para generar im\u00e1genes de alto impacto visual dirigidas al mercado.<\/p>\n<h3>Modulo acad\u00e9mico de aprendizaje cursado:<\/h3>\n<ol>\n<li>Dibujo<\/li>\n<li>Geometr\u00eda y proyecciones<\/li>\n<li>Ilustraci\u00f3n<\/li>\n<\/ol>\n<p>&nbsp;<\/p>\n<h5>Habilidades<\/h5>\n<p><!--aqu\u00ed empieza acoerde\u00f3n de qu\u00e9 vas a aprender--><\/p>\n<ul>\n<li>Representar la figura humana y objetos en papel<\/li>\n<li>Aplicar t\u00e9cnicas de dibujo manual con l\u00e1piz y otros instrumentos b\u00e1sicos<\/li>\n<li>Manejar principios de teor\u00eda del color<\/li>\n<li>Crear composiciones con perspectiva e isometr\u00eda<\/li>\n<li>Conceptualizar ideas mediante mapas mentales y moodboards<\/li>\n<li>Bocetar dise\u00f1os con precisi\u00f3n<\/li>\n<li>Representar conceptos geom\u00e9tricos en proyecciones axonom\u00e9tricas<\/li>\n<li>Dise\u00f1ar utilizando escalas y proporciones adecuadas<\/li>\n<li>Aplicar geometr\u00eda b\u00e1sica a dibujos t\u00e9cnicos<\/li>\n<li>Desarrollar ilustraciones desde el boceto hasta su aplicaci\u00f3n en productos<\/li>\n<li>Incorporar estilos art\u00edsticos hist\u00f3ricos al dise\u00f1o<\/li>\n<li>Manejar t\u00e9cnicas de ilustraci\u00f3n cient\u00edfica y editorial<\/li>\n<li>Crear im\u00e1genes con fines comerciales y expresivos<\/li>\n<li>Utilizar herramientas digitales para complementar el dibujo manual<\/li>\n<li>Interpretar y desarrollar briefs para proyectos gr\u00e1ficos<\/li>\n<\/ul>\n<p>&nbsp;<\/p>\n<p><strong>\u00a0 \u00a0 \u00a0Microcertificaci\u00f3n para grupo cerrado de empresas<\/strong><\/p>\n<p>Para m\u00e1s informaci\u00f3n escr\u00edbenos a <strong>educacion.continua@pascualbravo.edu.co<\/strong><\/p>\n","protected":false},"excerpt":{"rendered":"<p>Macrocredencial en Ilustraci\u00f3n B\u00e1sica Profesional en\u00a0Dise\u00f1o Gr\u00e1fico Esta Insignia certifica la capacidad del acreditado para crear piezas gr\u00e1ficas que representan conceptos y mensajes de forma visual, utilizando t\u00e9cnicas de dibujo manual y herramientas digitales. El acreditado domina principios de perspectiva, geometr\u00eda, y teor\u00eda del color, aplicados desde la conceptualizaci\u00f3n hasta la ilustraci\u00f3n final. Adem\u00e1s, integra [&hellip;]<\/p>\n","protected":false},"featured_media":8969,"comment_status":"open","ping_status":"closed","template":"","meta":{"_acf_changed":false},"product_cat":[135,155],"product_tag":[],"tipo_oferta":[],"modalidad":[],"nivel":[],"tipo_de_programa":[149],"acf":[],"yoast_head":"<!-- This site is optimized with the Yoast SEO plugin v22.9 - https:\/\/yoast.com\/wordpress\/plugins\/seo\/ -->\n<title>Macrocredencial en Ilustraci\u00f3n B\u00e1sica - Unidad de Educaci\u00f3n Continua - I.U. Pascual Bravo<\/title>\n<meta name=\"robots\" content=\"index, follow, max-snippet:-1, max-image-preview:large, max-video-preview:-1\" \/>\n<link rel=\"canonical\" href=\"https:\/\/educacioncontinua.pascualbravo.edu.co\/?product=macrocredencial-en-ilustracion-basica\" \/>\n<meta property=\"og:locale\" content=\"es_ES\" \/>\n<meta property=\"og:type\" content=\"article\" \/>\n<meta property=\"og:title\" content=\"Macrocredencial en Ilustraci\u00f3n B\u00e1sica - Unidad de Educaci\u00f3n Continua - I.U. Pascual Bravo\" \/>\n<meta property=\"og:description\" content=\"Macrocredencial en Ilustraci\u00f3n B\u00e1sica Profesional en\u00a0Dise\u00f1o Gr\u00e1fico Esta Insignia certifica la capacidad del acreditado para crear piezas gr\u00e1ficas que representan conceptos y mensajes de forma visual, utilizando t\u00e9cnicas de dibujo manual y herramientas digitales. El acreditado domina principios de perspectiva, geometr\u00eda, y teor\u00eda del color, aplicados desde la conceptualizaci\u00f3n hasta la ilustraci\u00f3n final. Adem\u00e1s, integra [&hellip;]\" \/>\n<meta property=\"og:url\" content=\"https:\/\/educacioncontinua.pascualbravo.edu.co\/?product=macrocredencial-en-ilustracion-basica\" \/>\n<meta property=\"og:site_name\" content=\"Unidad de Educaci\u00f3n Continua - I.U. Pascual Bravo\" \/>\n<meta property=\"article:modified_time\" content=\"2025-11-25T21:12:42+00:00\" \/>\n<meta property=\"og:image\" content=\"https:\/\/educacioncontinua.pascualbravo.edu.co\/wp-content\/uploads\/2025\/10\/Profesional-en-Diseno-Grafico-Ilustracion-Basica.webp\" \/>\n\t<meta property=\"og:image:width\" content=\"629\" \/>\n\t<meta property=\"og:image:height\" content=\"629\" \/>\n\t<meta property=\"og:image:type\" content=\"image\/webp\" \/>\n<meta name=\"twitter:card\" content=\"summary_large_image\" \/>\n<meta name=\"twitter:label1\" content=\"Tiempo de lectura\" \/>\n\t<meta name=\"twitter:data1\" content=\"2 minutos\" \/>\n<script type=\"application\/ld+json\" class=\"yoast-schema-graph\">{\"@context\":\"https:\/\/schema.org\",\"@graph\":[{\"@type\":\"WebPage\",\"@id\":\"https:\/\/educacioncontinua.pascualbravo.edu.co\/?product=macrocredencial-en-ilustracion-basica\",\"url\":\"https:\/\/educacioncontinua.pascualbravo.edu.co\/?product=macrocredencial-en-ilustracion-basica\",\"name\":\"Macrocredencial en Ilustraci\u00f3n B\u00e1sica - Unidad de Educaci\u00f3n Continua - I.U. Pascual Bravo\",\"isPartOf\":{\"@id\":\"https:\/\/educacioncontinua.pascualbravo.edu.co\/#website\"},\"primaryImageOfPage\":{\"@id\":\"https:\/\/educacioncontinua.pascualbravo.edu.co\/?product=macrocredencial-en-ilustracion-basica#primaryimage\"},\"image\":{\"@id\":\"https:\/\/educacioncontinua.pascualbravo.edu.co\/?product=macrocredencial-en-ilustracion-basica#primaryimage\"},\"thumbnailUrl\":\"https:\/\/educacioncontinua.pascualbravo.edu.co\/wp-content\/uploads\/2025\/10\/Profesional-en-Diseno-Grafico-Ilustracion-Basica.webp\",\"datePublished\":\"2025-10-28T20:44:08+00:00\",\"dateModified\":\"2025-11-25T21:12:42+00:00\",\"breadcrumb\":{\"@id\":\"https:\/\/educacioncontinua.pascualbravo.edu.co\/?product=macrocredencial-en-ilustracion-basica#breadcrumb\"},\"inLanguage\":\"es-CO\",\"potentialAction\":[{\"@type\":\"ReadAction\",\"target\":[\"https:\/\/educacioncontinua.pascualbravo.edu.co\/?product=macrocredencial-en-ilustracion-basica\"]}]},{\"@type\":\"ImageObject\",\"inLanguage\":\"es-CO\",\"@id\":\"https:\/\/educacioncontinua.pascualbravo.edu.co\/?product=macrocredencial-en-ilustracion-basica#primaryimage\",\"url\":\"https:\/\/educacioncontinua.pascualbravo.edu.co\/wp-content\/uploads\/2025\/10\/Profesional-en-Diseno-Grafico-Ilustracion-Basica.webp\",\"contentUrl\":\"https:\/\/educacioncontinua.pascualbravo.edu.co\/wp-content\/uploads\/2025\/10\/Profesional-en-Diseno-Grafico-Ilustracion-Basica.webp\",\"width\":629,\"height\":629},{\"@type\":\"BreadcrumbList\",\"@id\":\"https:\/\/educacioncontinua.pascualbravo.edu.co\/?product=macrocredencial-en-ilustracion-basica#breadcrumb\",\"itemListElement\":[{\"@type\":\"ListItem\",\"position\":1,\"name\":\"Inicio\",\"item\":\"https:\/\/educacioncontinua.pascualbravo.edu.co\/\"},{\"@type\":\"ListItem\",\"position\":2,\"name\":\"Oferta acad\u00e9mica\",\"item\":\"https:\/\/educacioncontinua.pascualbravo.edu.co\/?page_id=14\"},{\"@type\":\"ListItem\",\"position\":3,\"name\":\"Macrocredencial en Ilustraci\u00f3n B\u00e1sica\"}]},{\"@type\":\"WebSite\",\"@id\":\"https:\/\/educacioncontinua.pascualbravo.edu.co\/#website\",\"url\":\"https:\/\/educacioncontinua.pascualbravo.edu.co\/\",\"name\":\"Unidad de Educaci\u00f3n Continua - I.U. Pascual Bravo\",\"description\":\"Unidad de Educaci\u00f3n Continua - I.U. Pascual Bravo\",\"publisher\":{\"@id\":\"https:\/\/educacioncontinua.pascualbravo.edu.co\/#organization\"},\"potentialAction\":[{\"@type\":\"SearchAction\",\"target\":{\"@type\":\"EntryPoint\",\"urlTemplate\":\"https:\/\/educacioncontinua.pascualbravo.edu.co\/?s={search_term_string}\"},\"query-input\":\"required name=search_term_string\"}],\"inLanguage\":\"es-CO\"},{\"@type\":\"Organization\",\"@id\":\"https:\/\/educacioncontinua.pascualbravo.edu.co\/#organization\",\"name\":\"Unidad de Educaci\u00f3n Continua - I.U. Pascual Bravo\",\"url\":\"https:\/\/educacioncontinua.pascualbravo.edu.co\/\",\"logo\":{\"@type\":\"ImageObject\",\"inLanguage\":\"es-CO\",\"@id\":\"https:\/\/educacioncontinua.pascualbravo.edu.co\/#\/schema\/logo\/image\/\",\"url\":\"https:\/\/educacioncontinua.pascualbravo.edu.co\/wp-content\/uploads\/2020\/12\/Pascual-Bravo.png\",\"contentUrl\":\"https:\/\/educacioncontinua.pascualbravo.edu.co\/wp-content\/uploads\/2020\/12\/Pascual-Bravo.png\",\"width\":300,\"height\":77,\"caption\":\"Unidad de Educaci\u00f3n Continua - I.U. Pascual Bravo\"},\"image\":{\"@id\":\"https:\/\/educacioncontinua.pascualbravo.edu.co\/#\/schema\/logo\/image\/\"}}]}<\/script>\n<!-- \/ Yoast SEO plugin. -->","yoast_head_json":{"title":"Macrocredencial en Ilustraci\u00f3n B\u00e1sica - Unidad de Educaci\u00f3n Continua - I.U. Pascual Bravo","robots":{"index":"index","follow":"follow","max-snippet":"max-snippet:-1","max-image-preview":"max-image-preview:large","max-video-preview":"max-video-preview:-1"},"canonical":"https:\/\/educacioncontinua.pascualbravo.edu.co\/?product=macrocredencial-en-ilustracion-basica","og_locale":"es_ES","og_type":"article","og_title":"Macrocredencial en Ilustraci\u00f3n B\u00e1sica - Unidad de Educaci\u00f3n Continua - I.U. Pascual Bravo","og_description":"Macrocredencial en Ilustraci\u00f3n B\u00e1sica Profesional en\u00a0Dise\u00f1o Gr\u00e1fico Esta Insignia certifica la capacidad del acreditado para crear piezas gr\u00e1ficas que representan conceptos y mensajes de forma visual, utilizando t\u00e9cnicas de dibujo manual y herramientas digitales. El acreditado domina principios de perspectiva, geometr\u00eda, y teor\u00eda del color, aplicados desde la conceptualizaci\u00f3n hasta la ilustraci\u00f3n final. Adem\u00e1s, integra [&hellip;]","og_url":"https:\/\/educacioncontinua.pascualbravo.edu.co\/?product=macrocredencial-en-ilustracion-basica","og_site_name":"Unidad de Educaci\u00f3n Continua - I.U. Pascual Bravo","article_modified_time":"2025-11-25T21:12:42+00:00","og_image":[{"width":629,"height":629,"url":"https:\/\/educacioncontinua.pascualbravo.edu.co\/wp-content\/uploads\/2025\/10\/Profesional-en-Diseno-Grafico-Ilustracion-Basica.webp","type":"image\/webp"}],"twitter_card":"summary_large_image","twitter_misc":{"Tiempo de lectura":"2 minutos"},"schema":{"@context":"https:\/\/schema.org","@graph":[{"@type":"WebPage","@id":"https:\/\/educacioncontinua.pascualbravo.edu.co\/?product=macrocredencial-en-ilustracion-basica","url":"https:\/\/educacioncontinua.pascualbravo.edu.co\/?product=macrocredencial-en-ilustracion-basica","name":"Macrocredencial en Ilustraci\u00f3n B\u00e1sica - Unidad de Educaci\u00f3n Continua - I.U. Pascual Bravo","isPartOf":{"@id":"https:\/\/educacioncontinua.pascualbravo.edu.co\/#website"},"primaryImageOfPage":{"@id":"https:\/\/educacioncontinua.pascualbravo.edu.co\/?product=macrocredencial-en-ilustracion-basica#primaryimage"},"image":{"@id":"https:\/\/educacioncontinua.pascualbravo.edu.co\/?product=macrocredencial-en-ilustracion-basica#primaryimage"},"thumbnailUrl":"https:\/\/educacioncontinua.pascualbravo.edu.co\/wp-content\/uploads\/2025\/10\/Profesional-en-Diseno-Grafico-Ilustracion-Basica.webp","datePublished":"2025-10-28T20:44:08+00:00","dateModified":"2025-11-25T21:12:42+00:00","breadcrumb":{"@id":"https:\/\/educacioncontinua.pascualbravo.edu.co\/?product=macrocredencial-en-ilustracion-basica#breadcrumb"},"inLanguage":"es-CO","potentialAction":[{"@type":"ReadAction","target":["https:\/\/educacioncontinua.pascualbravo.edu.co\/?product=macrocredencial-en-ilustracion-basica"]}]},{"@type":"ImageObject","inLanguage":"es-CO","@id":"https:\/\/educacioncontinua.pascualbravo.edu.co\/?product=macrocredencial-en-ilustracion-basica#primaryimage","url":"https:\/\/educacioncontinua.pascualbravo.edu.co\/wp-content\/uploads\/2025\/10\/Profesional-en-Diseno-Grafico-Ilustracion-Basica.webp","contentUrl":"https:\/\/educacioncontinua.pascualbravo.edu.co\/wp-content\/uploads\/2025\/10\/Profesional-en-Diseno-Grafico-Ilustracion-Basica.webp","width":629,"height":629},{"@type":"BreadcrumbList","@id":"https:\/\/educacioncontinua.pascualbravo.edu.co\/?product=macrocredencial-en-ilustracion-basica#breadcrumb","itemListElement":[{"@type":"ListItem","position":1,"name":"Inicio","item":"https:\/\/educacioncontinua.pascualbravo.edu.co\/"},{"@type":"ListItem","position":2,"name":"Oferta acad\u00e9mica","item":"https:\/\/educacioncontinua.pascualbravo.edu.co\/?page_id=14"},{"@type":"ListItem","position":3,"name":"Macrocredencial en Ilustraci\u00f3n B\u00e1sica"}]},{"@type":"WebSite","@id":"https:\/\/educacioncontinua.pascualbravo.edu.co\/#website","url":"https:\/\/educacioncontinua.pascualbravo.edu.co\/","name":"Unidad de Educaci\u00f3n Continua - I.U. Pascual Bravo","description":"Unidad de Educaci\u00f3n Continua - I.U. Pascual Bravo","publisher":{"@id":"https:\/\/educacioncontinua.pascualbravo.edu.co\/#organization"},"potentialAction":[{"@type":"SearchAction","target":{"@type":"EntryPoint","urlTemplate":"https:\/\/educacioncontinua.pascualbravo.edu.co\/?s={search_term_string}"},"query-input":"required name=search_term_string"}],"inLanguage":"es-CO"},{"@type":"Organization","@id":"https:\/\/educacioncontinua.pascualbravo.edu.co\/#organization","name":"Unidad de Educaci\u00f3n Continua - I.U. Pascual Bravo","url":"https:\/\/educacioncontinua.pascualbravo.edu.co\/","logo":{"@type":"ImageObject","inLanguage":"es-CO","@id":"https:\/\/educacioncontinua.pascualbravo.edu.co\/#\/schema\/logo\/image\/","url":"https:\/\/educacioncontinua.pascualbravo.edu.co\/wp-content\/uploads\/2020\/12\/Pascual-Bravo.png","contentUrl":"https:\/\/educacioncontinua.pascualbravo.edu.co\/wp-content\/uploads\/2020\/12\/Pascual-Bravo.png","width":300,"height":77,"caption":"Unidad de Educaci\u00f3n Continua - I.U. Pascual Bravo"},"image":{"@id":"https:\/\/educacioncontinua.pascualbravo.edu.co\/#\/schema\/logo\/image\/"}}]}},"_links":{"self":[{"href":"https:\/\/educacioncontinua.pascualbravo.edu.co\/index.php?rest_route=\/wp\/v2\/product\/8968"}],"collection":[{"href":"https:\/\/educacioncontinua.pascualbravo.edu.co\/index.php?rest_route=\/wp\/v2\/product"}],"about":[{"href":"https:\/\/educacioncontinua.pascualbravo.edu.co\/index.php?rest_route=\/wp\/v2\/types\/product"}],"replies":[{"embeddable":true,"href":"https:\/\/educacioncontinua.pascualbravo.edu.co\/index.php?rest_route=%2Fwp%2Fv2%2Fcomments&post=8968"}],"wp:featuredmedia":[{"embeddable":true,"href":"https:\/\/educacioncontinua.pascualbravo.edu.co\/index.php?rest_route=\/wp\/v2\/media\/8969"}],"wp:attachment":[{"href":"https:\/\/educacioncontinua.pascualbravo.edu.co\/index.php?rest_route=%2Fwp%2Fv2%2Fmedia&parent=8968"}],"wp:term":[{"taxonomy":"product_cat","embeddable":true,"href":"https:\/\/educacioncontinua.pascualbravo.edu.co\/index.php?rest_route=%2Fwp%2Fv2%2Fproduct_cat&post=8968"},{"taxonomy":"product_tag","embeddable":true,"href":"https:\/\/educacioncontinua.pascualbravo.edu.co\/index.php?rest_route=%2Fwp%2Fv2%2Fproduct_tag&post=8968"},{"taxonomy":"tipo_oferta","embeddable":true,"href":"https:\/\/educacioncontinua.pascualbravo.edu.co\/index.php?rest_route=%2Fwp%2Fv2%2Ftipo_oferta&post=8968"},{"taxonomy":"modalidad","embeddable":true,"href":"https:\/\/educacioncontinua.pascualbravo.edu.co\/index.php?rest_route=%2Fwp%2Fv2%2Fmodalidad&post=8968"},{"taxonomy":"nivel","embeddable":true,"href":"https:\/\/educacioncontinua.pascualbravo.edu.co\/index.php?rest_route=%2Fwp%2Fv2%2Fnivel&post=8968"},{"taxonomy":"tipo_de_programa","embeddable":true,"href":"https:\/\/educacioncontinua.pascualbravo.edu.co\/index.php?rest_route=%2Fwp%2Fv2%2Ftipo_de_programa&post=8968"}],"curies":[{"name":"wp","href":"https:\/\/api.w.org\/{rel}","templated":true}]}}