{"id":8966,"date":"2025-10-28T15:34:21","date_gmt":"2025-10-28T20:34:21","guid":{"rendered":"https:\/\/educacioncontinua.pascualbravo.edu.co\/?post_type=product&#038;p=8966"},"modified":"2025-11-25T16:13:25","modified_gmt":"2025-11-25T21:13:25","slug":"macrocredencial-fotografia-e-imagen","status":"publish","type":"product","link":"https:\/\/educacioncontinua.pascualbravo.edu.co\/?product=macrocredencial-fotografia-e-imagen","title":{"rendered":"Macrocredencial Fotograf\u00eda e Imagen"},"content":{"rendered":"<h3>Macrocredencial Fotograf\u00eda e Imagen<\/h3>\n<h3>Profesional en Dise\u00f1o Gr\u00e1fico<\/h3>\n<p>Esta Insignia certifica la capacidad del acreditado para crear, editar y comunicar im\u00e1genes con un prop\u00f3sito comunicativo claro. El acreditado domina las t\u00e9cnicas de fotograf\u00eda comercial y de producto, integrando elementos como la luz, la perspectiva y la edici\u00f3n para producir im\u00e1genes de alta calidad. Adem\u00e1s, el acreditado es capaz de crear contenidos multimediales que combinan imagen, video, sonido y animaciones 2D, respondiendo a las necesidades espec\u00edficas del cliente.<\/p>\n<h3>Modulo acad\u00e9mico de aprendizaje cursado:<\/h3>\n<ol>\n<li>Fotograf\u00eda I<\/li>\n<li>Fotograf\u00eda II<\/li>\n<li>Fotograf\u00eda III<\/li>\n<\/ol>\n<p>&nbsp;<\/p>\n<h5>Habilidades<\/h5>\n<p><!--aqu\u00ed empieza acoerde\u00f3n de qu\u00e9 vas a aprender--><\/p>\n<ul>\n<li>Creaci\u00f3n de im\u00e1genes con sentido comunicativo<\/li>\n<li>Dominio de la fotograf\u00eda comercial y de producto<\/li>\n<li>Edici\u00f3n fotogr\u00e1fica profesional<\/li>\n<li>Uso de sensores full frame y APS<\/li>\n<li>Control de apertura, diafragma y velocidad de obturaci\u00f3n<\/li>\n<li>Uso de ritmos, perspectivas y puntos de fuga<\/li>\n<li>Aplicaci\u00f3n de angulaci\u00f3n y distancias focales<\/li>\n<li>Creaci\u00f3n de Storyboards y planificaci\u00f3n visual<\/li>\n<li>Investigaci\u00f3n y desarrollo de concepto visual<\/li>\n<li>T\u00e9cnicas de iluminaci\u00f3n aplicada a productos<\/li>\n<li>Realizaci\u00f3n de bodegones fotogr\u00e1ficos<\/li>\n<li>Uso de difusores y modificadores de luz<\/li>\n<li>Dise\u00f1o y edici\u00f3n de piezas gr\u00e1ficas<\/li>\n<li>Producci\u00f3n de contenidos multimedia<\/li>\n<li>Gesti\u00f3n de proyectos audiovisuales<\/li>\n<li>incluyendo pre y postproducci\u00f3n<\/li>\n<\/ul>\n<p>&nbsp;<\/p>\n<p><strong>\u00a0 \u00a0 \u00a0Microcertificaci\u00f3n para grupo cerrado de empresas<\/strong><\/p>\n<p>Para m\u00e1s informaci\u00f3n escr\u00edbenos a <strong>educacion.continua@pascualbravo.edu.co<\/strong><\/p>\n","protected":false},"excerpt":{"rendered":"<p>Macrocredencial Fotograf\u00eda e Imagen Profesional en Dise\u00f1o Gr\u00e1fico Esta Insignia certifica la capacidad del acreditado para crear, editar y comunicar im\u00e1genes con un prop\u00f3sito comunicativo claro. El acreditado domina las t\u00e9cnicas de fotograf\u00eda comercial y de producto, integrando elementos como la luz, la perspectiva y la edici\u00f3n para producir im\u00e1genes de alta calidad. Adem\u00e1s, el [&hellip;]<\/p>\n","protected":false},"featured_media":8967,"comment_status":"open","ping_status":"closed","template":"","meta":{"_acf_changed":false},"product_cat":[135,155],"product_tag":[],"tipo_oferta":[],"modalidad":[],"nivel":[],"tipo_de_programa":[149],"acf":[],"yoast_head":"<!-- This site is optimized with the Yoast SEO plugin v22.9 - https:\/\/yoast.com\/wordpress\/plugins\/seo\/ -->\n<title>Macrocredencial Fotograf\u00eda e Imagen - Unidad de Educaci\u00f3n Continua - I.U. Pascual Bravo<\/title>\n<meta name=\"robots\" content=\"index, follow, max-snippet:-1, max-image-preview:large, max-video-preview:-1\" \/>\n<link rel=\"canonical\" href=\"https:\/\/educacioncontinua.pascualbravo.edu.co\/?product=macrocredencial-fotografia-e-imagen\" \/>\n<meta property=\"og:locale\" content=\"es_ES\" \/>\n<meta property=\"og:type\" content=\"article\" \/>\n<meta property=\"og:title\" content=\"Macrocredencial Fotograf\u00eda e Imagen - Unidad de Educaci\u00f3n Continua - I.U. Pascual Bravo\" \/>\n<meta property=\"og:description\" content=\"Macrocredencial Fotograf\u00eda e Imagen Profesional en Dise\u00f1o Gr\u00e1fico Esta Insignia certifica la capacidad del acreditado para crear, editar y comunicar im\u00e1genes con un prop\u00f3sito comunicativo claro. El acreditado domina las t\u00e9cnicas de fotograf\u00eda comercial y de producto, integrando elementos como la luz, la perspectiva y la edici\u00f3n para producir im\u00e1genes de alta calidad. Adem\u00e1s, el [&hellip;]\" \/>\n<meta property=\"og:url\" content=\"https:\/\/educacioncontinua.pascualbravo.edu.co\/?product=macrocredencial-fotografia-e-imagen\" \/>\n<meta property=\"og:site_name\" content=\"Unidad de Educaci\u00f3n Continua - I.U. Pascual Bravo\" \/>\n<meta property=\"article:modified_time\" content=\"2025-11-25T21:13:25+00:00\" \/>\n<meta property=\"og:image\" content=\"https:\/\/educacioncontinua.pascualbravo.edu.co\/wp-content\/uploads\/2025\/10\/Profesional-en-Diseno-Grafico-Fotografia-e-Imagen.webp\" \/>\n\t<meta property=\"og:image:width\" content=\"628\" \/>\n\t<meta property=\"og:image:height\" content=\"629\" \/>\n\t<meta property=\"og:image:type\" content=\"image\/webp\" \/>\n<meta name=\"twitter:card\" content=\"summary_large_image\" \/>\n<meta name=\"twitter:label1\" content=\"Tiempo de lectura\" \/>\n\t<meta name=\"twitter:data1\" content=\"2 minutos\" \/>\n<script type=\"application\/ld+json\" class=\"yoast-schema-graph\">{\"@context\":\"https:\/\/schema.org\",\"@graph\":[{\"@type\":\"WebPage\",\"@id\":\"https:\/\/educacioncontinua.pascualbravo.edu.co\/?product=macrocredencial-fotografia-e-imagen\",\"url\":\"https:\/\/educacioncontinua.pascualbravo.edu.co\/?product=macrocredencial-fotografia-e-imagen\",\"name\":\"Macrocredencial Fotograf\u00eda e Imagen - Unidad de Educaci\u00f3n Continua - I.U. Pascual Bravo\",\"isPartOf\":{\"@id\":\"https:\/\/educacioncontinua.pascualbravo.edu.co\/#website\"},\"primaryImageOfPage\":{\"@id\":\"https:\/\/educacioncontinua.pascualbravo.edu.co\/?product=macrocredencial-fotografia-e-imagen#primaryimage\"},\"image\":{\"@id\":\"https:\/\/educacioncontinua.pascualbravo.edu.co\/?product=macrocredencial-fotografia-e-imagen#primaryimage\"},\"thumbnailUrl\":\"https:\/\/educacioncontinua.pascualbravo.edu.co\/wp-content\/uploads\/2025\/10\/Profesional-en-Diseno-Grafico-Fotografia-e-Imagen.webp\",\"datePublished\":\"2025-10-28T20:34:21+00:00\",\"dateModified\":\"2025-11-25T21:13:25+00:00\",\"breadcrumb\":{\"@id\":\"https:\/\/educacioncontinua.pascualbravo.edu.co\/?product=macrocredencial-fotografia-e-imagen#breadcrumb\"},\"inLanguage\":\"es-CO\",\"potentialAction\":[{\"@type\":\"ReadAction\",\"target\":[\"https:\/\/educacioncontinua.pascualbravo.edu.co\/?product=macrocredencial-fotografia-e-imagen\"]}]},{\"@type\":\"ImageObject\",\"inLanguage\":\"es-CO\",\"@id\":\"https:\/\/educacioncontinua.pascualbravo.edu.co\/?product=macrocredencial-fotografia-e-imagen#primaryimage\",\"url\":\"https:\/\/educacioncontinua.pascualbravo.edu.co\/wp-content\/uploads\/2025\/10\/Profesional-en-Diseno-Grafico-Fotografia-e-Imagen.webp\",\"contentUrl\":\"https:\/\/educacioncontinua.pascualbravo.edu.co\/wp-content\/uploads\/2025\/10\/Profesional-en-Diseno-Grafico-Fotografia-e-Imagen.webp\",\"width\":628,\"height\":629},{\"@type\":\"BreadcrumbList\",\"@id\":\"https:\/\/educacioncontinua.pascualbravo.edu.co\/?product=macrocredencial-fotografia-e-imagen#breadcrumb\",\"itemListElement\":[{\"@type\":\"ListItem\",\"position\":1,\"name\":\"Inicio\",\"item\":\"https:\/\/educacioncontinua.pascualbravo.edu.co\/\"},{\"@type\":\"ListItem\",\"position\":2,\"name\":\"Oferta acad\u00e9mica\",\"item\":\"https:\/\/educacioncontinua.pascualbravo.edu.co\/?page_id=14\"},{\"@type\":\"ListItem\",\"position\":3,\"name\":\"Macrocredencial Fotograf\u00eda e Imagen\"}]},{\"@type\":\"WebSite\",\"@id\":\"https:\/\/educacioncontinua.pascualbravo.edu.co\/#website\",\"url\":\"https:\/\/educacioncontinua.pascualbravo.edu.co\/\",\"name\":\"Unidad de Educaci\u00f3n Continua - I.U. Pascual Bravo\",\"description\":\"Unidad de Educaci\u00f3n Continua - I.U. Pascual Bravo\",\"publisher\":{\"@id\":\"https:\/\/educacioncontinua.pascualbravo.edu.co\/#organization\"},\"potentialAction\":[{\"@type\":\"SearchAction\",\"target\":{\"@type\":\"EntryPoint\",\"urlTemplate\":\"https:\/\/educacioncontinua.pascualbravo.edu.co\/?s={search_term_string}\"},\"query-input\":\"required name=search_term_string\"}],\"inLanguage\":\"es-CO\"},{\"@type\":\"Organization\",\"@id\":\"https:\/\/educacioncontinua.pascualbravo.edu.co\/#organization\",\"name\":\"Unidad de Educaci\u00f3n Continua - I.U. Pascual Bravo\",\"url\":\"https:\/\/educacioncontinua.pascualbravo.edu.co\/\",\"logo\":{\"@type\":\"ImageObject\",\"inLanguage\":\"es-CO\",\"@id\":\"https:\/\/educacioncontinua.pascualbravo.edu.co\/#\/schema\/logo\/image\/\",\"url\":\"https:\/\/educacioncontinua.pascualbravo.edu.co\/wp-content\/uploads\/2020\/12\/Pascual-Bravo.png\",\"contentUrl\":\"https:\/\/educacioncontinua.pascualbravo.edu.co\/wp-content\/uploads\/2020\/12\/Pascual-Bravo.png\",\"width\":300,\"height\":77,\"caption\":\"Unidad de Educaci\u00f3n Continua - I.U. Pascual Bravo\"},\"image\":{\"@id\":\"https:\/\/educacioncontinua.pascualbravo.edu.co\/#\/schema\/logo\/image\/\"}}]}<\/script>\n<!-- \/ Yoast SEO plugin. -->","yoast_head_json":{"title":"Macrocredencial Fotograf\u00eda e Imagen - Unidad de Educaci\u00f3n Continua - I.U. Pascual Bravo","robots":{"index":"index","follow":"follow","max-snippet":"max-snippet:-1","max-image-preview":"max-image-preview:large","max-video-preview":"max-video-preview:-1"},"canonical":"https:\/\/educacioncontinua.pascualbravo.edu.co\/?product=macrocredencial-fotografia-e-imagen","og_locale":"es_ES","og_type":"article","og_title":"Macrocredencial Fotograf\u00eda e Imagen - Unidad de Educaci\u00f3n Continua - I.U. Pascual Bravo","og_description":"Macrocredencial Fotograf\u00eda e Imagen Profesional en Dise\u00f1o Gr\u00e1fico Esta Insignia certifica la capacidad del acreditado para crear, editar y comunicar im\u00e1genes con un prop\u00f3sito comunicativo claro. El acreditado domina las t\u00e9cnicas de fotograf\u00eda comercial y de producto, integrando elementos como la luz, la perspectiva y la edici\u00f3n para producir im\u00e1genes de alta calidad. Adem\u00e1s, el [&hellip;]","og_url":"https:\/\/educacioncontinua.pascualbravo.edu.co\/?product=macrocredencial-fotografia-e-imagen","og_site_name":"Unidad de Educaci\u00f3n Continua - I.U. Pascual Bravo","article_modified_time":"2025-11-25T21:13:25+00:00","og_image":[{"width":628,"height":629,"url":"https:\/\/educacioncontinua.pascualbravo.edu.co\/wp-content\/uploads\/2025\/10\/Profesional-en-Diseno-Grafico-Fotografia-e-Imagen.webp","type":"image\/webp"}],"twitter_card":"summary_large_image","twitter_misc":{"Tiempo de lectura":"2 minutos"},"schema":{"@context":"https:\/\/schema.org","@graph":[{"@type":"WebPage","@id":"https:\/\/educacioncontinua.pascualbravo.edu.co\/?product=macrocredencial-fotografia-e-imagen","url":"https:\/\/educacioncontinua.pascualbravo.edu.co\/?product=macrocredencial-fotografia-e-imagen","name":"Macrocredencial Fotograf\u00eda e Imagen - Unidad de Educaci\u00f3n Continua - I.U. Pascual Bravo","isPartOf":{"@id":"https:\/\/educacioncontinua.pascualbravo.edu.co\/#website"},"primaryImageOfPage":{"@id":"https:\/\/educacioncontinua.pascualbravo.edu.co\/?product=macrocredencial-fotografia-e-imagen#primaryimage"},"image":{"@id":"https:\/\/educacioncontinua.pascualbravo.edu.co\/?product=macrocredencial-fotografia-e-imagen#primaryimage"},"thumbnailUrl":"https:\/\/educacioncontinua.pascualbravo.edu.co\/wp-content\/uploads\/2025\/10\/Profesional-en-Diseno-Grafico-Fotografia-e-Imagen.webp","datePublished":"2025-10-28T20:34:21+00:00","dateModified":"2025-11-25T21:13:25+00:00","breadcrumb":{"@id":"https:\/\/educacioncontinua.pascualbravo.edu.co\/?product=macrocredencial-fotografia-e-imagen#breadcrumb"},"inLanguage":"es-CO","potentialAction":[{"@type":"ReadAction","target":["https:\/\/educacioncontinua.pascualbravo.edu.co\/?product=macrocredencial-fotografia-e-imagen"]}]},{"@type":"ImageObject","inLanguage":"es-CO","@id":"https:\/\/educacioncontinua.pascualbravo.edu.co\/?product=macrocredencial-fotografia-e-imagen#primaryimage","url":"https:\/\/educacioncontinua.pascualbravo.edu.co\/wp-content\/uploads\/2025\/10\/Profesional-en-Diseno-Grafico-Fotografia-e-Imagen.webp","contentUrl":"https:\/\/educacioncontinua.pascualbravo.edu.co\/wp-content\/uploads\/2025\/10\/Profesional-en-Diseno-Grafico-Fotografia-e-Imagen.webp","width":628,"height":629},{"@type":"BreadcrumbList","@id":"https:\/\/educacioncontinua.pascualbravo.edu.co\/?product=macrocredencial-fotografia-e-imagen#breadcrumb","itemListElement":[{"@type":"ListItem","position":1,"name":"Inicio","item":"https:\/\/educacioncontinua.pascualbravo.edu.co\/"},{"@type":"ListItem","position":2,"name":"Oferta acad\u00e9mica","item":"https:\/\/educacioncontinua.pascualbravo.edu.co\/?page_id=14"},{"@type":"ListItem","position":3,"name":"Macrocredencial Fotograf\u00eda e Imagen"}]},{"@type":"WebSite","@id":"https:\/\/educacioncontinua.pascualbravo.edu.co\/#website","url":"https:\/\/educacioncontinua.pascualbravo.edu.co\/","name":"Unidad de Educaci\u00f3n Continua - I.U. Pascual Bravo","description":"Unidad de Educaci\u00f3n Continua - I.U. Pascual Bravo","publisher":{"@id":"https:\/\/educacioncontinua.pascualbravo.edu.co\/#organization"},"potentialAction":[{"@type":"SearchAction","target":{"@type":"EntryPoint","urlTemplate":"https:\/\/educacioncontinua.pascualbravo.edu.co\/?s={search_term_string}"},"query-input":"required name=search_term_string"}],"inLanguage":"es-CO"},{"@type":"Organization","@id":"https:\/\/educacioncontinua.pascualbravo.edu.co\/#organization","name":"Unidad de Educaci\u00f3n Continua - I.U. Pascual Bravo","url":"https:\/\/educacioncontinua.pascualbravo.edu.co\/","logo":{"@type":"ImageObject","inLanguage":"es-CO","@id":"https:\/\/educacioncontinua.pascualbravo.edu.co\/#\/schema\/logo\/image\/","url":"https:\/\/educacioncontinua.pascualbravo.edu.co\/wp-content\/uploads\/2020\/12\/Pascual-Bravo.png","contentUrl":"https:\/\/educacioncontinua.pascualbravo.edu.co\/wp-content\/uploads\/2020\/12\/Pascual-Bravo.png","width":300,"height":77,"caption":"Unidad de Educaci\u00f3n Continua - I.U. Pascual Bravo"},"image":{"@id":"https:\/\/educacioncontinua.pascualbravo.edu.co\/#\/schema\/logo\/image\/"}}]}},"_links":{"self":[{"href":"https:\/\/educacioncontinua.pascualbravo.edu.co\/index.php?rest_route=\/wp\/v2\/product\/8966"}],"collection":[{"href":"https:\/\/educacioncontinua.pascualbravo.edu.co\/index.php?rest_route=\/wp\/v2\/product"}],"about":[{"href":"https:\/\/educacioncontinua.pascualbravo.edu.co\/index.php?rest_route=\/wp\/v2\/types\/product"}],"replies":[{"embeddable":true,"href":"https:\/\/educacioncontinua.pascualbravo.edu.co\/index.php?rest_route=%2Fwp%2Fv2%2Fcomments&post=8966"}],"wp:featuredmedia":[{"embeddable":true,"href":"https:\/\/educacioncontinua.pascualbravo.edu.co\/index.php?rest_route=\/wp\/v2\/media\/8967"}],"wp:attachment":[{"href":"https:\/\/educacioncontinua.pascualbravo.edu.co\/index.php?rest_route=%2Fwp%2Fv2%2Fmedia&parent=8966"}],"wp:term":[{"taxonomy":"product_cat","embeddable":true,"href":"https:\/\/educacioncontinua.pascualbravo.edu.co\/index.php?rest_route=%2Fwp%2Fv2%2Fproduct_cat&post=8966"},{"taxonomy":"product_tag","embeddable":true,"href":"https:\/\/educacioncontinua.pascualbravo.edu.co\/index.php?rest_route=%2Fwp%2Fv2%2Fproduct_tag&post=8966"},{"taxonomy":"tipo_oferta","embeddable":true,"href":"https:\/\/educacioncontinua.pascualbravo.edu.co\/index.php?rest_route=%2Fwp%2Fv2%2Ftipo_oferta&post=8966"},{"taxonomy":"modalidad","embeddable":true,"href":"https:\/\/educacioncontinua.pascualbravo.edu.co\/index.php?rest_route=%2Fwp%2Fv2%2Fmodalidad&post=8966"},{"taxonomy":"nivel","embeddable":true,"href":"https:\/\/educacioncontinua.pascualbravo.edu.co\/index.php?rest_route=%2Fwp%2Fv2%2Fnivel&post=8966"},{"taxonomy":"tipo_de_programa","embeddable":true,"href":"https:\/\/educacioncontinua.pascualbravo.edu.co\/index.php?rest_route=%2Fwp%2Fv2%2Ftipo_de_programa&post=8966"}],"curies":[{"name":"wp","href":"https:\/\/api.w.org\/{rel}","templated":true}]}}