{"id":8947,"date":"2025-10-28T11:33:34","date_gmt":"2025-10-28T16:33:34","guid":{"rendered":"https:\/\/educacioncontinua.pascualbravo.edu.co\/?post_type=product&#038;p=8947"},"modified":"2025-11-26T11:01:05","modified_gmt":"2025-11-26T16:01:05","slug":"macrocredencial-en-produccion-audiovisual","status":"publish","type":"product","link":"https:\/\/educacioncontinua.pascualbravo.edu.co\/?product=macrocredencial-en-produccion-audiovisual","title":{"rendered":"Macrocredencial en Producci\u00f3n Audiovisual"},"content":{"rendered":"<h3>Macrocredencial en Producci\u00f3n Audiovisual<\/h3>\n<h3>Tecnolog\u00eda en Gesti\u00f3n del Dise\u00f1o Gr\u00e1fico<\/h3>\n<p>Esta insignia certifica la capacidad del acreditado para crear productos audiovisuales utilizando la imagen, el sonido y la animaci\u00f3n como herramientas clave para transmitir mensajes comerciales. Reconoce el dominio t\u00e9cnico, est\u00e9tico y narrativo en fotograf\u00eda, producci\u00f3n audiovisual y animaci\u00f3n, aplicado en proyectos publicitarios, informativos y propagand\u00edsticos con impacto en el \u00e1mbito profesional.<\/p>\n<h3>Modulo acad\u00e9mico de aprendizaje cursado:<\/h3>\n<ol>\n<li>Taller de fotograf\u00eda e imagen<\/li>\n<li>Taller de producci\u00f3n visual<\/li>\n<li>Seminario de creaci\u00f3n audiovisual<\/li>\n<\/ol>\n<p>&nbsp;<\/p>\n<h5>Habilidades<\/h5>\n<p><!--aqu\u00ed empieza acoerde\u00f3n de qu\u00e9 vas a aprender--><\/p>\n<ul>\n<li>Manejo de c\u00e1maras y dispositivos fotogr\u00e1ficos<\/li>\n<li>Uso de luz y t\u00e9cnicas de composici\u00f3n en fotograf\u00eda<\/li>\n<li>Edici\u00f3n y revelado digital de im\u00e1genes<\/li>\n<li>Creaci\u00f3n de proyectos fotogr\u00e1ficos comerciales<\/li>\n<li>Desarrollo de guiones literarios y t\u00e9cnicos<\/li>\n<li>Dise\u00f1o de esquemas de montaje y planos visuales<\/li>\n<li>Operaci\u00f3n de equipos de grabaci\u00f3n y sonido<\/li>\n<li>T\u00e9cnicas de iluminaci\u00f3n para producci\u00f3n audiovisual<\/li>\n<li>Edici\u00f3n de video con herramientas profesionales<\/li>\n<li>Uso de efectos visuales y colorizaci\u00f3n<\/li>\n<li>Creaci\u00f3n de animaciones con principios b\u00e1sicos y avanzados<\/li>\n<li>Planificaci\u00f3n de productos animados<\/li>\n<li>Animaci\u00f3n de personajes y entornos 3D<\/li>\n<li>Desarrollo de storyboards para narrativas visuales<\/li>\n<li>Producci\u00f3n de contenidos audiovisuales publicitarios e informativos<\/li>\n<\/ul>\n<p>&nbsp;<\/p>\n<p><strong>\u00a0 \u00a0 \u00a0Microcertificaci\u00f3n para grupo cerrado de empresas<\/strong><\/p>\n<p>Para m\u00e1s informaci\u00f3n escr\u00edbenos a <strong>educacion.continua@pascualbravo.edu.co<\/strong><\/p>\n","protected":false},"excerpt":{"rendered":"<p>Macrocredencial en Producci\u00f3n Audiovisual Tecnolog\u00eda en Gesti\u00f3n del Dise\u00f1o Gr\u00e1fico Esta insignia certifica la capacidad del acreditado para crear productos audiovisuales utilizando la imagen, el sonido y la animaci\u00f3n como herramientas clave para transmitir mensajes comerciales. Reconoce el dominio t\u00e9cnico, est\u00e9tico y narrativo en fotograf\u00eda, producci\u00f3n audiovisual y animaci\u00f3n, aplicado en proyectos publicitarios, informativos y [&hellip;]<\/p>\n","protected":false},"featured_media":8948,"comment_status":"open","ping_status":"closed","template":"","meta":{"_acf_changed":false},"product_cat":[135,153],"product_tag":[],"tipo_oferta":[],"modalidad":[],"nivel":[],"tipo_de_programa":[],"acf":[],"yoast_head":"<!-- This site is optimized with the Yoast SEO plugin v22.9 - https:\/\/yoast.com\/wordpress\/plugins\/seo\/ -->\n<title>Macrocredencial en Producci\u00f3n Audiovisual - Unidad de Educaci\u00f3n Continua - I.U. Pascual Bravo<\/title>\n<meta name=\"robots\" content=\"index, follow, max-snippet:-1, max-image-preview:large, max-video-preview:-1\" \/>\n<link rel=\"canonical\" href=\"https:\/\/educacioncontinua.pascualbravo.edu.co\/?product=macrocredencial-en-produccion-audiovisual\" \/>\n<meta property=\"og:locale\" content=\"es_ES\" \/>\n<meta property=\"og:type\" content=\"article\" \/>\n<meta property=\"og:title\" content=\"Macrocredencial en Producci\u00f3n Audiovisual - Unidad de Educaci\u00f3n Continua - I.U. Pascual Bravo\" \/>\n<meta property=\"og:description\" content=\"Macrocredencial en Producci\u00f3n Audiovisual Tecnolog\u00eda en Gesti\u00f3n del Dise\u00f1o Gr\u00e1fico Esta insignia certifica la capacidad del acreditado para crear productos audiovisuales utilizando la imagen, el sonido y la animaci\u00f3n como herramientas clave para transmitir mensajes comerciales. Reconoce el dominio t\u00e9cnico, est\u00e9tico y narrativo en fotograf\u00eda, producci\u00f3n audiovisual y animaci\u00f3n, aplicado en proyectos publicitarios, informativos y [&hellip;]\" \/>\n<meta property=\"og:url\" content=\"https:\/\/educacioncontinua.pascualbravo.edu.co\/?product=macrocredencial-en-produccion-audiovisual\" \/>\n<meta property=\"og:site_name\" content=\"Unidad de Educaci\u00f3n Continua - I.U. Pascual Bravo\" \/>\n<meta property=\"article:modified_time\" content=\"2025-11-26T16:01:05+00:00\" \/>\n<meta property=\"og:image\" content=\"https:\/\/educacioncontinua.pascualbravo.edu.co\/wp-content\/uploads\/2025\/10\/Tecnologia-en-Gestion-del-Diseno-Grafico-Produccion-Audiovisual.webp\" \/>\n\t<meta property=\"og:image:width\" content=\"628\" \/>\n\t<meta property=\"og:image:height\" content=\"629\" \/>\n\t<meta property=\"og:image:type\" content=\"image\/webp\" \/>\n<meta name=\"twitter:card\" content=\"summary_large_image\" \/>\n<meta name=\"twitter:label1\" content=\"Tiempo de lectura\" \/>\n\t<meta name=\"twitter:data1\" content=\"2 minutos\" \/>\n<script type=\"application\/ld+json\" class=\"yoast-schema-graph\">{\"@context\":\"https:\/\/schema.org\",\"@graph\":[{\"@type\":\"WebPage\",\"@id\":\"https:\/\/educacioncontinua.pascualbravo.edu.co\/?product=macrocredencial-en-produccion-audiovisual\",\"url\":\"https:\/\/educacioncontinua.pascualbravo.edu.co\/?product=macrocredencial-en-produccion-audiovisual\",\"name\":\"Macrocredencial en Producci\u00f3n Audiovisual - Unidad de Educaci\u00f3n Continua - I.U. Pascual Bravo\",\"isPartOf\":{\"@id\":\"https:\/\/educacioncontinua.pascualbravo.edu.co\/#website\"},\"primaryImageOfPage\":{\"@id\":\"https:\/\/educacioncontinua.pascualbravo.edu.co\/?product=macrocredencial-en-produccion-audiovisual#primaryimage\"},\"image\":{\"@id\":\"https:\/\/educacioncontinua.pascualbravo.edu.co\/?product=macrocredencial-en-produccion-audiovisual#primaryimage\"},\"thumbnailUrl\":\"https:\/\/educacioncontinua.pascualbravo.edu.co\/wp-content\/uploads\/2025\/10\/Tecnologia-en-Gestion-del-Diseno-Grafico-Produccion-Audiovisual.webp\",\"datePublished\":\"2025-10-28T16:33:34+00:00\",\"dateModified\":\"2025-11-26T16:01:05+00:00\",\"breadcrumb\":{\"@id\":\"https:\/\/educacioncontinua.pascualbravo.edu.co\/?product=macrocredencial-en-produccion-audiovisual#breadcrumb\"},\"inLanguage\":\"es-CO\",\"potentialAction\":[{\"@type\":\"ReadAction\",\"target\":[\"https:\/\/educacioncontinua.pascualbravo.edu.co\/?product=macrocredencial-en-produccion-audiovisual\"]}]},{\"@type\":\"ImageObject\",\"inLanguage\":\"es-CO\",\"@id\":\"https:\/\/educacioncontinua.pascualbravo.edu.co\/?product=macrocredencial-en-produccion-audiovisual#primaryimage\",\"url\":\"https:\/\/educacioncontinua.pascualbravo.edu.co\/wp-content\/uploads\/2025\/10\/Tecnologia-en-Gestion-del-Diseno-Grafico-Produccion-Audiovisual.webp\",\"contentUrl\":\"https:\/\/educacioncontinua.pascualbravo.edu.co\/wp-content\/uploads\/2025\/10\/Tecnologia-en-Gestion-del-Diseno-Grafico-Produccion-Audiovisual.webp\",\"width\":628,\"height\":629},{\"@type\":\"BreadcrumbList\",\"@id\":\"https:\/\/educacioncontinua.pascualbravo.edu.co\/?product=macrocredencial-en-produccion-audiovisual#breadcrumb\",\"itemListElement\":[{\"@type\":\"ListItem\",\"position\":1,\"name\":\"Inicio\",\"item\":\"https:\/\/educacioncontinua.pascualbravo.edu.co\/\"},{\"@type\":\"ListItem\",\"position\":2,\"name\":\"Oferta acad\u00e9mica\",\"item\":\"https:\/\/educacioncontinua.pascualbravo.edu.co\/?page_id=14\"},{\"@type\":\"ListItem\",\"position\":3,\"name\":\"Macrocredencial en Producci\u00f3n Audiovisual\"}]},{\"@type\":\"WebSite\",\"@id\":\"https:\/\/educacioncontinua.pascualbravo.edu.co\/#website\",\"url\":\"https:\/\/educacioncontinua.pascualbravo.edu.co\/\",\"name\":\"Unidad de Educaci\u00f3n Continua - I.U. Pascual Bravo\",\"description\":\"Unidad de Educaci\u00f3n Continua - I.U. Pascual Bravo\",\"publisher\":{\"@id\":\"https:\/\/educacioncontinua.pascualbravo.edu.co\/#organization\"},\"potentialAction\":[{\"@type\":\"SearchAction\",\"target\":{\"@type\":\"EntryPoint\",\"urlTemplate\":\"https:\/\/educacioncontinua.pascualbravo.edu.co\/?s={search_term_string}\"},\"query-input\":\"required name=search_term_string\"}],\"inLanguage\":\"es-CO\"},{\"@type\":\"Organization\",\"@id\":\"https:\/\/educacioncontinua.pascualbravo.edu.co\/#organization\",\"name\":\"Unidad de Educaci\u00f3n Continua - I.U. Pascual Bravo\",\"url\":\"https:\/\/educacioncontinua.pascualbravo.edu.co\/\",\"logo\":{\"@type\":\"ImageObject\",\"inLanguage\":\"es-CO\",\"@id\":\"https:\/\/educacioncontinua.pascualbravo.edu.co\/#\/schema\/logo\/image\/\",\"url\":\"https:\/\/educacioncontinua.pascualbravo.edu.co\/wp-content\/uploads\/2020\/12\/Pascual-Bravo.png\",\"contentUrl\":\"https:\/\/educacioncontinua.pascualbravo.edu.co\/wp-content\/uploads\/2020\/12\/Pascual-Bravo.png\",\"width\":300,\"height\":77,\"caption\":\"Unidad de Educaci\u00f3n Continua - I.U. Pascual Bravo\"},\"image\":{\"@id\":\"https:\/\/educacioncontinua.pascualbravo.edu.co\/#\/schema\/logo\/image\/\"}}]}<\/script>\n<!-- \/ Yoast SEO plugin. -->","yoast_head_json":{"title":"Macrocredencial en Producci\u00f3n Audiovisual - Unidad de Educaci\u00f3n Continua - I.U. Pascual Bravo","robots":{"index":"index","follow":"follow","max-snippet":"max-snippet:-1","max-image-preview":"max-image-preview:large","max-video-preview":"max-video-preview:-1"},"canonical":"https:\/\/educacioncontinua.pascualbravo.edu.co\/?product=macrocredencial-en-produccion-audiovisual","og_locale":"es_ES","og_type":"article","og_title":"Macrocredencial en Producci\u00f3n Audiovisual - Unidad de Educaci\u00f3n Continua - I.U. Pascual Bravo","og_description":"Macrocredencial en Producci\u00f3n Audiovisual Tecnolog\u00eda en Gesti\u00f3n del Dise\u00f1o Gr\u00e1fico Esta insignia certifica la capacidad del acreditado para crear productos audiovisuales utilizando la imagen, el sonido y la animaci\u00f3n como herramientas clave para transmitir mensajes comerciales. Reconoce el dominio t\u00e9cnico, est\u00e9tico y narrativo en fotograf\u00eda, producci\u00f3n audiovisual y animaci\u00f3n, aplicado en proyectos publicitarios, informativos y [&hellip;]","og_url":"https:\/\/educacioncontinua.pascualbravo.edu.co\/?product=macrocredencial-en-produccion-audiovisual","og_site_name":"Unidad de Educaci\u00f3n Continua - I.U. Pascual Bravo","article_modified_time":"2025-11-26T16:01:05+00:00","og_image":[{"width":628,"height":629,"url":"https:\/\/educacioncontinua.pascualbravo.edu.co\/wp-content\/uploads\/2025\/10\/Tecnologia-en-Gestion-del-Diseno-Grafico-Produccion-Audiovisual.webp","type":"image\/webp"}],"twitter_card":"summary_large_image","twitter_misc":{"Tiempo de lectura":"2 minutos"},"schema":{"@context":"https:\/\/schema.org","@graph":[{"@type":"WebPage","@id":"https:\/\/educacioncontinua.pascualbravo.edu.co\/?product=macrocredencial-en-produccion-audiovisual","url":"https:\/\/educacioncontinua.pascualbravo.edu.co\/?product=macrocredencial-en-produccion-audiovisual","name":"Macrocredencial en Producci\u00f3n Audiovisual - Unidad de Educaci\u00f3n Continua - I.U. Pascual Bravo","isPartOf":{"@id":"https:\/\/educacioncontinua.pascualbravo.edu.co\/#website"},"primaryImageOfPage":{"@id":"https:\/\/educacioncontinua.pascualbravo.edu.co\/?product=macrocredencial-en-produccion-audiovisual#primaryimage"},"image":{"@id":"https:\/\/educacioncontinua.pascualbravo.edu.co\/?product=macrocredencial-en-produccion-audiovisual#primaryimage"},"thumbnailUrl":"https:\/\/educacioncontinua.pascualbravo.edu.co\/wp-content\/uploads\/2025\/10\/Tecnologia-en-Gestion-del-Diseno-Grafico-Produccion-Audiovisual.webp","datePublished":"2025-10-28T16:33:34+00:00","dateModified":"2025-11-26T16:01:05+00:00","breadcrumb":{"@id":"https:\/\/educacioncontinua.pascualbravo.edu.co\/?product=macrocredencial-en-produccion-audiovisual#breadcrumb"},"inLanguage":"es-CO","potentialAction":[{"@type":"ReadAction","target":["https:\/\/educacioncontinua.pascualbravo.edu.co\/?product=macrocredencial-en-produccion-audiovisual"]}]},{"@type":"ImageObject","inLanguage":"es-CO","@id":"https:\/\/educacioncontinua.pascualbravo.edu.co\/?product=macrocredencial-en-produccion-audiovisual#primaryimage","url":"https:\/\/educacioncontinua.pascualbravo.edu.co\/wp-content\/uploads\/2025\/10\/Tecnologia-en-Gestion-del-Diseno-Grafico-Produccion-Audiovisual.webp","contentUrl":"https:\/\/educacioncontinua.pascualbravo.edu.co\/wp-content\/uploads\/2025\/10\/Tecnologia-en-Gestion-del-Diseno-Grafico-Produccion-Audiovisual.webp","width":628,"height":629},{"@type":"BreadcrumbList","@id":"https:\/\/educacioncontinua.pascualbravo.edu.co\/?product=macrocredencial-en-produccion-audiovisual#breadcrumb","itemListElement":[{"@type":"ListItem","position":1,"name":"Inicio","item":"https:\/\/educacioncontinua.pascualbravo.edu.co\/"},{"@type":"ListItem","position":2,"name":"Oferta acad\u00e9mica","item":"https:\/\/educacioncontinua.pascualbravo.edu.co\/?page_id=14"},{"@type":"ListItem","position":3,"name":"Macrocredencial en Producci\u00f3n Audiovisual"}]},{"@type":"WebSite","@id":"https:\/\/educacioncontinua.pascualbravo.edu.co\/#website","url":"https:\/\/educacioncontinua.pascualbravo.edu.co\/","name":"Unidad de Educaci\u00f3n Continua - I.U. Pascual Bravo","description":"Unidad de Educaci\u00f3n Continua - I.U. Pascual Bravo","publisher":{"@id":"https:\/\/educacioncontinua.pascualbravo.edu.co\/#organization"},"potentialAction":[{"@type":"SearchAction","target":{"@type":"EntryPoint","urlTemplate":"https:\/\/educacioncontinua.pascualbravo.edu.co\/?s={search_term_string}"},"query-input":"required name=search_term_string"}],"inLanguage":"es-CO"},{"@type":"Organization","@id":"https:\/\/educacioncontinua.pascualbravo.edu.co\/#organization","name":"Unidad de Educaci\u00f3n Continua - I.U. Pascual Bravo","url":"https:\/\/educacioncontinua.pascualbravo.edu.co\/","logo":{"@type":"ImageObject","inLanguage":"es-CO","@id":"https:\/\/educacioncontinua.pascualbravo.edu.co\/#\/schema\/logo\/image\/","url":"https:\/\/educacioncontinua.pascualbravo.edu.co\/wp-content\/uploads\/2020\/12\/Pascual-Bravo.png","contentUrl":"https:\/\/educacioncontinua.pascualbravo.edu.co\/wp-content\/uploads\/2020\/12\/Pascual-Bravo.png","width":300,"height":77,"caption":"Unidad de Educaci\u00f3n Continua - I.U. Pascual Bravo"},"image":{"@id":"https:\/\/educacioncontinua.pascualbravo.edu.co\/#\/schema\/logo\/image\/"}}]}},"_links":{"self":[{"href":"https:\/\/educacioncontinua.pascualbravo.edu.co\/index.php?rest_route=\/wp\/v2\/product\/8947"}],"collection":[{"href":"https:\/\/educacioncontinua.pascualbravo.edu.co\/index.php?rest_route=\/wp\/v2\/product"}],"about":[{"href":"https:\/\/educacioncontinua.pascualbravo.edu.co\/index.php?rest_route=\/wp\/v2\/types\/product"}],"replies":[{"embeddable":true,"href":"https:\/\/educacioncontinua.pascualbravo.edu.co\/index.php?rest_route=%2Fwp%2Fv2%2Fcomments&post=8947"}],"wp:featuredmedia":[{"embeddable":true,"href":"https:\/\/educacioncontinua.pascualbravo.edu.co\/index.php?rest_route=\/wp\/v2\/media\/8948"}],"wp:attachment":[{"href":"https:\/\/educacioncontinua.pascualbravo.edu.co\/index.php?rest_route=%2Fwp%2Fv2%2Fmedia&parent=8947"}],"wp:term":[{"taxonomy":"product_cat","embeddable":true,"href":"https:\/\/educacioncontinua.pascualbravo.edu.co\/index.php?rest_route=%2Fwp%2Fv2%2Fproduct_cat&post=8947"},{"taxonomy":"product_tag","embeddable":true,"href":"https:\/\/educacioncontinua.pascualbravo.edu.co\/index.php?rest_route=%2Fwp%2Fv2%2Fproduct_tag&post=8947"},{"taxonomy":"tipo_oferta","embeddable":true,"href":"https:\/\/educacioncontinua.pascualbravo.edu.co\/index.php?rest_route=%2Fwp%2Fv2%2Ftipo_oferta&post=8947"},{"taxonomy":"modalidad","embeddable":true,"href":"https:\/\/educacioncontinua.pascualbravo.edu.co\/index.php?rest_route=%2Fwp%2Fv2%2Fmodalidad&post=8947"},{"taxonomy":"nivel","embeddable":true,"href":"https:\/\/educacioncontinua.pascualbravo.edu.co\/index.php?rest_route=%2Fwp%2Fv2%2Fnivel&post=8947"},{"taxonomy":"tipo_de_programa","embeddable":true,"href":"https:\/\/educacioncontinua.pascualbravo.edu.co\/index.php?rest_route=%2Fwp%2Fv2%2Ftipo_de_programa&post=8947"}],"curies":[{"name":"wp","href":"https:\/\/api.w.org\/{rel}","templated":true}]}}