{"id":8942,"date":"2025-10-27T15:06:10","date_gmt":"2025-10-27T20:06:10","guid":{"rendered":"https:\/\/educacioncontinua.pascualbravo.edu.co\/?post_type=product&#038;p=8942"},"modified":"2025-11-26T14:08:14","modified_gmt":"2025-11-26T19:08:14","slug":"macrocredencial-en-intervencion-textil","status":"publish","type":"product","link":"https:\/\/educacioncontinua.pascualbravo.edu.co\/?product=macrocredencial-en-intervencion-textil","title":{"rendered":"Macrocredencial en Intervenci\u00f3n Textil"},"content":{"rendered":"<h3>Macrocredencial en Intervenci\u00f3n Textil<\/h3>\n<h3>Tecnolog\u00eda en Gesti\u00f3n del Dise\u00f1o Textil y de Modas<\/h3>\n<p>El acreditado con esta insignia demuestra competencias avanzadas en la selecci\u00f3n, an\u00e1lisis e intervenci\u00f3n de materiales textiles mediante t\u00e9cnicas y acabados que optimizan su funcionalidad y est\u00e9tica. Esta certificaci\u00f3n avala el conocimiento de las propiedades f\u00edsicas, qu\u00edmicas y estructurales de las fibras textiles y su aplicaci\u00f3n en procesos creativos y productivos de dise\u00f1o, tintorer\u00eda, acabados industriales y t\u00e9cnicas de personalizaci\u00f3n gr\u00e1fica.<\/p>\n<h3>Modulo acad\u00e9mico de aprendizaje cursado:<\/h3>\n<ol>\n<li>Taller de fibras textiles<\/li>\n<li>Seminario de bases textiles<\/li>\n<li>Taller de intervenci\u00f3n textil<\/li>\n<\/ol>\n<p>&nbsp;<\/p>\n<h5>Habilidades<\/h5>\n<p><!--aqu\u00ed empieza acoerde\u00f3n de qu\u00e9 vas a aprender--><\/p>\n<ul>\n<li>Selecci\u00f3n de materiales textiles<\/li>\n<li>Identificaci\u00f3n de fibras seg\u00fan su origen<\/li>\n<li>An\u00e1lisis de propiedades f\u00edsicas y qu\u00edmicas de fibras<\/li>\n<li>Evaluaci\u00f3n de bases textiles, Aplicaci\u00f3n de t\u00e9cnicas de tintorer\u00eda<\/li>\n<li>Desarrollo de acabados f\u00edsicos en textiles<\/li>\n<li>Intervenci\u00f3n con acabados qu\u00edmicos funcionales<\/li>\n<li>Dise\u00f1o gr\u00e1fico aplicado a textiles<\/li>\n<li>Personalizaci\u00f3n de materiales textiles<\/li>\n<li>Identificaci\u00f3n de procesos de hilatura y tejedur\u00eda<\/li>\n<li>Conocimiento de maquinaria textil<\/li>\n<li>Procesos de lavander\u00eda industrial<\/li>\n<li>Aplicaci\u00f3n de acabados funcionales<\/li>\n<li>Evaluaci\u00f3n de t\u00e9cnicas de dise\u00f1o gr\u00e1fico<\/li>\n<li>Optimizaci\u00f3n de textiles seg\u00fan necesidades del consumidor.<\/li>\n<\/ul>\n<p>&nbsp;<\/p>\n<p><strong>\u00a0 \u00a0 \u00a0Microcertificaci\u00f3n para grupo cerrado de empresas<\/strong><\/p>\n<p>Para m\u00e1s informaci\u00f3n escr\u00edbenos a <strong>educacion.continua@pascualbravo.edu.co<\/strong><\/p>\n","protected":false},"excerpt":{"rendered":"<p>Macrocredencial en Intervenci\u00f3n Textil Tecnolog\u00eda en Gesti\u00f3n del Dise\u00f1o Textil y de Modas El acreditado con esta insignia demuestra competencias avanzadas en la selecci\u00f3n, an\u00e1lisis e intervenci\u00f3n de materiales textiles mediante t\u00e9cnicas y acabados que optimizan su funcionalidad y est\u00e9tica. Esta certificaci\u00f3n avala el conocimiento de las propiedades f\u00edsicas, qu\u00edmicas y estructurales de las fibras [&hellip;]<\/p>\n","protected":false},"featured_media":8935,"comment_status":"open","ping_status":"closed","template":"","meta":{"_acf_changed":false},"product_cat":[135,152],"product_tag":[],"tipo_oferta":[],"modalidad":[],"nivel":[],"tipo_de_programa":[],"acf":[],"yoast_head":"<!-- This site is optimized with the Yoast SEO plugin v22.9 - https:\/\/yoast.com\/wordpress\/plugins\/seo\/ -->\n<title>Macrocredencial en Intervenci\u00f3n Textil - Unidad de Educaci\u00f3n Continua - I.U. Pascual Bravo<\/title>\n<meta name=\"robots\" content=\"index, follow, max-snippet:-1, max-image-preview:large, max-video-preview:-1\" \/>\n<link rel=\"canonical\" href=\"https:\/\/educacioncontinua.pascualbravo.edu.co\/?product=macrocredencial-en-intervencion-textil\" \/>\n<meta property=\"og:locale\" content=\"es_ES\" \/>\n<meta property=\"og:type\" content=\"article\" \/>\n<meta property=\"og:title\" content=\"Macrocredencial en Intervenci\u00f3n Textil - Unidad de Educaci\u00f3n Continua - I.U. Pascual Bravo\" \/>\n<meta property=\"og:description\" content=\"Macrocredencial en Intervenci\u00f3n Textil Tecnolog\u00eda en Gesti\u00f3n del Dise\u00f1o Textil y de Modas El acreditado con esta insignia demuestra competencias avanzadas en la selecci\u00f3n, an\u00e1lisis e intervenci\u00f3n de materiales textiles mediante t\u00e9cnicas y acabados que optimizan su funcionalidad y est\u00e9tica. Esta certificaci\u00f3n avala el conocimiento de las propiedades f\u00edsicas, qu\u00edmicas y estructurales de las fibras [&hellip;]\" \/>\n<meta property=\"og:url\" content=\"https:\/\/educacioncontinua.pascualbravo.edu.co\/?product=macrocredencial-en-intervencion-textil\" \/>\n<meta property=\"og:site_name\" content=\"Unidad de Educaci\u00f3n Continua - I.U. Pascual Bravo\" \/>\n<meta property=\"article:modified_time\" content=\"2025-11-26T19:08:14+00:00\" \/>\n<meta property=\"og:image\" content=\"https:\/\/educacioncontinua.pascualbravo.edu.co\/wp-content\/uploads\/2025\/10\/Tecnologia-en-Gestion-del-Diseno-Textil-y-de-Modas-Intervencion-Textil.webp\" \/>\n\t<meta property=\"og:image:width\" content=\"629\" \/>\n\t<meta property=\"og:image:height\" content=\"629\" \/>\n\t<meta property=\"og:image:type\" content=\"image\/webp\" \/>\n<meta name=\"twitter:card\" content=\"summary_large_image\" \/>\n<meta name=\"twitter:label1\" content=\"Tiempo de lectura\" \/>\n\t<meta name=\"twitter:data1\" content=\"2 minutos\" \/>\n<script type=\"application\/ld+json\" class=\"yoast-schema-graph\">{\"@context\":\"https:\/\/schema.org\",\"@graph\":[{\"@type\":\"WebPage\",\"@id\":\"https:\/\/educacioncontinua.pascualbravo.edu.co\/?product=macrocredencial-en-intervencion-textil\",\"url\":\"https:\/\/educacioncontinua.pascualbravo.edu.co\/?product=macrocredencial-en-intervencion-textil\",\"name\":\"Macrocredencial en Intervenci\u00f3n Textil - Unidad de Educaci\u00f3n Continua - I.U. Pascual Bravo\",\"isPartOf\":{\"@id\":\"https:\/\/educacioncontinua.pascualbravo.edu.co\/#website\"},\"primaryImageOfPage\":{\"@id\":\"https:\/\/educacioncontinua.pascualbravo.edu.co\/?product=macrocredencial-en-intervencion-textil#primaryimage\"},\"image\":{\"@id\":\"https:\/\/educacioncontinua.pascualbravo.edu.co\/?product=macrocredencial-en-intervencion-textil#primaryimage\"},\"thumbnailUrl\":\"https:\/\/educacioncontinua.pascualbravo.edu.co\/wp-content\/uploads\/2025\/10\/Tecnologia-en-Gestion-del-Diseno-Textil-y-de-Modas-Intervencion-Textil.webp\",\"datePublished\":\"2025-10-27T20:06:10+00:00\",\"dateModified\":\"2025-11-26T19:08:14+00:00\",\"breadcrumb\":{\"@id\":\"https:\/\/educacioncontinua.pascualbravo.edu.co\/?product=macrocredencial-en-intervencion-textil#breadcrumb\"},\"inLanguage\":\"es-CO\",\"potentialAction\":[{\"@type\":\"ReadAction\",\"target\":[\"https:\/\/educacioncontinua.pascualbravo.edu.co\/?product=macrocredencial-en-intervencion-textil\"]}]},{\"@type\":\"ImageObject\",\"inLanguage\":\"es-CO\",\"@id\":\"https:\/\/educacioncontinua.pascualbravo.edu.co\/?product=macrocredencial-en-intervencion-textil#primaryimage\",\"url\":\"https:\/\/educacioncontinua.pascualbravo.edu.co\/wp-content\/uploads\/2025\/10\/Tecnologia-en-Gestion-del-Diseno-Textil-y-de-Modas-Intervencion-Textil.webp\",\"contentUrl\":\"https:\/\/educacioncontinua.pascualbravo.edu.co\/wp-content\/uploads\/2025\/10\/Tecnologia-en-Gestion-del-Diseno-Textil-y-de-Modas-Intervencion-Textil.webp\",\"width\":629,\"height\":629},{\"@type\":\"BreadcrumbList\",\"@id\":\"https:\/\/educacioncontinua.pascualbravo.edu.co\/?product=macrocredencial-en-intervencion-textil#breadcrumb\",\"itemListElement\":[{\"@type\":\"ListItem\",\"position\":1,\"name\":\"Inicio\",\"item\":\"https:\/\/educacioncontinua.pascualbravo.edu.co\/\"},{\"@type\":\"ListItem\",\"position\":2,\"name\":\"Oferta acad\u00e9mica\",\"item\":\"https:\/\/educacioncontinua.pascualbravo.edu.co\/?page_id=14\"},{\"@type\":\"ListItem\",\"position\":3,\"name\":\"Macrocredencial en Intervenci\u00f3n Textil\"}]},{\"@type\":\"WebSite\",\"@id\":\"https:\/\/educacioncontinua.pascualbravo.edu.co\/#website\",\"url\":\"https:\/\/educacioncontinua.pascualbravo.edu.co\/\",\"name\":\"Unidad de Educaci\u00f3n Continua - I.U. Pascual Bravo\",\"description\":\"Unidad de Educaci\u00f3n Continua - I.U. Pascual Bravo\",\"publisher\":{\"@id\":\"https:\/\/educacioncontinua.pascualbravo.edu.co\/#organization\"},\"potentialAction\":[{\"@type\":\"SearchAction\",\"target\":{\"@type\":\"EntryPoint\",\"urlTemplate\":\"https:\/\/educacioncontinua.pascualbravo.edu.co\/?s={search_term_string}\"},\"query-input\":\"required name=search_term_string\"}],\"inLanguage\":\"es-CO\"},{\"@type\":\"Organization\",\"@id\":\"https:\/\/educacioncontinua.pascualbravo.edu.co\/#organization\",\"name\":\"Unidad de Educaci\u00f3n Continua - I.U. Pascual Bravo\",\"url\":\"https:\/\/educacioncontinua.pascualbravo.edu.co\/\",\"logo\":{\"@type\":\"ImageObject\",\"inLanguage\":\"es-CO\",\"@id\":\"https:\/\/educacioncontinua.pascualbravo.edu.co\/#\/schema\/logo\/image\/\",\"url\":\"https:\/\/educacioncontinua.pascualbravo.edu.co\/wp-content\/uploads\/2020\/12\/Pascual-Bravo.png\",\"contentUrl\":\"https:\/\/educacioncontinua.pascualbravo.edu.co\/wp-content\/uploads\/2020\/12\/Pascual-Bravo.png\",\"width\":300,\"height\":77,\"caption\":\"Unidad de Educaci\u00f3n Continua - I.U. Pascual Bravo\"},\"image\":{\"@id\":\"https:\/\/educacioncontinua.pascualbravo.edu.co\/#\/schema\/logo\/image\/\"}}]}<\/script>\n<!-- \/ Yoast SEO plugin. -->","yoast_head_json":{"title":"Macrocredencial en Intervenci\u00f3n Textil - Unidad de Educaci\u00f3n Continua - I.U. Pascual Bravo","robots":{"index":"index","follow":"follow","max-snippet":"max-snippet:-1","max-image-preview":"max-image-preview:large","max-video-preview":"max-video-preview:-1"},"canonical":"https:\/\/educacioncontinua.pascualbravo.edu.co\/?product=macrocredencial-en-intervencion-textil","og_locale":"es_ES","og_type":"article","og_title":"Macrocredencial en Intervenci\u00f3n Textil - Unidad de Educaci\u00f3n Continua - I.U. Pascual Bravo","og_description":"Macrocredencial en Intervenci\u00f3n Textil Tecnolog\u00eda en Gesti\u00f3n del Dise\u00f1o Textil y de Modas El acreditado con esta insignia demuestra competencias avanzadas en la selecci\u00f3n, an\u00e1lisis e intervenci\u00f3n de materiales textiles mediante t\u00e9cnicas y acabados que optimizan su funcionalidad y est\u00e9tica. Esta certificaci\u00f3n avala el conocimiento de las propiedades f\u00edsicas, qu\u00edmicas y estructurales de las fibras [&hellip;]","og_url":"https:\/\/educacioncontinua.pascualbravo.edu.co\/?product=macrocredencial-en-intervencion-textil","og_site_name":"Unidad de Educaci\u00f3n Continua - I.U. Pascual Bravo","article_modified_time":"2025-11-26T19:08:14+00:00","og_image":[{"width":629,"height":629,"url":"https:\/\/educacioncontinua.pascualbravo.edu.co\/wp-content\/uploads\/2025\/10\/Tecnologia-en-Gestion-del-Diseno-Textil-y-de-Modas-Intervencion-Textil.webp","type":"image\/webp"}],"twitter_card":"summary_large_image","twitter_misc":{"Tiempo de lectura":"2 minutos"},"schema":{"@context":"https:\/\/schema.org","@graph":[{"@type":"WebPage","@id":"https:\/\/educacioncontinua.pascualbravo.edu.co\/?product=macrocredencial-en-intervencion-textil","url":"https:\/\/educacioncontinua.pascualbravo.edu.co\/?product=macrocredencial-en-intervencion-textil","name":"Macrocredencial en Intervenci\u00f3n Textil - Unidad de Educaci\u00f3n Continua - I.U. Pascual Bravo","isPartOf":{"@id":"https:\/\/educacioncontinua.pascualbravo.edu.co\/#website"},"primaryImageOfPage":{"@id":"https:\/\/educacioncontinua.pascualbravo.edu.co\/?product=macrocredencial-en-intervencion-textil#primaryimage"},"image":{"@id":"https:\/\/educacioncontinua.pascualbravo.edu.co\/?product=macrocredencial-en-intervencion-textil#primaryimage"},"thumbnailUrl":"https:\/\/educacioncontinua.pascualbravo.edu.co\/wp-content\/uploads\/2025\/10\/Tecnologia-en-Gestion-del-Diseno-Textil-y-de-Modas-Intervencion-Textil.webp","datePublished":"2025-10-27T20:06:10+00:00","dateModified":"2025-11-26T19:08:14+00:00","breadcrumb":{"@id":"https:\/\/educacioncontinua.pascualbravo.edu.co\/?product=macrocredencial-en-intervencion-textil#breadcrumb"},"inLanguage":"es-CO","potentialAction":[{"@type":"ReadAction","target":["https:\/\/educacioncontinua.pascualbravo.edu.co\/?product=macrocredencial-en-intervencion-textil"]}]},{"@type":"ImageObject","inLanguage":"es-CO","@id":"https:\/\/educacioncontinua.pascualbravo.edu.co\/?product=macrocredencial-en-intervencion-textil#primaryimage","url":"https:\/\/educacioncontinua.pascualbravo.edu.co\/wp-content\/uploads\/2025\/10\/Tecnologia-en-Gestion-del-Diseno-Textil-y-de-Modas-Intervencion-Textil.webp","contentUrl":"https:\/\/educacioncontinua.pascualbravo.edu.co\/wp-content\/uploads\/2025\/10\/Tecnologia-en-Gestion-del-Diseno-Textil-y-de-Modas-Intervencion-Textil.webp","width":629,"height":629},{"@type":"BreadcrumbList","@id":"https:\/\/educacioncontinua.pascualbravo.edu.co\/?product=macrocredencial-en-intervencion-textil#breadcrumb","itemListElement":[{"@type":"ListItem","position":1,"name":"Inicio","item":"https:\/\/educacioncontinua.pascualbravo.edu.co\/"},{"@type":"ListItem","position":2,"name":"Oferta acad\u00e9mica","item":"https:\/\/educacioncontinua.pascualbravo.edu.co\/?page_id=14"},{"@type":"ListItem","position":3,"name":"Macrocredencial en Intervenci\u00f3n Textil"}]},{"@type":"WebSite","@id":"https:\/\/educacioncontinua.pascualbravo.edu.co\/#website","url":"https:\/\/educacioncontinua.pascualbravo.edu.co\/","name":"Unidad de Educaci\u00f3n Continua - I.U. Pascual Bravo","description":"Unidad de Educaci\u00f3n Continua - I.U. Pascual Bravo","publisher":{"@id":"https:\/\/educacioncontinua.pascualbravo.edu.co\/#organization"},"potentialAction":[{"@type":"SearchAction","target":{"@type":"EntryPoint","urlTemplate":"https:\/\/educacioncontinua.pascualbravo.edu.co\/?s={search_term_string}"},"query-input":"required name=search_term_string"}],"inLanguage":"es-CO"},{"@type":"Organization","@id":"https:\/\/educacioncontinua.pascualbravo.edu.co\/#organization","name":"Unidad de Educaci\u00f3n Continua - I.U. Pascual Bravo","url":"https:\/\/educacioncontinua.pascualbravo.edu.co\/","logo":{"@type":"ImageObject","inLanguage":"es-CO","@id":"https:\/\/educacioncontinua.pascualbravo.edu.co\/#\/schema\/logo\/image\/","url":"https:\/\/educacioncontinua.pascualbravo.edu.co\/wp-content\/uploads\/2020\/12\/Pascual-Bravo.png","contentUrl":"https:\/\/educacioncontinua.pascualbravo.edu.co\/wp-content\/uploads\/2020\/12\/Pascual-Bravo.png","width":300,"height":77,"caption":"Unidad de Educaci\u00f3n Continua - I.U. Pascual Bravo"},"image":{"@id":"https:\/\/educacioncontinua.pascualbravo.edu.co\/#\/schema\/logo\/image\/"}}]}},"_links":{"self":[{"href":"https:\/\/educacioncontinua.pascualbravo.edu.co\/index.php?rest_route=\/wp\/v2\/product\/8942"}],"collection":[{"href":"https:\/\/educacioncontinua.pascualbravo.edu.co\/index.php?rest_route=\/wp\/v2\/product"}],"about":[{"href":"https:\/\/educacioncontinua.pascualbravo.edu.co\/index.php?rest_route=\/wp\/v2\/types\/product"}],"replies":[{"embeddable":true,"href":"https:\/\/educacioncontinua.pascualbravo.edu.co\/index.php?rest_route=%2Fwp%2Fv2%2Fcomments&post=8942"}],"wp:featuredmedia":[{"embeddable":true,"href":"https:\/\/educacioncontinua.pascualbravo.edu.co\/index.php?rest_route=\/wp\/v2\/media\/8935"}],"wp:attachment":[{"href":"https:\/\/educacioncontinua.pascualbravo.edu.co\/index.php?rest_route=%2Fwp%2Fv2%2Fmedia&parent=8942"}],"wp:term":[{"taxonomy":"product_cat","embeddable":true,"href":"https:\/\/educacioncontinua.pascualbravo.edu.co\/index.php?rest_route=%2Fwp%2Fv2%2Fproduct_cat&post=8942"},{"taxonomy":"product_tag","embeddable":true,"href":"https:\/\/educacioncontinua.pascualbravo.edu.co\/index.php?rest_route=%2Fwp%2Fv2%2Fproduct_tag&post=8942"},{"taxonomy":"tipo_oferta","embeddable":true,"href":"https:\/\/educacioncontinua.pascualbravo.edu.co\/index.php?rest_route=%2Fwp%2Fv2%2Ftipo_oferta&post=8942"},{"taxonomy":"modalidad","embeddable":true,"href":"https:\/\/educacioncontinua.pascualbravo.edu.co\/index.php?rest_route=%2Fwp%2Fv2%2Fmodalidad&post=8942"},{"taxonomy":"nivel","embeddable":true,"href":"https:\/\/educacioncontinua.pascualbravo.edu.co\/index.php?rest_route=%2Fwp%2Fv2%2Fnivel&post=8942"},{"taxonomy":"tipo_de_programa","embeddable":true,"href":"https:\/\/educacioncontinua.pascualbravo.edu.co\/index.php?rest_route=%2Fwp%2Fv2%2Ftipo_de_programa&post=8942"}],"curies":[{"name":"wp","href":"https:\/\/api.w.org\/{rel}","templated":true}]}}