{"id":6986,"date":"2025-08-26T14:12:49","date_gmt":"2025-08-26T19:12:49","guid":{"rendered":"https:\/\/educacioncontinua.pascualbravo.edu.co\/?post_type=product&#038;p=6986"},"modified":"2026-02-23T15:40:34","modified_gmt":"2026-02-23T20:40:34","slug":"curso-soy-corazon-valiente-una-travesia-hacia-el-bienestar-emocional","status":"publish","type":"product","link":"https:\/\/educacioncontinua.pascualbravo.edu.co\/?product=curso-soy-corazon-valiente-una-travesia-hacia-el-bienestar-emocional","title":{"rendered":"Laboratorio de emociones &#8211;\u00a0ni\u00f1os\u00a0y\u00a0ni\u00f1as"},"content":{"rendered":"<p><!-- <iframe title=\"Video publicitario - Curso MOOC Programaci\u00f3n para no programadores PYTHON\" src=\"https:\/\/www.youtube.com\/embed\/E4mrVbQOqbA\" width=\"1280\" height=\"400\" frameborder=\"0\" allowfullscreen=\"allowfullscreen\"><span data-mce-type=\"bookmark\" style=\"display: inline-block; width: 0px; overflow: hidden; line-height: 0;\" class=\"mce_SELRES_start\"><\/span><span data-mce-type=\"bookmark\" style=\"display: inline-block; width: 0px; overflow: hidden; line-height: 0;\" class=\"mce_SELRES_start\"><\/span><span data-mce-type=\"bookmark\" style=\"display: inline-block; width: 0px; overflow: hidden; line-height: 0;\" class=\"mce_SELRES_start\"><\/span><\/iframe>\n\nQuiz\u00e1s has pensado trabajar en el sector agr\u00edcola, o est\u00e1s interesado en laborar en una f\u00e1brica de carros o aviones, o te llama la atenci\u00f3n la ingenier\u00eda (software, telecomunicaciones, civil, biom\u00e9dica, entre otras); cualquiera que sea el sector en el que te desenvuelvas, la programaci\u00f3n estar\u00e1 ah\u00ed, pues actualmente encontramos la programaci\u00f3n en \u201ctodos lados\u201d.\n\nPor medio de un programa, los humanos dan instrucciones a m\u00e1quinas para solucionar un problema. Eventualmente y en entornos acad\u00e9micos, esos problemas son abstracciones de situaciones reales, donde se suprimen algunos detalles. En el campo real de acci\u00f3n, un programador aporta soluciones significativas que son de gran valor para las compa\u00f1\u00edas. En este curso, usted ser\u00e1 introducido al lenguaje de programaci\u00f3n Python, uno de los m\u00e1s populares debido a que es f\u00e1cil de aprender y usar, es un lenguaje maduro y posee una amplia comunidad de soporte, tiene miles de librer\u00edas y frameworks, integra paquetes para el aprendizaje autom\u00e1tico y la computaci\u00f3n en la nube, entre otras.--><\/p>\n<h5>Objetivo general:<\/h5>\n<p>En este curso los ni\u00f1os desarrollaran competencias socioemocionales que permitan fortalecer el desarrollo personal, emocional y psicosocial; en aras de contribuir en el autoconocimiento, mediaci\u00f3n emocional y convivencia.<\/p>\n<div>\n<h5>Lo que vas a aprender:<\/h5>\n<p>Se fortalecer\u00e1 el desarrollo personal de los ni\u00f1os y ni\u00f1as contribuyendo en la autonom\u00eda, autoconocimiento, mediaci\u00f3n emocional, confianza de s\u00ed mismo y convivencia.<br \/>\nComo tambi\u00e9n habilidades socioemocionales mediante actividades te\u00f3rico-pr\u00e1cticas y vivenciales, potenciando sus capacidades en beneficio de s\u00ed mismo, de sus familias y entornos donde habitan, promoviendo en los ni\u00f1os y ni\u00f1as espacios para conocerse y reconocerse en su propio ser y sus propias emociones y as\u00ed poder desarrollar la habilidad para mediar las propias emociones.<\/p>\n<div id=\"accordionExample\" class=\"accordion\">\n<div class=\"card ec-card\">\n<div id=\"headingOne\" class=\"card-header ec-header\"><button class=\"btn btn-link btn-block text-left ec-btn\" type=\"button\" data-toggle=\"collapse\" data-target=\"#collapseOne\"><br \/>\nContenidos<\/button><\/div>\n<div id=\"collapseOne\" class=\"collapse show\" aria-labelledby=\"headingOne\" data-parent=\"#accordionExample\">\n<div class=\"card-body ec-cardbody\">\n<ul>\n<li>Autoconocimiento-Descubriendo qui\u00e9n soy.<\/li>\n<li>Identificando mis emociones.<\/li>\n<li>Herramientas de medicaci\u00f3n emocional.<\/li>\n<li>Valor: $ 132.100<\/li>\n<\/ul>\n<p><!--<strong>Conociendo el mundo Pythonista<\/strong>\n\n\n<ul>\n \t\n\n<li>Introducci\u00f3n al uso de Python<\/li>\n\n\n \t\n\n<li>Caracter\u00edsticas de Python<\/li>\n\n\n \t\n\n<li>Entornos de trabajo para Python<\/li>\n\n\n \t\n\n<li>Uso de funciones<\/li>\n\n\n \t\n\n<li>Librer\u00edas de terceros<\/li>\n\n\n<\/ul>\n\n\n<strong>Explorando la estructura de Python (siendo un Pythonista)<\/strong>\n\n\n<ul>\n \t\n\n<li>Tipos de datos y operadores<\/li>\n\n\n \t\n\n<li>Condicionales y bucles<\/li>\n\n\n \t\n\n<li>Funciones<\/li>\n\n\n<\/ul>\n\n\n<strong>Se un Python rockstart <\/strong>\n\nLibrer\u00edas para la computaci\u00f3n, an\u00e1lisis y visualizaci\u00f3n de datos\n\nEl inicio del curso se encuentra sujeto a la inscripci\u00f3n del cupo m\u00ednimo de 15 participantes.--><\/p>\n<\/div>\n<\/div>\n<\/div>\n<\/div>\n<\/div>\n","protected":false},"excerpt":{"rendered":"<p>Objetivo general: En este curso los ni\u00f1os desarrollaran competencias socioemocionales que permitan fortalecer el desarrollo personal, emocional y psicosocial; en aras de contribuir en el autoconocimiento, mediaci\u00f3n emocional y convivencia. Lo que vas a aprender: Se fortalecer\u00e1 el desarrollo personal de los ni\u00f1os y ni\u00f1as contribuyendo en la autonom\u00eda, autoconocimiento, mediaci\u00f3n emocional, confianza de s\u00ed [&hellip;]<\/p>\n","protected":false},"featured_media":7727,"comment_status":"open","ping_status":"closed","template":"","meta":{"_acf_changed":false},"product_cat":[137,132,78],"product_tag":[67],"tipo_oferta":[88],"modalidad":[92],"nivel":[93],"tipo_de_programa":[103],"acf":[],"yoast_head":"<!-- This site is optimized with the Yoast SEO plugin v22.9 - https:\/\/yoast.com\/wordpress\/plugins\/seo\/ -->\n<title>Laboratorio de emociones -\u00a0ni\u00f1os\u00a0y\u00a0ni\u00f1as - Unidad de Educaci\u00f3n Continua - I.U. Pascual Bravo<\/title>\n<meta name=\"robots\" content=\"index, follow, max-snippet:-1, max-image-preview:large, max-video-preview:-1\" \/>\n<link rel=\"canonical\" href=\"https:\/\/educacioncontinua.pascualbravo.edu.co\/?product=curso-soy-corazon-valiente-una-travesia-hacia-el-bienestar-emocional\" \/>\n<meta property=\"og:locale\" content=\"es_ES\" \/>\n<meta property=\"og:type\" content=\"article\" \/>\n<meta property=\"og:title\" content=\"Laboratorio de emociones -\u00a0ni\u00f1os\u00a0y\u00a0ni\u00f1as - Unidad de Educaci\u00f3n Continua - I.U. Pascual Bravo\" \/>\n<meta property=\"og:description\" content=\"Objetivo general: En este curso los ni\u00f1os desarrollaran competencias socioemocionales que permitan fortalecer el desarrollo personal, emocional y psicosocial; en aras de contribuir en el autoconocimiento, mediaci\u00f3n emocional y convivencia. Lo que vas a aprender: Se fortalecer\u00e1 el desarrollo personal de los ni\u00f1os y ni\u00f1as contribuyendo en la autonom\u00eda, autoconocimiento, mediaci\u00f3n emocional, confianza de s\u00ed [&hellip;]\" \/>\n<meta property=\"og:url\" content=\"https:\/\/educacioncontinua.pascualbravo.edu.co\/?product=curso-soy-corazon-valiente-una-travesia-hacia-el-bienestar-emocional\" \/>\n<meta property=\"og:site_name\" content=\"Unidad de Educaci\u00f3n Continua - I.U. Pascual Bravo\" \/>\n<meta property=\"article:modified_time\" content=\"2026-02-23T20:40:34+00:00\" \/>\n<meta property=\"og:image\" content=\"https:\/\/educacioncontinua.pascualbravo.edu.co\/wp-content\/uploads\/2025\/08\/Miniatura-Soy-Corazon-Valiente_Oferta-abierta-Educacion-Continua-2025_Pagina-web.webp\" \/>\n\t<meta property=\"og:image:width\" content=\"630\" \/>\n\t<meta property=\"og:image:height\" content=\"628\" \/>\n\t<meta property=\"og:image:type\" content=\"image\/webp\" \/>\n<meta name=\"twitter:card\" content=\"summary_large_image\" \/>\n<meta name=\"twitter:label1\" content=\"Tiempo de lectura\" \/>\n\t<meta name=\"twitter:data1\" content=\"1 minuto\" \/>\n<script type=\"application\/ld+json\" class=\"yoast-schema-graph\">{\"@context\":\"https:\/\/schema.org\",\"@graph\":[{\"@type\":\"WebPage\",\"@id\":\"https:\/\/educacioncontinua.pascualbravo.edu.co\/?product=curso-soy-corazon-valiente-una-travesia-hacia-el-bienestar-emocional\",\"url\":\"https:\/\/educacioncontinua.pascualbravo.edu.co\/?product=curso-soy-corazon-valiente-una-travesia-hacia-el-bienestar-emocional\",\"name\":\"Laboratorio de emociones -\u00a0ni\u00f1os\u00a0y\u00a0ni\u00f1as - Unidad de Educaci\u00f3n Continua - I.U. Pascual Bravo\",\"isPartOf\":{\"@id\":\"https:\/\/educacioncontinua.pascualbravo.edu.co\/#website\"},\"primaryImageOfPage\":{\"@id\":\"https:\/\/educacioncontinua.pascualbravo.edu.co\/?product=curso-soy-corazon-valiente-una-travesia-hacia-el-bienestar-emocional#primaryimage\"},\"image\":{\"@id\":\"https:\/\/educacioncontinua.pascualbravo.edu.co\/?product=curso-soy-corazon-valiente-una-travesia-hacia-el-bienestar-emocional#primaryimage\"},\"thumbnailUrl\":\"https:\/\/educacioncontinua.pascualbravo.edu.co\/wp-content\/uploads\/2025\/08\/Miniatura-Soy-Corazon-Valiente_Oferta-abierta-Educacion-Continua-2025_Pagina-web.webp\",\"datePublished\":\"2025-08-26T19:12:49+00:00\",\"dateModified\":\"2026-02-23T20:40:34+00:00\",\"breadcrumb\":{\"@id\":\"https:\/\/educacioncontinua.pascualbravo.edu.co\/?product=curso-soy-corazon-valiente-una-travesia-hacia-el-bienestar-emocional#breadcrumb\"},\"inLanguage\":\"es-CO\",\"potentialAction\":[{\"@type\":\"ReadAction\",\"target\":[\"https:\/\/educacioncontinua.pascualbravo.edu.co\/?product=curso-soy-corazon-valiente-una-travesia-hacia-el-bienestar-emocional\"]}]},{\"@type\":\"ImageObject\",\"inLanguage\":\"es-CO\",\"@id\":\"https:\/\/educacioncontinua.pascualbravo.edu.co\/?product=curso-soy-corazon-valiente-una-travesia-hacia-el-bienestar-emocional#primaryimage\",\"url\":\"https:\/\/educacioncontinua.pascualbravo.edu.co\/wp-content\/uploads\/2025\/08\/Miniatura-Soy-Corazon-Valiente_Oferta-abierta-Educacion-Continua-2025_Pagina-web.webp\",\"contentUrl\":\"https:\/\/educacioncontinua.pascualbravo.edu.co\/wp-content\/uploads\/2025\/08\/Miniatura-Soy-Corazon-Valiente_Oferta-abierta-Educacion-Continua-2025_Pagina-web.webp\",\"width\":630,\"height\":628},{\"@type\":\"BreadcrumbList\",\"@id\":\"https:\/\/educacioncontinua.pascualbravo.edu.co\/?product=curso-soy-corazon-valiente-una-travesia-hacia-el-bienestar-emocional#breadcrumb\",\"itemListElement\":[{\"@type\":\"ListItem\",\"position\":1,\"name\":\"Inicio\",\"item\":\"https:\/\/educacioncontinua.pascualbravo.edu.co\/\"},{\"@type\":\"ListItem\",\"position\":2,\"name\":\"Oferta acad\u00e9mica\",\"item\":\"https:\/\/educacioncontinua.pascualbravo.edu.co\/?page_id=14\"},{\"@type\":\"ListItem\",\"position\":3,\"name\":\"Laboratorio de emociones &#8211;\u00a0ni\u00f1os\u00a0y\u00a0ni\u00f1as\"}]},{\"@type\":\"WebSite\",\"@id\":\"https:\/\/educacioncontinua.pascualbravo.edu.co\/#website\",\"url\":\"https:\/\/educacioncontinua.pascualbravo.edu.co\/\",\"name\":\"Unidad de Educaci\u00f3n Continua - I.U. Pascual Bravo\",\"description\":\"Unidad de Educaci\u00f3n Continua - I.U. Pascual Bravo\",\"publisher\":{\"@id\":\"https:\/\/educacioncontinua.pascualbravo.edu.co\/#organization\"},\"potentialAction\":[{\"@type\":\"SearchAction\",\"target\":{\"@type\":\"EntryPoint\",\"urlTemplate\":\"https:\/\/educacioncontinua.pascualbravo.edu.co\/?s={search_term_string}\"},\"query-input\":\"required name=search_term_string\"}],\"inLanguage\":\"es-CO\"},{\"@type\":\"Organization\",\"@id\":\"https:\/\/educacioncontinua.pascualbravo.edu.co\/#organization\",\"name\":\"Unidad de Educaci\u00f3n Continua - I.U. Pascual Bravo\",\"url\":\"https:\/\/educacioncontinua.pascualbravo.edu.co\/\",\"logo\":{\"@type\":\"ImageObject\",\"inLanguage\":\"es-CO\",\"@id\":\"https:\/\/educacioncontinua.pascualbravo.edu.co\/#\/schema\/logo\/image\/\",\"url\":\"https:\/\/educacioncontinua.pascualbravo.edu.co\/wp-content\/uploads\/2020\/12\/Pascual-Bravo.png\",\"contentUrl\":\"https:\/\/educacioncontinua.pascualbravo.edu.co\/wp-content\/uploads\/2020\/12\/Pascual-Bravo.png\",\"width\":300,\"height\":77,\"caption\":\"Unidad de Educaci\u00f3n Continua - I.U. Pascual Bravo\"},\"image\":{\"@id\":\"https:\/\/educacioncontinua.pascualbravo.edu.co\/#\/schema\/logo\/image\/\"}}]}<\/script>\n<!-- \/ Yoast SEO plugin. -->","yoast_head_json":{"title":"Laboratorio de emociones -\u00a0ni\u00f1os\u00a0y\u00a0ni\u00f1as - Unidad de Educaci\u00f3n Continua - I.U. Pascual Bravo","robots":{"index":"index","follow":"follow","max-snippet":"max-snippet:-1","max-image-preview":"max-image-preview:large","max-video-preview":"max-video-preview:-1"},"canonical":"https:\/\/educacioncontinua.pascualbravo.edu.co\/?product=curso-soy-corazon-valiente-una-travesia-hacia-el-bienestar-emocional","og_locale":"es_ES","og_type":"article","og_title":"Laboratorio de emociones -\u00a0ni\u00f1os\u00a0y\u00a0ni\u00f1as - Unidad de Educaci\u00f3n Continua - I.U. Pascual Bravo","og_description":"Objetivo general: En este curso los ni\u00f1os desarrollaran competencias socioemocionales que permitan fortalecer el desarrollo personal, emocional y psicosocial; en aras de contribuir en el autoconocimiento, mediaci\u00f3n emocional y convivencia. Lo que vas a aprender: Se fortalecer\u00e1 el desarrollo personal de los ni\u00f1os y ni\u00f1as contribuyendo en la autonom\u00eda, autoconocimiento, mediaci\u00f3n emocional, confianza de s\u00ed [&hellip;]","og_url":"https:\/\/educacioncontinua.pascualbravo.edu.co\/?product=curso-soy-corazon-valiente-una-travesia-hacia-el-bienestar-emocional","og_site_name":"Unidad de Educaci\u00f3n Continua - I.U. Pascual Bravo","article_modified_time":"2026-02-23T20:40:34+00:00","og_image":[{"width":630,"height":628,"url":"https:\/\/educacioncontinua.pascualbravo.edu.co\/wp-content\/uploads\/2025\/08\/Miniatura-Soy-Corazon-Valiente_Oferta-abierta-Educacion-Continua-2025_Pagina-web.webp","type":"image\/webp"}],"twitter_card":"summary_large_image","twitter_misc":{"Tiempo de lectura":"1 minuto"},"schema":{"@context":"https:\/\/schema.org","@graph":[{"@type":"WebPage","@id":"https:\/\/educacioncontinua.pascualbravo.edu.co\/?product=curso-soy-corazon-valiente-una-travesia-hacia-el-bienestar-emocional","url":"https:\/\/educacioncontinua.pascualbravo.edu.co\/?product=curso-soy-corazon-valiente-una-travesia-hacia-el-bienestar-emocional","name":"Laboratorio de emociones -\u00a0ni\u00f1os\u00a0y\u00a0ni\u00f1as - Unidad de Educaci\u00f3n Continua - I.U. Pascual Bravo","isPartOf":{"@id":"https:\/\/educacioncontinua.pascualbravo.edu.co\/#website"},"primaryImageOfPage":{"@id":"https:\/\/educacioncontinua.pascualbravo.edu.co\/?product=curso-soy-corazon-valiente-una-travesia-hacia-el-bienestar-emocional#primaryimage"},"image":{"@id":"https:\/\/educacioncontinua.pascualbravo.edu.co\/?product=curso-soy-corazon-valiente-una-travesia-hacia-el-bienestar-emocional#primaryimage"},"thumbnailUrl":"https:\/\/educacioncontinua.pascualbravo.edu.co\/wp-content\/uploads\/2025\/08\/Miniatura-Soy-Corazon-Valiente_Oferta-abierta-Educacion-Continua-2025_Pagina-web.webp","datePublished":"2025-08-26T19:12:49+00:00","dateModified":"2026-02-23T20:40:34+00:00","breadcrumb":{"@id":"https:\/\/educacioncontinua.pascualbravo.edu.co\/?product=curso-soy-corazon-valiente-una-travesia-hacia-el-bienestar-emocional#breadcrumb"},"inLanguage":"es-CO","potentialAction":[{"@type":"ReadAction","target":["https:\/\/educacioncontinua.pascualbravo.edu.co\/?product=curso-soy-corazon-valiente-una-travesia-hacia-el-bienestar-emocional"]}]},{"@type":"ImageObject","inLanguage":"es-CO","@id":"https:\/\/educacioncontinua.pascualbravo.edu.co\/?product=curso-soy-corazon-valiente-una-travesia-hacia-el-bienestar-emocional#primaryimage","url":"https:\/\/educacioncontinua.pascualbravo.edu.co\/wp-content\/uploads\/2025\/08\/Miniatura-Soy-Corazon-Valiente_Oferta-abierta-Educacion-Continua-2025_Pagina-web.webp","contentUrl":"https:\/\/educacioncontinua.pascualbravo.edu.co\/wp-content\/uploads\/2025\/08\/Miniatura-Soy-Corazon-Valiente_Oferta-abierta-Educacion-Continua-2025_Pagina-web.webp","width":630,"height":628},{"@type":"BreadcrumbList","@id":"https:\/\/educacioncontinua.pascualbravo.edu.co\/?product=curso-soy-corazon-valiente-una-travesia-hacia-el-bienestar-emocional#breadcrumb","itemListElement":[{"@type":"ListItem","position":1,"name":"Inicio","item":"https:\/\/educacioncontinua.pascualbravo.edu.co\/"},{"@type":"ListItem","position":2,"name":"Oferta acad\u00e9mica","item":"https:\/\/educacioncontinua.pascualbravo.edu.co\/?page_id=14"},{"@type":"ListItem","position":3,"name":"Laboratorio de emociones &#8211;\u00a0ni\u00f1os\u00a0y\u00a0ni\u00f1as"}]},{"@type":"WebSite","@id":"https:\/\/educacioncontinua.pascualbravo.edu.co\/#website","url":"https:\/\/educacioncontinua.pascualbravo.edu.co\/","name":"Unidad de Educaci\u00f3n Continua - I.U. Pascual Bravo","description":"Unidad de Educaci\u00f3n Continua - I.U. Pascual Bravo","publisher":{"@id":"https:\/\/educacioncontinua.pascualbravo.edu.co\/#organization"},"potentialAction":[{"@type":"SearchAction","target":{"@type":"EntryPoint","urlTemplate":"https:\/\/educacioncontinua.pascualbravo.edu.co\/?s={search_term_string}"},"query-input":"required name=search_term_string"}],"inLanguage":"es-CO"},{"@type":"Organization","@id":"https:\/\/educacioncontinua.pascualbravo.edu.co\/#organization","name":"Unidad de Educaci\u00f3n Continua - I.U. Pascual Bravo","url":"https:\/\/educacioncontinua.pascualbravo.edu.co\/","logo":{"@type":"ImageObject","inLanguage":"es-CO","@id":"https:\/\/educacioncontinua.pascualbravo.edu.co\/#\/schema\/logo\/image\/","url":"https:\/\/educacioncontinua.pascualbravo.edu.co\/wp-content\/uploads\/2020\/12\/Pascual-Bravo.png","contentUrl":"https:\/\/educacioncontinua.pascualbravo.edu.co\/wp-content\/uploads\/2020\/12\/Pascual-Bravo.png","width":300,"height":77,"caption":"Unidad de Educaci\u00f3n Continua - I.U. Pascual Bravo"},"image":{"@id":"https:\/\/educacioncontinua.pascualbravo.edu.co\/#\/schema\/logo\/image\/"}}]}},"_links":{"self":[{"href":"https:\/\/educacioncontinua.pascualbravo.edu.co\/index.php?rest_route=\/wp\/v2\/product\/6986"}],"collection":[{"href":"https:\/\/educacioncontinua.pascualbravo.edu.co\/index.php?rest_route=\/wp\/v2\/product"}],"about":[{"href":"https:\/\/educacioncontinua.pascualbravo.edu.co\/index.php?rest_route=\/wp\/v2\/types\/product"}],"replies":[{"embeddable":true,"href":"https:\/\/educacioncontinua.pascualbravo.edu.co\/index.php?rest_route=%2Fwp%2Fv2%2Fcomments&post=6986"}],"wp:featuredmedia":[{"embeddable":true,"href":"https:\/\/educacioncontinua.pascualbravo.edu.co\/index.php?rest_route=\/wp\/v2\/media\/7727"}],"wp:attachment":[{"href":"https:\/\/educacioncontinua.pascualbravo.edu.co\/index.php?rest_route=%2Fwp%2Fv2%2Fmedia&parent=6986"}],"wp:term":[{"taxonomy":"product_cat","embeddable":true,"href":"https:\/\/educacioncontinua.pascualbravo.edu.co\/index.php?rest_route=%2Fwp%2Fv2%2Fproduct_cat&post=6986"},{"taxonomy":"product_tag","embeddable":true,"href":"https:\/\/educacioncontinua.pascualbravo.edu.co\/index.php?rest_route=%2Fwp%2Fv2%2Fproduct_tag&post=6986"},{"taxonomy":"tipo_oferta","embeddable":true,"href":"https:\/\/educacioncontinua.pascualbravo.edu.co\/index.php?rest_route=%2Fwp%2Fv2%2Ftipo_oferta&post=6986"},{"taxonomy":"modalidad","embeddable":true,"href":"https:\/\/educacioncontinua.pascualbravo.edu.co\/index.php?rest_route=%2Fwp%2Fv2%2Fmodalidad&post=6986"},{"taxonomy":"nivel","embeddable":true,"href":"https:\/\/educacioncontinua.pascualbravo.edu.co\/index.php?rest_route=%2Fwp%2Fv2%2Fnivel&post=6986"},{"taxonomy":"tipo_de_programa","embeddable":true,"href":"https:\/\/educacioncontinua.pascualbravo.edu.co\/index.php?rest_route=%2Fwp%2Fv2%2Ftipo_de_programa&post=6986"}],"curies":[{"name":"wp","href":"https:\/\/api.w.org\/{rel}","templated":true}]}}