{"id":6545,"date":"2025-08-05T16:00:46","date_gmt":"2025-08-05T21:00:46","guid":{"rendered":"https:\/\/educacioncontinua.pascualbravo.edu.co\/?post_type=product&#038;p=6545"},"modified":"2025-11-26T16:27:00","modified_gmt":"2025-11-26T21:27:00","slug":"microcredencial-formulacion-y-evaluacion-de-proyectos-2","status":"publish","type":"product","link":"https:\/\/educacioncontinua.pascualbravo.edu.co\/?product=microcredencial-formulacion-y-evaluacion-de-proyectos-2","title":{"rendered":"Microcredencial  Formulaci\u00f3n y Evaluaci\u00f3n de Proyectos"},"content":{"rendered":"<h3>Microcredencial Formulaci\u00f3n y Evaluaci\u00f3n de Proyectos<\/h3>\n<h3>Ingenier\u00eda administrativa<\/h3>\n<p>El acreditado con esta microcredencial dise\u00f1a soluciones estrat\u00e9gicas para alcanzar las metas organizacionales mediante la formulaci\u00f3n de proyectos. Eval\u00faa la viabilidad t\u00e9cnica, financiera y operativa de las iniciativas y realiza an\u00e1lisis detallados para medir su impacto en la organizaci\u00f3n, garantizando que los proyectos sean sostenibles y contribuyan al \u00e9xito a largo plazo.<\/p>\n<h5>Habilidades<\/h5>\n<p><!--aqu\u00ed empieza acoerde\u00f3n de qu\u00e9 vas a aprender--><\/p>\n<ul>\n<li>Formulaci\u00f3n de proyectos<\/li>\n<li>Evaluaci\u00f3n de viabilidad<\/li>\n<li>Establecimiento de indicadores<\/li>\n<li>An\u00e1lisis financiero<\/li>\n<li>Gesti\u00f3n legal<\/li>\n<li>Alineaci\u00f3n estrat\u00e9gica<\/li>\n<li>M\u00e9tricas de desempe\u00f1o<\/li>\n<li>Desarrollo de soluciones<\/li>\n<li>Planificaci\u00f3n y evaluaci\u00f3n<\/li>\n<li>Gesti\u00f3n de riesgos<\/li>\n<\/ul>\n<p>&nbsp;<\/p>\n<p><strong>\u00a0 \u00a0 \u00a0Microcertificaci\u00f3n para grupo cerrado de empresas<\/strong><\/p>\n<p>Para m\u00e1s informaci\u00f3n escr\u00edbenos a <strong>educacion.continua@pascualbravo.edu.co<\/strong><\/p>\n","protected":false},"excerpt":{"rendered":"<p>Microcredencial Formulaci\u00f3n y Evaluaci\u00f3n de Proyectos Ingenier\u00eda administrativa El acreditado con esta microcredencial dise\u00f1a soluciones estrat\u00e9gicas para alcanzar las metas organizacionales mediante la formulaci\u00f3n de proyectos. Eval\u00faa la viabilidad t\u00e9cnica, financiera y operativa de las iniciativas y realiza an\u00e1lisis detallados para medir su impacto en la organizaci\u00f3n, garantizando que los proyectos sean sostenibles y contribuyan [&hellip;]<\/p>\n","protected":false},"featured_media":6719,"comment_status":"open","ping_status":"closed","template":"","meta":{"_acf_changed":false},"product_cat":[144,135],"product_tag":[67],"tipo_oferta":[],"modalidad":[],"nivel":[],"tipo_de_programa":[],"acf":[],"yoast_head":"<!-- This site is optimized with the Yoast SEO plugin v22.9 - https:\/\/yoast.com\/wordpress\/plugins\/seo\/ -->\n<title>Microcredencial Formulaci\u00f3n y Evaluaci\u00f3n de Proyectos - Unidad de Educaci\u00f3n Continua - I.U. Pascual Bravo<\/title>\n<meta name=\"robots\" content=\"index, follow, max-snippet:-1, max-image-preview:large, max-video-preview:-1\" \/>\n<link rel=\"canonical\" href=\"https:\/\/educacioncontinua.pascualbravo.edu.co\/?product=microcredencial-formulacion-y-evaluacion-de-proyectos-2\" \/>\n<meta property=\"og:locale\" content=\"es_ES\" \/>\n<meta property=\"og:type\" content=\"article\" \/>\n<meta property=\"og:title\" content=\"Microcredencial Formulaci\u00f3n y Evaluaci\u00f3n de Proyectos - Unidad de Educaci\u00f3n Continua - I.U. Pascual Bravo\" \/>\n<meta property=\"og:description\" content=\"Microcredencial Formulaci\u00f3n y Evaluaci\u00f3n de Proyectos Ingenier\u00eda administrativa El acreditado con esta microcredencial dise\u00f1a soluciones estrat\u00e9gicas para alcanzar las metas organizacionales mediante la formulaci\u00f3n de proyectos. Eval\u00faa la viabilidad t\u00e9cnica, financiera y operativa de las iniciativas y realiza an\u00e1lisis detallados para medir su impacto en la organizaci\u00f3n, garantizando que los proyectos sean sostenibles y contribuyan [&hellip;]\" \/>\n<meta property=\"og:url\" content=\"https:\/\/educacioncontinua.pascualbravo.edu.co\/?product=microcredencial-formulacion-y-evaluacion-de-proyectos-2\" \/>\n<meta property=\"og:site_name\" content=\"Unidad de Educaci\u00f3n Continua - I.U. Pascual Bravo\" \/>\n<meta property=\"article:modified_time\" content=\"2025-11-26T21:27:00+00:00\" \/>\n<meta property=\"og:image\" content=\"https:\/\/educacioncontinua.pascualbravo.edu.co\/wp-content\/uploads\/2025\/08\/Ingenieria-Administrativa-Micro-Formulacion-y-Evaluacion-de-Proyectos.webp\" \/>\n\t<meta property=\"og:image:width\" content=\"628\" \/>\n\t<meta property=\"og:image:height\" content=\"629\" \/>\n\t<meta property=\"og:image:type\" content=\"image\/webp\" \/>\n<meta name=\"twitter:card\" content=\"summary_large_image\" \/>\n<meta name=\"twitter:label1\" content=\"Tiempo de lectura\" \/>\n\t<meta name=\"twitter:data1\" content=\"1 minuto\" \/>\n<script type=\"application\/ld+json\" class=\"yoast-schema-graph\">{\"@context\":\"https:\/\/schema.org\",\"@graph\":[{\"@type\":\"WebPage\",\"@id\":\"https:\/\/educacioncontinua.pascualbravo.edu.co\/?product=microcredencial-formulacion-y-evaluacion-de-proyectos-2\",\"url\":\"https:\/\/educacioncontinua.pascualbravo.edu.co\/?product=microcredencial-formulacion-y-evaluacion-de-proyectos-2\",\"name\":\"Microcredencial Formulaci\u00f3n y Evaluaci\u00f3n de Proyectos - Unidad de Educaci\u00f3n Continua - I.U. Pascual Bravo\",\"isPartOf\":{\"@id\":\"https:\/\/educacioncontinua.pascualbravo.edu.co\/#website\"},\"primaryImageOfPage\":{\"@id\":\"https:\/\/educacioncontinua.pascualbravo.edu.co\/?product=microcredencial-formulacion-y-evaluacion-de-proyectos-2#primaryimage\"},\"image\":{\"@id\":\"https:\/\/educacioncontinua.pascualbravo.edu.co\/?product=microcredencial-formulacion-y-evaluacion-de-proyectos-2#primaryimage\"},\"thumbnailUrl\":\"https:\/\/educacioncontinua.pascualbravo.edu.co\/wp-content\/uploads\/2025\/08\/Ingenieria-Administrativa-Micro-Formulacion-y-Evaluacion-de-Proyectos.webp\",\"datePublished\":\"2025-08-05T21:00:46+00:00\",\"dateModified\":\"2025-11-26T21:27:00+00:00\",\"breadcrumb\":{\"@id\":\"https:\/\/educacioncontinua.pascualbravo.edu.co\/?product=microcredencial-formulacion-y-evaluacion-de-proyectos-2#breadcrumb\"},\"inLanguage\":\"es-CO\",\"potentialAction\":[{\"@type\":\"ReadAction\",\"target\":[\"https:\/\/educacioncontinua.pascualbravo.edu.co\/?product=microcredencial-formulacion-y-evaluacion-de-proyectos-2\"]}]},{\"@type\":\"ImageObject\",\"inLanguage\":\"es-CO\",\"@id\":\"https:\/\/educacioncontinua.pascualbravo.edu.co\/?product=microcredencial-formulacion-y-evaluacion-de-proyectos-2#primaryimage\",\"url\":\"https:\/\/educacioncontinua.pascualbravo.edu.co\/wp-content\/uploads\/2025\/08\/Ingenieria-Administrativa-Micro-Formulacion-y-Evaluacion-de-Proyectos.webp\",\"contentUrl\":\"https:\/\/educacioncontinua.pascualbravo.edu.co\/wp-content\/uploads\/2025\/08\/Ingenieria-Administrativa-Micro-Formulacion-y-Evaluacion-de-Proyectos.webp\",\"width\":628,\"height\":629},{\"@type\":\"BreadcrumbList\",\"@id\":\"https:\/\/educacioncontinua.pascualbravo.edu.co\/?product=microcredencial-formulacion-y-evaluacion-de-proyectos-2#breadcrumb\",\"itemListElement\":[{\"@type\":\"ListItem\",\"position\":1,\"name\":\"Inicio\",\"item\":\"https:\/\/educacioncontinua.pascualbravo.edu.co\/\"},{\"@type\":\"ListItem\",\"position\":2,\"name\":\"Oferta acad\u00e9mica\",\"item\":\"https:\/\/educacioncontinua.pascualbravo.edu.co\/?page_id=14\"},{\"@type\":\"ListItem\",\"position\":3,\"name\":\"Microcredencial Formulaci\u00f3n y Evaluaci\u00f3n de Proyectos\"}]},{\"@type\":\"WebSite\",\"@id\":\"https:\/\/educacioncontinua.pascualbravo.edu.co\/#website\",\"url\":\"https:\/\/educacioncontinua.pascualbravo.edu.co\/\",\"name\":\"Unidad de Educaci\u00f3n Continua - I.U. Pascual Bravo\",\"description\":\"Unidad de Educaci\u00f3n Continua - I.U. Pascual Bravo\",\"publisher\":{\"@id\":\"https:\/\/educacioncontinua.pascualbravo.edu.co\/#organization\"},\"potentialAction\":[{\"@type\":\"SearchAction\",\"target\":{\"@type\":\"EntryPoint\",\"urlTemplate\":\"https:\/\/educacioncontinua.pascualbravo.edu.co\/?s={search_term_string}\"},\"query-input\":\"required name=search_term_string\"}],\"inLanguage\":\"es-CO\"},{\"@type\":\"Organization\",\"@id\":\"https:\/\/educacioncontinua.pascualbravo.edu.co\/#organization\",\"name\":\"Unidad de Educaci\u00f3n Continua - I.U. Pascual Bravo\",\"url\":\"https:\/\/educacioncontinua.pascualbravo.edu.co\/\",\"logo\":{\"@type\":\"ImageObject\",\"inLanguage\":\"es-CO\",\"@id\":\"https:\/\/educacioncontinua.pascualbravo.edu.co\/#\/schema\/logo\/image\/\",\"url\":\"https:\/\/educacioncontinua.pascualbravo.edu.co\/wp-content\/uploads\/2020\/12\/Pascual-Bravo.png\",\"contentUrl\":\"https:\/\/educacioncontinua.pascualbravo.edu.co\/wp-content\/uploads\/2020\/12\/Pascual-Bravo.png\",\"width\":300,\"height\":77,\"caption\":\"Unidad de Educaci\u00f3n Continua - I.U. Pascual Bravo\"},\"image\":{\"@id\":\"https:\/\/educacioncontinua.pascualbravo.edu.co\/#\/schema\/logo\/image\/\"}}]}<\/script>\n<!-- \/ Yoast SEO plugin. -->","yoast_head_json":{"title":"Microcredencial Formulaci\u00f3n y Evaluaci\u00f3n de Proyectos - Unidad de Educaci\u00f3n Continua - I.U. Pascual Bravo","robots":{"index":"index","follow":"follow","max-snippet":"max-snippet:-1","max-image-preview":"max-image-preview:large","max-video-preview":"max-video-preview:-1"},"canonical":"https:\/\/educacioncontinua.pascualbravo.edu.co\/?product=microcredencial-formulacion-y-evaluacion-de-proyectos-2","og_locale":"es_ES","og_type":"article","og_title":"Microcredencial Formulaci\u00f3n y Evaluaci\u00f3n de Proyectos - Unidad de Educaci\u00f3n Continua - I.U. Pascual Bravo","og_description":"Microcredencial Formulaci\u00f3n y Evaluaci\u00f3n de Proyectos Ingenier\u00eda administrativa El acreditado con esta microcredencial dise\u00f1a soluciones estrat\u00e9gicas para alcanzar las metas organizacionales mediante la formulaci\u00f3n de proyectos. Eval\u00faa la viabilidad t\u00e9cnica, financiera y operativa de las iniciativas y realiza an\u00e1lisis detallados para medir su impacto en la organizaci\u00f3n, garantizando que los proyectos sean sostenibles y contribuyan [&hellip;]","og_url":"https:\/\/educacioncontinua.pascualbravo.edu.co\/?product=microcredencial-formulacion-y-evaluacion-de-proyectos-2","og_site_name":"Unidad de Educaci\u00f3n Continua - I.U. Pascual Bravo","article_modified_time":"2025-11-26T21:27:00+00:00","og_image":[{"width":628,"height":629,"url":"https:\/\/educacioncontinua.pascualbravo.edu.co\/wp-content\/uploads\/2025\/08\/Ingenieria-Administrativa-Micro-Formulacion-y-Evaluacion-de-Proyectos.webp","type":"image\/webp"}],"twitter_card":"summary_large_image","twitter_misc":{"Tiempo de lectura":"1 minuto"},"schema":{"@context":"https:\/\/schema.org","@graph":[{"@type":"WebPage","@id":"https:\/\/educacioncontinua.pascualbravo.edu.co\/?product=microcredencial-formulacion-y-evaluacion-de-proyectos-2","url":"https:\/\/educacioncontinua.pascualbravo.edu.co\/?product=microcredencial-formulacion-y-evaluacion-de-proyectos-2","name":"Microcredencial Formulaci\u00f3n y Evaluaci\u00f3n de Proyectos - Unidad de Educaci\u00f3n Continua - I.U. Pascual Bravo","isPartOf":{"@id":"https:\/\/educacioncontinua.pascualbravo.edu.co\/#website"},"primaryImageOfPage":{"@id":"https:\/\/educacioncontinua.pascualbravo.edu.co\/?product=microcredencial-formulacion-y-evaluacion-de-proyectos-2#primaryimage"},"image":{"@id":"https:\/\/educacioncontinua.pascualbravo.edu.co\/?product=microcredencial-formulacion-y-evaluacion-de-proyectos-2#primaryimage"},"thumbnailUrl":"https:\/\/educacioncontinua.pascualbravo.edu.co\/wp-content\/uploads\/2025\/08\/Ingenieria-Administrativa-Micro-Formulacion-y-Evaluacion-de-Proyectos.webp","datePublished":"2025-08-05T21:00:46+00:00","dateModified":"2025-11-26T21:27:00+00:00","breadcrumb":{"@id":"https:\/\/educacioncontinua.pascualbravo.edu.co\/?product=microcredencial-formulacion-y-evaluacion-de-proyectos-2#breadcrumb"},"inLanguage":"es-CO","potentialAction":[{"@type":"ReadAction","target":["https:\/\/educacioncontinua.pascualbravo.edu.co\/?product=microcredencial-formulacion-y-evaluacion-de-proyectos-2"]}]},{"@type":"ImageObject","inLanguage":"es-CO","@id":"https:\/\/educacioncontinua.pascualbravo.edu.co\/?product=microcredencial-formulacion-y-evaluacion-de-proyectos-2#primaryimage","url":"https:\/\/educacioncontinua.pascualbravo.edu.co\/wp-content\/uploads\/2025\/08\/Ingenieria-Administrativa-Micro-Formulacion-y-Evaluacion-de-Proyectos.webp","contentUrl":"https:\/\/educacioncontinua.pascualbravo.edu.co\/wp-content\/uploads\/2025\/08\/Ingenieria-Administrativa-Micro-Formulacion-y-Evaluacion-de-Proyectos.webp","width":628,"height":629},{"@type":"BreadcrumbList","@id":"https:\/\/educacioncontinua.pascualbravo.edu.co\/?product=microcredencial-formulacion-y-evaluacion-de-proyectos-2#breadcrumb","itemListElement":[{"@type":"ListItem","position":1,"name":"Inicio","item":"https:\/\/educacioncontinua.pascualbravo.edu.co\/"},{"@type":"ListItem","position":2,"name":"Oferta acad\u00e9mica","item":"https:\/\/educacioncontinua.pascualbravo.edu.co\/?page_id=14"},{"@type":"ListItem","position":3,"name":"Microcredencial Formulaci\u00f3n y Evaluaci\u00f3n de Proyectos"}]},{"@type":"WebSite","@id":"https:\/\/educacioncontinua.pascualbravo.edu.co\/#website","url":"https:\/\/educacioncontinua.pascualbravo.edu.co\/","name":"Unidad de Educaci\u00f3n Continua - I.U. Pascual Bravo","description":"Unidad de Educaci\u00f3n Continua - I.U. Pascual Bravo","publisher":{"@id":"https:\/\/educacioncontinua.pascualbravo.edu.co\/#organization"},"potentialAction":[{"@type":"SearchAction","target":{"@type":"EntryPoint","urlTemplate":"https:\/\/educacioncontinua.pascualbravo.edu.co\/?s={search_term_string}"},"query-input":"required name=search_term_string"}],"inLanguage":"es-CO"},{"@type":"Organization","@id":"https:\/\/educacioncontinua.pascualbravo.edu.co\/#organization","name":"Unidad de Educaci\u00f3n Continua - I.U. Pascual Bravo","url":"https:\/\/educacioncontinua.pascualbravo.edu.co\/","logo":{"@type":"ImageObject","inLanguage":"es-CO","@id":"https:\/\/educacioncontinua.pascualbravo.edu.co\/#\/schema\/logo\/image\/","url":"https:\/\/educacioncontinua.pascualbravo.edu.co\/wp-content\/uploads\/2020\/12\/Pascual-Bravo.png","contentUrl":"https:\/\/educacioncontinua.pascualbravo.edu.co\/wp-content\/uploads\/2020\/12\/Pascual-Bravo.png","width":300,"height":77,"caption":"Unidad de Educaci\u00f3n Continua - I.U. Pascual Bravo"},"image":{"@id":"https:\/\/educacioncontinua.pascualbravo.edu.co\/#\/schema\/logo\/image\/"}}]}},"_links":{"self":[{"href":"https:\/\/educacioncontinua.pascualbravo.edu.co\/index.php?rest_route=\/wp\/v2\/product\/6545"}],"collection":[{"href":"https:\/\/educacioncontinua.pascualbravo.edu.co\/index.php?rest_route=\/wp\/v2\/product"}],"about":[{"href":"https:\/\/educacioncontinua.pascualbravo.edu.co\/index.php?rest_route=\/wp\/v2\/types\/product"}],"replies":[{"embeddable":true,"href":"https:\/\/educacioncontinua.pascualbravo.edu.co\/index.php?rest_route=%2Fwp%2Fv2%2Fcomments&post=6545"}],"wp:featuredmedia":[{"embeddable":true,"href":"https:\/\/educacioncontinua.pascualbravo.edu.co\/index.php?rest_route=\/wp\/v2\/media\/6719"}],"wp:attachment":[{"href":"https:\/\/educacioncontinua.pascualbravo.edu.co\/index.php?rest_route=%2Fwp%2Fv2%2Fmedia&parent=6545"}],"wp:term":[{"taxonomy":"product_cat","embeddable":true,"href":"https:\/\/educacioncontinua.pascualbravo.edu.co\/index.php?rest_route=%2Fwp%2Fv2%2Fproduct_cat&post=6545"},{"taxonomy":"product_tag","embeddable":true,"href":"https:\/\/educacioncontinua.pascualbravo.edu.co\/index.php?rest_route=%2Fwp%2Fv2%2Fproduct_tag&post=6545"},{"taxonomy":"tipo_oferta","embeddable":true,"href":"https:\/\/educacioncontinua.pascualbravo.edu.co\/index.php?rest_route=%2Fwp%2Fv2%2Ftipo_oferta&post=6545"},{"taxonomy":"modalidad","embeddable":true,"href":"https:\/\/educacioncontinua.pascualbravo.edu.co\/index.php?rest_route=%2Fwp%2Fv2%2Fmodalidad&post=6545"},{"taxonomy":"nivel","embeddable":true,"href":"https:\/\/educacioncontinua.pascualbravo.edu.co\/index.php?rest_route=%2Fwp%2Fv2%2Fnivel&post=6545"},{"taxonomy":"tipo_de_programa","embeddable":true,"href":"https:\/\/educacioncontinua.pascualbravo.edu.co\/index.php?rest_route=%2Fwp%2Fv2%2Ftipo_de_programa&post=6545"}],"curies":[{"name":"wp","href":"https:\/\/api.w.org\/{rel}","templated":true}]}}