{"id":6542,"date":"2025-08-05T15:53:58","date_gmt":"2025-08-05T20:53:58","guid":{"rendered":"https:\/\/educacioncontinua.pascualbravo.edu.co\/?post_type=product&#038;p=6542"},"modified":"2025-11-26T16:31:33","modified_gmt":"2025-11-26T21:31:33","slug":"microcredencial-sistema-de-gestion-de-calidad","status":"publish","type":"product","link":"https:\/\/educacioncontinua.pascualbravo.edu.co\/?product=microcredencial-sistema-de-gestion-de-calidad","title":{"rendered":"Microcredencial  Sistema de Gesti\u00f3n de Calidad"},"content":{"rendered":"<h3>Microcredencial Sistema de Gesti\u00f3n de Calidad<\/h3>\n<h3>Ingenier\u00eda administrativa<\/h3>\n<p>El acreditado con esta microcredencial implementa un Sistema de Gesti\u00f3n de la Calidad, estableciendo y documentando los procesos clave de la organizaci\u00f3n. Adem\u00e1s, realiza auditor\u00edas internas para asegurar que estos procesos cumplan con los est\u00e1ndares de calidad establecidos, mejorando la eficiencia y competitividad de la empresa y promoviendo una cultura de mejora continua en todos los niveles.<\/p>\n<h5>Habilidades<\/h5>\n<p><!--aqu\u00ed empieza acoerde\u00f3n de qu\u00e9 vas a aprender--><\/p>\n<ul>\n<li>Principios de SGC<\/li>\n<li>Planificaci\u00f3n de calidad<\/li>\n<li>Procedimientos operativos<\/li>\n<li>Auditor\u00eda interna<\/li>\n<li>Evaluaci\u00f3n del desempe\u00f1o<\/li>\n<li>Documentaci\u00f3n de procesos<\/li>\n<li>Gesti\u00f3n del cambio<\/li>\n<li>Mejora continua<\/li>\n<li>Implementaci\u00f3n SGC<\/li>\n<li>Control de calidad<\/li>\n<\/ul>\n<p>&nbsp;<\/p>\n<p><strong>\u00a0 \u00a0 \u00a0Microcertificaci\u00f3n para grupo cerrado de empresas<\/strong><\/p>\n<p>Para m\u00e1s informaci\u00f3n escr\u00edbenos a <strong>educacion.continua@pascualbravo.edu.co<\/strong><\/p>\n","protected":false},"excerpt":{"rendered":"<p>Microcredencial Sistema de Gesti\u00f3n de Calidad Ingenier\u00eda administrativa El acreditado con esta microcredencial implementa un Sistema de Gesti\u00f3n de la Calidad, estableciendo y documentando los procesos clave de la organizaci\u00f3n. Adem\u00e1s, realiza auditor\u00edas internas para asegurar que estos procesos cumplan con los est\u00e1ndares de calidad establecidos, mejorando la eficiencia y competitividad de la empresa y [&hellip;]<\/p>\n","protected":false},"featured_media":6720,"comment_status":"open","ping_status":"closed","template":"","meta":{"_acf_changed":false},"product_cat":[144,135],"product_tag":[67],"tipo_oferta":[],"modalidad":[],"nivel":[],"tipo_de_programa":[],"acf":[],"yoast_head":"<!-- This site is optimized with the Yoast SEO plugin v22.9 - https:\/\/yoast.com\/wordpress\/plugins\/seo\/ -->\n<title>Microcredencial Sistema de Gesti\u00f3n de Calidad - Unidad de Educaci\u00f3n Continua - I.U. Pascual Bravo<\/title>\n<meta name=\"robots\" content=\"index, follow, max-snippet:-1, max-image-preview:large, max-video-preview:-1\" \/>\n<link rel=\"canonical\" href=\"https:\/\/educacioncontinua.pascualbravo.edu.co\/?product=microcredencial-sistema-de-gestion-de-calidad\" \/>\n<meta property=\"og:locale\" content=\"es_ES\" \/>\n<meta property=\"og:type\" content=\"article\" \/>\n<meta property=\"og:title\" content=\"Microcredencial Sistema de Gesti\u00f3n de Calidad - Unidad de Educaci\u00f3n Continua - I.U. Pascual Bravo\" \/>\n<meta property=\"og:description\" content=\"Microcredencial Sistema de Gesti\u00f3n de Calidad Ingenier\u00eda administrativa El acreditado con esta microcredencial implementa un Sistema de Gesti\u00f3n de la Calidad, estableciendo y documentando los procesos clave de la organizaci\u00f3n. Adem\u00e1s, realiza auditor\u00edas internas para asegurar que estos procesos cumplan con los est\u00e1ndares de calidad establecidos, mejorando la eficiencia y competitividad de la empresa y [&hellip;]\" \/>\n<meta property=\"og:url\" content=\"https:\/\/educacioncontinua.pascualbravo.edu.co\/?product=microcredencial-sistema-de-gestion-de-calidad\" \/>\n<meta property=\"og:site_name\" content=\"Unidad de Educaci\u00f3n Continua - I.U. Pascual Bravo\" \/>\n<meta property=\"article:modified_time\" content=\"2025-11-26T21:31:33+00:00\" \/>\n<meta property=\"og:image\" content=\"https:\/\/educacioncontinua.pascualbravo.edu.co\/wp-content\/uploads\/2025\/08\/Ingenieria-Administrativa-Sistema-de-Gestion-de-Calidad.webp\" \/>\n\t<meta property=\"og:image:width\" content=\"628\" \/>\n\t<meta property=\"og:image:height\" content=\"629\" \/>\n\t<meta property=\"og:image:type\" content=\"image\/webp\" \/>\n<meta name=\"twitter:card\" content=\"summary_large_image\" \/>\n<meta name=\"twitter:label1\" content=\"Tiempo de lectura\" \/>\n\t<meta name=\"twitter:data1\" content=\"1 minuto\" \/>\n<script type=\"application\/ld+json\" class=\"yoast-schema-graph\">{\"@context\":\"https:\/\/schema.org\",\"@graph\":[{\"@type\":\"WebPage\",\"@id\":\"https:\/\/educacioncontinua.pascualbravo.edu.co\/?product=microcredencial-sistema-de-gestion-de-calidad\",\"url\":\"https:\/\/educacioncontinua.pascualbravo.edu.co\/?product=microcredencial-sistema-de-gestion-de-calidad\",\"name\":\"Microcredencial Sistema de Gesti\u00f3n de Calidad - Unidad de Educaci\u00f3n Continua - I.U. Pascual Bravo\",\"isPartOf\":{\"@id\":\"https:\/\/educacioncontinua.pascualbravo.edu.co\/#website\"},\"primaryImageOfPage\":{\"@id\":\"https:\/\/educacioncontinua.pascualbravo.edu.co\/?product=microcredencial-sistema-de-gestion-de-calidad#primaryimage\"},\"image\":{\"@id\":\"https:\/\/educacioncontinua.pascualbravo.edu.co\/?product=microcredencial-sistema-de-gestion-de-calidad#primaryimage\"},\"thumbnailUrl\":\"https:\/\/educacioncontinua.pascualbravo.edu.co\/wp-content\/uploads\/2025\/08\/Ingenieria-Administrativa-Sistema-de-Gestion-de-Calidad.webp\",\"datePublished\":\"2025-08-05T20:53:58+00:00\",\"dateModified\":\"2025-11-26T21:31:33+00:00\",\"breadcrumb\":{\"@id\":\"https:\/\/educacioncontinua.pascualbravo.edu.co\/?product=microcredencial-sistema-de-gestion-de-calidad#breadcrumb\"},\"inLanguage\":\"es-CO\",\"potentialAction\":[{\"@type\":\"ReadAction\",\"target\":[\"https:\/\/educacioncontinua.pascualbravo.edu.co\/?product=microcredencial-sistema-de-gestion-de-calidad\"]}]},{\"@type\":\"ImageObject\",\"inLanguage\":\"es-CO\",\"@id\":\"https:\/\/educacioncontinua.pascualbravo.edu.co\/?product=microcredencial-sistema-de-gestion-de-calidad#primaryimage\",\"url\":\"https:\/\/educacioncontinua.pascualbravo.edu.co\/wp-content\/uploads\/2025\/08\/Ingenieria-Administrativa-Sistema-de-Gestion-de-Calidad.webp\",\"contentUrl\":\"https:\/\/educacioncontinua.pascualbravo.edu.co\/wp-content\/uploads\/2025\/08\/Ingenieria-Administrativa-Sistema-de-Gestion-de-Calidad.webp\",\"width\":628,\"height\":629},{\"@type\":\"BreadcrumbList\",\"@id\":\"https:\/\/educacioncontinua.pascualbravo.edu.co\/?product=microcredencial-sistema-de-gestion-de-calidad#breadcrumb\",\"itemListElement\":[{\"@type\":\"ListItem\",\"position\":1,\"name\":\"Inicio\",\"item\":\"https:\/\/educacioncontinua.pascualbravo.edu.co\/\"},{\"@type\":\"ListItem\",\"position\":2,\"name\":\"Oferta acad\u00e9mica\",\"item\":\"https:\/\/educacioncontinua.pascualbravo.edu.co\/?page_id=14\"},{\"@type\":\"ListItem\",\"position\":3,\"name\":\"Microcredencial Sistema de Gesti\u00f3n de Calidad\"}]},{\"@type\":\"WebSite\",\"@id\":\"https:\/\/educacioncontinua.pascualbravo.edu.co\/#website\",\"url\":\"https:\/\/educacioncontinua.pascualbravo.edu.co\/\",\"name\":\"Unidad de Educaci\u00f3n Continua - I.U. Pascual Bravo\",\"description\":\"Unidad de Educaci\u00f3n Continua - I.U. Pascual Bravo\",\"publisher\":{\"@id\":\"https:\/\/educacioncontinua.pascualbravo.edu.co\/#organization\"},\"potentialAction\":[{\"@type\":\"SearchAction\",\"target\":{\"@type\":\"EntryPoint\",\"urlTemplate\":\"https:\/\/educacioncontinua.pascualbravo.edu.co\/?s={search_term_string}\"},\"query-input\":\"required name=search_term_string\"}],\"inLanguage\":\"es-CO\"},{\"@type\":\"Organization\",\"@id\":\"https:\/\/educacioncontinua.pascualbravo.edu.co\/#organization\",\"name\":\"Unidad de Educaci\u00f3n Continua - I.U. Pascual Bravo\",\"url\":\"https:\/\/educacioncontinua.pascualbravo.edu.co\/\",\"logo\":{\"@type\":\"ImageObject\",\"inLanguage\":\"es-CO\",\"@id\":\"https:\/\/educacioncontinua.pascualbravo.edu.co\/#\/schema\/logo\/image\/\",\"url\":\"https:\/\/educacioncontinua.pascualbravo.edu.co\/wp-content\/uploads\/2020\/12\/Pascual-Bravo.png\",\"contentUrl\":\"https:\/\/educacioncontinua.pascualbravo.edu.co\/wp-content\/uploads\/2020\/12\/Pascual-Bravo.png\",\"width\":300,\"height\":77,\"caption\":\"Unidad de Educaci\u00f3n Continua - I.U. Pascual Bravo\"},\"image\":{\"@id\":\"https:\/\/educacioncontinua.pascualbravo.edu.co\/#\/schema\/logo\/image\/\"}}]}<\/script>\n<!-- \/ Yoast SEO plugin. -->","yoast_head_json":{"title":"Microcredencial Sistema de Gesti\u00f3n de Calidad - Unidad de Educaci\u00f3n Continua - I.U. Pascual Bravo","robots":{"index":"index","follow":"follow","max-snippet":"max-snippet:-1","max-image-preview":"max-image-preview:large","max-video-preview":"max-video-preview:-1"},"canonical":"https:\/\/educacioncontinua.pascualbravo.edu.co\/?product=microcredencial-sistema-de-gestion-de-calidad","og_locale":"es_ES","og_type":"article","og_title":"Microcredencial Sistema de Gesti\u00f3n de Calidad - Unidad de Educaci\u00f3n Continua - I.U. Pascual Bravo","og_description":"Microcredencial Sistema de Gesti\u00f3n de Calidad Ingenier\u00eda administrativa El acreditado con esta microcredencial implementa un Sistema de Gesti\u00f3n de la Calidad, estableciendo y documentando los procesos clave de la organizaci\u00f3n. Adem\u00e1s, realiza auditor\u00edas internas para asegurar que estos procesos cumplan con los est\u00e1ndares de calidad establecidos, mejorando la eficiencia y competitividad de la empresa y [&hellip;]","og_url":"https:\/\/educacioncontinua.pascualbravo.edu.co\/?product=microcredencial-sistema-de-gestion-de-calidad","og_site_name":"Unidad de Educaci\u00f3n Continua - I.U. Pascual Bravo","article_modified_time":"2025-11-26T21:31:33+00:00","og_image":[{"width":628,"height":629,"url":"https:\/\/educacioncontinua.pascualbravo.edu.co\/wp-content\/uploads\/2025\/08\/Ingenieria-Administrativa-Sistema-de-Gestion-de-Calidad.webp","type":"image\/webp"}],"twitter_card":"summary_large_image","twitter_misc":{"Tiempo de lectura":"1 minuto"},"schema":{"@context":"https:\/\/schema.org","@graph":[{"@type":"WebPage","@id":"https:\/\/educacioncontinua.pascualbravo.edu.co\/?product=microcredencial-sistema-de-gestion-de-calidad","url":"https:\/\/educacioncontinua.pascualbravo.edu.co\/?product=microcredencial-sistema-de-gestion-de-calidad","name":"Microcredencial Sistema de Gesti\u00f3n de Calidad - Unidad de Educaci\u00f3n Continua - I.U. Pascual Bravo","isPartOf":{"@id":"https:\/\/educacioncontinua.pascualbravo.edu.co\/#website"},"primaryImageOfPage":{"@id":"https:\/\/educacioncontinua.pascualbravo.edu.co\/?product=microcredencial-sistema-de-gestion-de-calidad#primaryimage"},"image":{"@id":"https:\/\/educacioncontinua.pascualbravo.edu.co\/?product=microcredencial-sistema-de-gestion-de-calidad#primaryimage"},"thumbnailUrl":"https:\/\/educacioncontinua.pascualbravo.edu.co\/wp-content\/uploads\/2025\/08\/Ingenieria-Administrativa-Sistema-de-Gestion-de-Calidad.webp","datePublished":"2025-08-05T20:53:58+00:00","dateModified":"2025-11-26T21:31:33+00:00","breadcrumb":{"@id":"https:\/\/educacioncontinua.pascualbravo.edu.co\/?product=microcredencial-sistema-de-gestion-de-calidad#breadcrumb"},"inLanguage":"es-CO","potentialAction":[{"@type":"ReadAction","target":["https:\/\/educacioncontinua.pascualbravo.edu.co\/?product=microcredencial-sistema-de-gestion-de-calidad"]}]},{"@type":"ImageObject","inLanguage":"es-CO","@id":"https:\/\/educacioncontinua.pascualbravo.edu.co\/?product=microcredencial-sistema-de-gestion-de-calidad#primaryimage","url":"https:\/\/educacioncontinua.pascualbravo.edu.co\/wp-content\/uploads\/2025\/08\/Ingenieria-Administrativa-Sistema-de-Gestion-de-Calidad.webp","contentUrl":"https:\/\/educacioncontinua.pascualbravo.edu.co\/wp-content\/uploads\/2025\/08\/Ingenieria-Administrativa-Sistema-de-Gestion-de-Calidad.webp","width":628,"height":629},{"@type":"BreadcrumbList","@id":"https:\/\/educacioncontinua.pascualbravo.edu.co\/?product=microcredencial-sistema-de-gestion-de-calidad#breadcrumb","itemListElement":[{"@type":"ListItem","position":1,"name":"Inicio","item":"https:\/\/educacioncontinua.pascualbravo.edu.co\/"},{"@type":"ListItem","position":2,"name":"Oferta acad\u00e9mica","item":"https:\/\/educacioncontinua.pascualbravo.edu.co\/?page_id=14"},{"@type":"ListItem","position":3,"name":"Microcredencial Sistema de Gesti\u00f3n de Calidad"}]},{"@type":"WebSite","@id":"https:\/\/educacioncontinua.pascualbravo.edu.co\/#website","url":"https:\/\/educacioncontinua.pascualbravo.edu.co\/","name":"Unidad de Educaci\u00f3n Continua - I.U. Pascual Bravo","description":"Unidad de Educaci\u00f3n Continua - I.U. Pascual Bravo","publisher":{"@id":"https:\/\/educacioncontinua.pascualbravo.edu.co\/#organization"},"potentialAction":[{"@type":"SearchAction","target":{"@type":"EntryPoint","urlTemplate":"https:\/\/educacioncontinua.pascualbravo.edu.co\/?s={search_term_string}"},"query-input":"required name=search_term_string"}],"inLanguage":"es-CO"},{"@type":"Organization","@id":"https:\/\/educacioncontinua.pascualbravo.edu.co\/#organization","name":"Unidad de Educaci\u00f3n Continua - I.U. Pascual Bravo","url":"https:\/\/educacioncontinua.pascualbravo.edu.co\/","logo":{"@type":"ImageObject","inLanguage":"es-CO","@id":"https:\/\/educacioncontinua.pascualbravo.edu.co\/#\/schema\/logo\/image\/","url":"https:\/\/educacioncontinua.pascualbravo.edu.co\/wp-content\/uploads\/2020\/12\/Pascual-Bravo.png","contentUrl":"https:\/\/educacioncontinua.pascualbravo.edu.co\/wp-content\/uploads\/2020\/12\/Pascual-Bravo.png","width":300,"height":77,"caption":"Unidad de Educaci\u00f3n Continua - I.U. Pascual Bravo"},"image":{"@id":"https:\/\/educacioncontinua.pascualbravo.edu.co\/#\/schema\/logo\/image\/"}}]}},"_links":{"self":[{"href":"https:\/\/educacioncontinua.pascualbravo.edu.co\/index.php?rest_route=\/wp\/v2\/product\/6542"}],"collection":[{"href":"https:\/\/educacioncontinua.pascualbravo.edu.co\/index.php?rest_route=\/wp\/v2\/product"}],"about":[{"href":"https:\/\/educacioncontinua.pascualbravo.edu.co\/index.php?rest_route=\/wp\/v2\/types\/product"}],"replies":[{"embeddable":true,"href":"https:\/\/educacioncontinua.pascualbravo.edu.co\/index.php?rest_route=%2Fwp%2Fv2%2Fcomments&post=6542"}],"wp:featuredmedia":[{"embeddable":true,"href":"https:\/\/educacioncontinua.pascualbravo.edu.co\/index.php?rest_route=\/wp\/v2\/media\/6720"}],"wp:attachment":[{"href":"https:\/\/educacioncontinua.pascualbravo.edu.co\/index.php?rest_route=%2Fwp%2Fv2%2Fmedia&parent=6542"}],"wp:term":[{"taxonomy":"product_cat","embeddable":true,"href":"https:\/\/educacioncontinua.pascualbravo.edu.co\/index.php?rest_route=%2Fwp%2Fv2%2Fproduct_cat&post=6542"},{"taxonomy":"product_tag","embeddable":true,"href":"https:\/\/educacioncontinua.pascualbravo.edu.co\/index.php?rest_route=%2Fwp%2Fv2%2Fproduct_tag&post=6542"},{"taxonomy":"tipo_oferta","embeddable":true,"href":"https:\/\/educacioncontinua.pascualbravo.edu.co\/index.php?rest_route=%2Fwp%2Fv2%2Ftipo_oferta&post=6542"},{"taxonomy":"modalidad","embeddable":true,"href":"https:\/\/educacioncontinua.pascualbravo.edu.co\/index.php?rest_route=%2Fwp%2Fv2%2Fmodalidad&post=6542"},{"taxonomy":"nivel","embeddable":true,"href":"https:\/\/educacioncontinua.pascualbravo.edu.co\/index.php?rest_route=%2Fwp%2Fv2%2Fnivel&post=6542"},{"taxonomy":"tipo_de_programa","embeddable":true,"href":"https:\/\/educacioncontinua.pascualbravo.edu.co\/index.php?rest_route=%2Fwp%2Fv2%2Ftipo_de_programa&post=6542"}],"curies":[{"name":"wp","href":"https:\/\/api.w.org\/{rel}","templated":true}]}}