{"id":6538,"date":"2025-08-05T15:39:30","date_gmt":"2025-08-05T20:39:30","guid":{"rendered":"https:\/\/educacioncontinua.pascualbravo.edu.co\/?post_type=product&#038;p=6538"},"modified":"2025-11-26T16:33:06","modified_gmt":"2025-11-26T21:33:06","slug":"procesos-administrativos","status":"publish","type":"product","link":"https:\/\/educacioncontinua.pascualbravo.edu.co\/?product=procesos-administrativos","title":{"rendered":"Microcredencial Procesos Administrativos"},"content":{"rendered":"<h3>Microcredencial Procesos Administrativos<\/h3>\n<h3>Ingenier\u00eda administrativa<\/h3>\n<p>El acreditado con esta microcredencial dise\u00f1a estrategias competitivas al integrar los procesos de planeaci\u00f3n, organizaci\u00f3n, direcci\u00f3n y control dentro de la empresa. Aplica estas competencias para mejorar la toma de decisiones, garantizando que las operaciones de la organizaci\u00f3n sean eficientes, orientadas al crecimiento y alineadas con los objetivos corporativos a corto y largo plazo.<\/p>\n<h5>Habilidades<\/h5>\n<p><!--aqu\u00ed empieza acoerde\u00f3n de qu\u00e9 vas a aprender--><\/p>\n<ul>\n<li>Dise\u00f1o estrat\u00e9gico<\/li>\n<li>Planificaci\u00f3n organizacional<\/li>\n<li>Direcci\u00f3n de equipos<\/li>\n<li>Gesti\u00f3n de recursos<\/li>\n<li>Control administrativo<\/li>\n<li>Evaluaci\u00f3n continua<\/li>\n<li>Ajuste de estrategias<\/li>\n<li>Optimizaci\u00f3n operativa<\/li>\n<li>Liderazgo organizacional<\/li>\n<li>Toma de decisiones<\/li>\n<\/ul>\n<p>&nbsp;<\/p>\n<p><strong>\u00a0 \u00a0 \u00a0Microcertificaci\u00f3n para grupo cerrado de empresas<\/strong><\/p>\n<p>Para m\u00e1s informaci\u00f3n escr\u00edbenos a <strong>educacion.continua@pascualbravo.edu.co<\/strong><\/p>\n","protected":false},"excerpt":{"rendered":"<p>Microcredencial Procesos Administrativos Ingenier\u00eda administrativa El acreditado con esta microcredencial dise\u00f1a estrategias competitivas al integrar los procesos de planeaci\u00f3n, organizaci\u00f3n, direcci\u00f3n y control dentro de la empresa. Aplica estas competencias para mejorar la toma de decisiones, garantizando que las operaciones de la organizaci\u00f3n sean eficientes, orientadas al crecimiento y alineadas con los objetivos corporativos a [&hellip;]<\/p>\n","protected":false},"featured_media":6722,"comment_status":"open","ping_status":"closed","template":"","meta":{"_acf_changed":false},"product_cat":[144,135],"product_tag":[67],"tipo_oferta":[],"modalidad":[],"nivel":[],"tipo_de_programa":[],"acf":[],"yoast_head":"<!-- This site is optimized with the Yoast SEO plugin v22.9 - https:\/\/yoast.com\/wordpress\/plugins\/seo\/ -->\n<title>Microcredencial Procesos Administrativos - Unidad de Educaci\u00f3n Continua - I.U. Pascual Bravo<\/title>\n<meta name=\"robots\" content=\"index, follow, max-snippet:-1, max-image-preview:large, max-video-preview:-1\" \/>\n<link rel=\"canonical\" href=\"https:\/\/educacioncontinua.pascualbravo.edu.co\/?product=procesos-administrativos\" \/>\n<meta property=\"og:locale\" content=\"es_ES\" \/>\n<meta property=\"og:type\" content=\"article\" \/>\n<meta property=\"og:title\" content=\"Microcredencial Procesos Administrativos - Unidad de Educaci\u00f3n Continua - I.U. Pascual Bravo\" \/>\n<meta property=\"og:description\" content=\"Microcredencial Procesos Administrativos Ingenier\u00eda administrativa El acreditado con esta microcredencial dise\u00f1a estrategias competitivas al integrar los procesos de planeaci\u00f3n, organizaci\u00f3n, direcci\u00f3n y control dentro de la empresa. Aplica estas competencias para mejorar la toma de decisiones, garantizando que las operaciones de la organizaci\u00f3n sean eficientes, orientadas al crecimiento y alineadas con los objetivos corporativos a [&hellip;]\" \/>\n<meta property=\"og:url\" content=\"https:\/\/educacioncontinua.pascualbravo.edu.co\/?product=procesos-administrativos\" \/>\n<meta property=\"og:site_name\" content=\"Unidad de Educaci\u00f3n Continua - I.U. Pascual Bravo\" \/>\n<meta property=\"article:modified_time\" content=\"2025-11-26T21:33:06+00:00\" \/>\n<meta property=\"og:image\" content=\"https:\/\/educacioncontinua.pascualbravo.edu.co\/wp-content\/uploads\/2025\/08\/Ingenieria-Administrativa-Procesos-Administrativos.webp\" \/>\n\t<meta property=\"og:image:width\" content=\"629\" \/>\n\t<meta property=\"og:image:height\" content=\"629\" \/>\n\t<meta property=\"og:image:type\" content=\"image\/webp\" \/>\n<meta name=\"twitter:card\" content=\"summary_large_image\" \/>\n<meta name=\"twitter:label1\" content=\"Tiempo de lectura\" \/>\n\t<meta name=\"twitter:data1\" content=\"1 minuto\" \/>\n<script type=\"application\/ld+json\" class=\"yoast-schema-graph\">{\"@context\":\"https:\/\/schema.org\",\"@graph\":[{\"@type\":\"WebPage\",\"@id\":\"https:\/\/educacioncontinua.pascualbravo.edu.co\/?product=procesos-administrativos\",\"url\":\"https:\/\/educacioncontinua.pascualbravo.edu.co\/?product=procesos-administrativos\",\"name\":\"Microcredencial Procesos Administrativos - Unidad de Educaci\u00f3n Continua - I.U. Pascual Bravo\",\"isPartOf\":{\"@id\":\"https:\/\/educacioncontinua.pascualbravo.edu.co\/#website\"},\"primaryImageOfPage\":{\"@id\":\"https:\/\/educacioncontinua.pascualbravo.edu.co\/?product=procesos-administrativos#primaryimage\"},\"image\":{\"@id\":\"https:\/\/educacioncontinua.pascualbravo.edu.co\/?product=procesos-administrativos#primaryimage\"},\"thumbnailUrl\":\"https:\/\/educacioncontinua.pascualbravo.edu.co\/wp-content\/uploads\/2025\/08\/Ingenieria-Administrativa-Procesos-Administrativos.webp\",\"datePublished\":\"2025-08-05T20:39:30+00:00\",\"dateModified\":\"2025-11-26T21:33:06+00:00\",\"breadcrumb\":{\"@id\":\"https:\/\/educacioncontinua.pascualbravo.edu.co\/?product=procesos-administrativos#breadcrumb\"},\"inLanguage\":\"es-CO\",\"potentialAction\":[{\"@type\":\"ReadAction\",\"target\":[\"https:\/\/educacioncontinua.pascualbravo.edu.co\/?product=procesos-administrativos\"]}]},{\"@type\":\"ImageObject\",\"inLanguage\":\"es-CO\",\"@id\":\"https:\/\/educacioncontinua.pascualbravo.edu.co\/?product=procesos-administrativos#primaryimage\",\"url\":\"https:\/\/educacioncontinua.pascualbravo.edu.co\/wp-content\/uploads\/2025\/08\/Ingenieria-Administrativa-Procesos-Administrativos.webp\",\"contentUrl\":\"https:\/\/educacioncontinua.pascualbravo.edu.co\/wp-content\/uploads\/2025\/08\/Ingenieria-Administrativa-Procesos-Administrativos.webp\",\"width\":629,\"height\":629},{\"@type\":\"BreadcrumbList\",\"@id\":\"https:\/\/educacioncontinua.pascualbravo.edu.co\/?product=procesos-administrativos#breadcrumb\",\"itemListElement\":[{\"@type\":\"ListItem\",\"position\":1,\"name\":\"Inicio\",\"item\":\"https:\/\/educacioncontinua.pascualbravo.edu.co\/\"},{\"@type\":\"ListItem\",\"position\":2,\"name\":\"Oferta acad\u00e9mica\",\"item\":\"https:\/\/educacioncontinua.pascualbravo.edu.co\/?page_id=14\"},{\"@type\":\"ListItem\",\"position\":3,\"name\":\"Microcredencial Procesos Administrativos\"}]},{\"@type\":\"WebSite\",\"@id\":\"https:\/\/educacioncontinua.pascualbravo.edu.co\/#website\",\"url\":\"https:\/\/educacioncontinua.pascualbravo.edu.co\/\",\"name\":\"Unidad de Educaci\u00f3n Continua - I.U. Pascual Bravo\",\"description\":\"Unidad de Educaci\u00f3n Continua - I.U. Pascual Bravo\",\"publisher\":{\"@id\":\"https:\/\/educacioncontinua.pascualbravo.edu.co\/#organization\"},\"potentialAction\":[{\"@type\":\"SearchAction\",\"target\":{\"@type\":\"EntryPoint\",\"urlTemplate\":\"https:\/\/educacioncontinua.pascualbravo.edu.co\/?s={search_term_string}\"},\"query-input\":\"required name=search_term_string\"}],\"inLanguage\":\"es-CO\"},{\"@type\":\"Organization\",\"@id\":\"https:\/\/educacioncontinua.pascualbravo.edu.co\/#organization\",\"name\":\"Unidad de Educaci\u00f3n Continua - I.U. Pascual Bravo\",\"url\":\"https:\/\/educacioncontinua.pascualbravo.edu.co\/\",\"logo\":{\"@type\":\"ImageObject\",\"inLanguage\":\"es-CO\",\"@id\":\"https:\/\/educacioncontinua.pascualbravo.edu.co\/#\/schema\/logo\/image\/\",\"url\":\"https:\/\/educacioncontinua.pascualbravo.edu.co\/wp-content\/uploads\/2020\/12\/Pascual-Bravo.png\",\"contentUrl\":\"https:\/\/educacioncontinua.pascualbravo.edu.co\/wp-content\/uploads\/2020\/12\/Pascual-Bravo.png\",\"width\":300,\"height\":77,\"caption\":\"Unidad de Educaci\u00f3n Continua - I.U. Pascual Bravo\"},\"image\":{\"@id\":\"https:\/\/educacioncontinua.pascualbravo.edu.co\/#\/schema\/logo\/image\/\"}}]}<\/script>\n<!-- \/ Yoast SEO plugin. -->","yoast_head_json":{"title":"Microcredencial Procesos Administrativos - Unidad de Educaci\u00f3n Continua - I.U. Pascual Bravo","robots":{"index":"index","follow":"follow","max-snippet":"max-snippet:-1","max-image-preview":"max-image-preview:large","max-video-preview":"max-video-preview:-1"},"canonical":"https:\/\/educacioncontinua.pascualbravo.edu.co\/?product=procesos-administrativos","og_locale":"es_ES","og_type":"article","og_title":"Microcredencial Procesos Administrativos - Unidad de Educaci\u00f3n Continua - I.U. Pascual Bravo","og_description":"Microcredencial Procesos Administrativos Ingenier\u00eda administrativa El acreditado con esta microcredencial dise\u00f1a estrategias competitivas al integrar los procesos de planeaci\u00f3n, organizaci\u00f3n, direcci\u00f3n y control dentro de la empresa. Aplica estas competencias para mejorar la toma de decisiones, garantizando que las operaciones de la organizaci\u00f3n sean eficientes, orientadas al crecimiento y alineadas con los objetivos corporativos a [&hellip;]","og_url":"https:\/\/educacioncontinua.pascualbravo.edu.co\/?product=procesos-administrativos","og_site_name":"Unidad de Educaci\u00f3n Continua - I.U. Pascual Bravo","article_modified_time":"2025-11-26T21:33:06+00:00","og_image":[{"width":629,"height":629,"url":"https:\/\/educacioncontinua.pascualbravo.edu.co\/wp-content\/uploads\/2025\/08\/Ingenieria-Administrativa-Procesos-Administrativos.webp","type":"image\/webp"}],"twitter_card":"summary_large_image","twitter_misc":{"Tiempo de lectura":"1 minuto"},"schema":{"@context":"https:\/\/schema.org","@graph":[{"@type":"WebPage","@id":"https:\/\/educacioncontinua.pascualbravo.edu.co\/?product=procesos-administrativos","url":"https:\/\/educacioncontinua.pascualbravo.edu.co\/?product=procesos-administrativos","name":"Microcredencial Procesos Administrativos - Unidad de Educaci\u00f3n Continua - I.U. Pascual Bravo","isPartOf":{"@id":"https:\/\/educacioncontinua.pascualbravo.edu.co\/#website"},"primaryImageOfPage":{"@id":"https:\/\/educacioncontinua.pascualbravo.edu.co\/?product=procesos-administrativos#primaryimage"},"image":{"@id":"https:\/\/educacioncontinua.pascualbravo.edu.co\/?product=procesos-administrativos#primaryimage"},"thumbnailUrl":"https:\/\/educacioncontinua.pascualbravo.edu.co\/wp-content\/uploads\/2025\/08\/Ingenieria-Administrativa-Procesos-Administrativos.webp","datePublished":"2025-08-05T20:39:30+00:00","dateModified":"2025-11-26T21:33:06+00:00","breadcrumb":{"@id":"https:\/\/educacioncontinua.pascualbravo.edu.co\/?product=procesos-administrativos#breadcrumb"},"inLanguage":"es-CO","potentialAction":[{"@type":"ReadAction","target":["https:\/\/educacioncontinua.pascualbravo.edu.co\/?product=procesos-administrativos"]}]},{"@type":"ImageObject","inLanguage":"es-CO","@id":"https:\/\/educacioncontinua.pascualbravo.edu.co\/?product=procesos-administrativos#primaryimage","url":"https:\/\/educacioncontinua.pascualbravo.edu.co\/wp-content\/uploads\/2025\/08\/Ingenieria-Administrativa-Procesos-Administrativos.webp","contentUrl":"https:\/\/educacioncontinua.pascualbravo.edu.co\/wp-content\/uploads\/2025\/08\/Ingenieria-Administrativa-Procesos-Administrativos.webp","width":629,"height":629},{"@type":"BreadcrumbList","@id":"https:\/\/educacioncontinua.pascualbravo.edu.co\/?product=procesos-administrativos#breadcrumb","itemListElement":[{"@type":"ListItem","position":1,"name":"Inicio","item":"https:\/\/educacioncontinua.pascualbravo.edu.co\/"},{"@type":"ListItem","position":2,"name":"Oferta acad\u00e9mica","item":"https:\/\/educacioncontinua.pascualbravo.edu.co\/?page_id=14"},{"@type":"ListItem","position":3,"name":"Microcredencial Procesos Administrativos"}]},{"@type":"WebSite","@id":"https:\/\/educacioncontinua.pascualbravo.edu.co\/#website","url":"https:\/\/educacioncontinua.pascualbravo.edu.co\/","name":"Unidad de Educaci\u00f3n Continua - I.U. Pascual Bravo","description":"Unidad de Educaci\u00f3n Continua - I.U. Pascual Bravo","publisher":{"@id":"https:\/\/educacioncontinua.pascualbravo.edu.co\/#organization"},"potentialAction":[{"@type":"SearchAction","target":{"@type":"EntryPoint","urlTemplate":"https:\/\/educacioncontinua.pascualbravo.edu.co\/?s={search_term_string}"},"query-input":"required name=search_term_string"}],"inLanguage":"es-CO"},{"@type":"Organization","@id":"https:\/\/educacioncontinua.pascualbravo.edu.co\/#organization","name":"Unidad de Educaci\u00f3n Continua - I.U. Pascual Bravo","url":"https:\/\/educacioncontinua.pascualbravo.edu.co\/","logo":{"@type":"ImageObject","inLanguage":"es-CO","@id":"https:\/\/educacioncontinua.pascualbravo.edu.co\/#\/schema\/logo\/image\/","url":"https:\/\/educacioncontinua.pascualbravo.edu.co\/wp-content\/uploads\/2020\/12\/Pascual-Bravo.png","contentUrl":"https:\/\/educacioncontinua.pascualbravo.edu.co\/wp-content\/uploads\/2020\/12\/Pascual-Bravo.png","width":300,"height":77,"caption":"Unidad de Educaci\u00f3n Continua - I.U. Pascual Bravo"},"image":{"@id":"https:\/\/educacioncontinua.pascualbravo.edu.co\/#\/schema\/logo\/image\/"}}]}},"_links":{"self":[{"href":"https:\/\/educacioncontinua.pascualbravo.edu.co\/index.php?rest_route=\/wp\/v2\/product\/6538"}],"collection":[{"href":"https:\/\/educacioncontinua.pascualbravo.edu.co\/index.php?rest_route=\/wp\/v2\/product"}],"about":[{"href":"https:\/\/educacioncontinua.pascualbravo.edu.co\/index.php?rest_route=\/wp\/v2\/types\/product"}],"replies":[{"embeddable":true,"href":"https:\/\/educacioncontinua.pascualbravo.edu.co\/index.php?rest_route=%2Fwp%2Fv2%2Fcomments&post=6538"}],"wp:featuredmedia":[{"embeddable":true,"href":"https:\/\/educacioncontinua.pascualbravo.edu.co\/index.php?rest_route=\/wp\/v2\/media\/6722"}],"wp:attachment":[{"href":"https:\/\/educacioncontinua.pascualbravo.edu.co\/index.php?rest_route=%2Fwp%2Fv2%2Fmedia&parent=6538"}],"wp:term":[{"taxonomy":"product_cat","embeddable":true,"href":"https:\/\/educacioncontinua.pascualbravo.edu.co\/index.php?rest_route=%2Fwp%2Fv2%2Fproduct_cat&post=6538"},{"taxonomy":"product_tag","embeddable":true,"href":"https:\/\/educacioncontinua.pascualbravo.edu.co\/index.php?rest_route=%2Fwp%2Fv2%2Fproduct_tag&post=6538"},{"taxonomy":"tipo_oferta","embeddable":true,"href":"https:\/\/educacioncontinua.pascualbravo.edu.co\/index.php?rest_route=%2Fwp%2Fv2%2Ftipo_oferta&post=6538"},{"taxonomy":"modalidad","embeddable":true,"href":"https:\/\/educacioncontinua.pascualbravo.edu.co\/index.php?rest_route=%2Fwp%2Fv2%2Fmodalidad&post=6538"},{"taxonomy":"nivel","embeddable":true,"href":"https:\/\/educacioncontinua.pascualbravo.edu.co\/index.php?rest_route=%2Fwp%2Fv2%2Fnivel&post=6538"},{"taxonomy":"tipo_de_programa","embeddable":true,"href":"https:\/\/educacioncontinua.pascualbravo.edu.co\/index.php?rest_route=%2Fwp%2Fv2%2Ftipo_de_programa&post=6538"}],"curies":[{"name":"wp","href":"https:\/\/api.w.org\/{rel}","templated":true}]}}