{"id":6531,"date":"2025-07-30T16:17:01","date_gmt":"2025-07-30T21:17:01","guid":{"rendered":"https:\/\/educacioncontinua.pascualbravo.edu.co\/?post_type=product&#038;p=6531"},"modified":"2025-11-26T16:35:44","modified_gmt":"2025-11-26T21:35:44","slug":"microcredencial-formulacion-y-evaluacion-de-proyectos","status":"publish","type":"product","link":"https:\/\/educacioncontinua.pascualbravo.edu.co\/?product=microcredencial-formulacion-y-evaluacion-de-proyectos","title":{"rendered":"Macrocredencial  Formulaci\u00f3n y Evaluaci\u00f3n de Proyectos"},"content":{"rendered":"<h3>Macrocredencial Formulaci\u00f3n y Evaluaci\u00f3n de Proyectos<\/h3>\n<h3>Ingenier\u00eda administrativa<\/h3>\n<p>El acreditado con esta macrocredencial dise\u00f1a soluciones estrat\u00e9gicas orientadas al cumplimiento de objetivos organizacionales, adapt\u00e1ndose a contextos espec\u00edficos. A trav\u00e9s de la formulaci\u00f3n de proyectos, estructura planes efectivos que incluyen recursos, cronogramas y metas claras. Eval\u00faa la viabilidad t\u00e9cnica, econ\u00f3mica y operativa de las propuestas y, mediante an\u00e1lisis rigurosos, asegura la implementaci\u00f3n de proyectos que optimicen procesos y generen valor sostenible para la organizaci\u00f3n.<\/p>\n<h5>Habilidades<\/h5>\n<p><!--aqu\u00ed empieza acoerde\u00f3n de qu\u00e9 vas a aprender--><\/p>\n<ul>\n<li>Formulaci\u00f3n de proyectos<\/li>\n<li>An\u00e1lisis de viabilidad<\/li>\n<li>Optimizaci\u00f3n de recursos<\/li>\n<li>Gesti\u00f3n de riesgos t\u00e9cnicos<\/li>\n<li>Evaluaci\u00f3n de mercado<\/li>\n<li>Planificaci\u00f3n estrat\u00e9gica<\/li>\n<li>An\u00e1lisis financiero b\u00e1sico<\/li>\n<li>Gesti\u00f3n de equipos<\/li>\n<li>Toma de decisiones<\/li>\n<li>Monitoreo de indicadores<\/li>\n<\/ul>\n<p>&nbsp;<\/p>\n<p><strong>\u00a0 \u00a0 \u00a0Microcertificaci\u00f3n para grupo cerrado de empresas<\/strong><\/p>\n<p>Para m\u00e1s informaci\u00f3n escr\u00edbenos a <strong>educacion.continua@pascualbravo.edu.co<\/strong><\/p>\n","protected":false},"excerpt":{"rendered":"<p>Macrocredencial Formulaci\u00f3n y Evaluaci\u00f3n de Proyectos Ingenier\u00eda administrativa El acreditado con esta macrocredencial dise\u00f1a soluciones estrat\u00e9gicas orientadas al cumplimiento de objetivos organizacionales, adapt\u00e1ndose a contextos espec\u00edficos. A trav\u00e9s de la formulaci\u00f3n de proyectos, estructura planes efectivos que incluyen recursos, cronogramas y metas claras. Eval\u00faa la viabilidad t\u00e9cnica, econ\u00f3mica y operativa de las propuestas y, mediante [&hellip;]<\/p>\n","protected":false},"featured_media":6715,"comment_status":"open","ping_status":"closed","template":"","meta":{"_acf_changed":false},"product_cat":[144,135],"product_tag":[67],"tipo_oferta":[],"modalidad":[],"nivel":[],"tipo_de_programa":[],"acf":[],"yoast_head":"<!-- This site is optimized with the Yoast SEO plugin v22.9 - https:\/\/yoast.com\/wordpress\/plugins\/seo\/ -->\n<title>Macrocredencial Formulaci\u00f3n y Evaluaci\u00f3n de Proyectos - Unidad de Educaci\u00f3n Continua - I.U. Pascual Bravo<\/title>\n<meta name=\"robots\" content=\"index, follow, max-snippet:-1, max-image-preview:large, max-video-preview:-1\" \/>\n<link rel=\"canonical\" href=\"https:\/\/educacioncontinua.pascualbravo.edu.co\/?product=microcredencial-formulacion-y-evaluacion-de-proyectos\" \/>\n<meta property=\"og:locale\" content=\"es_ES\" \/>\n<meta property=\"og:type\" content=\"article\" \/>\n<meta property=\"og:title\" content=\"Macrocredencial Formulaci\u00f3n y Evaluaci\u00f3n de Proyectos - Unidad de Educaci\u00f3n Continua - I.U. Pascual Bravo\" \/>\n<meta property=\"og:description\" content=\"Macrocredencial Formulaci\u00f3n y Evaluaci\u00f3n de Proyectos Ingenier\u00eda administrativa El acreditado con esta macrocredencial dise\u00f1a soluciones estrat\u00e9gicas orientadas al cumplimiento de objetivos organizacionales, adapt\u00e1ndose a contextos espec\u00edficos. A trav\u00e9s de la formulaci\u00f3n de proyectos, estructura planes efectivos que incluyen recursos, cronogramas y metas claras. Eval\u00faa la viabilidad t\u00e9cnica, econ\u00f3mica y operativa de las propuestas y, mediante [&hellip;]\" \/>\n<meta property=\"og:url\" content=\"https:\/\/educacioncontinua.pascualbravo.edu.co\/?product=microcredencial-formulacion-y-evaluacion-de-proyectos\" \/>\n<meta property=\"og:site_name\" content=\"Unidad de Educaci\u00f3n Continua - I.U. Pascual Bravo\" \/>\n<meta property=\"article:modified_time\" content=\"2025-11-26T21:35:44+00:00\" \/>\n<meta property=\"og:image\" content=\"https:\/\/educacioncontinua.pascualbravo.edu.co\/wp-content\/uploads\/2025\/07\/Ingenieria-Administrativa-Formulacion-y-Evaluacion-de-Proyectos.webp\" \/>\n\t<meta property=\"og:image:width\" content=\"628\" \/>\n\t<meta property=\"og:image:height\" content=\"629\" \/>\n\t<meta property=\"og:image:type\" content=\"image\/webp\" \/>\n<meta name=\"twitter:card\" content=\"summary_large_image\" \/>\n<meta name=\"twitter:label1\" content=\"Tiempo de lectura\" \/>\n\t<meta name=\"twitter:data1\" content=\"1 minuto\" \/>\n<script type=\"application\/ld+json\" class=\"yoast-schema-graph\">{\"@context\":\"https:\/\/schema.org\",\"@graph\":[{\"@type\":\"WebPage\",\"@id\":\"https:\/\/educacioncontinua.pascualbravo.edu.co\/?product=microcredencial-formulacion-y-evaluacion-de-proyectos\",\"url\":\"https:\/\/educacioncontinua.pascualbravo.edu.co\/?product=microcredencial-formulacion-y-evaluacion-de-proyectos\",\"name\":\"Macrocredencial Formulaci\u00f3n y Evaluaci\u00f3n de Proyectos - Unidad de Educaci\u00f3n Continua - I.U. Pascual Bravo\",\"isPartOf\":{\"@id\":\"https:\/\/educacioncontinua.pascualbravo.edu.co\/#website\"},\"primaryImageOfPage\":{\"@id\":\"https:\/\/educacioncontinua.pascualbravo.edu.co\/?product=microcredencial-formulacion-y-evaluacion-de-proyectos#primaryimage\"},\"image\":{\"@id\":\"https:\/\/educacioncontinua.pascualbravo.edu.co\/?product=microcredencial-formulacion-y-evaluacion-de-proyectos#primaryimage\"},\"thumbnailUrl\":\"https:\/\/educacioncontinua.pascualbravo.edu.co\/wp-content\/uploads\/2025\/07\/Ingenieria-Administrativa-Formulacion-y-Evaluacion-de-Proyectos.webp\",\"datePublished\":\"2025-07-30T21:17:01+00:00\",\"dateModified\":\"2025-11-26T21:35:44+00:00\",\"breadcrumb\":{\"@id\":\"https:\/\/educacioncontinua.pascualbravo.edu.co\/?product=microcredencial-formulacion-y-evaluacion-de-proyectos#breadcrumb\"},\"inLanguage\":\"es-CO\",\"potentialAction\":[{\"@type\":\"ReadAction\",\"target\":[\"https:\/\/educacioncontinua.pascualbravo.edu.co\/?product=microcredencial-formulacion-y-evaluacion-de-proyectos\"]}]},{\"@type\":\"ImageObject\",\"inLanguage\":\"es-CO\",\"@id\":\"https:\/\/educacioncontinua.pascualbravo.edu.co\/?product=microcredencial-formulacion-y-evaluacion-de-proyectos#primaryimage\",\"url\":\"https:\/\/educacioncontinua.pascualbravo.edu.co\/wp-content\/uploads\/2025\/07\/Ingenieria-Administrativa-Formulacion-y-Evaluacion-de-Proyectos.webp\",\"contentUrl\":\"https:\/\/educacioncontinua.pascualbravo.edu.co\/wp-content\/uploads\/2025\/07\/Ingenieria-Administrativa-Formulacion-y-Evaluacion-de-Proyectos.webp\",\"width\":628,\"height\":629},{\"@type\":\"BreadcrumbList\",\"@id\":\"https:\/\/educacioncontinua.pascualbravo.edu.co\/?product=microcredencial-formulacion-y-evaluacion-de-proyectos#breadcrumb\",\"itemListElement\":[{\"@type\":\"ListItem\",\"position\":1,\"name\":\"Inicio\",\"item\":\"https:\/\/educacioncontinua.pascualbravo.edu.co\/\"},{\"@type\":\"ListItem\",\"position\":2,\"name\":\"Oferta acad\u00e9mica\",\"item\":\"https:\/\/educacioncontinua.pascualbravo.edu.co\/?page_id=14\"},{\"@type\":\"ListItem\",\"position\":3,\"name\":\"Macrocredencial Formulaci\u00f3n y Evaluaci\u00f3n de Proyectos\"}]},{\"@type\":\"WebSite\",\"@id\":\"https:\/\/educacioncontinua.pascualbravo.edu.co\/#website\",\"url\":\"https:\/\/educacioncontinua.pascualbravo.edu.co\/\",\"name\":\"Unidad de Educaci\u00f3n Continua - I.U. Pascual Bravo\",\"description\":\"Unidad de Educaci\u00f3n Continua - I.U. Pascual Bravo\",\"publisher\":{\"@id\":\"https:\/\/educacioncontinua.pascualbravo.edu.co\/#organization\"},\"potentialAction\":[{\"@type\":\"SearchAction\",\"target\":{\"@type\":\"EntryPoint\",\"urlTemplate\":\"https:\/\/educacioncontinua.pascualbravo.edu.co\/?s={search_term_string}\"},\"query-input\":\"required name=search_term_string\"}],\"inLanguage\":\"es-CO\"},{\"@type\":\"Organization\",\"@id\":\"https:\/\/educacioncontinua.pascualbravo.edu.co\/#organization\",\"name\":\"Unidad de Educaci\u00f3n Continua - I.U. Pascual Bravo\",\"url\":\"https:\/\/educacioncontinua.pascualbravo.edu.co\/\",\"logo\":{\"@type\":\"ImageObject\",\"inLanguage\":\"es-CO\",\"@id\":\"https:\/\/educacioncontinua.pascualbravo.edu.co\/#\/schema\/logo\/image\/\",\"url\":\"https:\/\/educacioncontinua.pascualbravo.edu.co\/wp-content\/uploads\/2020\/12\/Pascual-Bravo.png\",\"contentUrl\":\"https:\/\/educacioncontinua.pascualbravo.edu.co\/wp-content\/uploads\/2020\/12\/Pascual-Bravo.png\",\"width\":300,\"height\":77,\"caption\":\"Unidad de Educaci\u00f3n Continua - I.U. Pascual Bravo\"},\"image\":{\"@id\":\"https:\/\/educacioncontinua.pascualbravo.edu.co\/#\/schema\/logo\/image\/\"}}]}<\/script>\n<!-- \/ Yoast SEO plugin. -->","yoast_head_json":{"title":"Macrocredencial Formulaci\u00f3n y Evaluaci\u00f3n de Proyectos - Unidad de Educaci\u00f3n Continua - I.U. Pascual Bravo","robots":{"index":"index","follow":"follow","max-snippet":"max-snippet:-1","max-image-preview":"max-image-preview:large","max-video-preview":"max-video-preview:-1"},"canonical":"https:\/\/educacioncontinua.pascualbravo.edu.co\/?product=microcredencial-formulacion-y-evaluacion-de-proyectos","og_locale":"es_ES","og_type":"article","og_title":"Macrocredencial Formulaci\u00f3n y Evaluaci\u00f3n de Proyectos - Unidad de Educaci\u00f3n Continua - I.U. Pascual Bravo","og_description":"Macrocredencial Formulaci\u00f3n y Evaluaci\u00f3n de Proyectos Ingenier\u00eda administrativa El acreditado con esta macrocredencial dise\u00f1a soluciones estrat\u00e9gicas orientadas al cumplimiento de objetivos organizacionales, adapt\u00e1ndose a contextos espec\u00edficos. A trav\u00e9s de la formulaci\u00f3n de proyectos, estructura planes efectivos que incluyen recursos, cronogramas y metas claras. Eval\u00faa la viabilidad t\u00e9cnica, econ\u00f3mica y operativa de las propuestas y, mediante [&hellip;]","og_url":"https:\/\/educacioncontinua.pascualbravo.edu.co\/?product=microcredencial-formulacion-y-evaluacion-de-proyectos","og_site_name":"Unidad de Educaci\u00f3n Continua - I.U. Pascual Bravo","article_modified_time":"2025-11-26T21:35:44+00:00","og_image":[{"width":628,"height":629,"url":"https:\/\/educacioncontinua.pascualbravo.edu.co\/wp-content\/uploads\/2025\/07\/Ingenieria-Administrativa-Formulacion-y-Evaluacion-de-Proyectos.webp","type":"image\/webp"}],"twitter_card":"summary_large_image","twitter_misc":{"Tiempo de lectura":"1 minuto"},"schema":{"@context":"https:\/\/schema.org","@graph":[{"@type":"WebPage","@id":"https:\/\/educacioncontinua.pascualbravo.edu.co\/?product=microcredencial-formulacion-y-evaluacion-de-proyectos","url":"https:\/\/educacioncontinua.pascualbravo.edu.co\/?product=microcredencial-formulacion-y-evaluacion-de-proyectos","name":"Macrocredencial Formulaci\u00f3n y Evaluaci\u00f3n de Proyectos - Unidad de Educaci\u00f3n Continua - I.U. Pascual Bravo","isPartOf":{"@id":"https:\/\/educacioncontinua.pascualbravo.edu.co\/#website"},"primaryImageOfPage":{"@id":"https:\/\/educacioncontinua.pascualbravo.edu.co\/?product=microcredencial-formulacion-y-evaluacion-de-proyectos#primaryimage"},"image":{"@id":"https:\/\/educacioncontinua.pascualbravo.edu.co\/?product=microcredencial-formulacion-y-evaluacion-de-proyectos#primaryimage"},"thumbnailUrl":"https:\/\/educacioncontinua.pascualbravo.edu.co\/wp-content\/uploads\/2025\/07\/Ingenieria-Administrativa-Formulacion-y-Evaluacion-de-Proyectos.webp","datePublished":"2025-07-30T21:17:01+00:00","dateModified":"2025-11-26T21:35:44+00:00","breadcrumb":{"@id":"https:\/\/educacioncontinua.pascualbravo.edu.co\/?product=microcredencial-formulacion-y-evaluacion-de-proyectos#breadcrumb"},"inLanguage":"es-CO","potentialAction":[{"@type":"ReadAction","target":["https:\/\/educacioncontinua.pascualbravo.edu.co\/?product=microcredencial-formulacion-y-evaluacion-de-proyectos"]}]},{"@type":"ImageObject","inLanguage":"es-CO","@id":"https:\/\/educacioncontinua.pascualbravo.edu.co\/?product=microcredencial-formulacion-y-evaluacion-de-proyectos#primaryimage","url":"https:\/\/educacioncontinua.pascualbravo.edu.co\/wp-content\/uploads\/2025\/07\/Ingenieria-Administrativa-Formulacion-y-Evaluacion-de-Proyectos.webp","contentUrl":"https:\/\/educacioncontinua.pascualbravo.edu.co\/wp-content\/uploads\/2025\/07\/Ingenieria-Administrativa-Formulacion-y-Evaluacion-de-Proyectos.webp","width":628,"height":629},{"@type":"BreadcrumbList","@id":"https:\/\/educacioncontinua.pascualbravo.edu.co\/?product=microcredencial-formulacion-y-evaluacion-de-proyectos#breadcrumb","itemListElement":[{"@type":"ListItem","position":1,"name":"Inicio","item":"https:\/\/educacioncontinua.pascualbravo.edu.co\/"},{"@type":"ListItem","position":2,"name":"Oferta acad\u00e9mica","item":"https:\/\/educacioncontinua.pascualbravo.edu.co\/?page_id=14"},{"@type":"ListItem","position":3,"name":"Macrocredencial Formulaci\u00f3n y Evaluaci\u00f3n de Proyectos"}]},{"@type":"WebSite","@id":"https:\/\/educacioncontinua.pascualbravo.edu.co\/#website","url":"https:\/\/educacioncontinua.pascualbravo.edu.co\/","name":"Unidad de Educaci\u00f3n Continua - I.U. Pascual Bravo","description":"Unidad de Educaci\u00f3n Continua - I.U. Pascual Bravo","publisher":{"@id":"https:\/\/educacioncontinua.pascualbravo.edu.co\/#organization"},"potentialAction":[{"@type":"SearchAction","target":{"@type":"EntryPoint","urlTemplate":"https:\/\/educacioncontinua.pascualbravo.edu.co\/?s={search_term_string}"},"query-input":"required name=search_term_string"}],"inLanguage":"es-CO"},{"@type":"Organization","@id":"https:\/\/educacioncontinua.pascualbravo.edu.co\/#organization","name":"Unidad de Educaci\u00f3n Continua - I.U. Pascual Bravo","url":"https:\/\/educacioncontinua.pascualbravo.edu.co\/","logo":{"@type":"ImageObject","inLanguage":"es-CO","@id":"https:\/\/educacioncontinua.pascualbravo.edu.co\/#\/schema\/logo\/image\/","url":"https:\/\/educacioncontinua.pascualbravo.edu.co\/wp-content\/uploads\/2020\/12\/Pascual-Bravo.png","contentUrl":"https:\/\/educacioncontinua.pascualbravo.edu.co\/wp-content\/uploads\/2020\/12\/Pascual-Bravo.png","width":300,"height":77,"caption":"Unidad de Educaci\u00f3n Continua - I.U. Pascual Bravo"},"image":{"@id":"https:\/\/educacioncontinua.pascualbravo.edu.co\/#\/schema\/logo\/image\/"}}]}},"_links":{"self":[{"href":"https:\/\/educacioncontinua.pascualbravo.edu.co\/index.php?rest_route=\/wp\/v2\/product\/6531"}],"collection":[{"href":"https:\/\/educacioncontinua.pascualbravo.edu.co\/index.php?rest_route=\/wp\/v2\/product"}],"about":[{"href":"https:\/\/educacioncontinua.pascualbravo.edu.co\/index.php?rest_route=\/wp\/v2\/types\/product"}],"replies":[{"embeddable":true,"href":"https:\/\/educacioncontinua.pascualbravo.edu.co\/index.php?rest_route=%2Fwp%2Fv2%2Fcomments&post=6531"}],"wp:featuredmedia":[{"embeddable":true,"href":"https:\/\/educacioncontinua.pascualbravo.edu.co\/index.php?rest_route=\/wp\/v2\/media\/6715"}],"wp:attachment":[{"href":"https:\/\/educacioncontinua.pascualbravo.edu.co\/index.php?rest_route=%2Fwp%2Fv2%2Fmedia&parent=6531"}],"wp:term":[{"taxonomy":"product_cat","embeddable":true,"href":"https:\/\/educacioncontinua.pascualbravo.edu.co\/index.php?rest_route=%2Fwp%2Fv2%2Fproduct_cat&post=6531"},{"taxonomy":"product_tag","embeddable":true,"href":"https:\/\/educacioncontinua.pascualbravo.edu.co\/index.php?rest_route=%2Fwp%2Fv2%2Fproduct_tag&post=6531"},{"taxonomy":"tipo_oferta","embeddable":true,"href":"https:\/\/educacioncontinua.pascualbravo.edu.co\/index.php?rest_route=%2Fwp%2Fv2%2Ftipo_oferta&post=6531"},{"taxonomy":"modalidad","embeddable":true,"href":"https:\/\/educacioncontinua.pascualbravo.edu.co\/index.php?rest_route=%2Fwp%2Fv2%2Fmodalidad&post=6531"},{"taxonomy":"nivel","embeddable":true,"href":"https:\/\/educacioncontinua.pascualbravo.edu.co\/index.php?rest_route=%2Fwp%2Fv2%2Fnivel&post=6531"},{"taxonomy":"tipo_de_programa","embeddable":true,"href":"https:\/\/educacioncontinua.pascualbravo.edu.co\/index.php?rest_route=%2Fwp%2Fv2%2Ftipo_de_programa&post=6531"}],"curies":[{"name":"wp","href":"https:\/\/api.w.org\/{rel}","templated":true}]}}