{"id":6249,"date":"2025-01-23T11:50:45","date_gmt":"2025-01-23T16:50:45","guid":{"rendered":"https:\/\/educacioncontinua.pascualbravo.edu.co\/?post_type=product&#038;p=6249"},"modified":"2025-09-19T15:56:53","modified_gmt":"2025-09-19T20:56:53","slug":"fundamentos-de-interactividad-en-realidad-virtual-2","status":"publish","type":"product","link":"https:\/\/educacioncontinua.pascualbravo.edu.co\/?product=fundamentos-de-interactividad-en-realidad-virtual-2","title":{"rendered":"Curso Fundamentos de Interactividad en Realidad\u00a0Virtual"},"content":{"rendered":"<p><!-- <iframe title=\"Video publicitario - Curso MOOC Programaci\u00f3n para no programadores PYTHON\" src=\"https:\/\/www.youtube.com\/embed\/E4mrVbQOqbA\" width=\"1280\" height=\"400\" frameborder=\"0\" allowfullscreen=\"allowfullscreen\"><span data-mce-type=\"bookmark\" style=\"display: inline-block; width: 0px; overflow: hidden; line-height: 0;\" class=\"mce_SELRES_start\"><\/span><span data-mce-type=\"bookmark\" style=\"display: inline-block; width: 0px; overflow: hidden; line-height: 0;\" class=\"mce_SELRES_start\"><\/span><span data-mce-type=\"bookmark\" style=\"display: inline-block; width: 0px; overflow: hidden; line-height: 0;\" class=\"mce_SELRES_start\"><\/span><\/iframe>\n\nQuiz\u00e1s has pensado trabajar en el sector agr\u00edcola, o est\u00e1s interesado en laborar en una f\u00e1brica de carros o aviones, o te llama la atenci\u00f3n la ingenier\u00eda (software, telecomunicaciones, civil, biom\u00e9dica, entre otras); cualquiera que sea el sector en el que te desenvuelvas, la programaci\u00f3n estar\u00e1 ah\u00ed, pues actualmente encontramos la programaci\u00f3n en \u201ctodos lados\u201d.\n\nPor medio de un programa, los humanos dan instrucciones a m\u00e1quinas para solucionar un problema. Eventualmente y en entornos acad\u00e9micos, esos problemas son abstracciones de situaciones reales, donde se suprimen algunos detalles. En el campo real de acci\u00f3n, un programador aporta soluciones significativas que son de gran valor para las compa\u00f1\u00edas. En este curso, usted ser\u00e1 introducido al lenguaje de programaci\u00f3n Python, uno de los m\u00e1s populares debido a que es f\u00e1cil de aprender y usar, es un lenguaje maduro y posee una amplia comunidad de soporte, tiene miles de librer\u00edas y frameworks, integra paquetes para el aprendizaje autom\u00e1tico y la computaci\u00f3n en la nube, entre otras.--><\/p>\n<h5>Objetivo general:<\/h5>\n<p>Este curso explora los principios b\u00e1sicos de la creaci\u00f3n de experiencias interactivas en realidad virtual (VR). Los estudiantes aprender\u00e1n a trabajar con motores gr\u00e1ficos como Unity para construir entornos inmersivos, dise\u00f1ar interacciones de usuario y optimizar para dispositivos VR.<\/p>\n<div>\n<h5>Lo que vas a aprender:<\/h5>\n<p>En este curso se Desarrollaran competencias para dise\u00f1ar y crear experiencias interactivas en realidad virtual, comprendiendo el uso de herramientas, t\u00e9cnicas de optimizaci\u00f3n, y configuraciones necesarias para exportarlas a dispositivos compatibles como Meta Quest y plataformas Open XR.<\/p>\n<div id=\"accordionExample\" class=\"accordion\">\n<div class=\"card ec-card\">\n<div id=\"headingOne\" class=\"card-header ec-header\"><button class=\"btn btn-link btn-block text-left ec-btn\" type=\"button\" data-toggle=\"collapse\" data-target=\"#collapseOne\"><br \/>\nContenidos<\/button><\/div>\n<div id=\"collapseOne\" class=\"collapse show\" aria-labelledby=\"headingOne\" data-parent=\"#accordionExample\">\n<div class=\"card-body ec-cardbody\">\n<ul>\n<li>Introducci\u00f3n a la realidad virtual y sus aplicaciones.<\/li>\n<li>Dise\u00f1o de entornos inmersivos y navegaci\u00f3n en VR.<\/li>\n<li>Interacciones y uso de controladores en realidad virtual.<\/li>\n<li>Integraci\u00f3n de efectos de sonido y optimizaci\u00f3n para VR.<\/li>\n<\/ul>\n<p><!--<strong>Conociendo el mundo Pythonista<\/strong>\n\n\n<ul>\n \t\n\n<li>Introducci\u00f3n al uso de Python<\/li>\n\n\n \t\n\n<li>Caracter\u00edsticas de Python<\/li>\n\n\n \t\n\n<li>Entornos de trabajo para Python<\/li>\n\n\n \t\n\n<li>Uso de funciones<\/li>\n\n\n \t\n\n<li>Librer\u00edas de terceros<\/li>\n\n\n<\/ul>\n\n\n<strong>Explorando la estructura de Python (siendo un Pythonista)<\/strong>\n\n\n<ul>\n \t\n\n<li>Tipos de datos y operadores<\/li>\n\n\n \t\n\n<li>Condicionales y bucles<\/li>\n\n\n \t\n\n<li>Funciones<\/li>\n\n\n<\/ul>\n\n\n<strong>Se un Python rockstart <\/strong>\n\nLibrer\u00edas para la computaci\u00f3n, an\u00e1lisis y visualizaci\u00f3n de datos\n\nEl inicio del curso se encuentra sujeto a la inscripci\u00f3n del cupo m\u00ednimo de 15 participantes.--><\/p>\n<\/div>\n<\/div>\n<\/div>\n<\/div>\n<\/div>\n","protected":false},"excerpt":{"rendered":"<p>Objetivo general: Este curso explora los principios b\u00e1sicos de la creaci\u00f3n de experiencias interactivas en realidad virtual (VR). Los estudiantes aprender\u00e1n a trabajar con motores gr\u00e1ficos como Unity para construir entornos inmersivos, dise\u00f1ar interacciones de usuario y optimizar para dispositivos VR. Lo que vas a aprender: En este curso se Desarrollaran competencias para dise\u00f1ar y [&hellip;]<\/p>\n","protected":false},"featured_media":6723,"comment_status":"open","ping_status":"closed","template":"","meta":{"_acf_changed":false},"product_cat":[137,65],"product_tag":[67],"tipo_oferta":[88],"modalidad":[92],"nivel":[112],"tipo_de_programa":[],"acf":[],"yoast_head":"<!-- This site is optimized with the Yoast SEO plugin v22.9 - https:\/\/yoast.com\/wordpress\/plugins\/seo\/ -->\n<title>Curso Fundamentos de Interactividad en Realidad\u00a0Virtual - Unidad de Educaci\u00f3n Continua - I.U. Pascual Bravo<\/title>\n<meta name=\"robots\" content=\"index, follow, max-snippet:-1, max-image-preview:large, max-video-preview:-1\" \/>\n<link rel=\"canonical\" href=\"https:\/\/educacioncontinua.pascualbravo.edu.co\/?product=fundamentos-de-interactividad-en-realidad-virtual-2\" \/>\n<meta property=\"og:locale\" content=\"es_ES\" \/>\n<meta property=\"og:type\" content=\"article\" \/>\n<meta property=\"og:title\" content=\"Curso Fundamentos de Interactividad en Realidad\u00a0Virtual - Unidad de Educaci\u00f3n Continua - I.U. Pascual Bravo\" \/>\n<meta property=\"og:description\" content=\"Objetivo general: Este curso explora los principios b\u00e1sicos de la creaci\u00f3n de experiencias interactivas en realidad virtual (VR). Los estudiantes aprender\u00e1n a trabajar con motores gr\u00e1ficos como Unity para construir entornos inmersivos, dise\u00f1ar interacciones de usuario y optimizar para dispositivos VR. Lo que vas a aprender: En este curso se Desarrollaran competencias para dise\u00f1ar y [&hellip;]\" \/>\n<meta property=\"og:url\" content=\"https:\/\/educacioncontinua.pascualbravo.edu.co\/?product=fundamentos-de-interactividad-en-realidad-virtual-2\" \/>\n<meta property=\"og:site_name\" content=\"Unidad de Educaci\u00f3n Continua - I.U. Pascual Bravo\" \/>\n<meta property=\"article:modified_time\" content=\"2025-09-19T20:56:53+00:00\" \/>\n<meta property=\"og:image\" content=\"https:\/\/educacioncontinua.pascualbravo.edu.co\/wp-content\/uploads\/2025\/01\/Miniatura-Fundamentos-de-Interactividad-en-la-Realidad-Virtual-1.webp\" \/>\n\t<meta property=\"og:image:width\" content=\"629\" \/>\n\t<meta property=\"og:image:height\" content=\"628\" \/>\n\t<meta property=\"og:image:type\" content=\"image\/webp\" \/>\n<meta name=\"twitter:card\" content=\"summary_large_image\" \/>\n<meta name=\"twitter:label1\" content=\"Tiempo de lectura\" \/>\n\t<meta name=\"twitter:data1\" content=\"1 minuto\" \/>\n<script type=\"application\/ld+json\" class=\"yoast-schema-graph\">{\"@context\":\"https:\/\/schema.org\",\"@graph\":[{\"@type\":\"WebPage\",\"@id\":\"https:\/\/educacioncontinua.pascualbravo.edu.co\/?product=fundamentos-de-interactividad-en-realidad-virtual-2\",\"url\":\"https:\/\/educacioncontinua.pascualbravo.edu.co\/?product=fundamentos-de-interactividad-en-realidad-virtual-2\",\"name\":\"Curso Fundamentos de Interactividad en Realidad\u00a0Virtual - Unidad de Educaci\u00f3n Continua - I.U. Pascual Bravo\",\"isPartOf\":{\"@id\":\"https:\/\/educacioncontinua.pascualbravo.edu.co\/#website\"},\"primaryImageOfPage\":{\"@id\":\"https:\/\/educacioncontinua.pascualbravo.edu.co\/?product=fundamentos-de-interactividad-en-realidad-virtual-2#primaryimage\"},\"image\":{\"@id\":\"https:\/\/educacioncontinua.pascualbravo.edu.co\/?product=fundamentos-de-interactividad-en-realidad-virtual-2#primaryimage\"},\"thumbnailUrl\":\"https:\/\/educacioncontinua.pascualbravo.edu.co\/wp-content\/uploads\/2025\/01\/Miniatura-Fundamentos-de-Interactividad-en-la-Realidad-Virtual-1.webp\",\"datePublished\":\"2025-01-23T16:50:45+00:00\",\"dateModified\":\"2025-09-19T20:56:53+00:00\",\"breadcrumb\":{\"@id\":\"https:\/\/educacioncontinua.pascualbravo.edu.co\/?product=fundamentos-de-interactividad-en-realidad-virtual-2#breadcrumb\"},\"inLanguage\":\"es-CO\",\"potentialAction\":[{\"@type\":\"ReadAction\",\"target\":[\"https:\/\/educacioncontinua.pascualbravo.edu.co\/?product=fundamentos-de-interactividad-en-realidad-virtual-2\"]}]},{\"@type\":\"ImageObject\",\"inLanguage\":\"es-CO\",\"@id\":\"https:\/\/educacioncontinua.pascualbravo.edu.co\/?product=fundamentos-de-interactividad-en-realidad-virtual-2#primaryimage\",\"url\":\"https:\/\/educacioncontinua.pascualbravo.edu.co\/wp-content\/uploads\/2025\/01\/Miniatura-Fundamentos-de-Interactividad-en-la-Realidad-Virtual-1.webp\",\"contentUrl\":\"https:\/\/educacioncontinua.pascualbravo.edu.co\/wp-content\/uploads\/2025\/01\/Miniatura-Fundamentos-de-Interactividad-en-la-Realidad-Virtual-1.webp\",\"width\":629,\"height\":628},{\"@type\":\"BreadcrumbList\",\"@id\":\"https:\/\/educacioncontinua.pascualbravo.edu.co\/?product=fundamentos-de-interactividad-en-realidad-virtual-2#breadcrumb\",\"itemListElement\":[{\"@type\":\"ListItem\",\"position\":1,\"name\":\"Inicio\",\"item\":\"https:\/\/educacioncontinua.pascualbravo.edu.co\/\"},{\"@type\":\"ListItem\",\"position\":2,\"name\":\"Oferta acad\u00e9mica\",\"item\":\"https:\/\/educacioncontinua.pascualbravo.edu.co\/?page_id=14\"},{\"@type\":\"ListItem\",\"position\":3,\"name\":\"Curso Fundamentos de Interactividad en Realidad\u00a0Virtual\"}]},{\"@type\":\"WebSite\",\"@id\":\"https:\/\/educacioncontinua.pascualbravo.edu.co\/#website\",\"url\":\"https:\/\/educacioncontinua.pascualbravo.edu.co\/\",\"name\":\"Unidad de Educaci\u00f3n Continua - I.U. Pascual Bravo\",\"description\":\"Unidad de Educaci\u00f3n Continua - I.U. Pascual Bravo\",\"publisher\":{\"@id\":\"https:\/\/educacioncontinua.pascualbravo.edu.co\/#organization\"},\"potentialAction\":[{\"@type\":\"SearchAction\",\"target\":{\"@type\":\"EntryPoint\",\"urlTemplate\":\"https:\/\/educacioncontinua.pascualbravo.edu.co\/?s={search_term_string}\"},\"query-input\":\"required name=search_term_string\"}],\"inLanguage\":\"es-CO\"},{\"@type\":\"Organization\",\"@id\":\"https:\/\/educacioncontinua.pascualbravo.edu.co\/#organization\",\"name\":\"Unidad de Educaci\u00f3n Continua - I.U. Pascual Bravo\",\"url\":\"https:\/\/educacioncontinua.pascualbravo.edu.co\/\",\"logo\":{\"@type\":\"ImageObject\",\"inLanguage\":\"es-CO\",\"@id\":\"https:\/\/educacioncontinua.pascualbravo.edu.co\/#\/schema\/logo\/image\/\",\"url\":\"https:\/\/educacioncontinua.pascualbravo.edu.co\/wp-content\/uploads\/2020\/12\/Pascual-Bravo.png\",\"contentUrl\":\"https:\/\/educacioncontinua.pascualbravo.edu.co\/wp-content\/uploads\/2020\/12\/Pascual-Bravo.png\",\"width\":300,\"height\":77,\"caption\":\"Unidad de Educaci\u00f3n Continua - I.U. Pascual Bravo\"},\"image\":{\"@id\":\"https:\/\/educacioncontinua.pascualbravo.edu.co\/#\/schema\/logo\/image\/\"}}]}<\/script>\n<!-- \/ Yoast SEO plugin. -->","yoast_head_json":{"title":"Curso Fundamentos de Interactividad en Realidad\u00a0Virtual - Unidad de Educaci\u00f3n Continua - I.U. Pascual Bravo","robots":{"index":"index","follow":"follow","max-snippet":"max-snippet:-1","max-image-preview":"max-image-preview:large","max-video-preview":"max-video-preview:-1"},"canonical":"https:\/\/educacioncontinua.pascualbravo.edu.co\/?product=fundamentos-de-interactividad-en-realidad-virtual-2","og_locale":"es_ES","og_type":"article","og_title":"Curso Fundamentos de Interactividad en Realidad\u00a0Virtual - Unidad de Educaci\u00f3n Continua - I.U. Pascual Bravo","og_description":"Objetivo general: Este curso explora los principios b\u00e1sicos de la creaci\u00f3n de experiencias interactivas en realidad virtual (VR). Los estudiantes aprender\u00e1n a trabajar con motores gr\u00e1ficos como Unity para construir entornos inmersivos, dise\u00f1ar interacciones de usuario y optimizar para dispositivos VR. Lo que vas a aprender: En este curso se Desarrollaran competencias para dise\u00f1ar y [&hellip;]","og_url":"https:\/\/educacioncontinua.pascualbravo.edu.co\/?product=fundamentos-de-interactividad-en-realidad-virtual-2","og_site_name":"Unidad de Educaci\u00f3n Continua - I.U. Pascual Bravo","article_modified_time":"2025-09-19T20:56:53+00:00","og_image":[{"width":629,"height":628,"url":"https:\/\/educacioncontinua.pascualbravo.edu.co\/wp-content\/uploads\/2025\/01\/Miniatura-Fundamentos-de-Interactividad-en-la-Realidad-Virtual-1.webp","type":"image\/webp"}],"twitter_card":"summary_large_image","twitter_misc":{"Tiempo de lectura":"1 minuto"},"schema":{"@context":"https:\/\/schema.org","@graph":[{"@type":"WebPage","@id":"https:\/\/educacioncontinua.pascualbravo.edu.co\/?product=fundamentos-de-interactividad-en-realidad-virtual-2","url":"https:\/\/educacioncontinua.pascualbravo.edu.co\/?product=fundamentos-de-interactividad-en-realidad-virtual-2","name":"Curso Fundamentos de Interactividad en Realidad\u00a0Virtual - Unidad de Educaci\u00f3n Continua - I.U. Pascual Bravo","isPartOf":{"@id":"https:\/\/educacioncontinua.pascualbravo.edu.co\/#website"},"primaryImageOfPage":{"@id":"https:\/\/educacioncontinua.pascualbravo.edu.co\/?product=fundamentos-de-interactividad-en-realidad-virtual-2#primaryimage"},"image":{"@id":"https:\/\/educacioncontinua.pascualbravo.edu.co\/?product=fundamentos-de-interactividad-en-realidad-virtual-2#primaryimage"},"thumbnailUrl":"https:\/\/educacioncontinua.pascualbravo.edu.co\/wp-content\/uploads\/2025\/01\/Miniatura-Fundamentos-de-Interactividad-en-la-Realidad-Virtual-1.webp","datePublished":"2025-01-23T16:50:45+00:00","dateModified":"2025-09-19T20:56:53+00:00","breadcrumb":{"@id":"https:\/\/educacioncontinua.pascualbravo.edu.co\/?product=fundamentos-de-interactividad-en-realidad-virtual-2#breadcrumb"},"inLanguage":"es-CO","potentialAction":[{"@type":"ReadAction","target":["https:\/\/educacioncontinua.pascualbravo.edu.co\/?product=fundamentos-de-interactividad-en-realidad-virtual-2"]}]},{"@type":"ImageObject","inLanguage":"es-CO","@id":"https:\/\/educacioncontinua.pascualbravo.edu.co\/?product=fundamentos-de-interactividad-en-realidad-virtual-2#primaryimage","url":"https:\/\/educacioncontinua.pascualbravo.edu.co\/wp-content\/uploads\/2025\/01\/Miniatura-Fundamentos-de-Interactividad-en-la-Realidad-Virtual-1.webp","contentUrl":"https:\/\/educacioncontinua.pascualbravo.edu.co\/wp-content\/uploads\/2025\/01\/Miniatura-Fundamentos-de-Interactividad-en-la-Realidad-Virtual-1.webp","width":629,"height":628},{"@type":"BreadcrumbList","@id":"https:\/\/educacioncontinua.pascualbravo.edu.co\/?product=fundamentos-de-interactividad-en-realidad-virtual-2#breadcrumb","itemListElement":[{"@type":"ListItem","position":1,"name":"Inicio","item":"https:\/\/educacioncontinua.pascualbravo.edu.co\/"},{"@type":"ListItem","position":2,"name":"Oferta acad\u00e9mica","item":"https:\/\/educacioncontinua.pascualbravo.edu.co\/?page_id=14"},{"@type":"ListItem","position":3,"name":"Curso Fundamentos de Interactividad en Realidad\u00a0Virtual"}]},{"@type":"WebSite","@id":"https:\/\/educacioncontinua.pascualbravo.edu.co\/#website","url":"https:\/\/educacioncontinua.pascualbravo.edu.co\/","name":"Unidad de Educaci\u00f3n Continua - I.U. Pascual Bravo","description":"Unidad de Educaci\u00f3n Continua - I.U. Pascual Bravo","publisher":{"@id":"https:\/\/educacioncontinua.pascualbravo.edu.co\/#organization"},"potentialAction":[{"@type":"SearchAction","target":{"@type":"EntryPoint","urlTemplate":"https:\/\/educacioncontinua.pascualbravo.edu.co\/?s={search_term_string}"},"query-input":"required name=search_term_string"}],"inLanguage":"es-CO"},{"@type":"Organization","@id":"https:\/\/educacioncontinua.pascualbravo.edu.co\/#organization","name":"Unidad de Educaci\u00f3n Continua - I.U. Pascual Bravo","url":"https:\/\/educacioncontinua.pascualbravo.edu.co\/","logo":{"@type":"ImageObject","inLanguage":"es-CO","@id":"https:\/\/educacioncontinua.pascualbravo.edu.co\/#\/schema\/logo\/image\/","url":"https:\/\/educacioncontinua.pascualbravo.edu.co\/wp-content\/uploads\/2020\/12\/Pascual-Bravo.png","contentUrl":"https:\/\/educacioncontinua.pascualbravo.edu.co\/wp-content\/uploads\/2020\/12\/Pascual-Bravo.png","width":300,"height":77,"caption":"Unidad de Educaci\u00f3n Continua - I.U. Pascual Bravo"},"image":{"@id":"https:\/\/educacioncontinua.pascualbravo.edu.co\/#\/schema\/logo\/image\/"}}]}},"_links":{"self":[{"href":"https:\/\/educacioncontinua.pascualbravo.edu.co\/index.php?rest_route=\/wp\/v2\/product\/6249"}],"collection":[{"href":"https:\/\/educacioncontinua.pascualbravo.edu.co\/index.php?rest_route=\/wp\/v2\/product"}],"about":[{"href":"https:\/\/educacioncontinua.pascualbravo.edu.co\/index.php?rest_route=\/wp\/v2\/types\/product"}],"replies":[{"embeddable":true,"href":"https:\/\/educacioncontinua.pascualbravo.edu.co\/index.php?rest_route=%2Fwp%2Fv2%2Fcomments&post=6249"}],"wp:featuredmedia":[{"embeddable":true,"href":"https:\/\/educacioncontinua.pascualbravo.edu.co\/index.php?rest_route=\/wp\/v2\/media\/6723"}],"wp:attachment":[{"href":"https:\/\/educacioncontinua.pascualbravo.edu.co\/index.php?rest_route=%2Fwp%2Fv2%2Fmedia&parent=6249"}],"wp:term":[{"taxonomy":"product_cat","embeddable":true,"href":"https:\/\/educacioncontinua.pascualbravo.edu.co\/index.php?rest_route=%2Fwp%2Fv2%2Fproduct_cat&post=6249"},{"taxonomy":"product_tag","embeddable":true,"href":"https:\/\/educacioncontinua.pascualbravo.edu.co\/index.php?rest_route=%2Fwp%2Fv2%2Fproduct_tag&post=6249"},{"taxonomy":"tipo_oferta","embeddable":true,"href":"https:\/\/educacioncontinua.pascualbravo.edu.co\/index.php?rest_route=%2Fwp%2Fv2%2Ftipo_oferta&post=6249"},{"taxonomy":"modalidad","embeddable":true,"href":"https:\/\/educacioncontinua.pascualbravo.edu.co\/index.php?rest_route=%2Fwp%2Fv2%2Fmodalidad&post=6249"},{"taxonomy":"nivel","embeddable":true,"href":"https:\/\/educacioncontinua.pascualbravo.edu.co\/index.php?rest_route=%2Fwp%2Fv2%2Fnivel&post=6249"},{"taxonomy":"tipo_de_programa","embeddable":true,"href":"https:\/\/educacioncontinua.pascualbravo.edu.co\/index.php?rest_route=%2Fwp%2Fv2%2Ftipo_de_programa&post=6249"}],"curies":[{"name":"wp","href":"https:\/\/api.w.org\/{rel}","templated":true}]}}