{"id":5506,"date":"2023-05-23T12:39:23","date_gmt":"2023-05-23T17:39:23","guid":{"rendered":"https:\/\/educacioncontinua.pascualbravo.edu.co\/?post_type=product&#038;p=5506"},"modified":"2025-06-04T15:38:28","modified_gmt":"2025-06-04T20:38:28","slug":"robotica-basica-con-materiales-reciclables","status":"publish","type":"product","link":"https:\/\/educacioncontinua.pascualbravo.edu.co\/?product=robotica-basica-con-materiales-reciclables","title":{"rendered":"Rob\u00f3tica b\u00e1sica con materiales reciclables"},"content":{"rendered":"<p>Este curso permitir\u00e1 a ni\u00f1os y ni\u00f1as conocer aspectos b\u00e1sicos de la rob\u00f3tica y c\u00f3mo estos han influido en la tecnolog\u00eda de nuestros d\u00edas. Aprender\u00e1n a Identificar y reconocer qu\u00e9 es un robot, los tipos de robots y sus principales componentes. Al final del curso realizar\u00e1n la construcci\u00f3n de un robot con materiales reciclables, basado en electr\u00f3nica b\u00e1sica que responda a est\u00edmulos externos.<br \/>\nLos ni\u00f1os podr\u00e1n asimilar los conceptos b\u00e1sicos de la electricidad y electr\u00f3nica, resaltando sensores como sentidos del robot, Arduino como cerebro y motores como m\u00fasculos.<\/p>\n<h5>Objetivo general:<\/h5>\n<p>Construir un robot b\u00e1sico con materiales reciclables, utilizando electr\u00f3nica, programaci\u00f3n y mec\u00e1nica, para comprender el funcionamiento b\u00e1sico de un robot.<\/p>\n<h5>Objetivos espec\u00edficos:<\/h5>\n<ul>\n<li>Comprender los conceptos b\u00e1sicos de electr\u00f3nica y electricidad, por medio de montajes pr\u00e1cticos y simulaciones, para implementar las conexiones necesarias del robot.<\/li>\n<li>Programar la placa Arduino, utilizando el lenguaje gr\u00e1fico de mBlock, para que el robot realice las secuencias para que el robot realice las tareas que el estudiante desea.<\/li>\n<li>Armar la estructura del robot usando materiales reciclables, para que este realice movimientos y detecte obst\u00e1culos.<\/li>\n<\/ul>\n<h5>Lo que vas a aprender:<\/h5>\n<p><strong>Introducci\u00f3n a la electr\u00f3nica<\/strong><\/p>\n<ul>\n<li>\u00bfQu\u00e9 es la electricidad?<\/li>\n<li>Experimentos con electricidad<\/li>\n<\/ul>\n<p><strong>Inscripci\u00f3n Tinkercad<\/strong><\/p>\n<ul>\n<li>Inscripci\u00f3n y reconocimiento de elementos del software.<\/li>\n<li>Manejo de la protoboard<\/li>\n<\/ul>\n<p><strong>\u00a0<\/strong><strong>Montajes Tinkercad<\/strong><\/p>\n<ul>\n<li>Circuitos en serie y paralelo<\/li>\n<li>Montaje circuito serie y paralelo con Leds.<\/li>\n<\/ul>\n<p><strong>Uso del mult\u00edmetro<\/strong><\/p>\n<ul>\n<li>Medici\u00f3n de continuidad y voltaje.<\/li>\n<li>resistencias<\/li>\n<\/ul>\n<p><strong>Arduino y Tinkercad (lenguaje Gr\u00e1fico)<\/strong><\/p>\n<ul>\n<li>Programaci\u00f3n sem\u00e1foro<\/li>\n<li>Programaci\u00f3n de motores<\/li>\n<\/ul>\n<p><strong>\u00a0<\/strong><strong>Sensores, Arduino y Tinkercad (lenguaje Grafico)<\/strong><strong>\u00a0<\/strong><\/p>\n<ul>\n<li>Sensores digitales<\/li>\n<li>Aplicaci\u00f3n practica<strong>\u00a0<\/strong><\/li>\n<\/ul>\n<p><strong>Sensores ultrasonido<\/strong><strong>\u00a0<\/strong><\/p>\n<ul>\n<li>Programaci\u00f3n sensor ultrasonido<\/li>\n<li>Aplicaciones practicas<\/li>\n<\/ul>\n<p><strong>Armado de estructura del\u00a0<\/strong><strong>robot<\/strong><\/p>\n<ul>\n<li>Construcci\u00f3n de la parte mec\u00e1nica<\/li>\n<\/ul>\n<p><strong>\u00a0<\/strong><strong>Armado de estructura y conexiones el\u00e9ctricas.<\/strong><strong>\u00a0<\/strong><\/p>\n<ul>\n<li>Construcci\u00f3n del robot<\/li>\n<\/ul>\n<p><strong>\u00a0<\/strong><strong>Montaje final de estructura con conexiones<\/strong><strong>\u00a0<\/strong><\/p>\n<ul>\n<li>Construcci\u00f3n del robot<\/li>\n<\/ul>\n<p><strong>Programaci\u00f3n de robot para movimientos b\u00e1sicos<\/strong><strong>\u00a0<\/strong><\/p>\n<ul>\n<li>Programaci\u00f3n placa Arduino<\/li>\n<\/ul>\n<p><strong>Programaci\u00f3n de sensores.<\/strong><\/p>\n<ul>\n<li>\u00a0Programaci\u00f3n placa Arduino<strong>\u00a0<\/strong><\/li>\n<\/ul>\n<p><strong>Programaci\u00f3n de robot para ejecuci\u00f3n de tarea.<\/strong><strong>\u00a0<\/strong><\/p>\n<ul>\n<li>Programaci\u00f3n placa Arduino<\/li>\n<\/ul>\n<p><strong>\u00a0<\/strong><strong>Pruebas iniciales<\/strong><strong>\u00a0<\/strong><\/p>\n<ul>\n<li>Programaci\u00f3n placa Arduino<\/li>\n<\/ul>\n<p><strong>\u00a0<\/strong><strong>Pruebas finales<\/strong><strong>\u00a0<\/strong><\/p>\n<ul>\n<li>Pruebas finales de robot funcionando para la tarea asignada<\/li>\n<\/ul>\n<hr \/>\n<p>El inicio del curso se encuentra sujeto a la inscripci\u00f3n del cupo m\u00ednimo de 19 participantes.<\/p>\n<ul>\n<li><b>Horarios: S\u00e1bados 9 a.m. a 12 p.m.\u00a0<\/b><\/li>\n<li><b>Edades: 7 hasta 15 a\u00f1os<\/b><\/li>\n<\/ul>\n","protected":false},"excerpt":{"rendered":"<p>Este curso permitir\u00e1 a ni\u00f1os y ni\u00f1as conocer aspectos b\u00e1sicos de la rob\u00f3tica y c\u00f3mo estos han influido en la tecnolog\u00eda de nuestros d\u00edas. Aprender\u00e1n a Identificar y reconocer qu\u00e9 es un robot, los tipos de robots y sus principales componentes. Al final del curso realizar\u00e1n la construcci\u00f3n de un robot con materiales reciclables, basado [&hellip;]<\/p>\n","protected":false},"featured_media":5516,"comment_status":"open","ping_status":"closed","template":"","meta":{"_acf_changed":false},"product_cat":[72],"product_tag":[67],"tipo_oferta":[88],"modalidad":[92],"nivel":[93],"tipo_de_programa":[],"acf":[],"yoast_head":"<!-- This site is optimized with the Yoast SEO plugin v22.9 - https:\/\/yoast.com\/wordpress\/plugins\/seo\/ -->\n<title>Rob\u00f3tica b\u00e1sica con materiales reciclables - Unidad de Educaci\u00f3n Continua - I.U. Pascual Bravo<\/title>\n<meta name=\"robots\" content=\"index, follow, max-snippet:-1, max-image-preview:large, max-video-preview:-1\" \/>\n<link rel=\"canonical\" href=\"https:\/\/educacioncontinua.pascualbravo.edu.co\/?product=robotica-basica-con-materiales-reciclables\" \/>\n<meta property=\"og:locale\" content=\"es_ES\" \/>\n<meta property=\"og:type\" content=\"article\" \/>\n<meta property=\"og:title\" content=\"Rob\u00f3tica b\u00e1sica con materiales reciclables - Unidad de Educaci\u00f3n Continua - I.U. Pascual Bravo\" \/>\n<meta property=\"og:description\" content=\"Este curso permitir\u00e1 a ni\u00f1os y ni\u00f1as conocer aspectos b\u00e1sicos de la rob\u00f3tica y c\u00f3mo estos han influido en la tecnolog\u00eda de nuestros d\u00edas. Aprender\u00e1n a Identificar y reconocer qu\u00e9 es un robot, los tipos de robots y sus principales componentes. Al final del curso realizar\u00e1n la construcci\u00f3n de un robot con materiales reciclables, basado [&hellip;]\" \/>\n<meta property=\"og:url\" content=\"https:\/\/educacioncontinua.pascualbravo.edu.co\/?product=robotica-basica-con-materiales-reciclables\" \/>\n<meta property=\"og:site_name\" content=\"Unidad de Educaci\u00f3n Continua - I.U. Pascual Bravo\" \/>\n<meta property=\"article:modified_time\" content=\"2025-06-04T20:38:28+00:00\" \/>\n<meta property=\"og:image\" content=\"https:\/\/educacioncontinua.pascualbravo.edu.co\/wp-content\/uploads\/2023\/05\/cuadrada-robotica-reciclable.jpg\" \/>\n\t<meta property=\"og:image:width\" content=\"301\" \/>\n\t<meta property=\"og:image:height\" content=\"301\" \/>\n\t<meta property=\"og:image:type\" content=\"image\/jpeg\" \/>\n<meta name=\"twitter:card\" content=\"summary_large_image\" \/>\n<meta name=\"twitter:label1\" content=\"Tiempo de lectura\" \/>\n\t<meta name=\"twitter:data1\" content=\"2 minutos\" \/>\n<script type=\"application\/ld+json\" class=\"yoast-schema-graph\">{\"@context\":\"https:\/\/schema.org\",\"@graph\":[{\"@type\":\"WebPage\",\"@id\":\"https:\/\/educacioncontinua.pascualbravo.edu.co\/?product=robotica-basica-con-materiales-reciclables\",\"url\":\"https:\/\/educacioncontinua.pascualbravo.edu.co\/?product=robotica-basica-con-materiales-reciclables\",\"name\":\"Rob\u00f3tica b\u00e1sica con materiales reciclables - Unidad de Educaci\u00f3n Continua - I.U. Pascual Bravo\",\"isPartOf\":{\"@id\":\"https:\/\/educacioncontinua.pascualbravo.edu.co\/#website\"},\"primaryImageOfPage\":{\"@id\":\"https:\/\/educacioncontinua.pascualbravo.edu.co\/?product=robotica-basica-con-materiales-reciclables#primaryimage\"},\"image\":{\"@id\":\"https:\/\/educacioncontinua.pascualbravo.edu.co\/?product=robotica-basica-con-materiales-reciclables#primaryimage\"},\"thumbnailUrl\":\"https:\/\/educacioncontinua.pascualbravo.edu.co\/wp-content\/uploads\/2023\/05\/cuadrada-robotica-reciclable.jpg\",\"datePublished\":\"2023-05-23T17:39:23+00:00\",\"dateModified\":\"2025-06-04T20:38:28+00:00\",\"breadcrumb\":{\"@id\":\"https:\/\/educacioncontinua.pascualbravo.edu.co\/?product=robotica-basica-con-materiales-reciclables#breadcrumb\"},\"inLanguage\":\"es-CO\",\"potentialAction\":[{\"@type\":\"ReadAction\",\"target\":[\"https:\/\/educacioncontinua.pascualbravo.edu.co\/?product=robotica-basica-con-materiales-reciclables\"]}]},{\"@type\":\"ImageObject\",\"inLanguage\":\"es-CO\",\"@id\":\"https:\/\/educacioncontinua.pascualbravo.edu.co\/?product=robotica-basica-con-materiales-reciclables#primaryimage\",\"url\":\"https:\/\/educacioncontinua.pascualbravo.edu.co\/wp-content\/uploads\/2023\/05\/cuadrada-robotica-reciclable.jpg\",\"contentUrl\":\"https:\/\/educacioncontinua.pascualbravo.edu.co\/wp-content\/uploads\/2023\/05\/cuadrada-robotica-reciclable.jpg\",\"width\":301,\"height\":301},{\"@type\":\"BreadcrumbList\",\"@id\":\"https:\/\/educacioncontinua.pascualbravo.edu.co\/?product=robotica-basica-con-materiales-reciclables#breadcrumb\",\"itemListElement\":[{\"@type\":\"ListItem\",\"position\":1,\"name\":\"Inicio\",\"item\":\"https:\/\/educacioncontinua.pascualbravo.edu.co\/\"},{\"@type\":\"ListItem\",\"position\":2,\"name\":\"Oferta acad\u00e9mica\",\"item\":\"https:\/\/educacioncontinua.pascualbravo.edu.co\/?page_id=14\"},{\"@type\":\"ListItem\",\"position\":3,\"name\":\"Rob\u00f3tica b\u00e1sica con materiales reciclables\"}]},{\"@type\":\"WebSite\",\"@id\":\"https:\/\/educacioncontinua.pascualbravo.edu.co\/#website\",\"url\":\"https:\/\/educacioncontinua.pascualbravo.edu.co\/\",\"name\":\"Unidad de Educaci\u00f3n Continua - I.U. Pascual Bravo\",\"description\":\"Unidad de Educaci\u00f3n Continua - I.U. Pascual Bravo\",\"publisher\":{\"@id\":\"https:\/\/educacioncontinua.pascualbravo.edu.co\/#organization\"},\"potentialAction\":[{\"@type\":\"SearchAction\",\"target\":{\"@type\":\"EntryPoint\",\"urlTemplate\":\"https:\/\/educacioncontinua.pascualbravo.edu.co\/?s={search_term_string}\"},\"query-input\":\"required name=search_term_string\"}],\"inLanguage\":\"es-CO\"},{\"@type\":\"Organization\",\"@id\":\"https:\/\/educacioncontinua.pascualbravo.edu.co\/#organization\",\"name\":\"Unidad de Educaci\u00f3n Continua - I.U. Pascual Bravo\",\"url\":\"https:\/\/educacioncontinua.pascualbravo.edu.co\/\",\"logo\":{\"@type\":\"ImageObject\",\"inLanguage\":\"es-CO\",\"@id\":\"https:\/\/educacioncontinua.pascualbravo.edu.co\/#\/schema\/logo\/image\/\",\"url\":\"https:\/\/educacioncontinua.pascualbravo.edu.co\/wp-content\/uploads\/2020\/12\/Pascual-Bravo.png\",\"contentUrl\":\"https:\/\/educacioncontinua.pascualbravo.edu.co\/wp-content\/uploads\/2020\/12\/Pascual-Bravo.png\",\"width\":300,\"height\":77,\"caption\":\"Unidad de Educaci\u00f3n Continua - I.U. Pascual Bravo\"},\"image\":{\"@id\":\"https:\/\/educacioncontinua.pascualbravo.edu.co\/#\/schema\/logo\/image\/\"}}]}<\/script>\n<!-- \/ Yoast SEO plugin. -->","yoast_head_json":{"title":"Rob\u00f3tica b\u00e1sica con materiales reciclables - Unidad de Educaci\u00f3n Continua - I.U. Pascual Bravo","robots":{"index":"index","follow":"follow","max-snippet":"max-snippet:-1","max-image-preview":"max-image-preview:large","max-video-preview":"max-video-preview:-1"},"canonical":"https:\/\/educacioncontinua.pascualbravo.edu.co\/?product=robotica-basica-con-materiales-reciclables","og_locale":"es_ES","og_type":"article","og_title":"Rob\u00f3tica b\u00e1sica con materiales reciclables - Unidad de Educaci\u00f3n Continua - I.U. Pascual Bravo","og_description":"Este curso permitir\u00e1 a ni\u00f1os y ni\u00f1as conocer aspectos b\u00e1sicos de la rob\u00f3tica y c\u00f3mo estos han influido en la tecnolog\u00eda de nuestros d\u00edas. Aprender\u00e1n a Identificar y reconocer qu\u00e9 es un robot, los tipos de robots y sus principales componentes. Al final del curso realizar\u00e1n la construcci\u00f3n de un robot con materiales reciclables, basado [&hellip;]","og_url":"https:\/\/educacioncontinua.pascualbravo.edu.co\/?product=robotica-basica-con-materiales-reciclables","og_site_name":"Unidad de Educaci\u00f3n Continua - I.U. Pascual Bravo","article_modified_time":"2025-06-04T20:38:28+00:00","og_image":[{"width":301,"height":301,"url":"https:\/\/educacioncontinua.pascualbravo.edu.co\/wp-content\/uploads\/2023\/05\/cuadrada-robotica-reciclable.jpg","type":"image\/jpeg"}],"twitter_card":"summary_large_image","twitter_misc":{"Tiempo de lectura":"2 minutos"},"schema":{"@context":"https:\/\/schema.org","@graph":[{"@type":"WebPage","@id":"https:\/\/educacioncontinua.pascualbravo.edu.co\/?product=robotica-basica-con-materiales-reciclables","url":"https:\/\/educacioncontinua.pascualbravo.edu.co\/?product=robotica-basica-con-materiales-reciclables","name":"Rob\u00f3tica b\u00e1sica con materiales reciclables - Unidad de Educaci\u00f3n Continua - I.U. Pascual Bravo","isPartOf":{"@id":"https:\/\/educacioncontinua.pascualbravo.edu.co\/#website"},"primaryImageOfPage":{"@id":"https:\/\/educacioncontinua.pascualbravo.edu.co\/?product=robotica-basica-con-materiales-reciclables#primaryimage"},"image":{"@id":"https:\/\/educacioncontinua.pascualbravo.edu.co\/?product=robotica-basica-con-materiales-reciclables#primaryimage"},"thumbnailUrl":"https:\/\/educacioncontinua.pascualbravo.edu.co\/wp-content\/uploads\/2023\/05\/cuadrada-robotica-reciclable.jpg","datePublished":"2023-05-23T17:39:23+00:00","dateModified":"2025-06-04T20:38:28+00:00","breadcrumb":{"@id":"https:\/\/educacioncontinua.pascualbravo.edu.co\/?product=robotica-basica-con-materiales-reciclables#breadcrumb"},"inLanguage":"es-CO","potentialAction":[{"@type":"ReadAction","target":["https:\/\/educacioncontinua.pascualbravo.edu.co\/?product=robotica-basica-con-materiales-reciclables"]}]},{"@type":"ImageObject","inLanguage":"es-CO","@id":"https:\/\/educacioncontinua.pascualbravo.edu.co\/?product=robotica-basica-con-materiales-reciclables#primaryimage","url":"https:\/\/educacioncontinua.pascualbravo.edu.co\/wp-content\/uploads\/2023\/05\/cuadrada-robotica-reciclable.jpg","contentUrl":"https:\/\/educacioncontinua.pascualbravo.edu.co\/wp-content\/uploads\/2023\/05\/cuadrada-robotica-reciclable.jpg","width":301,"height":301},{"@type":"BreadcrumbList","@id":"https:\/\/educacioncontinua.pascualbravo.edu.co\/?product=robotica-basica-con-materiales-reciclables#breadcrumb","itemListElement":[{"@type":"ListItem","position":1,"name":"Inicio","item":"https:\/\/educacioncontinua.pascualbravo.edu.co\/"},{"@type":"ListItem","position":2,"name":"Oferta acad\u00e9mica","item":"https:\/\/educacioncontinua.pascualbravo.edu.co\/?page_id=14"},{"@type":"ListItem","position":3,"name":"Rob\u00f3tica b\u00e1sica con materiales reciclables"}]},{"@type":"WebSite","@id":"https:\/\/educacioncontinua.pascualbravo.edu.co\/#website","url":"https:\/\/educacioncontinua.pascualbravo.edu.co\/","name":"Unidad de Educaci\u00f3n Continua - I.U. Pascual Bravo","description":"Unidad de Educaci\u00f3n Continua - I.U. Pascual Bravo","publisher":{"@id":"https:\/\/educacioncontinua.pascualbravo.edu.co\/#organization"},"potentialAction":[{"@type":"SearchAction","target":{"@type":"EntryPoint","urlTemplate":"https:\/\/educacioncontinua.pascualbravo.edu.co\/?s={search_term_string}"},"query-input":"required name=search_term_string"}],"inLanguage":"es-CO"},{"@type":"Organization","@id":"https:\/\/educacioncontinua.pascualbravo.edu.co\/#organization","name":"Unidad de Educaci\u00f3n Continua - I.U. Pascual Bravo","url":"https:\/\/educacioncontinua.pascualbravo.edu.co\/","logo":{"@type":"ImageObject","inLanguage":"es-CO","@id":"https:\/\/educacioncontinua.pascualbravo.edu.co\/#\/schema\/logo\/image\/","url":"https:\/\/educacioncontinua.pascualbravo.edu.co\/wp-content\/uploads\/2020\/12\/Pascual-Bravo.png","contentUrl":"https:\/\/educacioncontinua.pascualbravo.edu.co\/wp-content\/uploads\/2020\/12\/Pascual-Bravo.png","width":300,"height":77,"caption":"Unidad de Educaci\u00f3n Continua - I.U. Pascual Bravo"},"image":{"@id":"https:\/\/educacioncontinua.pascualbravo.edu.co\/#\/schema\/logo\/image\/"}}]}},"_links":{"self":[{"href":"https:\/\/educacioncontinua.pascualbravo.edu.co\/index.php?rest_route=\/wp\/v2\/product\/5506"}],"collection":[{"href":"https:\/\/educacioncontinua.pascualbravo.edu.co\/index.php?rest_route=\/wp\/v2\/product"}],"about":[{"href":"https:\/\/educacioncontinua.pascualbravo.edu.co\/index.php?rest_route=\/wp\/v2\/types\/product"}],"replies":[{"embeddable":true,"href":"https:\/\/educacioncontinua.pascualbravo.edu.co\/index.php?rest_route=%2Fwp%2Fv2%2Fcomments&post=5506"}],"wp:featuredmedia":[{"embeddable":true,"href":"https:\/\/educacioncontinua.pascualbravo.edu.co\/index.php?rest_route=\/wp\/v2\/media\/5516"}],"wp:attachment":[{"href":"https:\/\/educacioncontinua.pascualbravo.edu.co\/index.php?rest_route=%2Fwp%2Fv2%2Fmedia&parent=5506"}],"wp:term":[{"taxonomy":"product_cat","embeddable":true,"href":"https:\/\/educacioncontinua.pascualbravo.edu.co\/index.php?rest_route=%2Fwp%2Fv2%2Fproduct_cat&post=5506"},{"taxonomy":"product_tag","embeddable":true,"href":"https:\/\/educacioncontinua.pascualbravo.edu.co\/index.php?rest_route=%2Fwp%2Fv2%2Fproduct_tag&post=5506"},{"taxonomy":"tipo_oferta","embeddable":true,"href":"https:\/\/educacioncontinua.pascualbravo.edu.co\/index.php?rest_route=%2Fwp%2Fv2%2Ftipo_oferta&post=5506"},{"taxonomy":"modalidad","embeddable":true,"href":"https:\/\/educacioncontinua.pascualbravo.edu.co\/index.php?rest_route=%2Fwp%2Fv2%2Fmodalidad&post=5506"},{"taxonomy":"nivel","embeddable":true,"href":"https:\/\/educacioncontinua.pascualbravo.edu.co\/index.php?rest_route=%2Fwp%2Fv2%2Fnivel&post=5506"},{"taxonomy":"tipo_de_programa","embeddable":true,"href":"https:\/\/educacioncontinua.pascualbravo.edu.co\/index.php?rest_route=%2Fwp%2Fv2%2Ftipo_de_programa&post=5506"}],"curies":[{"name":"wp","href":"https:\/\/api.w.org\/{rel}","templated":true}]}}