{"id":5409,"date":"2023-04-15T14:38:37","date_gmt":"2023-04-15T19:38:37","guid":{"rendered":"https:\/\/educacioncontinua.pascualbravo.edu.co\/?post_type=product&#038;p=5409"},"modified":"2025-06-05T11:34:51","modified_gmt":"2025-06-05T16:34:51","slug":"robotica-avanzada-para-ninos-preparacion-para-nivel-de-impresion-3d","status":"publish","type":"product","link":"https:\/\/educacioncontinua.pascualbravo.edu.co\/?product=robotica-avanzada-para-ninos-preparacion-para-nivel-de-impresion-3d","title":{"rendered":"Rob\u00f3tica avanzada para ni\u00f1os (preparaci\u00f3n para nivel de impresi\u00f3n 3D)"},"content":{"rendered":"<p>En la actualidad el desarrollo y manipulaci\u00f3n de tecnolog\u00edas de punta por parte de las naciones es un eje fundamental en el desarrollo de las mismas. Una de estas \u00e1reas es la implementaci\u00f3n de dispositivos rob\u00f3ticos los cuales han ido aumentando su presencia en una gran cantidad de sectores desde el ensamble de productos en la parte industrial hasta las aplicaciones biom\u00e9dicas en salas de cirug\u00eda.<br \/>\nTeniendo esto en cuenta se deben formar las futuras generaciones de ciudadanos no solo en el uso de estas tecnolog\u00edas sino tambi\u00e9n en el dise\u00f1o e implementaci\u00f3n de las mismas.<br \/>\nAtendiendo a la demanda de capacitaci\u00f3n al curso de rob\u00f3tica, se imparte el curso objeto de este documento temas como movilidad de robot b\u00edpedos, robots balanceadores control y configuraci\u00f3n de robots manipuladores adem\u00e1s de sistemas integrados de producci\u00f3n rob\u00f3ticos. Todo esto para tener una formaci\u00f3n integral y de alto nivel para nuestro futuro que son nuestros ni\u00f1os y j\u00f3venes.<\/p>\n<h5>Objetivo general:<\/h5>\n<p>Dar formaci\u00f3n b\u00e1sica a los participantes del curso en los aspectos de programaci\u00f3n, rob\u00f3tica m\u00f3vil y manipuladora<\/p>\n<h5>Objetivos espec\u00edficos:<\/h5>\n<ul>\n<li>Fomentar el inter\u00e9s en las ciencias y rob\u00f3tica.<\/li>\n<li>Alfabetizar tecnol\u00f3gicamente al estudiante.<\/li>\n<li>Estimular el esp\u00edritu de la investigaci\u00f3n.<\/li>\n<li>Profundizar en los en los conceptos te\u00f3rico pr\u00e1cticos de la rob\u00f3tica m\u00f3vil.<\/li>\n<li>Profundizar en los en los conceptos te\u00f3rico pr\u00e1cticos de la rob\u00f3tica manipuladora.<\/li>\n<li>Despertar en los alumnos el desarrollo de la l\u00f3gica.<\/li>\n<\/ul>\n<h5>Lo que vas a aprender:<\/h5>\n<ul>\n<li><strong>M\u00f3dulo 1: <\/strong>repaso de conceptos b\u00e1sicos de rob\u00f3tica<\/li>\n<li><strong>M\u00f3dulo 2: <\/strong>inicializaci\u00f3n a programaci\u00f3n en bloques (scrach)<\/li>\n<li><strong>M\u00f3dulo 3: <\/strong>construcci\u00f3n de robot balanceador<\/li>\n<li><strong>M\u00f3dulo 4: <\/strong>programaci\u00f3n de robot balanceador<\/li>\n<li><strong>M\u00f3dulo 5: <\/strong>robots inspirados animales: robot Perrito como caso de estudio<\/li>\n<li><strong>M\u00f3dulo 6: <\/strong>programaci\u00f3n de robot Perrito<\/li>\n<li><strong>M\u00f3dulo 7: <\/strong>introducci\u00f3n al kit de expansi\u00f3n de lego.<\/li>\n<li><strong>M\u00f3dulo 8: <\/strong>construcci\u00f3n de robot elefante.<\/li>\n<li><strong>M\u00f3dulo 9: <\/strong>construcci\u00f3n de robot elefante.<\/li>\n<li><strong>M\u00f3dulo 10: <\/strong>programaci\u00f3n de robot elefante.<\/li>\n<li><strong>M\u00f3dulo 11: <\/strong>introducci\u00f3n a los robots manipuladores<\/li>\n<li><strong>M\u00f3dulo 12: <\/strong>implementaci\u00f3n de robot manipulador<\/li>\n<li><strong>M\u00f3dulo 13: <\/strong>programaci\u00f3n de robot manipulador<\/li>\n<li><strong>M\u00f3dulo 14: <\/strong>implementaci\u00f3n de robot manipulador<\/li>\n<li><strong>M\u00f3dulo 15: <\/strong>implementaci\u00f3n de robot manipulador<\/li>\n<\/ul>\n<p>El inicio del curso se encuentra sujeto a la inscripci\u00f3n del cupo m\u00ednimo de 15 participantes.<\/p>\n<ul>\n<li><b>Fecha de inicio:\u00a0<\/b><\/li>\n<li><b>Fecha de fin:\u00a0<\/b><\/li>\n<li><b>Horarios: s\u00e1bados 9:00 am a 12:00 m<\/b><\/li>\n<li><b>Edades: 8 a 15 a\u00f1os<\/b><\/li>\n<\/ul>\n","protected":false},"excerpt":{"rendered":"<p>En la actualidad el desarrollo y manipulaci\u00f3n de tecnolog\u00edas de punta por parte de las naciones es un eje fundamental en el desarrollo de las mismas. Una de estas \u00e1reas es la implementaci\u00f3n de dispositivos rob\u00f3ticos los cuales han ido aumentando su presencia en una gran cantidad de sectores desde el ensamble de productos en [&hellip;]<\/p>\n","protected":false},"featured_media":5611,"comment_status":"open","ping_status":"closed","template":"","meta":{"_acf_changed":false},"product_cat":[15],"product_tag":[67],"tipo_oferta":[],"modalidad":[92],"nivel":[94],"tipo_de_programa":[103],"acf":[],"yoast_head":"<!-- This site is optimized with the Yoast SEO plugin v22.9 - https:\/\/yoast.com\/wordpress\/plugins\/seo\/ -->\n<title>Rob\u00f3tica avanzada para ni\u00f1os (preparaci\u00f3n para nivel de impresi\u00f3n 3D) - Unidad de Educaci\u00f3n Continua - I.U. Pascual Bravo<\/title>\n<meta name=\"robots\" content=\"index, follow, max-snippet:-1, max-image-preview:large, max-video-preview:-1\" \/>\n<link rel=\"canonical\" href=\"https:\/\/educacioncontinua.pascualbravo.edu.co\/?product=robotica-avanzada-para-ninos-preparacion-para-nivel-de-impresion-3d\" \/>\n<meta property=\"og:locale\" content=\"es_ES\" \/>\n<meta property=\"og:type\" content=\"article\" \/>\n<meta property=\"og:title\" content=\"Rob\u00f3tica avanzada para ni\u00f1os (preparaci\u00f3n para nivel de impresi\u00f3n 3D) - Unidad de Educaci\u00f3n Continua - I.U. Pascual Bravo\" \/>\n<meta property=\"og:description\" content=\"En la actualidad el desarrollo y manipulaci\u00f3n de tecnolog\u00edas de punta por parte de las naciones es un eje fundamental en el desarrollo de las mismas. Una de estas \u00e1reas es la implementaci\u00f3n de dispositivos rob\u00f3ticos los cuales han ido aumentando su presencia en una gran cantidad de sectores desde el ensamble de productos en [&hellip;]\" \/>\n<meta property=\"og:url\" content=\"https:\/\/educacioncontinua.pascualbravo.edu.co\/?product=robotica-avanzada-para-ninos-preparacion-para-nivel-de-impresion-3d\" \/>\n<meta property=\"og:site_name\" content=\"Unidad de Educaci\u00f3n Continua - I.U. Pascual Bravo\" \/>\n<meta property=\"article:modified_time\" content=\"2025-06-05T16:34:51+00:00\" \/>\n<meta property=\"og:image\" content=\"https:\/\/educacioncontinua.pascualbravo.edu.co\/wp-content\/uploads\/2023\/08\/cuadrada-robotica-ninos.jpg\" \/>\n\t<meta property=\"og:image:width\" content=\"301\" \/>\n\t<meta property=\"og:image:height\" content=\"301\" \/>\n\t<meta property=\"og:image:type\" content=\"image\/jpeg\" \/>\n<meta name=\"twitter:card\" content=\"summary_large_image\" \/>\n<meta name=\"twitter:label1\" content=\"Tiempo de lectura\" \/>\n\t<meta name=\"twitter:data1\" content=\"2 minutos\" \/>\n<script type=\"application\/ld+json\" class=\"yoast-schema-graph\">{\"@context\":\"https:\/\/schema.org\",\"@graph\":[{\"@type\":\"WebPage\",\"@id\":\"https:\/\/educacioncontinua.pascualbravo.edu.co\/?product=robotica-avanzada-para-ninos-preparacion-para-nivel-de-impresion-3d\",\"url\":\"https:\/\/educacioncontinua.pascualbravo.edu.co\/?product=robotica-avanzada-para-ninos-preparacion-para-nivel-de-impresion-3d\",\"name\":\"Rob\u00f3tica avanzada para ni\u00f1os (preparaci\u00f3n para nivel de impresi\u00f3n 3D) - Unidad de Educaci\u00f3n Continua - I.U. Pascual Bravo\",\"isPartOf\":{\"@id\":\"https:\/\/educacioncontinua.pascualbravo.edu.co\/#website\"},\"primaryImageOfPage\":{\"@id\":\"https:\/\/educacioncontinua.pascualbravo.edu.co\/?product=robotica-avanzada-para-ninos-preparacion-para-nivel-de-impresion-3d#primaryimage\"},\"image\":{\"@id\":\"https:\/\/educacioncontinua.pascualbravo.edu.co\/?product=robotica-avanzada-para-ninos-preparacion-para-nivel-de-impresion-3d#primaryimage\"},\"thumbnailUrl\":\"https:\/\/educacioncontinua.pascualbravo.edu.co\/wp-content\/uploads\/2023\/08\/cuadrada-robotica-ninos.jpg\",\"datePublished\":\"2023-04-15T19:38:37+00:00\",\"dateModified\":\"2025-06-05T16:34:51+00:00\",\"breadcrumb\":{\"@id\":\"https:\/\/educacioncontinua.pascualbravo.edu.co\/?product=robotica-avanzada-para-ninos-preparacion-para-nivel-de-impresion-3d#breadcrumb\"},\"inLanguage\":\"es-CO\",\"potentialAction\":[{\"@type\":\"ReadAction\",\"target\":[\"https:\/\/educacioncontinua.pascualbravo.edu.co\/?product=robotica-avanzada-para-ninos-preparacion-para-nivel-de-impresion-3d\"]}]},{\"@type\":\"ImageObject\",\"inLanguage\":\"es-CO\",\"@id\":\"https:\/\/educacioncontinua.pascualbravo.edu.co\/?product=robotica-avanzada-para-ninos-preparacion-para-nivel-de-impresion-3d#primaryimage\",\"url\":\"https:\/\/educacioncontinua.pascualbravo.edu.co\/wp-content\/uploads\/2023\/08\/cuadrada-robotica-ninos.jpg\",\"contentUrl\":\"https:\/\/educacioncontinua.pascualbravo.edu.co\/wp-content\/uploads\/2023\/08\/cuadrada-robotica-ninos.jpg\",\"width\":301,\"height\":301},{\"@type\":\"BreadcrumbList\",\"@id\":\"https:\/\/educacioncontinua.pascualbravo.edu.co\/?product=robotica-avanzada-para-ninos-preparacion-para-nivel-de-impresion-3d#breadcrumb\",\"itemListElement\":[{\"@type\":\"ListItem\",\"position\":1,\"name\":\"Inicio\",\"item\":\"https:\/\/educacioncontinua.pascualbravo.edu.co\/\"},{\"@type\":\"ListItem\",\"position\":2,\"name\":\"Oferta acad\u00e9mica\",\"item\":\"https:\/\/educacioncontinua.pascualbravo.edu.co\/?page_id=14\"},{\"@type\":\"ListItem\",\"position\":3,\"name\":\"Rob\u00f3tica avanzada para ni\u00f1os (preparaci\u00f3n para nivel de impresi\u00f3n 3D)\"}]},{\"@type\":\"WebSite\",\"@id\":\"https:\/\/educacioncontinua.pascualbravo.edu.co\/#website\",\"url\":\"https:\/\/educacioncontinua.pascualbravo.edu.co\/\",\"name\":\"Unidad de Educaci\u00f3n Continua - I.U. Pascual Bravo\",\"description\":\"Unidad de Educaci\u00f3n Continua - I.U. Pascual Bravo\",\"publisher\":{\"@id\":\"https:\/\/educacioncontinua.pascualbravo.edu.co\/#organization\"},\"potentialAction\":[{\"@type\":\"SearchAction\",\"target\":{\"@type\":\"EntryPoint\",\"urlTemplate\":\"https:\/\/educacioncontinua.pascualbravo.edu.co\/?s={search_term_string}\"},\"query-input\":\"required name=search_term_string\"}],\"inLanguage\":\"es-CO\"},{\"@type\":\"Organization\",\"@id\":\"https:\/\/educacioncontinua.pascualbravo.edu.co\/#organization\",\"name\":\"Unidad de Educaci\u00f3n Continua - I.U. Pascual Bravo\",\"url\":\"https:\/\/educacioncontinua.pascualbravo.edu.co\/\",\"logo\":{\"@type\":\"ImageObject\",\"inLanguage\":\"es-CO\",\"@id\":\"https:\/\/educacioncontinua.pascualbravo.edu.co\/#\/schema\/logo\/image\/\",\"url\":\"https:\/\/educacioncontinua.pascualbravo.edu.co\/wp-content\/uploads\/2020\/12\/Pascual-Bravo.png\",\"contentUrl\":\"https:\/\/educacioncontinua.pascualbravo.edu.co\/wp-content\/uploads\/2020\/12\/Pascual-Bravo.png\",\"width\":300,\"height\":77,\"caption\":\"Unidad de Educaci\u00f3n Continua - I.U. Pascual Bravo\"},\"image\":{\"@id\":\"https:\/\/educacioncontinua.pascualbravo.edu.co\/#\/schema\/logo\/image\/\"}}]}<\/script>\n<!-- \/ Yoast SEO plugin. -->","yoast_head_json":{"title":"Rob\u00f3tica avanzada para ni\u00f1os (preparaci\u00f3n para nivel de impresi\u00f3n 3D) - Unidad de Educaci\u00f3n Continua - I.U. Pascual Bravo","robots":{"index":"index","follow":"follow","max-snippet":"max-snippet:-1","max-image-preview":"max-image-preview:large","max-video-preview":"max-video-preview:-1"},"canonical":"https:\/\/educacioncontinua.pascualbravo.edu.co\/?product=robotica-avanzada-para-ninos-preparacion-para-nivel-de-impresion-3d","og_locale":"es_ES","og_type":"article","og_title":"Rob\u00f3tica avanzada para ni\u00f1os (preparaci\u00f3n para nivel de impresi\u00f3n 3D) - Unidad de Educaci\u00f3n Continua - I.U. Pascual Bravo","og_description":"En la actualidad el desarrollo y manipulaci\u00f3n de tecnolog\u00edas de punta por parte de las naciones es un eje fundamental en el desarrollo de las mismas. Una de estas \u00e1reas es la implementaci\u00f3n de dispositivos rob\u00f3ticos los cuales han ido aumentando su presencia en una gran cantidad de sectores desde el ensamble de productos en [&hellip;]","og_url":"https:\/\/educacioncontinua.pascualbravo.edu.co\/?product=robotica-avanzada-para-ninos-preparacion-para-nivel-de-impresion-3d","og_site_name":"Unidad de Educaci\u00f3n Continua - I.U. Pascual Bravo","article_modified_time":"2025-06-05T16:34:51+00:00","og_image":[{"width":301,"height":301,"url":"https:\/\/educacioncontinua.pascualbravo.edu.co\/wp-content\/uploads\/2023\/08\/cuadrada-robotica-ninos.jpg","type":"image\/jpeg"}],"twitter_card":"summary_large_image","twitter_misc":{"Tiempo de lectura":"2 minutos"},"schema":{"@context":"https:\/\/schema.org","@graph":[{"@type":"WebPage","@id":"https:\/\/educacioncontinua.pascualbravo.edu.co\/?product=robotica-avanzada-para-ninos-preparacion-para-nivel-de-impresion-3d","url":"https:\/\/educacioncontinua.pascualbravo.edu.co\/?product=robotica-avanzada-para-ninos-preparacion-para-nivel-de-impresion-3d","name":"Rob\u00f3tica avanzada para ni\u00f1os (preparaci\u00f3n para nivel de impresi\u00f3n 3D) - Unidad de Educaci\u00f3n Continua - I.U. Pascual Bravo","isPartOf":{"@id":"https:\/\/educacioncontinua.pascualbravo.edu.co\/#website"},"primaryImageOfPage":{"@id":"https:\/\/educacioncontinua.pascualbravo.edu.co\/?product=robotica-avanzada-para-ninos-preparacion-para-nivel-de-impresion-3d#primaryimage"},"image":{"@id":"https:\/\/educacioncontinua.pascualbravo.edu.co\/?product=robotica-avanzada-para-ninos-preparacion-para-nivel-de-impresion-3d#primaryimage"},"thumbnailUrl":"https:\/\/educacioncontinua.pascualbravo.edu.co\/wp-content\/uploads\/2023\/08\/cuadrada-robotica-ninos.jpg","datePublished":"2023-04-15T19:38:37+00:00","dateModified":"2025-06-05T16:34:51+00:00","breadcrumb":{"@id":"https:\/\/educacioncontinua.pascualbravo.edu.co\/?product=robotica-avanzada-para-ninos-preparacion-para-nivel-de-impresion-3d#breadcrumb"},"inLanguage":"es-CO","potentialAction":[{"@type":"ReadAction","target":["https:\/\/educacioncontinua.pascualbravo.edu.co\/?product=robotica-avanzada-para-ninos-preparacion-para-nivel-de-impresion-3d"]}]},{"@type":"ImageObject","inLanguage":"es-CO","@id":"https:\/\/educacioncontinua.pascualbravo.edu.co\/?product=robotica-avanzada-para-ninos-preparacion-para-nivel-de-impresion-3d#primaryimage","url":"https:\/\/educacioncontinua.pascualbravo.edu.co\/wp-content\/uploads\/2023\/08\/cuadrada-robotica-ninos.jpg","contentUrl":"https:\/\/educacioncontinua.pascualbravo.edu.co\/wp-content\/uploads\/2023\/08\/cuadrada-robotica-ninos.jpg","width":301,"height":301},{"@type":"BreadcrumbList","@id":"https:\/\/educacioncontinua.pascualbravo.edu.co\/?product=robotica-avanzada-para-ninos-preparacion-para-nivel-de-impresion-3d#breadcrumb","itemListElement":[{"@type":"ListItem","position":1,"name":"Inicio","item":"https:\/\/educacioncontinua.pascualbravo.edu.co\/"},{"@type":"ListItem","position":2,"name":"Oferta acad\u00e9mica","item":"https:\/\/educacioncontinua.pascualbravo.edu.co\/?page_id=14"},{"@type":"ListItem","position":3,"name":"Rob\u00f3tica avanzada para ni\u00f1os (preparaci\u00f3n para nivel de impresi\u00f3n 3D)"}]},{"@type":"WebSite","@id":"https:\/\/educacioncontinua.pascualbravo.edu.co\/#website","url":"https:\/\/educacioncontinua.pascualbravo.edu.co\/","name":"Unidad de Educaci\u00f3n Continua - I.U. Pascual Bravo","description":"Unidad de Educaci\u00f3n Continua - I.U. Pascual Bravo","publisher":{"@id":"https:\/\/educacioncontinua.pascualbravo.edu.co\/#organization"},"potentialAction":[{"@type":"SearchAction","target":{"@type":"EntryPoint","urlTemplate":"https:\/\/educacioncontinua.pascualbravo.edu.co\/?s={search_term_string}"},"query-input":"required name=search_term_string"}],"inLanguage":"es-CO"},{"@type":"Organization","@id":"https:\/\/educacioncontinua.pascualbravo.edu.co\/#organization","name":"Unidad de Educaci\u00f3n Continua - I.U. Pascual Bravo","url":"https:\/\/educacioncontinua.pascualbravo.edu.co\/","logo":{"@type":"ImageObject","inLanguage":"es-CO","@id":"https:\/\/educacioncontinua.pascualbravo.edu.co\/#\/schema\/logo\/image\/","url":"https:\/\/educacioncontinua.pascualbravo.edu.co\/wp-content\/uploads\/2020\/12\/Pascual-Bravo.png","contentUrl":"https:\/\/educacioncontinua.pascualbravo.edu.co\/wp-content\/uploads\/2020\/12\/Pascual-Bravo.png","width":300,"height":77,"caption":"Unidad de Educaci\u00f3n Continua - I.U. Pascual Bravo"},"image":{"@id":"https:\/\/educacioncontinua.pascualbravo.edu.co\/#\/schema\/logo\/image\/"}}]}},"_links":{"self":[{"href":"https:\/\/educacioncontinua.pascualbravo.edu.co\/index.php?rest_route=\/wp\/v2\/product\/5409"}],"collection":[{"href":"https:\/\/educacioncontinua.pascualbravo.edu.co\/index.php?rest_route=\/wp\/v2\/product"}],"about":[{"href":"https:\/\/educacioncontinua.pascualbravo.edu.co\/index.php?rest_route=\/wp\/v2\/types\/product"}],"replies":[{"embeddable":true,"href":"https:\/\/educacioncontinua.pascualbravo.edu.co\/index.php?rest_route=%2Fwp%2Fv2%2Fcomments&post=5409"}],"wp:featuredmedia":[{"embeddable":true,"href":"https:\/\/educacioncontinua.pascualbravo.edu.co\/index.php?rest_route=\/wp\/v2\/media\/5611"}],"wp:attachment":[{"href":"https:\/\/educacioncontinua.pascualbravo.edu.co\/index.php?rest_route=%2Fwp%2Fv2%2Fmedia&parent=5409"}],"wp:term":[{"taxonomy":"product_cat","embeddable":true,"href":"https:\/\/educacioncontinua.pascualbravo.edu.co\/index.php?rest_route=%2Fwp%2Fv2%2Fproduct_cat&post=5409"},{"taxonomy":"product_tag","embeddable":true,"href":"https:\/\/educacioncontinua.pascualbravo.edu.co\/index.php?rest_route=%2Fwp%2Fv2%2Fproduct_tag&post=5409"},{"taxonomy":"tipo_oferta","embeddable":true,"href":"https:\/\/educacioncontinua.pascualbravo.edu.co\/index.php?rest_route=%2Fwp%2Fv2%2Ftipo_oferta&post=5409"},{"taxonomy":"modalidad","embeddable":true,"href":"https:\/\/educacioncontinua.pascualbravo.edu.co\/index.php?rest_route=%2Fwp%2Fv2%2Fmodalidad&post=5409"},{"taxonomy":"nivel","embeddable":true,"href":"https:\/\/educacioncontinua.pascualbravo.edu.co\/index.php?rest_route=%2Fwp%2Fv2%2Fnivel&post=5409"},{"taxonomy":"tipo_de_programa","embeddable":true,"href":"https:\/\/educacioncontinua.pascualbravo.edu.co\/index.php?rest_route=%2Fwp%2Fv2%2Ftipo_de_programa&post=5409"}],"curies":[{"name":"wp","href":"https:\/\/api.w.org\/{rel}","templated":true}]}}