{"id":5407,"date":"2023-04-15T14:37:32","date_gmt":"2023-04-15T19:37:32","guid":{"rendered":"https:\/\/educacioncontinua.pascualbravo.edu.co\/?post_type=product&#038;p=5407"},"modified":"2026-02-05T00:26:50","modified_gmt":"2026-02-05T05:26:50","slug":"mecanica-automotriz-para-mujeres","status":"publish","type":"product","link":"https:\/\/educacioncontinua.pascualbravo.edu.co\/?product=mecanica-automotriz-para-mujeres","title":{"rendered":"Mec\u00e1nica automotriz para mujeres"},"content":{"rendered":"<p>En la actualidad las mujeres vienen ganando terreno de manera significativa en la industria automotriz, por ende, se ve la necesidad de formar mujeres con capacidad de realizar mantenimiento preventivo y correctivo de veh\u00edculos t\u00edpicos del parque automotor colombiano.<\/p>\n<h5>Objetivo general:<\/h5>\n<p>Obtener las competencias necesarias para realizar el mantenimiento preventivo y correctivo.<\/p>\n<h5>Objetivos espec\u00edficos:<\/h5>\n<ul>\n<li>Comprender el funcionamiento de los diferentes sistemas mec\u00e1nicos.<\/li>\n<li>Diagnosticar las fallas comunes de un veh\u00edculo.<\/li>\n<li>Definir cuales sistemas o subsistemas requieren de mantenimiento preventivo y correctivo dependiendo de su kilometraje.<\/li>\n<\/ul>\n<h5>Lo que vas a aprender:<\/h5>\n<p><!--aqu\u00ed empieza acoerde\u00f3n de qu\u00e9 vas a aprender--><\/p>\n<ul>\n<li>Caracter\u00edsticas de un veh\u00edculo<\/li>\n<li>Sistemas de frenos<\/li>\n<li>Sistemas el\u00e9ctricos b\u00e1sicos<\/li>\n<li>Caracter\u00edsticas de aceite, l\u00edquido de frenos y refrigerante. dependiendo su kilometraje.<\/li>\n<li>Diagnosticar<\/li>\n<\/ul>\n<p>El inicio del curso se encuentra sujeto a la inscripci\u00f3n del cupo m\u00ednimo de 15 participantes.<\/p>\n<ul>\n<li><b>Fecha de inicio: 23 de junio<\/b><\/li>\n<li><b>Fecha de fin: 12 de agosto<\/b><\/li>\n<li><b>Horarios: s\u00e1bado 9:00 a.m. a 12:00 p.m.<\/b><\/li>\n<\/ul>\n","protected":false},"excerpt":{"rendered":"<p>En la actualidad las mujeres vienen ganando terreno de manera significativa en la industria automotriz, por ende, se ve la necesidad de formar mujeres con capacidad de realizar mantenimiento preventivo y correctivo de veh\u00edculos t\u00edpicos del parque automotor colombiano. Objetivo general: Obtener las competencias necesarias para realizar el mantenimiento preventivo y correctivo. Objetivos espec\u00edficos: Comprender [&hellip;]<\/p>\n","protected":false},"featured_media":5414,"comment_status":"open","ping_status":"closed","template":"","meta":{"_acf_changed":false},"product_cat":[72],"product_tag":[67],"tipo_oferta":[],"modalidad":[92],"nivel":[93],"tipo_de_programa":[],"acf":[],"yoast_head":"<!-- This site is optimized with the Yoast SEO plugin v22.9 - https:\/\/yoast.com\/wordpress\/plugins\/seo\/ -->\n<title>Mec\u00e1nica automotriz para mujeres - Unidad de Educaci\u00f3n Continua - I.U. Pascual Bravo<\/title>\n<meta name=\"robots\" content=\"index, follow, max-snippet:-1, max-image-preview:large, max-video-preview:-1\" \/>\n<link rel=\"canonical\" href=\"https:\/\/educacioncontinua.pascualbravo.edu.co\/?product=mecanica-automotriz-para-mujeres\" \/>\n<meta property=\"og:locale\" content=\"es_ES\" \/>\n<meta property=\"og:type\" content=\"article\" \/>\n<meta property=\"og:title\" content=\"Mec\u00e1nica automotriz para mujeres - Unidad de Educaci\u00f3n Continua - I.U. Pascual Bravo\" \/>\n<meta property=\"og:description\" content=\"En la actualidad las mujeres vienen ganando terreno de manera significativa en la industria automotriz, por ende, se ve la necesidad de formar mujeres con capacidad de realizar mantenimiento preventivo y correctivo de veh\u00edculos t\u00edpicos del parque automotor colombiano. Objetivo general: Obtener las competencias necesarias para realizar el mantenimiento preventivo y correctivo. Objetivos espec\u00edficos: Comprender [&hellip;]\" \/>\n<meta property=\"og:url\" content=\"https:\/\/educacioncontinua.pascualbravo.edu.co\/?product=mecanica-automotriz-para-mujeres\" \/>\n<meta property=\"og:site_name\" content=\"Unidad de Educaci\u00f3n Continua - I.U. Pascual Bravo\" \/>\n<meta property=\"article:modified_time\" content=\"2026-02-05T05:26:50+00:00\" \/>\n<meta property=\"og:image\" content=\"https:\/\/educacioncontinua.pascualbravo.edu.co\/wp-content\/uploads\/2023\/04\/cuadrada-mecanica-mujeres.jpg\" \/>\n\t<meta property=\"og:image:width\" content=\"301\" \/>\n\t<meta property=\"og:image:height\" content=\"301\" \/>\n\t<meta property=\"og:image:type\" content=\"image\/jpeg\" \/>\n<meta name=\"twitter:card\" content=\"summary_large_image\" \/>\n<meta name=\"twitter:label1\" content=\"Tiempo de lectura\" \/>\n\t<meta name=\"twitter:data1\" content=\"1 minuto\" \/>\n<script type=\"application\/ld+json\" class=\"yoast-schema-graph\">{\"@context\":\"https:\/\/schema.org\",\"@graph\":[{\"@type\":\"WebPage\",\"@id\":\"https:\/\/educacioncontinua.pascualbravo.edu.co\/?product=mecanica-automotriz-para-mujeres\",\"url\":\"https:\/\/educacioncontinua.pascualbravo.edu.co\/?product=mecanica-automotriz-para-mujeres\",\"name\":\"Mec\u00e1nica automotriz para mujeres - Unidad de Educaci\u00f3n Continua - I.U. Pascual Bravo\",\"isPartOf\":{\"@id\":\"https:\/\/educacioncontinua.pascualbravo.edu.co\/#website\"},\"primaryImageOfPage\":{\"@id\":\"https:\/\/educacioncontinua.pascualbravo.edu.co\/?product=mecanica-automotriz-para-mujeres#primaryimage\"},\"image\":{\"@id\":\"https:\/\/educacioncontinua.pascualbravo.edu.co\/?product=mecanica-automotriz-para-mujeres#primaryimage\"},\"thumbnailUrl\":\"https:\/\/educacioncontinua.pascualbravo.edu.co\/wp-content\/uploads\/2023\/04\/cuadrada-mecanica-mujeres.jpg\",\"datePublished\":\"2023-04-15T19:37:32+00:00\",\"dateModified\":\"2026-02-05T05:26:50+00:00\",\"breadcrumb\":{\"@id\":\"https:\/\/educacioncontinua.pascualbravo.edu.co\/?product=mecanica-automotriz-para-mujeres#breadcrumb\"},\"inLanguage\":\"es-CO\",\"potentialAction\":[{\"@type\":\"ReadAction\",\"target\":[\"https:\/\/educacioncontinua.pascualbravo.edu.co\/?product=mecanica-automotriz-para-mujeres\"]}]},{\"@type\":\"ImageObject\",\"inLanguage\":\"es-CO\",\"@id\":\"https:\/\/educacioncontinua.pascualbravo.edu.co\/?product=mecanica-automotriz-para-mujeres#primaryimage\",\"url\":\"https:\/\/educacioncontinua.pascualbravo.edu.co\/wp-content\/uploads\/2023\/04\/cuadrada-mecanica-mujeres.jpg\",\"contentUrl\":\"https:\/\/educacioncontinua.pascualbravo.edu.co\/wp-content\/uploads\/2023\/04\/cuadrada-mecanica-mujeres.jpg\",\"width\":301,\"height\":301},{\"@type\":\"BreadcrumbList\",\"@id\":\"https:\/\/educacioncontinua.pascualbravo.edu.co\/?product=mecanica-automotriz-para-mujeres#breadcrumb\",\"itemListElement\":[{\"@type\":\"ListItem\",\"position\":1,\"name\":\"Inicio\",\"item\":\"https:\/\/educacioncontinua.pascualbravo.edu.co\/\"},{\"@type\":\"ListItem\",\"position\":2,\"name\":\"Oferta acad\u00e9mica\",\"item\":\"https:\/\/educacioncontinua.pascualbravo.edu.co\/?page_id=14\"},{\"@type\":\"ListItem\",\"position\":3,\"name\":\"Mec\u00e1nica automotriz para mujeres\"}]},{\"@type\":\"WebSite\",\"@id\":\"https:\/\/educacioncontinua.pascualbravo.edu.co\/#website\",\"url\":\"https:\/\/educacioncontinua.pascualbravo.edu.co\/\",\"name\":\"Unidad de Educaci\u00f3n Continua - I.U. Pascual Bravo\",\"description\":\"Unidad de Educaci\u00f3n Continua - I.U. Pascual Bravo\",\"publisher\":{\"@id\":\"https:\/\/educacioncontinua.pascualbravo.edu.co\/#organization\"},\"potentialAction\":[{\"@type\":\"SearchAction\",\"target\":{\"@type\":\"EntryPoint\",\"urlTemplate\":\"https:\/\/educacioncontinua.pascualbravo.edu.co\/?s={search_term_string}\"},\"query-input\":\"required name=search_term_string\"}],\"inLanguage\":\"es-CO\"},{\"@type\":\"Organization\",\"@id\":\"https:\/\/educacioncontinua.pascualbravo.edu.co\/#organization\",\"name\":\"Unidad de Educaci\u00f3n Continua - I.U. Pascual Bravo\",\"url\":\"https:\/\/educacioncontinua.pascualbravo.edu.co\/\",\"logo\":{\"@type\":\"ImageObject\",\"inLanguage\":\"es-CO\",\"@id\":\"https:\/\/educacioncontinua.pascualbravo.edu.co\/#\/schema\/logo\/image\/\",\"url\":\"https:\/\/educacioncontinua.pascualbravo.edu.co\/wp-content\/uploads\/2020\/12\/Pascual-Bravo.png\",\"contentUrl\":\"https:\/\/educacioncontinua.pascualbravo.edu.co\/wp-content\/uploads\/2020\/12\/Pascual-Bravo.png\",\"width\":300,\"height\":77,\"caption\":\"Unidad de Educaci\u00f3n Continua - I.U. Pascual Bravo\"},\"image\":{\"@id\":\"https:\/\/educacioncontinua.pascualbravo.edu.co\/#\/schema\/logo\/image\/\"}}]}<\/script>\n<!-- \/ Yoast SEO plugin. -->","yoast_head_json":{"title":"Mec\u00e1nica automotriz para mujeres - Unidad de Educaci\u00f3n Continua - I.U. Pascual Bravo","robots":{"index":"index","follow":"follow","max-snippet":"max-snippet:-1","max-image-preview":"max-image-preview:large","max-video-preview":"max-video-preview:-1"},"canonical":"https:\/\/educacioncontinua.pascualbravo.edu.co\/?product=mecanica-automotriz-para-mujeres","og_locale":"es_ES","og_type":"article","og_title":"Mec\u00e1nica automotriz para mujeres - Unidad de Educaci\u00f3n Continua - I.U. Pascual Bravo","og_description":"En la actualidad las mujeres vienen ganando terreno de manera significativa en la industria automotriz, por ende, se ve la necesidad de formar mujeres con capacidad de realizar mantenimiento preventivo y correctivo de veh\u00edculos t\u00edpicos del parque automotor colombiano. Objetivo general: Obtener las competencias necesarias para realizar el mantenimiento preventivo y correctivo. Objetivos espec\u00edficos: Comprender [&hellip;]","og_url":"https:\/\/educacioncontinua.pascualbravo.edu.co\/?product=mecanica-automotriz-para-mujeres","og_site_name":"Unidad de Educaci\u00f3n Continua - I.U. Pascual Bravo","article_modified_time":"2026-02-05T05:26:50+00:00","og_image":[{"width":301,"height":301,"url":"https:\/\/educacioncontinua.pascualbravo.edu.co\/wp-content\/uploads\/2023\/04\/cuadrada-mecanica-mujeres.jpg","type":"image\/jpeg"}],"twitter_card":"summary_large_image","twitter_misc":{"Tiempo de lectura":"1 minuto"},"schema":{"@context":"https:\/\/schema.org","@graph":[{"@type":"WebPage","@id":"https:\/\/educacioncontinua.pascualbravo.edu.co\/?product=mecanica-automotriz-para-mujeres","url":"https:\/\/educacioncontinua.pascualbravo.edu.co\/?product=mecanica-automotriz-para-mujeres","name":"Mec\u00e1nica automotriz para mujeres - Unidad de Educaci\u00f3n Continua - I.U. Pascual Bravo","isPartOf":{"@id":"https:\/\/educacioncontinua.pascualbravo.edu.co\/#website"},"primaryImageOfPage":{"@id":"https:\/\/educacioncontinua.pascualbravo.edu.co\/?product=mecanica-automotriz-para-mujeres#primaryimage"},"image":{"@id":"https:\/\/educacioncontinua.pascualbravo.edu.co\/?product=mecanica-automotriz-para-mujeres#primaryimage"},"thumbnailUrl":"https:\/\/educacioncontinua.pascualbravo.edu.co\/wp-content\/uploads\/2023\/04\/cuadrada-mecanica-mujeres.jpg","datePublished":"2023-04-15T19:37:32+00:00","dateModified":"2026-02-05T05:26:50+00:00","breadcrumb":{"@id":"https:\/\/educacioncontinua.pascualbravo.edu.co\/?product=mecanica-automotriz-para-mujeres#breadcrumb"},"inLanguage":"es-CO","potentialAction":[{"@type":"ReadAction","target":["https:\/\/educacioncontinua.pascualbravo.edu.co\/?product=mecanica-automotriz-para-mujeres"]}]},{"@type":"ImageObject","inLanguage":"es-CO","@id":"https:\/\/educacioncontinua.pascualbravo.edu.co\/?product=mecanica-automotriz-para-mujeres#primaryimage","url":"https:\/\/educacioncontinua.pascualbravo.edu.co\/wp-content\/uploads\/2023\/04\/cuadrada-mecanica-mujeres.jpg","contentUrl":"https:\/\/educacioncontinua.pascualbravo.edu.co\/wp-content\/uploads\/2023\/04\/cuadrada-mecanica-mujeres.jpg","width":301,"height":301},{"@type":"BreadcrumbList","@id":"https:\/\/educacioncontinua.pascualbravo.edu.co\/?product=mecanica-automotriz-para-mujeres#breadcrumb","itemListElement":[{"@type":"ListItem","position":1,"name":"Inicio","item":"https:\/\/educacioncontinua.pascualbravo.edu.co\/"},{"@type":"ListItem","position":2,"name":"Oferta acad\u00e9mica","item":"https:\/\/educacioncontinua.pascualbravo.edu.co\/?page_id=14"},{"@type":"ListItem","position":3,"name":"Mec\u00e1nica automotriz para mujeres"}]},{"@type":"WebSite","@id":"https:\/\/educacioncontinua.pascualbravo.edu.co\/#website","url":"https:\/\/educacioncontinua.pascualbravo.edu.co\/","name":"Unidad de Educaci\u00f3n Continua - I.U. Pascual Bravo","description":"Unidad de Educaci\u00f3n Continua - I.U. Pascual Bravo","publisher":{"@id":"https:\/\/educacioncontinua.pascualbravo.edu.co\/#organization"},"potentialAction":[{"@type":"SearchAction","target":{"@type":"EntryPoint","urlTemplate":"https:\/\/educacioncontinua.pascualbravo.edu.co\/?s={search_term_string}"},"query-input":"required name=search_term_string"}],"inLanguage":"es-CO"},{"@type":"Organization","@id":"https:\/\/educacioncontinua.pascualbravo.edu.co\/#organization","name":"Unidad de Educaci\u00f3n Continua - I.U. Pascual Bravo","url":"https:\/\/educacioncontinua.pascualbravo.edu.co\/","logo":{"@type":"ImageObject","inLanguage":"es-CO","@id":"https:\/\/educacioncontinua.pascualbravo.edu.co\/#\/schema\/logo\/image\/","url":"https:\/\/educacioncontinua.pascualbravo.edu.co\/wp-content\/uploads\/2020\/12\/Pascual-Bravo.png","contentUrl":"https:\/\/educacioncontinua.pascualbravo.edu.co\/wp-content\/uploads\/2020\/12\/Pascual-Bravo.png","width":300,"height":77,"caption":"Unidad de Educaci\u00f3n Continua - I.U. Pascual Bravo"},"image":{"@id":"https:\/\/educacioncontinua.pascualbravo.edu.co\/#\/schema\/logo\/image\/"}}]}},"_links":{"self":[{"href":"https:\/\/educacioncontinua.pascualbravo.edu.co\/index.php?rest_route=\/wp\/v2\/product\/5407"}],"collection":[{"href":"https:\/\/educacioncontinua.pascualbravo.edu.co\/index.php?rest_route=\/wp\/v2\/product"}],"about":[{"href":"https:\/\/educacioncontinua.pascualbravo.edu.co\/index.php?rest_route=\/wp\/v2\/types\/product"}],"replies":[{"embeddable":true,"href":"https:\/\/educacioncontinua.pascualbravo.edu.co\/index.php?rest_route=%2Fwp%2Fv2%2Fcomments&post=5407"}],"wp:featuredmedia":[{"embeddable":true,"href":"https:\/\/educacioncontinua.pascualbravo.edu.co\/index.php?rest_route=\/wp\/v2\/media\/5414"}],"wp:attachment":[{"href":"https:\/\/educacioncontinua.pascualbravo.edu.co\/index.php?rest_route=%2Fwp%2Fv2%2Fmedia&parent=5407"}],"wp:term":[{"taxonomy":"product_cat","embeddable":true,"href":"https:\/\/educacioncontinua.pascualbravo.edu.co\/index.php?rest_route=%2Fwp%2Fv2%2Fproduct_cat&post=5407"},{"taxonomy":"product_tag","embeddable":true,"href":"https:\/\/educacioncontinua.pascualbravo.edu.co\/index.php?rest_route=%2Fwp%2Fv2%2Fproduct_tag&post=5407"},{"taxonomy":"tipo_oferta","embeddable":true,"href":"https:\/\/educacioncontinua.pascualbravo.edu.co\/index.php?rest_route=%2Fwp%2Fv2%2Ftipo_oferta&post=5407"},{"taxonomy":"modalidad","embeddable":true,"href":"https:\/\/educacioncontinua.pascualbravo.edu.co\/index.php?rest_route=%2Fwp%2Fv2%2Fmodalidad&post=5407"},{"taxonomy":"nivel","embeddable":true,"href":"https:\/\/educacioncontinua.pascualbravo.edu.co\/index.php?rest_route=%2Fwp%2Fv2%2Fnivel&post=5407"},{"taxonomy":"tipo_de_programa","embeddable":true,"href":"https:\/\/educacioncontinua.pascualbravo.edu.co\/index.php?rest_route=%2Fwp%2Fv2%2Ftipo_de_programa&post=5407"}],"curies":[{"name":"wp","href":"https:\/\/api.w.org\/{rel}","templated":true}]}}