{"id":4796,"date":"2022-08-19T16:18:17","date_gmt":"2022-08-19T21:18:17","guid":{"rendered":"https:\/\/educacioncontinua.pascualbravo.edu.co\/?post_type=product&#038;p=4796"},"modified":"2026-02-05T01:52:10","modified_gmt":"2026-02-05T06:52:10","slug":"programacion-para-no-programadores-python","status":"publish","type":"product","link":"https:\/\/educacioncontinua.pascualbravo.edu.co\/?product=programacion-para-no-programadores-python","title":{"rendered":"Programaci\u00f3n para no programadores &#8211; Python"},"content":{"rendered":"<p><iframe title=\"Video publicitario - Curso MOOC Programaci\u00f3n para no programadores PYTHON\" src=\"https:\/\/www.youtube.com\/embed\/x96IZa_voO0\" width=\"1280\" height=\"400\" frameborder=\"0\" allowfullscreen=\"allowfullscreen\"><\/iframe><\/p>\n<p>Quiz\u00e1s has pensado trabajar en el sector agr\u00edcola, o est\u00e1s interesado en laborar en una f\u00e1brica de carros o aviones, o te llama la atenci\u00f3n la ingenier\u00eda (software, telecomunicaciones, civil, biom\u00e9dica, entre otras); cualquiera que sea el sector en el que te desenvuelvas, la programaci\u00f3n estar\u00e1 ah\u00ed, pues actualmente encontramos la programaci\u00f3n en \u201ctodos lados\u201d.<\/p>\n<p>Por medio de un programa, los humanos dan instrucciones a m\u00e1quinas para solucionar un problema. Eventualmente y en entornos acad\u00e9micos, esos problemas son abstracciones de situaciones reales, donde se suprimen algunos detalles. En el campo real de acci\u00f3n, un programador aporta soluciones significativas que son de gran valor para las compa\u00f1\u00edas. En este curso, usted ser\u00e1 introducido al lenguaje de programaci\u00f3n Python, uno de los m\u00e1s populares debido a que es f\u00e1cil de aprender y usar, es un lenguaje maduro y posee una amplia comunidad de soporte, tiene miles de librer\u00edas y frameworks, integra paquetes para el aprendizaje autom\u00e1tico y la computaci\u00f3n en la nube, entre otras.<\/p>\n<h5>Objetivo general:<\/h5>\n<p>Reconocer a Python como uno de los lenguajes de programaci\u00f3n que permite clasificar los diferentes tipos de datos, los operadores y las estructuras de programaci\u00f3n complejas tales como bucles, condicionales y funciones, utilizando librer\u00edas para el c\u00e1lculo num\u00e9rico y la visualizaci\u00f3n de los datos.<\/p>\n<h5>Objetivos espec\u00edficos:<\/h5>\n<ul>\n<li>Conocer la historia de Python y sus caracter\u00edsticas que lo hacen uno de los lenguajes de programaci\u00f3n m\u00e1s utilizados, su alcance en la industria y los campos de acci\u00f3n de un programador.<\/li>\n<li>Proponer soluciones a problemas mediante el uso de algoritmos programados en el lenguaje Python.<\/li>\n<li>Utilizar funciones y paquetes de terceros de Python para construir algoritmos de manera m\u00e1s simple, empleando herramientas de procesamiento, c\u00e1lculo y visualizaci\u00f3n de datos.<\/li>\n<\/ul>\n<div>\n<p><!--\n\n\n<h5>Lo que vas a aprender:<\/h5>\n\n\naqu\u00ed empieza acoerde\u00f3n de qu\u00e9 vas a aprender\n\n\n<div id=\"accordionExample\" class=\"accordion\">\n\n\n<div class=\"card ec-card\">\n\n\n<div id=\"headingOne\" class=\"card-header ec-header\"><button class=\"btn btn-link btn-block text-left ec-btn\" type=\"button\" data-toggle=\"collapse\" data-target=\"#collapseOne\">\nContexto hist\u00f3rico de sistemas rob\u00f3ticos e inteligentes\n<\/button><\/div>\n\n\n\n\n<div id=\"collapseOne\" class=\"collapse show\" aria-labelledby=\"headingOne\" data-parent=\"#accordionExample\">\n\n\n<div class=\"card-body ec-cardbody\">\n\n\n<ul>\n \t\n\n<li>Sistemas aut\u00f3matas.<\/li>\n\n\n \t\n\n<li>Evoluci\u00f3n de la rob\u00f3tica.<\/li>\n\n\n \t\n\n<li>Sistemas inteligentes.<\/li>\n\n\n \t\n\n<li>Evoluci\u00f3n de la inteligencia artificial.<\/li>\n\n\n<\/ul>\n\n\n<\/div>\n\n\n<\/div>\n\n\n<\/div>\n\n\n\n\n<div class=\"card ec-card\">\n\n\n<div id=\"headingTwo\" class=\"card-header ec-header\"><button class=\"btn btn-link btn-block text-left ec-btn\" type=\"button\" data-toggle=\"collapse\" data-target=\"#collapseTwo\">\nFundamentos de Inteligencia Artificial\n<\/button><\/div>\n\n\n\n\n<div id=\"collapseTwo\" class=\"collapse\" aria-labelledby=\"headingTwo\" data-parent=\"#accordionExample\">\n\n\n<div class=\"card-body ec-cardbody\">\n\n\n<ul>\n \t\n\n<li>Fundamentos de aprendizaje de m\u00e1quina.<\/li>\n\n\n \t\n\n<li>Fundamentos de visi\u00f3n artificial.<\/li>\n\n\n \t\n\n<li>Fundamentos de procesamiento de lenguaje natural.<\/li>\n\n\n<\/ul>\n\n\n<\/div>\n\n\n<\/div>\n\n\n<\/div>\n\n\n\n\n<div class=\"card ec-card\">\n\n\n<div id=\"headingThree\" class=\"card-header ec-header\"><button class=\"btn btn-link btn-block text-left ec-btn\" type=\"button\" data-toggle=\"collapse\" data-target=\"#collapseThree\">\nProcesamiento de im\u00e1genes\n<\/button><\/div>\n\n\n\n\n<div id=\"collapseThree\" class=\"collapse\" aria-labelledby=\"headingThree\" data-parent=\"#accordionExample\">\n\n\n<div class=\"card-body ec-cardbody\">\n\n\n<ul>\n \t\n\n<li>Fundamentos de programaci\u00f3n en Python.<\/li>\n\n\n \t\n\n<li>Fundamentos de procesamiento de im\u00e1genes.<\/li>\n\n\n \t\n\n<li>An\u00e1lisis de movimiento y seguimiento de objetos.<\/li>\n\n\n<\/ul>\n\n\n<\/div>\n\n\n<\/div>\n\n\n<\/div>\n\n\n\n\n<div class=\"card ec-card\">\n\n\n<div id=\"headingCuatro\" class=\"card-header ec-header\"><button class=\"btn btn-link btn-block text-left ec-btn\" type=\"button\" data-toggle=\"collapse\" data-target=\"#collapseCuatro\">\nProgramaci\u00f3n veh\u00edculo aut\u00f3nomo\n<\/button><\/div>\n\n\n\n\n<div id=\"collapseCuatro\" class=\"collapse\" aria-labelledby=\"headingCuatro\" data-parent=\"#accordionExample\">\n\n\n<div class=\"card-body ec-cardbody\">\n\n\n<ul>\n \t\n\n<li>Sistemas embebidos.<\/li>\n\n\n \t\n\n<li>Aplicaci\u00f3n de algoritmos en sistemas embebidos.<\/li>\n\n\n \t\n\n<li>Fundamentos de programaci\u00f3n de veh\u00edculos aut\u00f3nomos.<\/li>\n\n\n<\/ul>\n\n\n<\/div>\n\n\n<\/div>\n\n\n<\/div>\n\n\n<\/div>\n\n\n--><\/p>\n<\/div>\n<p><strong>Conociendo el mundo Pythonista<\/strong><\/p>\n<ul>\n<li>Introducci\u00f3n al uso de Python<\/li>\n<li>Caracter\u00edsticas de Python<\/li>\n<li>Entornos de trabajo para Python<\/li>\n<li>Uso de funciones<\/li>\n<li>Librer\u00edas de terceros<\/li>\n<\/ul>\n<p><strong>Explorando la estructura de Python (siendo un Pythonista)<\/strong><\/p>\n<ul>\n<li>Tipos de datos y operadores<\/li>\n<li>Condicionales y bucles<\/li>\n<li>Funciones<\/li>\n<\/ul>\n<p><strong>Se un Python rockstart <\/strong><\/p>\n<p>Librer\u00edas para la computaci\u00f3n, an\u00e1lisis y visualizaci\u00f3n de datos<\/p>\n<p><!--El inicio del curso se encuentra sujeto a la inscripci\u00f3n del cupo m\u00ednimo de 15 participantes.--><\/p>\n","protected":false},"excerpt":{"rendered":"<p>Quiz\u00e1s has pensado trabajar en el sector agr\u00edcola, o est\u00e1s interesado en laborar en una f\u00e1brica de carros o aviones, o te llama la atenci\u00f3n la ingenier\u00eda (software, telecomunicaciones, civil, biom\u00e9dica, entre otras); cualquiera que sea el sector en el que te desenvuelvas, la programaci\u00f3n estar\u00e1 ah\u00ed, pues actualmente encontramos la programaci\u00f3n en \u201ctodos lados\u201d. [&hellip;]<\/p>\n","protected":false},"featured_media":4839,"comment_status":"open","ping_status":"closed","template":"","meta":{"_acf_changed":false},"product_cat":[15],"product_tag":[66],"tipo_oferta":[],"modalidad":[116],"nivel":[93],"tipo_de_programa":[],"acf":[],"yoast_head":"<!-- This site is optimized with the Yoast SEO plugin v22.9 - https:\/\/yoast.com\/wordpress\/plugins\/seo\/ -->\n<title>Programaci\u00f3n para no programadores - Python - Unidad de Educaci\u00f3n Continua - I.U. Pascual Bravo<\/title>\n<meta name=\"robots\" content=\"index, follow, max-snippet:-1, max-image-preview:large, max-video-preview:-1\" \/>\n<link rel=\"canonical\" href=\"https:\/\/educacioncontinua.pascualbravo.edu.co\/?product=programacion-para-no-programadores-python\" \/>\n<meta property=\"og:locale\" content=\"es_ES\" \/>\n<meta property=\"og:type\" content=\"article\" \/>\n<meta property=\"og:title\" content=\"Programaci\u00f3n para no programadores - Python - Unidad de Educaci\u00f3n Continua - I.U. Pascual Bravo\" \/>\n<meta property=\"og:description\" content=\"Quiz\u00e1s has pensado trabajar en el sector agr\u00edcola, o est\u00e1s interesado en laborar en una f\u00e1brica de carros o aviones, o te llama la atenci\u00f3n la ingenier\u00eda (software, telecomunicaciones, civil, biom\u00e9dica, entre otras); cualquiera que sea el sector en el que te desenvuelvas, la programaci\u00f3n estar\u00e1 ah\u00ed, pues actualmente encontramos la programaci\u00f3n en \u201ctodos lados\u201d. [&hellip;]\" \/>\n<meta property=\"og:url\" content=\"https:\/\/educacioncontinua.pascualbravo.edu.co\/?product=programacion-para-no-programadores-python\" \/>\n<meta property=\"og:site_name\" content=\"Unidad de Educaci\u00f3n Continua - I.U. Pascual Bravo\" \/>\n<meta property=\"article:modified_time\" content=\"2026-02-05T06:52:10+00:00\" \/>\n<meta property=\"og:image\" content=\"https:\/\/educacioncontinua.pascualbravo.edu.co\/wp-content\/uploads\/2022\/08\/home-no-programadores-python.jpg\" \/>\n\t<meta property=\"og:image:width\" content=\"301\" \/>\n\t<meta property=\"og:image:height\" content=\"301\" \/>\n\t<meta property=\"og:image:type\" content=\"image\/jpeg\" \/>\n<meta name=\"twitter:card\" content=\"summary_large_image\" \/>\n<meta name=\"twitter:label1\" content=\"Tiempo de lectura\" \/>\n\t<meta name=\"twitter:data1\" content=\"2 minutos\" \/>\n<script type=\"application\/ld+json\" class=\"yoast-schema-graph\">{\"@context\":\"https:\/\/schema.org\",\"@graph\":[{\"@type\":\"WebPage\",\"@id\":\"https:\/\/educacioncontinua.pascualbravo.edu.co\/?product=programacion-para-no-programadores-python\",\"url\":\"https:\/\/educacioncontinua.pascualbravo.edu.co\/?product=programacion-para-no-programadores-python\",\"name\":\"Programaci\u00f3n para no programadores - Python - Unidad de Educaci\u00f3n Continua - I.U. Pascual Bravo\",\"isPartOf\":{\"@id\":\"https:\/\/educacioncontinua.pascualbravo.edu.co\/#website\"},\"primaryImageOfPage\":{\"@id\":\"https:\/\/educacioncontinua.pascualbravo.edu.co\/?product=programacion-para-no-programadores-python#primaryimage\"},\"image\":{\"@id\":\"https:\/\/educacioncontinua.pascualbravo.edu.co\/?product=programacion-para-no-programadores-python#primaryimage\"},\"thumbnailUrl\":\"https:\/\/educacioncontinua.pascualbravo.edu.co\/wp-content\/uploads\/2022\/08\/home-no-programadores-python.jpg\",\"datePublished\":\"2022-08-19T21:18:17+00:00\",\"dateModified\":\"2026-02-05T06:52:10+00:00\",\"breadcrumb\":{\"@id\":\"https:\/\/educacioncontinua.pascualbravo.edu.co\/?product=programacion-para-no-programadores-python#breadcrumb\"},\"inLanguage\":\"es-CO\",\"potentialAction\":[{\"@type\":\"ReadAction\",\"target\":[\"https:\/\/educacioncontinua.pascualbravo.edu.co\/?product=programacion-para-no-programadores-python\"]}]},{\"@type\":\"ImageObject\",\"inLanguage\":\"es-CO\",\"@id\":\"https:\/\/educacioncontinua.pascualbravo.edu.co\/?product=programacion-para-no-programadores-python#primaryimage\",\"url\":\"https:\/\/educacioncontinua.pascualbravo.edu.co\/wp-content\/uploads\/2022\/08\/home-no-programadores-python.jpg\",\"contentUrl\":\"https:\/\/educacioncontinua.pascualbravo.edu.co\/wp-content\/uploads\/2022\/08\/home-no-programadores-python.jpg\",\"width\":301,\"height\":301},{\"@type\":\"BreadcrumbList\",\"@id\":\"https:\/\/educacioncontinua.pascualbravo.edu.co\/?product=programacion-para-no-programadores-python#breadcrumb\",\"itemListElement\":[{\"@type\":\"ListItem\",\"position\":1,\"name\":\"Inicio\",\"item\":\"https:\/\/educacioncontinua.pascualbravo.edu.co\/\"},{\"@type\":\"ListItem\",\"position\":2,\"name\":\"Oferta acad\u00e9mica\",\"item\":\"https:\/\/educacioncontinua.pascualbravo.edu.co\/?page_id=14\"},{\"@type\":\"ListItem\",\"position\":3,\"name\":\"Programaci\u00f3n para no programadores &#8211; Python\"}]},{\"@type\":\"WebSite\",\"@id\":\"https:\/\/educacioncontinua.pascualbravo.edu.co\/#website\",\"url\":\"https:\/\/educacioncontinua.pascualbravo.edu.co\/\",\"name\":\"Unidad de Educaci\u00f3n Continua - I.U. Pascual Bravo\",\"description\":\"Unidad de Educaci\u00f3n Continua - I.U. Pascual Bravo\",\"publisher\":{\"@id\":\"https:\/\/educacioncontinua.pascualbravo.edu.co\/#organization\"},\"potentialAction\":[{\"@type\":\"SearchAction\",\"target\":{\"@type\":\"EntryPoint\",\"urlTemplate\":\"https:\/\/educacioncontinua.pascualbravo.edu.co\/?s={search_term_string}\"},\"query-input\":\"required name=search_term_string\"}],\"inLanguage\":\"es-CO\"},{\"@type\":\"Organization\",\"@id\":\"https:\/\/educacioncontinua.pascualbravo.edu.co\/#organization\",\"name\":\"Unidad de Educaci\u00f3n Continua - I.U. Pascual Bravo\",\"url\":\"https:\/\/educacioncontinua.pascualbravo.edu.co\/\",\"logo\":{\"@type\":\"ImageObject\",\"inLanguage\":\"es-CO\",\"@id\":\"https:\/\/educacioncontinua.pascualbravo.edu.co\/#\/schema\/logo\/image\/\",\"url\":\"https:\/\/educacioncontinua.pascualbravo.edu.co\/wp-content\/uploads\/2020\/12\/Pascual-Bravo.png\",\"contentUrl\":\"https:\/\/educacioncontinua.pascualbravo.edu.co\/wp-content\/uploads\/2020\/12\/Pascual-Bravo.png\",\"width\":300,\"height\":77,\"caption\":\"Unidad de Educaci\u00f3n Continua - I.U. Pascual Bravo\"},\"image\":{\"@id\":\"https:\/\/educacioncontinua.pascualbravo.edu.co\/#\/schema\/logo\/image\/\"}}]}<\/script>\n<!-- \/ Yoast SEO plugin. -->","yoast_head_json":{"title":"Programaci\u00f3n para no programadores - Python - Unidad de Educaci\u00f3n Continua - I.U. Pascual Bravo","robots":{"index":"index","follow":"follow","max-snippet":"max-snippet:-1","max-image-preview":"max-image-preview:large","max-video-preview":"max-video-preview:-1"},"canonical":"https:\/\/educacioncontinua.pascualbravo.edu.co\/?product=programacion-para-no-programadores-python","og_locale":"es_ES","og_type":"article","og_title":"Programaci\u00f3n para no programadores - Python - Unidad de Educaci\u00f3n Continua - I.U. Pascual Bravo","og_description":"Quiz\u00e1s has pensado trabajar en el sector agr\u00edcola, o est\u00e1s interesado en laborar en una f\u00e1brica de carros o aviones, o te llama la atenci\u00f3n la ingenier\u00eda (software, telecomunicaciones, civil, biom\u00e9dica, entre otras); cualquiera que sea el sector en el que te desenvuelvas, la programaci\u00f3n estar\u00e1 ah\u00ed, pues actualmente encontramos la programaci\u00f3n en \u201ctodos lados\u201d. [&hellip;]","og_url":"https:\/\/educacioncontinua.pascualbravo.edu.co\/?product=programacion-para-no-programadores-python","og_site_name":"Unidad de Educaci\u00f3n Continua - I.U. Pascual Bravo","article_modified_time":"2026-02-05T06:52:10+00:00","og_image":[{"width":301,"height":301,"url":"https:\/\/educacioncontinua.pascualbravo.edu.co\/wp-content\/uploads\/2022\/08\/home-no-programadores-python.jpg","type":"image\/jpeg"}],"twitter_card":"summary_large_image","twitter_misc":{"Tiempo de lectura":"2 minutos"},"schema":{"@context":"https:\/\/schema.org","@graph":[{"@type":"WebPage","@id":"https:\/\/educacioncontinua.pascualbravo.edu.co\/?product=programacion-para-no-programadores-python","url":"https:\/\/educacioncontinua.pascualbravo.edu.co\/?product=programacion-para-no-programadores-python","name":"Programaci\u00f3n para no programadores - Python - Unidad de Educaci\u00f3n Continua - I.U. Pascual Bravo","isPartOf":{"@id":"https:\/\/educacioncontinua.pascualbravo.edu.co\/#website"},"primaryImageOfPage":{"@id":"https:\/\/educacioncontinua.pascualbravo.edu.co\/?product=programacion-para-no-programadores-python#primaryimage"},"image":{"@id":"https:\/\/educacioncontinua.pascualbravo.edu.co\/?product=programacion-para-no-programadores-python#primaryimage"},"thumbnailUrl":"https:\/\/educacioncontinua.pascualbravo.edu.co\/wp-content\/uploads\/2022\/08\/home-no-programadores-python.jpg","datePublished":"2022-08-19T21:18:17+00:00","dateModified":"2026-02-05T06:52:10+00:00","breadcrumb":{"@id":"https:\/\/educacioncontinua.pascualbravo.edu.co\/?product=programacion-para-no-programadores-python#breadcrumb"},"inLanguage":"es-CO","potentialAction":[{"@type":"ReadAction","target":["https:\/\/educacioncontinua.pascualbravo.edu.co\/?product=programacion-para-no-programadores-python"]}]},{"@type":"ImageObject","inLanguage":"es-CO","@id":"https:\/\/educacioncontinua.pascualbravo.edu.co\/?product=programacion-para-no-programadores-python#primaryimage","url":"https:\/\/educacioncontinua.pascualbravo.edu.co\/wp-content\/uploads\/2022\/08\/home-no-programadores-python.jpg","contentUrl":"https:\/\/educacioncontinua.pascualbravo.edu.co\/wp-content\/uploads\/2022\/08\/home-no-programadores-python.jpg","width":301,"height":301},{"@type":"BreadcrumbList","@id":"https:\/\/educacioncontinua.pascualbravo.edu.co\/?product=programacion-para-no-programadores-python#breadcrumb","itemListElement":[{"@type":"ListItem","position":1,"name":"Inicio","item":"https:\/\/educacioncontinua.pascualbravo.edu.co\/"},{"@type":"ListItem","position":2,"name":"Oferta acad\u00e9mica","item":"https:\/\/educacioncontinua.pascualbravo.edu.co\/?page_id=14"},{"@type":"ListItem","position":3,"name":"Programaci\u00f3n para no programadores &#8211; Python"}]},{"@type":"WebSite","@id":"https:\/\/educacioncontinua.pascualbravo.edu.co\/#website","url":"https:\/\/educacioncontinua.pascualbravo.edu.co\/","name":"Unidad de Educaci\u00f3n Continua - I.U. Pascual Bravo","description":"Unidad de Educaci\u00f3n Continua - I.U. Pascual Bravo","publisher":{"@id":"https:\/\/educacioncontinua.pascualbravo.edu.co\/#organization"},"potentialAction":[{"@type":"SearchAction","target":{"@type":"EntryPoint","urlTemplate":"https:\/\/educacioncontinua.pascualbravo.edu.co\/?s={search_term_string}"},"query-input":"required name=search_term_string"}],"inLanguage":"es-CO"},{"@type":"Organization","@id":"https:\/\/educacioncontinua.pascualbravo.edu.co\/#organization","name":"Unidad de Educaci\u00f3n Continua - I.U. Pascual Bravo","url":"https:\/\/educacioncontinua.pascualbravo.edu.co\/","logo":{"@type":"ImageObject","inLanguage":"es-CO","@id":"https:\/\/educacioncontinua.pascualbravo.edu.co\/#\/schema\/logo\/image\/","url":"https:\/\/educacioncontinua.pascualbravo.edu.co\/wp-content\/uploads\/2020\/12\/Pascual-Bravo.png","contentUrl":"https:\/\/educacioncontinua.pascualbravo.edu.co\/wp-content\/uploads\/2020\/12\/Pascual-Bravo.png","width":300,"height":77,"caption":"Unidad de Educaci\u00f3n Continua - I.U. Pascual Bravo"},"image":{"@id":"https:\/\/educacioncontinua.pascualbravo.edu.co\/#\/schema\/logo\/image\/"}}]}},"_links":{"self":[{"href":"https:\/\/educacioncontinua.pascualbravo.edu.co\/index.php?rest_route=\/wp\/v2\/product\/4796"}],"collection":[{"href":"https:\/\/educacioncontinua.pascualbravo.edu.co\/index.php?rest_route=\/wp\/v2\/product"}],"about":[{"href":"https:\/\/educacioncontinua.pascualbravo.edu.co\/index.php?rest_route=\/wp\/v2\/types\/product"}],"replies":[{"embeddable":true,"href":"https:\/\/educacioncontinua.pascualbravo.edu.co\/index.php?rest_route=%2Fwp%2Fv2%2Fcomments&post=4796"}],"wp:featuredmedia":[{"embeddable":true,"href":"https:\/\/educacioncontinua.pascualbravo.edu.co\/index.php?rest_route=\/wp\/v2\/media\/4839"}],"wp:attachment":[{"href":"https:\/\/educacioncontinua.pascualbravo.edu.co\/index.php?rest_route=%2Fwp%2Fv2%2Fmedia&parent=4796"}],"wp:term":[{"taxonomy":"product_cat","embeddable":true,"href":"https:\/\/educacioncontinua.pascualbravo.edu.co\/index.php?rest_route=%2Fwp%2Fv2%2Fproduct_cat&post=4796"},{"taxonomy":"product_tag","embeddable":true,"href":"https:\/\/educacioncontinua.pascualbravo.edu.co\/index.php?rest_route=%2Fwp%2Fv2%2Fproduct_tag&post=4796"},{"taxonomy":"tipo_oferta","embeddable":true,"href":"https:\/\/educacioncontinua.pascualbravo.edu.co\/index.php?rest_route=%2Fwp%2Fv2%2Ftipo_oferta&post=4796"},{"taxonomy":"modalidad","embeddable":true,"href":"https:\/\/educacioncontinua.pascualbravo.edu.co\/index.php?rest_route=%2Fwp%2Fv2%2Fmodalidad&post=4796"},{"taxonomy":"nivel","embeddable":true,"href":"https:\/\/educacioncontinua.pascualbravo.edu.co\/index.php?rest_route=%2Fwp%2Fv2%2Fnivel&post=4796"},{"taxonomy":"tipo_de_programa","embeddable":true,"href":"https:\/\/educacioncontinua.pascualbravo.edu.co\/index.php?rest_route=%2Fwp%2Fv2%2Ftipo_de_programa&post=4796"}],"curies":[{"name":"wp","href":"https:\/\/api.w.org\/{rel}","templated":true}]}}