{"id":4612,"date":"2022-07-01T16:39:33","date_gmt":"2022-07-01T21:39:33","guid":{"rendered":"https:\/\/educacioncontinua.pascualbravo.edu.co\/?post_type=product&#038;p=4612"},"modified":"2024-11-29T17:01:32","modified_gmt":"2024-11-29T22:01:32","slug":"curso-excel-intermedio","status":"publish","type":"product","link":"https:\/\/educacioncontinua.pascualbravo.edu.co\/?product=curso-excel-intermedio","title":{"rendered":"Curso Excel intermedio"},"content":{"rendered":"<p>Microsoft Excel es una de las herramientas m\u00e1s empleadas por la mayor\u00eda de las empresas y su uso es transversal a cualquier tipo de disciplina profesional. Excel permite administrar y procesar datos e informaci\u00f3n de los procesos productivos de las organizaciones. Estas caracter\u00edsticas hacen que el buen manejo de Excel se convierta en una ventaja competitiva para las personas y las organizaciones.<\/p>\n<h5>Objetivo General:<\/h5>\n<p>Emplear tablas din\u00e1micas en el procesamiento de datos e informaci\u00f3n a trav\u00e9s de la identificaci\u00f3n de patrones y tendencias.<\/p>\n<h5>Objetivos Espec\u00edficos:<\/h5>\n<ul>\n<li>Aplicar formatos condicionales y de b\u00fasqueda para celdas texto y n\u00famero.<\/li>\n<li>Usar herramientas avanzadas en la creaci\u00f3n de gr\u00e1ficos.<\/li>\n<\/ul>\n<h5>Lo que vas a aprender:<\/h5>\n<p><!--aqu\u00ed empieza acoerde\u00f3n de qu\u00e9 vas a aprender--><\/p>\n<div id=\"accordionExample\" class=\"accordion\">\n<div class=\"card ec-card\">\n<div id=\"headingOne\" class=\"card-header ec-header\">\n<p><button class=\"btn btn-link btn-block text-left ec-btn\" type=\"button\" data-toggle=\"collapse\" data-target=\"#collapseOne\"><br \/>\nFormatos condicionales<br \/>\n<\/button><\/p>\n<\/div>\n<div id=\"collapseOne\" class=\"collapse show\" aria-labelledby=\"headingOne\" data-parent=\"#accordionExample\">\n<div class=\"card-body ec-cardbody\">\n<ul>\n<li>F\u00f3rmulas matem\u00e1ticas condicionales (contar.si, sumar.si).<\/li>\n<li>F\u00f3rmulas fechas (fin.mes, d\u00edas.lab, fecha, diasem, fin.mes).<\/li>\n<li>F\u00f3rmulas de b\u00fasqueda (buscar, coincidir, direcci\u00f3n, columna, fila).<\/li>\n<li>F\u00f3rmulas de texto (unir cadenas, derecha, izquierda, encontrar).<\/li>\n<li>Formato de celdas utilizando barras de datos y conjunto de iconos.<\/li>\n<li>Formato de celdas que contienen valores de texto,n\u00famero, fecha.<\/li>\n<li>Buscar celdas que tengan formatos condicionales.<\/li>\n<\/ul>\n<\/div>\n<\/div>\n<\/div>\n<div class=\"card ec-card\">\n<div id=\"headingTwo\" class=\"card-header ec-header\">\n<p><button class=\"btn btn-link btn-block text-left collapsed ec-btn\" type=\"button\" data-toggle=\"collapse\" data-target=\"#collapseTwo\"><br \/>\nManejo de tablas y datos<br \/>\n<\/button><\/p>\n<\/div>\n<div id=\"collapseTwo\" class=\"collapse\" aria-labelledby=\"headingTwo\" data-parent=\"#accordionExample\">\n<div class=\"card-body ec-cardbody\">\n<ul>\n<li>Expansi\u00f3n autom\u00e1tica de tablas.<\/li>\n<li>Aplicaci\u00f3n de Estilos.<\/li>\n<li>Uso de filtros avanzados personalizados:\u00a0caracter\u00edsticas, preparaci\u00f3n de elementos del filtroavanzado, aplicaci\u00f3n del filtro avanzado, desactivar los auto filtros avanzados.<\/li>\n<li>Activaci\u00f3n de los autofiltros.<\/li>\n<li>Eliminar criterios del autofiltro.<\/li>\n<li>Referencias estructuradas.<\/li>\n<li>Creaci\u00f3n de columnas calculadas:\u00a0subtotales\/totales.<\/li>\n<\/ul>\n<\/div>\n<\/div>\n<\/div>\n<div class=\"card ec-card\">\n<div id=\"headingThree\" class=\"card-header ec-header\">\n<p><button class=\"btn btn-link btn-block text-left collapsed ec-btn\" type=\"button\" data-toggle=\"collapse\" data-target=\"#collapseThree\"><br \/>\nTablas din\u00e1micas<br \/>\n<\/button><\/p>\n<\/div>\n<div id=\"collapseThree\" class=\"collapse\" aria-labelledby=\"headingThree\" data-parent=\"#accordionExample\">\n<div class=\"card-body ec-cardbody\">\n<ul>\n<li>Creaci\u00f3n y edici\u00f3n de una tabla din\u00e1mica.<\/li>\n<li>Tablas din\u00e1micas (filas, columnas, valores).<\/li>\n<li>Tablas din\u00e1micas (segmentos datos, formato,\u00a0gr\u00e1fico din\u00e1mico).<\/li>\n<li>Modificaci\u00f3n de una tabla din\u00e1mica.<\/li>\n<li>Estilos de tablas din\u00e1micas.<\/li>\n<li>Actualizaci\u00f3n de informaci\u00f3n de una tabla.<\/li>\n<li>Segmentaci\u00f3n de datos.<\/li>\n<li>Herramientas de las tablas din\u00e1micas (campo\u00a0activo, agrupar, ordenar, etc).<\/li>\n<li>Dise\u00f1o de informes.<\/li>\n<li>Gr\u00e1ficas din\u00e1micas.<\/li>\n<\/ul>\n<\/div>\n<\/div>\n<\/div>\n<div class=\"card ec-card\">\n<div id=\"headingFour\" class=\"card-header ec-header\">\n<p><button class=\"btn btn-link btn-block text-left collapsed ec-btn\" type=\"button\" data-toggle=\"collapse\" data-target=\"#collapseFour\"><br \/>\nGr\u00e1ficas especializadas<br \/>\n<\/button><\/p>\n<\/div>\n<div id=\"collapseFour\" class=\"collapse\" aria-labelledby=\"headingFour\" data-parent=\"#accordionExample\">\n<div class=\"card-body ec-cardbody\">\n<ul>\n<li>Creaci\u00f3n y formato de charts.<\/li>\n<li>Chartwizard.<\/li>\n<li>Utilizar gr\u00e1ficos SmartArt.<\/li>\n<li>Girar un gr\u00e1fico.<\/li>\n<li>Restablecer una imagen a su estado original.<\/li>\n<li>Minigr\u00e1ficos.<\/li>\n<li>Gr\u00e1ficas de dispersi\u00f3n.<\/li>\n<li>Gr\u00e1ficas de burbuja.<\/li>\n<li>Gr\u00e1ficas de cotizaciones, superficie y radiales.<\/li>\n<li>Crear un diagrama de flujo y un organigrama.<\/li>\n<\/ul>\n<\/div>\n<\/div>\n<\/div>\n<\/div>\n<p><!--aqu\u00ed termina acoerde\u00f3n de qu\u00e9 vas a aprender--><br \/>\nEl inicio del curso se encuentra sujeto a la inscripci\u00f3n del cupo m\u00ednimo de 15 participantes.<\/p>\n","protected":false},"excerpt":{"rendered":"<p>Microsoft Excel es una de las herramientas m\u00e1s empleadas por la mayor\u00eda de las empresas y su uso es transversal a cualquier tipo de disciplina profesional. Excel permite administrar y procesar datos e informaci\u00f3n de los procesos productivos de las organizaciones. Estas caracter\u00edsticas hacen que el buen manejo de Excel se convierta en una ventaja [&hellip;]<\/p>\n","protected":false},"featured_media":4840,"comment_status":"open","ping_status":"closed","template":"","meta":{"_acf_changed":false},"product_cat":[65],"product_tag":[66],"tipo_oferta":[88],"modalidad":[92],"nivel":[93],"tipo_de_programa":[],"acf":[],"yoast_head":"<!-- This site is optimized with the Yoast SEO plugin v22.9 - https:\/\/yoast.com\/wordpress\/plugins\/seo\/ -->\n<title>Curso Excel intermedio - Unidad de Educaci\u00f3n Continua - I.U. Pascual Bravo<\/title>\n<meta name=\"robots\" content=\"index, follow, max-snippet:-1, max-image-preview:large, max-video-preview:-1\" \/>\n<link rel=\"canonical\" href=\"https:\/\/educacioncontinua.pascualbravo.edu.co\/?product=curso-excel-intermedio\" \/>\n<meta property=\"og:locale\" content=\"es_ES\" \/>\n<meta property=\"og:type\" content=\"article\" \/>\n<meta property=\"og:title\" content=\"Curso Excel intermedio - Unidad de Educaci\u00f3n Continua - I.U. Pascual Bravo\" \/>\n<meta property=\"og:description\" content=\"Microsoft Excel es una de las herramientas m\u00e1s empleadas por la mayor\u00eda de las empresas y su uso es transversal a cualquier tipo de disciplina profesional. Excel permite administrar y procesar datos e informaci\u00f3n de los procesos productivos de las organizaciones. Estas caracter\u00edsticas hacen que el buen manejo de Excel se convierta en una ventaja [&hellip;]\" \/>\n<meta property=\"og:url\" content=\"https:\/\/educacioncontinua.pascualbravo.edu.co\/?product=curso-excel-intermedio\" \/>\n<meta property=\"og:site_name\" content=\"Unidad de Educaci\u00f3n Continua - I.U. Pascual Bravo\" \/>\n<meta property=\"article:modified_time\" content=\"2024-11-29T22:01:32+00:00\" \/>\n<meta property=\"og:image\" content=\"https:\/\/educacioncontinua.pascualbravo.edu.co\/wp-content\/uploads\/2022\/07\/Excel-intermedio.jpg\" \/>\n\t<meta property=\"og:image:width\" content=\"301\" \/>\n\t<meta property=\"og:image:height\" content=\"301\" \/>\n\t<meta property=\"og:image:type\" content=\"image\/jpeg\" \/>\n<meta name=\"twitter:card\" content=\"summary_large_image\" \/>\n<meta name=\"twitter:label1\" content=\"Tiempo de lectura\" \/>\n\t<meta name=\"twitter:data1\" content=\"2 minutos\" \/>\n<script type=\"application\/ld+json\" class=\"yoast-schema-graph\">{\"@context\":\"https:\/\/schema.org\",\"@graph\":[{\"@type\":\"WebPage\",\"@id\":\"https:\/\/educacioncontinua.pascualbravo.edu.co\/?product=curso-excel-intermedio\",\"url\":\"https:\/\/educacioncontinua.pascualbravo.edu.co\/?product=curso-excel-intermedio\",\"name\":\"Curso Excel intermedio - Unidad de Educaci\u00f3n Continua - I.U. Pascual Bravo\",\"isPartOf\":{\"@id\":\"https:\/\/educacioncontinua.pascualbravo.edu.co\/#website\"},\"primaryImageOfPage\":{\"@id\":\"https:\/\/educacioncontinua.pascualbravo.edu.co\/?product=curso-excel-intermedio#primaryimage\"},\"image\":{\"@id\":\"https:\/\/educacioncontinua.pascualbravo.edu.co\/?product=curso-excel-intermedio#primaryimage\"},\"thumbnailUrl\":\"https:\/\/educacioncontinua.pascualbravo.edu.co\/wp-content\/uploads\/2022\/07\/Excel-intermedio.jpg\",\"datePublished\":\"2022-07-01T21:39:33+00:00\",\"dateModified\":\"2024-11-29T22:01:32+00:00\",\"breadcrumb\":{\"@id\":\"https:\/\/educacioncontinua.pascualbravo.edu.co\/?product=curso-excel-intermedio#breadcrumb\"},\"inLanguage\":\"es-CO\",\"potentialAction\":[{\"@type\":\"ReadAction\",\"target\":[\"https:\/\/educacioncontinua.pascualbravo.edu.co\/?product=curso-excel-intermedio\"]}]},{\"@type\":\"ImageObject\",\"inLanguage\":\"es-CO\",\"@id\":\"https:\/\/educacioncontinua.pascualbravo.edu.co\/?product=curso-excel-intermedio#primaryimage\",\"url\":\"https:\/\/educacioncontinua.pascualbravo.edu.co\/wp-content\/uploads\/2022\/07\/Excel-intermedio.jpg\",\"contentUrl\":\"https:\/\/educacioncontinua.pascualbravo.edu.co\/wp-content\/uploads\/2022\/07\/Excel-intermedio.jpg\",\"width\":301,\"height\":301},{\"@type\":\"BreadcrumbList\",\"@id\":\"https:\/\/educacioncontinua.pascualbravo.edu.co\/?product=curso-excel-intermedio#breadcrumb\",\"itemListElement\":[{\"@type\":\"ListItem\",\"position\":1,\"name\":\"Inicio\",\"item\":\"https:\/\/educacioncontinua.pascualbravo.edu.co\/\"},{\"@type\":\"ListItem\",\"position\":2,\"name\":\"Oferta acad\u00e9mica\",\"item\":\"https:\/\/educacioncontinua.pascualbravo.edu.co\/?page_id=14\"},{\"@type\":\"ListItem\",\"position\":3,\"name\":\"Curso Excel intermedio\"}]},{\"@type\":\"WebSite\",\"@id\":\"https:\/\/educacioncontinua.pascualbravo.edu.co\/#website\",\"url\":\"https:\/\/educacioncontinua.pascualbravo.edu.co\/\",\"name\":\"Unidad de Educaci\u00f3n Continua - I.U. Pascual Bravo\",\"description\":\"Unidad de Educaci\u00f3n Continua - I.U. Pascual Bravo\",\"publisher\":{\"@id\":\"https:\/\/educacioncontinua.pascualbravo.edu.co\/#organization\"},\"potentialAction\":[{\"@type\":\"SearchAction\",\"target\":{\"@type\":\"EntryPoint\",\"urlTemplate\":\"https:\/\/educacioncontinua.pascualbravo.edu.co\/?s={search_term_string}\"},\"query-input\":\"required name=search_term_string\"}],\"inLanguage\":\"es-CO\"},{\"@type\":\"Organization\",\"@id\":\"https:\/\/educacioncontinua.pascualbravo.edu.co\/#organization\",\"name\":\"Unidad de Educaci\u00f3n Continua - I.U. Pascual Bravo\",\"url\":\"https:\/\/educacioncontinua.pascualbravo.edu.co\/\",\"logo\":{\"@type\":\"ImageObject\",\"inLanguage\":\"es-CO\",\"@id\":\"https:\/\/educacioncontinua.pascualbravo.edu.co\/#\/schema\/logo\/image\/\",\"url\":\"https:\/\/educacioncontinua.pascualbravo.edu.co\/wp-content\/uploads\/2020\/12\/Pascual-Bravo.png\",\"contentUrl\":\"https:\/\/educacioncontinua.pascualbravo.edu.co\/wp-content\/uploads\/2020\/12\/Pascual-Bravo.png\",\"width\":300,\"height\":77,\"caption\":\"Unidad de Educaci\u00f3n Continua - I.U. Pascual Bravo\"},\"image\":{\"@id\":\"https:\/\/educacioncontinua.pascualbravo.edu.co\/#\/schema\/logo\/image\/\"}}]}<\/script>\n<!-- \/ Yoast SEO plugin. -->","yoast_head_json":{"title":"Curso Excel intermedio - Unidad de Educaci\u00f3n Continua - I.U. Pascual Bravo","robots":{"index":"index","follow":"follow","max-snippet":"max-snippet:-1","max-image-preview":"max-image-preview:large","max-video-preview":"max-video-preview:-1"},"canonical":"https:\/\/educacioncontinua.pascualbravo.edu.co\/?product=curso-excel-intermedio","og_locale":"es_ES","og_type":"article","og_title":"Curso Excel intermedio - Unidad de Educaci\u00f3n Continua - I.U. Pascual Bravo","og_description":"Microsoft Excel es una de las herramientas m\u00e1s empleadas por la mayor\u00eda de las empresas y su uso es transversal a cualquier tipo de disciplina profesional. Excel permite administrar y procesar datos e informaci\u00f3n de los procesos productivos de las organizaciones. Estas caracter\u00edsticas hacen que el buen manejo de Excel se convierta en una ventaja [&hellip;]","og_url":"https:\/\/educacioncontinua.pascualbravo.edu.co\/?product=curso-excel-intermedio","og_site_name":"Unidad de Educaci\u00f3n Continua - I.U. Pascual Bravo","article_modified_time":"2024-11-29T22:01:32+00:00","og_image":[{"width":301,"height":301,"url":"https:\/\/educacioncontinua.pascualbravo.edu.co\/wp-content\/uploads\/2022\/07\/Excel-intermedio.jpg","type":"image\/jpeg"}],"twitter_card":"summary_large_image","twitter_misc":{"Tiempo de lectura":"2 minutos"},"schema":{"@context":"https:\/\/schema.org","@graph":[{"@type":"WebPage","@id":"https:\/\/educacioncontinua.pascualbravo.edu.co\/?product=curso-excel-intermedio","url":"https:\/\/educacioncontinua.pascualbravo.edu.co\/?product=curso-excel-intermedio","name":"Curso Excel intermedio - Unidad de Educaci\u00f3n Continua - I.U. Pascual Bravo","isPartOf":{"@id":"https:\/\/educacioncontinua.pascualbravo.edu.co\/#website"},"primaryImageOfPage":{"@id":"https:\/\/educacioncontinua.pascualbravo.edu.co\/?product=curso-excel-intermedio#primaryimage"},"image":{"@id":"https:\/\/educacioncontinua.pascualbravo.edu.co\/?product=curso-excel-intermedio#primaryimage"},"thumbnailUrl":"https:\/\/educacioncontinua.pascualbravo.edu.co\/wp-content\/uploads\/2022\/07\/Excel-intermedio.jpg","datePublished":"2022-07-01T21:39:33+00:00","dateModified":"2024-11-29T22:01:32+00:00","breadcrumb":{"@id":"https:\/\/educacioncontinua.pascualbravo.edu.co\/?product=curso-excel-intermedio#breadcrumb"},"inLanguage":"es-CO","potentialAction":[{"@type":"ReadAction","target":["https:\/\/educacioncontinua.pascualbravo.edu.co\/?product=curso-excel-intermedio"]}]},{"@type":"ImageObject","inLanguage":"es-CO","@id":"https:\/\/educacioncontinua.pascualbravo.edu.co\/?product=curso-excel-intermedio#primaryimage","url":"https:\/\/educacioncontinua.pascualbravo.edu.co\/wp-content\/uploads\/2022\/07\/Excel-intermedio.jpg","contentUrl":"https:\/\/educacioncontinua.pascualbravo.edu.co\/wp-content\/uploads\/2022\/07\/Excel-intermedio.jpg","width":301,"height":301},{"@type":"BreadcrumbList","@id":"https:\/\/educacioncontinua.pascualbravo.edu.co\/?product=curso-excel-intermedio#breadcrumb","itemListElement":[{"@type":"ListItem","position":1,"name":"Inicio","item":"https:\/\/educacioncontinua.pascualbravo.edu.co\/"},{"@type":"ListItem","position":2,"name":"Oferta acad\u00e9mica","item":"https:\/\/educacioncontinua.pascualbravo.edu.co\/?page_id=14"},{"@type":"ListItem","position":3,"name":"Curso Excel intermedio"}]},{"@type":"WebSite","@id":"https:\/\/educacioncontinua.pascualbravo.edu.co\/#website","url":"https:\/\/educacioncontinua.pascualbravo.edu.co\/","name":"Unidad de Educaci\u00f3n Continua - I.U. Pascual Bravo","description":"Unidad de Educaci\u00f3n Continua - I.U. Pascual Bravo","publisher":{"@id":"https:\/\/educacioncontinua.pascualbravo.edu.co\/#organization"},"potentialAction":[{"@type":"SearchAction","target":{"@type":"EntryPoint","urlTemplate":"https:\/\/educacioncontinua.pascualbravo.edu.co\/?s={search_term_string}"},"query-input":"required name=search_term_string"}],"inLanguage":"es-CO"},{"@type":"Organization","@id":"https:\/\/educacioncontinua.pascualbravo.edu.co\/#organization","name":"Unidad de Educaci\u00f3n Continua - I.U. Pascual Bravo","url":"https:\/\/educacioncontinua.pascualbravo.edu.co\/","logo":{"@type":"ImageObject","inLanguage":"es-CO","@id":"https:\/\/educacioncontinua.pascualbravo.edu.co\/#\/schema\/logo\/image\/","url":"https:\/\/educacioncontinua.pascualbravo.edu.co\/wp-content\/uploads\/2020\/12\/Pascual-Bravo.png","contentUrl":"https:\/\/educacioncontinua.pascualbravo.edu.co\/wp-content\/uploads\/2020\/12\/Pascual-Bravo.png","width":300,"height":77,"caption":"Unidad de Educaci\u00f3n Continua - I.U. Pascual Bravo"},"image":{"@id":"https:\/\/educacioncontinua.pascualbravo.edu.co\/#\/schema\/logo\/image\/"}}]}},"_links":{"self":[{"href":"https:\/\/educacioncontinua.pascualbravo.edu.co\/index.php?rest_route=\/wp\/v2\/product\/4612"}],"collection":[{"href":"https:\/\/educacioncontinua.pascualbravo.edu.co\/index.php?rest_route=\/wp\/v2\/product"}],"about":[{"href":"https:\/\/educacioncontinua.pascualbravo.edu.co\/index.php?rest_route=\/wp\/v2\/types\/product"}],"replies":[{"embeddable":true,"href":"https:\/\/educacioncontinua.pascualbravo.edu.co\/index.php?rest_route=%2Fwp%2Fv2%2Fcomments&post=4612"}],"wp:featuredmedia":[{"embeddable":true,"href":"https:\/\/educacioncontinua.pascualbravo.edu.co\/index.php?rest_route=\/wp\/v2\/media\/4840"}],"wp:attachment":[{"href":"https:\/\/educacioncontinua.pascualbravo.edu.co\/index.php?rest_route=%2Fwp%2Fv2%2Fmedia&parent=4612"}],"wp:term":[{"taxonomy":"product_cat","embeddable":true,"href":"https:\/\/educacioncontinua.pascualbravo.edu.co\/index.php?rest_route=%2Fwp%2Fv2%2Fproduct_cat&post=4612"},{"taxonomy":"product_tag","embeddable":true,"href":"https:\/\/educacioncontinua.pascualbravo.edu.co\/index.php?rest_route=%2Fwp%2Fv2%2Fproduct_tag&post=4612"},{"taxonomy":"tipo_oferta","embeddable":true,"href":"https:\/\/educacioncontinua.pascualbravo.edu.co\/index.php?rest_route=%2Fwp%2Fv2%2Ftipo_oferta&post=4612"},{"taxonomy":"modalidad","embeddable":true,"href":"https:\/\/educacioncontinua.pascualbravo.edu.co\/index.php?rest_route=%2Fwp%2Fv2%2Fmodalidad&post=4612"},{"taxonomy":"nivel","embeddable":true,"href":"https:\/\/educacioncontinua.pascualbravo.edu.co\/index.php?rest_route=%2Fwp%2Fv2%2Fnivel&post=4612"},{"taxonomy":"tipo_de_programa","embeddable":true,"href":"https:\/\/educacioncontinua.pascualbravo.edu.co\/index.php?rest_route=%2Fwp%2Fv2%2Ftipo_de_programa&post=4612"}],"curies":[{"name":"wp","href":"https:\/\/api.w.org\/{rel}","templated":true}]}}