{"id":4610,"date":"2022-07-01T16:28:57","date_gmt":"2022-07-01T21:28:57","guid":{"rendered":"https:\/\/educacioncontinua.pascualbravo.edu.co\/?post_type=product&#038;p=4610"},"modified":"2024-11-29T17:05:26","modified_gmt":"2024-11-29T22:05:26","slug":"excel-basico-para-ninos","status":"publish","type":"product","link":"https:\/\/educacioncontinua.pascualbravo.edu.co\/?product=excel-basico-para-ninos","title":{"rendered":"Excel b\u00e1sico para ni\u00f1os"},"content":{"rendered":"<p>Microsoft Excel es una de las herramientas m\u00e1s empleadas por la mayor\u00eda de las empresas y su uso es transversal a cualquier tipo de disciplina profesional. Excel permite administrar y procesar datos e informaci\u00f3n de los procesos productivos de las organizaciones. Estas caracter\u00edsticas hacen que el buen manejo de Excel se convierta en una ventaja competitiva para las personas y las organizaciones.<\/p>\n<h5>Objetivo General:<\/h5>\n<p>Introducir la herramienta Excel con un enfoque pr\u00e1ctico.<\/p>\n<h5>Objetivos Espec\u00edficos:<\/h5>\n<ul>\n<li>Familiarizar al estudiante con el entorno de la hoja de c\u00e1lculo de Excel.<\/li>\n<li>Emplear el an\u00e1lisis r\u00e1pido para mostrar datos relevantes y graficar.<\/li>\n<li>Utilizar ejemplos sencillos en el desarrollo de ordenamiento de datos.<\/li>\n<\/ul>\n<h5>Lo que vas a aprender:<\/h5>\n<p><!--aqu\u00ed empieza acoerde\u00f3n de qu\u00e9 vas a aprender--><\/p>\n<div id=\"accordionExample\" class=\"accordion\">\n<div class=\"card ec-card\">\n<div id=\"headingOne\" class=\"card-header ec-header\">\n<p><button class=\"btn btn-link btn-block text-left ec-btn\" type=\"button\" data-toggle=\"collapse\" data-target=\"#collapseOne\"><br \/>\nM\u00f3dulo 1<br \/>\n<\/button><\/p>\n<\/div>\n<div id=\"collapseOne\" class=\"collapse show\" aria-labelledby=\"headingOne\" data-parent=\"#accordionExample\">\n<div class=\"card-body ec-cardbody\">\n<ul>\n<li>Crear un nuevo libro.<\/li>\n<li>Introducir datos.<\/li>\n<li>Aplicar bordes de celda.<\/li>\n<li>Sumar datos.<\/li>\n<li>Crear f\u00f3rmula simple.<\/li>\n<\/ul>\n<\/div>\n<\/div>\n<\/div>\n<div class=\"card ec-card\">\n<div id=\"headingTwo\" class=\"card-header ec-header\">\n<p><button class=\"btn btn-link btn-block text-left collapsed ec-btn\" type=\"button\" data-toggle=\"collapse\" data-target=\"#collapseTwo\"><br \/>\nM\u00f3dulo 2<br \/>\n<\/button><\/p>\n<\/div>\n<div id=\"collapseTwo\" class=\"collapse\" aria-labelledby=\"headingTwo\" data-parent=\"#accordionExample\">\n<div class=\"card-body ec-cardbody\">\n<ul>\n<li>Aplicar un formato de n\u00famero.<\/li>\n<li>Escribir datos en tabla.<\/li>\n<li>Mostrar totales de datos con an\u00e1lisis r\u00e1pido<\/li>\n<li>Graficar datos con an\u00e1lisis r\u00e1pido.<\/li>\n<\/ul>\n<\/div>\n<\/div>\n<\/div>\n<div class=\"card ec-card\">\n<div id=\"headingThree\" class=\"card-header ec-header\">\n<p><button class=\"btn btn-link btn-block text-left collapsed ec-btn\" type=\"button\" data-toggle=\"collapse\" data-target=\"#collapseThree\"><br \/>\nM\u00f3dulo 3<br \/>\n<\/button><\/p>\n<\/div>\n<div id=\"collapseThree\" class=\"collapse\" aria-labelledby=\"headingThree\" data-parent=\"#accordionExample\">\n<div class=\"card-body ec-cardbody\">\n<ul>\n<li>Ordenar datos.<\/li>\n<li>Filtrar datos.<\/li>\n<li>Seleccionar plantillas.<\/li>\n<li>Imprimir trabajo.<\/li>\n<\/ul>\n<\/div>\n<\/div>\n<\/div>\n<\/div>\n","protected":false},"excerpt":{"rendered":"<p>Microsoft Excel es una de las herramientas m\u00e1s empleadas por la mayor\u00eda de las empresas y su uso es transversal a cualquier tipo de disciplina profesional. Excel permite administrar y procesar datos e informaci\u00f3n de los procesos productivos de las organizaciones. Estas caracter\u00edsticas hacen que el buen manejo de Excel se convierta en una ventaja [&hellip;]<\/p>\n","protected":false},"featured_media":4843,"comment_status":"open","ping_status":"closed","template":"","meta":{"_acf_changed":false},"product_cat":[65],"product_tag":[66],"tipo_oferta":[88],"modalidad":[92],"nivel":[93],"tipo_de_programa":[],"acf":[],"yoast_head":"<!-- This site is optimized with the Yoast SEO plugin v22.9 - https:\/\/yoast.com\/wordpress\/plugins\/seo\/ -->\n<title>Excel b\u00e1sico para ni\u00f1os - Unidad de Educaci\u00f3n Continua - I.U. Pascual Bravo<\/title>\n<meta name=\"robots\" content=\"index, follow, max-snippet:-1, max-image-preview:large, max-video-preview:-1\" \/>\n<link rel=\"canonical\" href=\"https:\/\/educacioncontinua.pascualbravo.edu.co\/?product=excel-basico-para-ninos\" \/>\n<meta property=\"og:locale\" content=\"es_ES\" \/>\n<meta property=\"og:type\" content=\"article\" \/>\n<meta property=\"og:title\" content=\"Excel b\u00e1sico para ni\u00f1os - Unidad de Educaci\u00f3n Continua - I.U. Pascual Bravo\" \/>\n<meta property=\"og:description\" content=\"Microsoft Excel es una de las herramientas m\u00e1s empleadas por la mayor\u00eda de las empresas y su uso es transversal a cualquier tipo de disciplina profesional. Excel permite administrar y procesar datos e informaci\u00f3n de los procesos productivos de las organizaciones. Estas caracter\u00edsticas hacen que el buen manejo de Excel se convierta en una ventaja [&hellip;]\" \/>\n<meta property=\"og:url\" content=\"https:\/\/educacioncontinua.pascualbravo.edu.co\/?product=excel-basico-para-ninos\" \/>\n<meta property=\"og:site_name\" content=\"Unidad de Educaci\u00f3n Continua - I.U. Pascual Bravo\" \/>\n<meta property=\"article:modified_time\" content=\"2024-11-29T22:05:26+00:00\" \/>\n<meta property=\"og:image\" content=\"https:\/\/educacioncontinua.pascualbravo.edu.co\/wp-content\/uploads\/2022\/07\/Excel-basico-para-ninos.jpg\" \/>\n\t<meta property=\"og:image:width\" content=\"301\" \/>\n\t<meta property=\"og:image:height\" content=\"301\" \/>\n\t<meta property=\"og:image:type\" content=\"image\/jpeg\" \/>\n<meta name=\"twitter:card\" content=\"summary_large_image\" \/>\n<meta name=\"twitter:label1\" content=\"Tiempo de lectura\" \/>\n\t<meta name=\"twitter:data1\" content=\"1 minuto\" \/>\n<script type=\"application\/ld+json\" class=\"yoast-schema-graph\">{\"@context\":\"https:\/\/schema.org\",\"@graph\":[{\"@type\":\"WebPage\",\"@id\":\"https:\/\/educacioncontinua.pascualbravo.edu.co\/?product=excel-basico-para-ninos\",\"url\":\"https:\/\/educacioncontinua.pascualbravo.edu.co\/?product=excel-basico-para-ninos\",\"name\":\"Excel b\u00e1sico para ni\u00f1os - Unidad de Educaci\u00f3n Continua - I.U. Pascual Bravo\",\"isPartOf\":{\"@id\":\"https:\/\/educacioncontinua.pascualbravo.edu.co\/#website\"},\"primaryImageOfPage\":{\"@id\":\"https:\/\/educacioncontinua.pascualbravo.edu.co\/?product=excel-basico-para-ninos#primaryimage\"},\"image\":{\"@id\":\"https:\/\/educacioncontinua.pascualbravo.edu.co\/?product=excel-basico-para-ninos#primaryimage\"},\"thumbnailUrl\":\"https:\/\/educacioncontinua.pascualbravo.edu.co\/wp-content\/uploads\/2022\/07\/Excel-basico-para-ninos.jpg\",\"datePublished\":\"2022-07-01T21:28:57+00:00\",\"dateModified\":\"2024-11-29T22:05:26+00:00\",\"breadcrumb\":{\"@id\":\"https:\/\/educacioncontinua.pascualbravo.edu.co\/?product=excel-basico-para-ninos#breadcrumb\"},\"inLanguage\":\"es-CO\",\"potentialAction\":[{\"@type\":\"ReadAction\",\"target\":[\"https:\/\/educacioncontinua.pascualbravo.edu.co\/?product=excel-basico-para-ninos\"]}]},{\"@type\":\"ImageObject\",\"inLanguage\":\"es-CO\",\"@id\":\"https:\/\/educacioncontinua.pascualbravo.edu.co\/?product=excel-basico-para-ninos#primaryimage\",\"url\":\"https:\/\/educacioncontinua.pascualbravo.edu.co\/wp-content\/uploads\/2022\/07\/Excel-basico-para-ninos.jpg\",\"contentUrl\":\"https:\/\/educacioncontinua.pascualbravo.edu.co\/wp-content\/uploads\/2022\/07\/Excel-basico-para-ninos.jpg\",\"width\":301,\"height\":301},{\"@type\":\"BreadcrumbList\",\"@id\":\"https:\/\/educacioncontinua.pascualbravo.edu.co\/?product=excel-basico-para-ninos#breadcrumb\",\"itemListElement\":[{\"@type\":\"ListItem\",\"position\":1,\"name\":\"Inicio\",\"item\":\"https:\/\/educacioncontinua.pascualbravo.edu.co\/\"},{\"@type\":\"ListItem\",\"position\":2,\"name\":\"Oferta acad\u00e9mica\",\"item\":\"https:\/\/educacioncontinua.pascualbravo.edu.co\/?page_id=14\"},{\"@type\":\"ListItem\",\"position\":3,\"name\":\"Excel b\u00e1sico para ni\u00f1os\"}]},{\"@type\":\"WebSite\",\"@id\":\"https:\/\/educacioncontinua.pascualbravo.edu.co\/#website\",\"url\":\"https:\/\/educacioncontinua.pascualbravo.edu.co\/\",\"name\":\"Unidad de Educaci\u00f3n Continua - I.U. Pascual Bravo\",\"description\":\"Unidad de Educaci\u00f3n Continua - I.U. Pascual Bravo\",\"publisher\":{\"@id\":\"https:\/\/educacioncontinua.pascualbravo.edu.co\/#organization\"},\"potentialAction\":[{\"@type\":\"SearchAction\",\"target\":{\"@type\":\"EntryPoint\",\"urlTemplate\":\"https:\/\/educacioncontinua.pascualbravo.edu.co\/?s={search_term_string}\"},\"query-input\":\"required name=search_term_string\"}],\"inLanguage\":\"es-CO\"},{\"@type\":\"Organization\",\"@id\":\"https:\/\/educacioncontinua.pascualbravo.edu.co\/#organization\",\"name\":\"Unidad de Educaci\u00f3n Continua - I.U. Pascual Bravo\",\"url\":\"https:\/\/educacioncontinua.pascualbravo.edu.co\/\",\"logo\":{\"@type\":\"ImageObject\",\"inLanguage\":\"es-CO\",\"@id\":\"https:\/\/educacioncontinua.pascualbravo.edu.co\/#\/schema\/logo\/image\/\",\"url\":\"https:\/\/educacioncontinua.pascualbravo.edu.co\/wp-content\/uploads\/2020\/12\/Pascual-Bravo.png\",\"contentUrl\":\"https:\/\/educacioncontinua.pascualbravo.edu.co\/wp-content\/uploads\/2020\/12\/Pascual-Bravo.png\",\"width\":300,\"height\":77,\"caption\":\"Unidad de Educaci\u00f3n Continua - I.U. Pascual Bravo\"},\"image\":{\"@id\":\"https:\/\/educacioncontinua.pascualbravo.edu.co\/#\/schema\/logo\/image\/\"}}]}<\/script>\n<!-- \/ Yoast SEO plugin. -->","yoast_head_json":{"title":"Excel b\u00e1sico para ni\u00f1os - Unidad de Educaci\u00f3n Continua - I.U. Pascual Bravo","robots":{"index":"index","follow":"follow","max-snippet":"max-snippet:-1","max-image-preview":"max-image-preview:large","max-video-preview":"max-video-preview:-1"},"canonical":"https:\/\/educacioncontinua.pascualbravo.edu.co\/?product=excel-basico-para-ninos","og_locale":"es_ES","og_type":"article","og_title":"Excel b\u00e1sico para ni\u00f1os - Unidad de Educaci\u00f3n Continua - I.U. Pascual Bravo","og_description":"Microsoft Excel es una de las herramientas m\u00e1s empleadas por la mayor\u00eda de las empresas y su uso es transversal a cualquier tipo de disciplina profesional. Excel permite administrar y procesar datos e informaci\u00f3n de los procesos productivos de las organizaciones. Estas caracter\u00edsticas hacen que el buen manejo de Excel se convierta en una ventaja [&hellip;]","og_url":"https:\/\/educacioncontinua.pascualbravo.edu.co\/?product=excel-basico-para-ninos","og_site_name":"Unidad de Educaci\u00f3n Continua - I.U. Pascual Bravo","article_modified_time":"2024-11-29T22:05:26+00:00","og_image":[{"width":301,"height":301,"url":"https:\/\/educacioncontinua.pascualbravo.edu.co\/wp-content\/uploads\/2022\/07\/Excel-basico-para-ninos.jpg","type":"image\/jpeg"}],"twitter_card":"summary_large_image","twitter_misc":{"Tiempo de lectura":"1 minuto"},"schema":{"@context":"https:\/\/schema.org","@graph":[{"@type":"WebPage","@id":"https:\/\/educacioncontinua.pascualbravo.edu.co\/?product=excel-basico-para-ninos","url":"https:\/\/educacioncontinua.pascualbravo.edu.co\/?product=excel-basico-para-ninos","name":"Excel b\u00e1sico para ni\u00f1os - Unidad de Educaci\u00f3n Continua - I.U. Pascual Bravo","isPartOf":{"@id":"https:\/\/educacioncontinua.pascualbravo.edu.co\/#website"},"primaryImageOfPage":{"@id":"https:\/\/educacioncontinua.pascualbravo.edu.co\/?product=excel-basico-para-ninos#primaryimage"},"image":{"@id":"https:\/\/educacioncontinua.pascualbravo.edu.co\/?product=excel-basico-para-ninos#primaryimage"},"thumbnailUrl":"https:\/\/educacioncontinua.pascualbravo.edu.co\/wp-content\/uploads\/2022\/07\/Excel-basico-para-ninos.jpg","datePublished":"2022-07-01T21:28:57+00:00","dateModified":"2024-11-29T22:05:26+00:00","breadcrumb":{"@id":"https:\/\/educacioncontinua.pascualbravo.edu.co\/?product=excel-basico-para-ninos#breadcrumb"},"inLanguage":"es-CO","potentialAction":[{"@type":"ReadAction","target":["https:\/\/educacioncontinua.pascualbravo.edu.co\/?product=excel-basico-para-ninos"]}]},{"@type":"ImageObject","inLanguage":"es-CO","@id":"https:\/\/educacioncontinua.pascualbravo.edu.co\/?product=excel-basico-para-ninos#primaryimage","url":"https:\/\/educacioncontinua.pascualbravo.edu.co\/wp-content\/uploads\/2022\/07\/Excel-basico-para-ninos.jpg","contentUrl":"https:\/\/educacioncontinua.pascualbravo.edu.co\/wp-content\/uploads\/2022\/07\/Excel-basico-para-ninos.jpg","width":301,"height":301},{"@type":"BreadcrumbList","@id":"https:\/\/educacioncontinua.pascualbravo.edu.co\/?product=excel-basico-para-ninos#breadcrumb","itemListElement":[{"@type":"ListItem","position":1,"name":"Inicio","item":"https:\/\/educacioncontinua.pascualbravo.edu.co\/"},{"@type":"ListItem","position":2,"name":"Oferta acad\u00e9mica","item":"https:\/\/educacioncontinua.pascualbravo.edu.co\/?page_id=14"},{"@type":"ListItem","position":3,"name":"Excel b\u00e1sico para ni\u00f1os"}]},{"@type":"WebSite","@id":"https:\/\/educacioncontinua.pascualbravo.edu.co\/#website","url":"https:\/\/educacioncontinua.pascualbravo.edu.co\/","name":"Unidad de Educaci\u00f3n Continua - I.U. Pascual Bravo","description":"Unidad de Educaci\u00f3n Continua - I.U. Pascual Bravo","publisher":{"@id":"https:\/\/educacioncontinua.pascualbravo.edu.co\/#organization"},"potentialAction":[{"@type":"SearchAction","target":{"@type":"EntryPoint","urlTemplate":"https:\/\/educacioncontinua.pascualbravo.edu.co\/?s={search_term_string}"},"query-input":"required name=search_term_string"}],"inLanguage":"es-CO"},{"@type":"Organization","@id":"https:\/\/educacioncontinua.pascualbravo.edu.co\/#organization","name":"Unidad de Educaci\u00f3n Continua - I.U. Pascual Bravo","url":"https:\/\/educacioncontinua.pascualbravo.edu.co\/","logo":{"@type":"ImageObject","inLanguage":"es-CO","@id":"https:\/\/educacioncontinua.pascualbravo.edu.co\/#\/schema\/logo\/image\/","url":"https:\/\/educacioncontinua.pascualbravo.edu.co\/wp-content\/uploads\/2020\/12\/Pascual-Bravo.png","contentUrl":"https:\/\/educacioncontinua.pascualbravo.edu.co\/wp-content\/uploads\/2020\/12\/Pascual-Bravo.png","width":300,"height":77,"caption":"Unidad de Educaci\u00f3n Continua - I.U. Pascual Bravo"},"image":{"@id":"https:\/\/educacioncontinua.pascualbravo.edu.co\/#\/schema\/logo\/image\/"}}]}},"_links":{"self":[{"href":"https:\/\/educacioncontinua.pascualbravo.edu.co\/index.php?rest_route=\/wp\/v2\/product\/4610"}],"collection":[{"href":"https:\/\/educacioncontinua.pascualbravo.edu.co\/index.php?rest_route=\/wp\/v2\/product"}],"about":[{"href":"https:\/\/educacioncontinua.pascualbravo.edu.co\/index.php?rest_route=\/wp\/v2\/types\/product"}],"replies":[{"embeddable":true,"href":"https:\/\/educacioncontinua.pascualbravo.edu.co\/index.php?rest_route=%2Fwp%2Fv2%2Fcomments&post=4610"}],"wp:featuredmedia":[{"embeddable":true,"href":"https:\/\/educacioncontinua.pascualbravo.edu.co\/index.php?rest_route=\/wp\/v2\/media\/4843"}],"wp:attachment":[{"href":"https:\/\/educacioncontinua.pascualbravo.edu.co\/index.php?rest_route=%2Fwp%2Fv2%2Fmedia&parent=4610"}],"wp:term":[{"taxonomy":"product_cat","embeddable":true,"href":"https:\/\/educacioncontinua.pascualbravo.edu.co\/index.php?rest_route=%2Fwp%2Fv2%2Fproduct_cat&post=4610"},{"taxonomy":"product_tag","embeddable":true,"href":"https:\/\/educacioncontinua.pascualbravo.edu.co\/index.php?rest_route=%2Fwp%2Fv2%2Fproduct_tag&post=4610"},{"taxonomy":"tipo_oferta","embeddable":true,"href":"https:\/\/educacioncontinua.pascualbravo.edu.co\/index.php?rest_route=%2Fwp%2Fv2%2Ftipo_oferta&post=4610"},{"taxonomy":"modalidad","embeddable":true,"href":"https:\/\/educacioncontinua.pascualbravo.edu.co\/index.php?rest_route=%2Fwp%2Fv2%2Fmodalidad&post=4610"},{"taxonomy":"nivel","embeddable":true,"href":"https:\/\/educacioncontinua.pascualbravo.edu.co\/index.php?rest_route=%2Fwp%2Fv2%2Fnivel&post=4610"},{"taxonomy":"tipo_de_programa","embeddable":true,"href":"https:\/\/educacioncontinua.pascualbravo.edu.co\/index.php?rest_route=%2Fwp%2Fv2%2Ftipo_de_programa&post=4610"}],"curies":[{"name":"wp","href":"https:\/\/api.w.org\/{rel}","templated":true}]}}