{"id":4607,"date":"2022-07-01T12:53:27","date_gmt":"2022-07-01T17:53:27","guid":{"rendered":"https:\/\/educacioncontinua.pascualbravo.edu.co\/?post_type=product&#038;p=4607"},"modified":"2026-02-23T15:43:16","modified_gmt":"2026-02-23T20:43:16","slug":"robotica-para-ninos","status":"publish","type":"product","link":"https:\/\/educacioncontinua.pascualbravo.edu.co\/?product=robotica-para-ninos","title":{"rendered":"Curso Rob\u00f3tica para ni\u00f1os y ni\u00f1as"},"content":{"rendered":"<p>En la actualidad el desarrollo y manipulaci\u00f3n de tecnolog\u00edas de punta por parte de las naciones es un eje fundamental en el desarrollo de las mismas. Una de estas \u00e1reas es la implementaci\u00f3n de dispositivos rob\u00f3ticos los cuales han ido aumentando su presencia en una gran cantidad de sectores desde el ensamble de productos en la parte industrial hasta las aplicaciones biom\u00e9dicas en salas de cirug\u00eda.<br \/>\nTeniendo esto en cuenta se deben formar las futuras generaciones de ciudadanos no solo en el uso de estas tecnolog\u00edas sino tambi\u00e9n en el dise\u00f1o e implementaci\u00f3n de las mismas.<\/p>\n<p>El curso de Rob\u00f3tica para ni\u00f1os busca despertar en los menores la curiosidad por la ciencia, la tecnolog\u00eda y la innovaci\u00f3n a trav\u00e9s de experiencias l\u00fadicas y creativas. A partir del uso de materiales sencillos y accesibles, los participantes comprenden los fundamentos de la rob\u00f3tica, la l\u00f3gica de programaci\u00f3n y el pensamiento cient\u00edfico, fortaleciendo competencias STEAM como la observaci\u00f3n, el trabajo en equipo y la resoluci\u00f3n de problemas.<\/p>\n<h5>Objetivo general:<\/h5>\n<p>Introducir a los ni\u00f1os y ni\u00f1as en los principios b\u00e1sicos de la rob\u00f3tica y la programaci\u00f3n mediante actividades pr\u00e1cticas que estimulen la creatividad, el pensamiento l\u00f3gico y la comprensi\u00f3n tecnol\u00f3gica.<\/p>\n<h5>Objetivos espec\u00edficos:<\/h5>\n<ul>\n<li>Fomentar el inter\u00e9s en las ciencias y rob\u00f3tica.<\/li>\n<li>Alfabetizar tecnol\u00f3gicamente al estudiante.<\/li>\n<li>Estimular el esp\u00edritu de la investigaci\u00f3n.<\/li>\n<li>Profundizar en los en los conceptos te\u00f3rico pr\u00e1cticos de la rob\u00f3tica m\u00f3vil.<\/li>\n<li>Profundizar en los en los conceptos te\u00f3rico pr\u00e1cticos de la rob\u00f3tica manipuladora.<\/li>\n<li>Despertar en los alumnos el desarrollo de la l\u00f3gica.<\/li>\n<\/ul>\n<h5>Lo que vas a aprender:<\/h5>\n<ul>\n<li>M\u00f3dulo 1: Introducci\u00f3n a la Rob\u00f3tica<\/li>\n<li>M\u00f3dulo 2: Circuitos y construcci\u00f3n b\u00e1sica<\/li>\n<li>M\u00f3dulo 3: L\u00f3gica y pensamiento computacional<\/li>\n<li>M\u00f3dulo 4: Movimiento y mec\u00e1nica aplicada<\/li>\n<li>M\u00f3dulo 5: Energ\u00eda solar y rob\u00f3tica sostenible<\/li>\n<\/ul>\n<p><b>El inicio del curso se encuentra sujeto a la inscripci\u00f3n del cupo m\u00ednimo de 19 participantes.<\/b><\/p>\n<p>Valor: $ 563.000<\/p>\n<p>Horarios: Sabados 8:00 a.m 12 m.<\/p>\n","protected":false},"excerpt":{"rendered":"<p>En la actualidad el desarrollo y manipulaci\u00f3n de tecnolog\u00edas de punta por parte de las naciones es un eje fundamental en el desarrollo de las mismas. Una de estas \u00e1reas es la implementaci\u00f3n de dispositivos rob\u00f3ticos los cuales han ido aumentando su presencia en una gran cantidad de sectores desde el ensamble de productos en [&hellip;]<\/p>\n","protected":false},"featured_media":9200,"comment_status":"open","ping_status":"closed","template":"","meta":{"_acf_changed":false},"product_cat":[15,137,132],"product_tag":[67],"tipo_oferta":[88],"modalidad":[92],"nivel":[93],"tipo_de_programa":[],"acf":[],"yoast_head":"<!-- This site is optimized with the Yoast SEO plugin v22.9 - https:\/\/yoast.com\/wordpress\/plugins\/seo\/ -->\n<title>Curso Rob\u00f3tica para ni\u00f1os y ni\u00f1as - Unidad de Educaci\u00f3n Continua - I.U. Pascual Bravo<\/title>\n<meta name=\"robots\" content=\"index, follow, max-snippet:-1, max-image-preview:large, max-video-preview:-1\" \/>\n<link rel=\"canonical\" href=\"https:\/\/educacioncontinua.pascualbravo.edu.co\/?product=robotica-para-ninos\" \/>\n<meta property=\"og:locale\" content=\"es_ES\" \/>\n<meta property=\"og:type\" content=\"article\" \/>\n<meta property=\"og:title\" content=\"Curso Rob\u00f3tica para ni\u00f1os y ni\u00f1as - Unidad de Educaci\u00f3n Continua - I.U. Pascual Bravo\" \/>\n<meta property=\"og:description\" content=\"En la actualidad el desarrollo y manipulaci\u00f3n de tecnolog\u00edas de punta por parte de las naciones es un eje fundamental en el desarrollo de las mismas. Una de estas \u00e1reas es la implementaci\u00f3n de dispositivos rob\u00f3ticos los cuales han ido aumentando su presencia en una gran cantidad de sectores desde el ensamble de productos en [&hellip;]\" \/>\n<meta property=\"og:url\" content=\"https:\/\/educacioncontinua.pascualbravo.edu.co\/?product=robotica-para-ninos\" \/>\n<meta property=\"og:site_name\" content=\"Unidad de Educaci\u00f3n Continua - I.U. Pascual Bravo\" \/>\n<meta property=\"article:modified_time\" content=\"2026-02-23T20:43:16+00:00\" \/>\n<meta property=\"og:image\" content=\"https:\/\/educacioncontinua.pascualbravo.edu.co\/wp-content\/uploads\/2026\/02\/Miniatura-Curso-Robotica-para-ninos-y-ninas_2026.webp\" \/>\n\t<meta property=\"og:image:width\" content=\"630\" \/>\n\t<meta property=\"og:image:height\" content=\"628\" \/>\n\t<meta property=\"og:image:type\" content=\"image\/webp\" \/>\n<meta name=\"twitter:card\" content=\"summary_large_image\" \/>\n<meta name=\"twitter:label1\" content=\"Tiempo de lectura\" \/>\n\t<meta name=\"twitter:data1\" content=\"2 minutos\" \/>\n<script type=\"application\/ld+json\" class=\"yoast-schema-graph\">{\"@context\":\"https:\/\/schema.org\",\"@graph\":[{\"@type\":\"WebPage\",\"@id\":\"https:\/\/educacioncontinua.pascualbravo.edu.co\/?product=robotica-para-ninos\",\"url\":\"https:\/\/educacioncontinua.pascualbravo.edu.co\/?product=robotica-para-ninos\",\"name\":\"Curso Rob\u00f3tica para ni\u00f1os y ni\u00f1as - Unidad de Educaci\u00f3n Continua - I.U. Pascual Bravo\",\"isPartOf\":{\"@id\":\"https:\/\/educacioncontinua.pascualbravo.edu.co\/#website\"},\"primaryImageOfPage\":{\"@id\":\"https:\/\/educacioncontinua.pascualbravo.edu.co\/?product=robotica-para-ninos#primaryimage\"},\"image\":{\"@id\":\"https:\/\/educacioncontinua.pascualbravo.edu.co\/?product=robotica-para-ninos#primaryimage\"},\"thumbnailUrl\":\"https:\/\/educacioncontinua.pascualbravo.edu.co\/wp-content\/uploads\/2026\/02\/Miniatura-Curso-Robotica-para-ninos-y-ninas_2026.webp\",\"datePublished\":\"2022-07-01T17:53:27+00:00\",\"dateModified\":\"2026-02-23T20:43:16+00:00\",\"breadcrumb\":{\"@id\":\"https:\/\/educacioncontinua.pascualbravo.edu.co\/?product=robotica-para-ninos#breadcrumb\"},\"inLanguage\":\"es-CO\",\"potentialAction\":[{\"@type\":\"ReadAction\",\"target\":[\"https:\/\/educacioncontinua.pascualbravo.edu.co\/?product=robotica-para-ninos\"]}]},{\"@type\":\"ImageObject\",\"inLanguage\":\"es-CO\",\"@id\":\"https:\/\/educacioncontinua.pascualbravo.edu.co\/?product=robotica-para-ninos#primaryimage\",\"url\":\"https:\/\/educacioncontinua.pascualbravo.edu.co\/wp-content\/uploads\/2026\/02\/Miniatura-Curso-Robotica-para-ninos-y-ninas_2026.webp\",\"contentUrl\":\"https:\/\/educacioncontinua.pascualbravo.edu.co\/wp-content\/uploads\/2026\/02\/Miniatura-Curso-Robotica-para-ninos-y-ninas_2026.webp\",\"width\":630,\"height\":628},{\"@type\":\"BreadcrumbList\",\"@id\":\"https:\/\/educacioncontinua.pascualbravo.edu.co\/?product=robotica-para-ninos#breadcrumb\",\"itemListElement\":[{\"@type\":\"ListItem\",\"position\":1,\"name\":\"Inicio\",\"item\":\"https:\/\/educacioncontinua.pascualbravo.edu.co\/\"},{\"@type\":\"ListItem\",\"position\":2,\"name\":\"Oferta acad\u00e9mica\",\"item\":\"https:\/\/educacioncontinua.pascualbravo.edu.co\/?page_id=14\"},{\"@type\":\"ListItem\",\"position\":3,\"name\":\"Curso Rob\u00f3tica para ni\u00f1os y ni\u00f1as\"}]},{\"@type\":\"WebSite\",\"@id\":\"https:\/\/educacioncontinua.pascualbravo.edu.co\/#website\",\"url\":\"https:\/\/educacioncontinua.pascualbravo.edu.co\/\",\"name\":\"Unidad de Educaci\u00f3n Continua - I.U. Pascual Bravo\",\"description\":\"Unidad de Educaci\u00f3n Continua - I.U. Pascual Bravo\",\"publisher\":{\"@id\":\"https:\/\/educacioncontinua.pascualbravo.edu.co\/#organization\"},\"potentialAction\":[{\"@type\":\"SearchAction\",\"target\":{\"@type\":\"EntryPoint\",\"urlTemplate\":\"https:\/\/educacioncontinua.pascualbravo.edu.co\/?s={search_term_string}\"},\"query-input\":\"required name=search_term_string\"}],\"inLanguage\":\"es-CO\"},{\"@type\":\"Organization\",\"@id\":\"https:\/\/educacioncontinua.pascualbravo.edu.co\/#organization\",\"name\":\"Unidad de Educaci\u00f3n Continua - I.U. Pascual Bravo\",\"url\":\"https:\/\/educacioncontinua.pascualbravo.edu.co\/\",\"logo\":{\"@type\":\"ImageObject\",\"inLanguage\":\"es-CO\",\"@id\":\"https:\/\/educacioncontinua.pascualbravo.edu.co\/#\/schema\/logo\/image\/\",\"url\":\"https:\/\/educacioncontinua.pascualbravo.edu.co\/wp-content\/uploads\/2020\/12\/Pascual-Bravo.png\",\"contentUrl\":\"https:\/\/educacioncontinua.pascualbravo.edu.co\/wp-content\/uploads\/2020\/12\/Pascual-Bravo.png\",\"width\":300,\"height\":77,\"caption\":\"Unidad de Educaci\u00f3n Continua - I.U. Pascual Bravo\"},\"image\":{\"@id\":\"https:\/\/educacioncontinua.pascualbravo.edu.co\/#\/schema\/logo\/image\/\"}}]}<\/script>\n<!-- \/ Yoast SEO plugin. -->","yoast_head_json":{"title":"Curso Rob\u00f3tica para ni\u00f1os y ni\u00f1as - Unidad de Educaci\u00f3n Continua - I.U. Pascual Bravo","robots":{"index":"index","follow":"follow","max-snippet":"max-snippet:-1","max-image-preview":"max-image-preview:large","max-video-preview":"max-video-preview:-1"},"canonical":"https:\/\/educacioncontinua.pascualbravo.edu.co\/?product=robotica-para-ninos","og_locale":"es_ES","og_type":"article","og_title":"Curso Rob\u00f3tica para ni\u00f1os y ni\u00f1as - Unidad de Educaci\u00f3n Continua - I.U. Pascual Bravo","og_description":"En la actualidad el desarrollo y manipulaci\u00f3n de tecnolog\u00edas de punta por parte de las naciones es un eje fundamental en el desarrollo de las mismas. Una de estas \u00e1reas es la implementaci\u00f3n de dispositivos rob\u00f3ticos los cuales han ido aumentando su presencia en una gran cantidad de sectores desde el ensamble de productos en [&hellip;]","og_url":"https:\/\/educacioncontinua.pascualbravo.edu.co\/?product=robotica-para-ninos","og_site_name":"Unidad de Educaci\u00f3n Continua - I.U. Pascual Bravo","article_modified_time":"2026-02-23T20:43:16+00:00","og_image":[{"width":630,"height":628,"url":"https:\/\/educacioncontinua.pascualbravo.edu.co\/wp-content\/uploads\/2026\/02\/Miniatura-Curso-Robotica-para-ninos-y-ninas_2026.webp","type":"image\/webp"}],"twitter_card":"summary_large_image","twitter_misc":{"Tiempo de lectura":"2 minutos"},"schema":{"@context":"https:\/\/schema.org","@graph":[{"@type":"WebPage","@id":"https:\/\/educacioncontinua.pascualbravo.edu.co\/?product=robotica-para-ninos","url":"https:\/\/educacioncontinua.pascualbravo.edu.co\/?product=robotica-para-ninos","name":"Curso Rob\u00f3tica para ni\u00f1os y ni\u00f1as - Unidad de Educaci\u00f3n Continua - I.U. Pascual Bravo","isPartOf":{"@id":"https:\/\/educacioncontinua.pascualbravo.edu.co\/#website"},"primaryImageOfPage":{"@id":"https:\/\/educacioncontinua.pascualbravo.edu.co\/?product=robotica-para-ninos#primaryimage"},"image":{"@id":"https:\/\/educacioncontinua.pascualbravo.edu.co\/?product=robotica-para-ninos#primaryimage"},"thumbnailUrl":"https:\/\/educacioncontinua.pascualbravo.edu.co\/wp-content\/uploads\/2026\/02\/Miniatura-Curso-Robotica-para-ninos-y-ninas_2026.webp","datePublished":"2022-07-01T17:53:27+00:00","dateModified":"2026-02-23T20:43:16+00:00","breadcrumb":{"@id":"https:\/\/educacioncontinua.pascualbravo.edu.co\/?product=robotica-para-ninos#breadcrumb"},"inLanguage":"es-CO","potentialAction":[{"@type":"ReadAction","target":["https:\/\/educacioncontinua.pascualbravo.edu.co\/?product=robotica-para-ninos"]}]},{"@type":"ImageObject","inLanguage":"es-CO","@id":"https:\/\/educacioncontinua.pascualbravo.edu.co\/?product=robotica-para-ninos#primaryimage","url":"https:\/\/educacioncontinua.pascualbravo.edu.co\/wp-content\/uploads\/2026\/02\/Miniatura-Curso-Robotica-para-ninos-y-ninas_2026.webp","contentUrl":"https:\/\/educacioncontinua.pascualbravo.edu.co\/wp-content\/uploads\/2026\/02\/Miniatura-Curso-Robotica-para-ninos-y-ninas_2026.webp","width":630,"height":628},{"@type":"BreadcrumbList","@id":"https:\/\/educacioncontinua.pascualbravo.edu.co\/?product=robotica-para-ninos#breadcrumb","itemListElement":[{"@type":"ListItem","position":1,"name":"Inicio","item":"https:\/\/educacioncontinua.pascualbravo.edu.co\/"},{"@type":"ListItem","position":2,"name":"Oferta acad\u00e9mica","item":"https:\/\/educacioncontinua.pascualbravo.edu.co\/?page_id=14"},{"@type":"ListItem","position":3,"name":"Curso Rob\u00f3tica para ni\u00f1os y ni\u00f1as"}]},{"@type":"WebSite","@id":"https:\/\/educacioncontinua.pascualbravo.edu.co\/#website","url":"https:\/\/educacioncontinua.pascualbravo.edu.co\/","name":"Unidad de Educaci\u00f3n Continua - I.U. Pascual Bravo","description":"Unidad de Educaci\u00f3n Continua - I.U. Pascual Bravo","publisher":{"@id":"https:\/\/educacioncontinua.pascualbravo.edu.co\/#organization"},"potentialAction":[{"@type":"SearchAction","target":{"@type":"EntryPoint","urlTemplate":"https:\/\/educacioncontinua.pascualbravo.edu.co\/?s={search_term_string}"},"query-input":"required name=search_term_string"}],"inLanguage":"es-CO"},{"@type":"Organization","@id":"https:\/\/educacioncontinua.pascualbravo.edu.co\/#organization","name":"Unidad de Educaci\u00f3n Continua - I.U. Pascual Bravo","url":"https:\/\/educacioncontinua.pascualbravo.edu.co\/","logo":{"@type":"ImageObject","inLanguage":"es-CO","@id":"https:\/\/educacioncontinua.pascualbravo.edu.co\/#\/schema\/logo\/image\/","url":"https:\/\/educacioncontinua.pascualbravo.edu.co\/wp-content\/uploads\/2020\/12\/Pascual-Bravo.png","contentUrl":"https:\/\/educacioncontinua.pascualbravo.edu.co\/wp-content\/uploads\/2020\/12\/Pascual-Bravo.png","width":300,"height":77,"caption":"Unidad de Educaci\u00f3n Continua - I.U. Pascual Bravo"},"image":{"@id":"https:\/\/educacioncontinua.pascualbravo.edu.co\/#\/schema\/logo\/image\/"}}]}},"_links":{"self":[{"href":"https:\/\/educacioncontinua.pascualbravo.edu.co\/index.php?rest_route=\/wp\/v2\/product\/4607"}],"collection":[{"href":"https:\/\/educacioncontinua.pascualbravo.edu.co\/index.php?rest_route=\/wp\/v2\/product"}],"about":[{"href":"https:\/\/educacioncontinua.pascualbravo.edu.co\/index.php?rest_route=\/wp\/v2\/types\/product"}],"replies":[{"embeddable":true,"href":"https:\/\/educacioncontinua.pascualbravo.edu.co\/index.php?rest_route=%2Fwp%2Fv2%2Fcomments&post=4607"}],"wp:featuredmedia":[{"embeddable":true,"href":"https:\/\/educacioncontinua.pascualbravo.edu.co\/index.php?rest_route=\/wp\/v2\/media\/9200"}],"wp:attachment":[{"href":"https:\/\/educacioncontinua.pascualbravo.edu.co\/index.php?rest_route=%2Fwp%2Fv2%2Fmedia&parent=4607"}],"wp:term":[{"taxonomy":"product_cat","embeddable":true,"href":"https:\/\/educacioncontinua.pascualbravo.edu.co\/index.php?rest_route=%2Fwp%2Fv2%2Fproduct_cat&post=4607"},{"taxonomy":"product_tag","embeddable":true,"href":"https:\/\/educacioncontinua.pascualbravo.edu.co\/index.php?rest_route=%2Fwp%2Fv2%2Fproduct_tag&post=4607"},{"taxonomy":"tipo_oferta","embeddable":true,"href":"https:\/\/educacioncontinua.pascualbravo.edu.co\/index.php?rest_route=%2Fwp%2Fv2%2Ftipo_oferta&post=4607"},{"taxonomy":"modalidad","embeddable":true,"href":"https:\/\/educacioncontinua.pascualbravo.edu.co\/index.php?rest_route=%2Fwp%2Fv2%2Fmodalidad&post=4607"},{"taxonomy":"nivel","embeddable":true,"href":"https:\/\/educacioncontinua.pascualbravo.edu.co\/index.php?rest_route=%2Fwp%2Fv2%2Fnivel&post=4607"},{"taxonomy":"tipo_de_programa","embeddable":true,"href":"https:\/\/educacioncontinua.pascualbravo.edu.co\/index.php?rest_route=%2Fwp%2Fv2%2Ftipo_de_programa&post=4607"}],"curies":[{"name":"wp","href":"https:\/\/api.w.org\/{rel}","templated":true}]}}