{"id":3988,"date":"2022-04-07T11:13:56","date_gmt":"2022-04-07T16:13:56","guid":{"rendered":"https:\/\/educacioncontinua.pascualbravo.edu.co\/?post_type=product&#038;p=3988"},"modified":"2022-04-29T10:40:27","modified_gmt":"2022-04-29T15:40:27","slug":"introduccion-a-la-programacion-cnc-control-numerico-computarizado","status":"publish","type":"product","link":"https:\/\/educacioncontinua.pascualbravo.edu.co\/?product=introduccion-a-la-programacion-cnc-control-numerico-computarizado","title":{"rendered":"Introducci\u00f3n a la programaci\u00f3n CNC (Control Num\u00e9rico Computarizado)"},"content":{"rendered":"<p>La industria est\u00e1 cambiando y con ella el aumento de tecnolog\u00eda que ayuda a mejorar la productividad, automatizar procesos y optimizar los recursos. La tecnolog\u00eda de control num\u00e9rico computarizado (CNC) brinda estos y m\u00e1s beneficios a la manufactura, pero algunas veces, no son aprovechados al m\u00e1ximo por falta de conocimiento del personal encargado de estas m\u00e1quinas.<\/p>\n<p>Este curso brinda las herramientas y conocimientos necesarios para aprovechar mejor los sistemas de fabricaci\u00f3n CNC, tomar decisiones sobre los procesos y las estrategias, y ampliar las competencias laborales de las personas.<\/p>\n<h5>Objetivo general:<\/h5>\n<p>Comprender los fundamentos te\u00f3ricos y pr\u00e1cticos para la programaci\u00f3n de m\u00e1quinas y herramientas con tecnolog\u00eda CNC (control num\u00e9rico computarizado).<\/p>\n<h5>Objetivos espec\u00edficos:<\/h5>\n<ul>\n<li>Conocer los diferentes tipos de m\u00e1quinas CNC (control num\u00e9rico computarizado), sus movimientos, controles y lenguajes existentes en el mercado.<\/li>\n<li>Comprender los factores que intervienen en el an\u00e1lisis de piezas para mecanizado CNC (control num\u00e9rico computarizado), as\u00ed como las condiciones de corte y estrategias del proceso.<\/li>\n<li>Aprender a utilizar funciones para programar manualmente diferentes tipos de operaciones en torno y centro de mecanizado CNC (control num\u00e9rico computarizado).<\/li>\n<\/ul>\n<h5>Lo que vas a aprender:<\/h5>\n<p><!--aqu\u00ed empieza acoerde\u00f3n de qu\u00e9 vas a aprender--><\/p>\n<div id=\"accordionExample\" class=\"accordion\">\n<div class=\"card ec-card\">\n<div id=\"headingOne\" class=\"card-header ec-header\">\n<p><button class=\"btn btn-link btn-block text-left ec-btn\" type=\"button\" data-toggle=\"collapse\" data-target=\"#collapseOne\" aria-expanded=\"true\" aria-controls=\"collapseOne\"><br \/>\nFundamentos y aplicaciones<br \/>\n<\/button><\/p>\n<\/div>\n<div id=\"collapseOne\" class=\"collapse show\" aria-labelledby=\"headingOne\" data-parent=\"#accordionExample\">\n<div class=\"card-body ec-cardbody\">\n<ul>\n<li>Definici\u00f3n.<\/li>\n<li>Tipos de m\u00e1quinas, controles y lenguajes.<\/li>\n<li>Definici\u00f3n del proceso.<\/li>\n<li>Factores tecnol\u00f3gicos y geom\u00e9tricos.<\/li>\n<li>Condiciones de corte.<\/li>\n<li>Sistema de coordenadas y ejes.<\/li>\n<li>M\u00e9todo anal\u00edtico de piezas para mecanizado CNC.<\/li>\n<li>Operaciones (Fresado y Torneado).<\/li>\n<\/ul>\n<\/div>\n<\/div>\n<\/div>\n<div class=\"card ec-card\">\n<div id=\"headingTwo\" class=\"card-header ec-header\">\n<p><button class=\"btn btn-link btn-block text-left collapsed ec-btn\" type=\"button\" data-toggle=\"collapse\" data-target=\"#collapseTwo\" aria-expanded=\"false\" aria-controls=\"collapseTwo\"><br \/>\nIntroducci\u00f3n al CIMCO<br \/>\n<\/button><\/p>\n<\/div>\n<div id=\"collapseTwo\" class=\"collapse\" aria-labelledby=\"headingTwo\" data-parent=\"#accordionExample\">\n<div class=\"card-body ec-cardbody\">\n<ul>\n<li>C\u00f3digo y lenguaje ISO.<\/li>\n<li aria-level=\"1\">Estructura de programa.<\/li>\n<li aria-level=\"1\">C\u00f3digos ISO.<\/li>\n<li aria-level=\"1\">Compensaci\u00f3n.<\/li>\n<li aria-level=\"1\">Ciclos Fijos para Centro de mecanizado.<\/li>\n<li aria-level=\"1\">C\u00f3digos M.<\/li>\n<\/ul>\n<\/div>\n<\/div>\n<\/div>\n<div class=\"card ec-card\">\n<div id=\"headingThree\" class=\"card-header ec-header\">\n<p><button class=\"btn btn-link btn-block text-left collapsed ec-btn\" type=\"button\" data-toggle=\"collapse\" data-target=\"#collapseThree\" aria-expanded=\"false\" aria-controls=\"collapseThree\"><br \/>\nTorneado<br \/>\n<\/button><\/p>\n<\/div>\n<div id=\"collapseThree\" class=\"collapse\" aria-labelledby=\"headingThree\" data-parent=\"#accordionExample\">\n<div class=\"card-body ec-cardbody\">\n<ul>\n<li>C\u00f3digos G.<\/li>\n<li>Compensaci\u00f3n.<\/li>\n<li>Ciclos de torneado (Control Fanuc y control Okuma).<\/li>\n<\/ul>\n<\/div>\n<\/div>\n<\/div>\n<div class=\"card ec-card\">\n<div id=\"headingFour\" class=\"card-header ec-header\">\n<p><button class=\"btn btn-link btn-block text-left collapsed ec-btn\" type=\"button\" data-toggle=\"collapse\" data-target=\"#collapseFour\" aria-expanded=\"false\" aria-controls=\"collapseFour\"><br \/>\nIntroducci\u00f3n a la programaci\u00f3n param\u00e9trica<br \/>\n<\/button><\/p>\n<\/div>\n<\/div>\n<div class=\"card ec-card\">\n<div id=\"headingFive\" class=\"card-header ec-header\">\n<p><button class=\"btn btn-link btn-block text-left collapsed ec-btn\" type=\"button\" data-toggle=\"collapse\" data-target=\"#collapseFive\" aria-expanded=\"false\" aria-controls=\"collapseFive\"><br \/>\nPr\u00e1ctica en laboratorio<br \/>\n<\/button><\/p>\n<\/div>\n<\/div>\n<\/div>\n<p>El inicio del curso se encuentra sujeto a la inscripci\u00f3n del cupo m\u00ednimo de 15 participantes.<\/p>\n","protected":false},"excerpt":{"rendered":"<p>La industria est\u00e1 cambiando y con ella el aumento de tecnolog\u00eda que ayuda a mejorar la productividad, automatizar procesos y optimizar los recursos. La tecnolog\u00eda de control num\u00e9rico computarizado (CNC) brinda estos y m\u00e1s beneficios a la manufactura, pero algunas veces, no son aprovechados al m\u00e1ximo por falta de conocimiento del personal encargado de estas [&hellip;]<\/p>\n","protected":false},"featured_media":3565,"comment_status":"open","ping_status":"closed","template":"","meta":{"_acf_changed":false},"product_cat":[78],"product_tag":[67],"tipo_oferta":[88],"modalidad":[92],"nivel":[93],"tipo_de_programa":[],"acf":[],"yoast_head":"<!-- This site is optimized with the Yoast SEO plugin v22.9 - https:\/\/yoast.com\/wordpress\/plugins\/seo\/ -->\n<title>Introducci\u00f3n a la programaci\u00f3n CNC (Control Num\u00e9rico Computarizado) - Unidad de Educaci\u00f3n Continua - I.U. Pascual Bravo<\/title>\n<meta name=\"robots\" content=\"index, follow, max-snippet:-1, max-image-preview:large, max-video-preview:-1\" \/>\n<link rel=\"canonical\" href=\"https:\/\/educacioncontinua.pascualbravo.edu.co\/?product=introduccion-a-la-programacion-cnc-control-numerico-computarizado\" \/>\n<meta property=\"og:locale\" content=\"es_ES\" \/>\n<meta property=\"og:type\" content=\"article\" \/>\n<meta property=\"og:title\" content=\"Introducci\u00f3n a la programaci\u00f3n CNC (Control Num\u00e9rico Computarizado) - Unidad de Educaci\u00f3n Continua - I.U. Pascual Bravo\" \/>\n<meta property=\"og:description\" content=\"La industria est\u00e1 cambiando y con ella el aumento de tecnolog\u00eda que ayuda a mejorar la productividad, automatizar procesos y optimizar los recursos. La tecnolog\u00eda de control num\u00e9rico computarizado (CNC) brinda estos y m\u00e1s beneficios a la manufactura, pero algunas veces, no son aprovechados al m\u00e1ximo por falta de conocimiento del personal encargado de estas [&hellip;]\" \/>\n<meta property=\"og:url\" content=\"https:\/\/educacioncontinua.pascualbravo.edu.co\/?product=introduccion-a-la-programacion-cnc-control-numerico-computarizado\" \/>\n<meta property=\"og:site_name\" content=\"Unidad de Educaci\u00f3n Continua - I.U. Pascual Bravo\" \/>\n<meta property=\"article:modified_time\" content=\"2022-04-29T15:40:27+00:00\" \/>\n<meta property=\"og:image\" content=\"https:\/\/educacioncontinua.pascualbravo.edu.co\/wp-content\/uploads\/2022\/02\/pce_logistica_integral.jpg\" \/>\n\t<meta property=\"og:image:width\" content=\"300\" \/>\n\t<meta property=\"og:image:height\" content=\"300\" \/>\n\t<meta property=\"og:image:type\" content=\"image\/jpeg\" \/>\n<meta name=\"twitter:card\" content=\"summary_large_image\" \/>\n<meta name=\"twitter:label1\" content=\"Tiempo de lectura\" \/>\n\t<meta name=\"twitter:data1\" content=\"2 minutos\" \/>\n<script type=\"application\/ld+json\" class=\"yoast-schema-graph\">{\"@context\":\"https:\/\/schema.org\",\"@graph\":[{\"@type\":\"WebPage\",\"@id\":\"https:\/\/educacioncontinua.pascualbravo.edu.co\/?product=introduccion-a-la-programacion-cnc-control-numerico-computarizado\",\"url\":\"https:\/\/educacioncontinua.pascualbravo.edu.co\/?product=introduccion-a-la-programacion-cnc-control-numerico-computarizado\",\"name\":\"Introducci\u00f3n a la programaci\u00f3n CNC (Control Num\u00e9rico Computarizado) - Unidad de Educaci\u00f3n Continua - I.U. Pascual Bravo\",\"isPartOf\":{\"@id\":\"https:\/\/educacioncontinua.pascualbravo.edu.co\/#website\"},\"primaryImageOfPage\":{\"@id\":\"https:\/\/educacioncontinua.pascualbravo.edu.co\/?product=introduccion-a-la-programacion-cnc-control-numerico-computarizado#primaryimage\"},\"image\":{\"@id\":\"https:\/\/educacioncontinua.pascualbravo.edu.co\/?product=introduccion-a-la-programacion-cnc-control-numerico-computarizado#primaryimage\"},\"thumbnailUrl\":\"https:\/\/educacioncontinua.pascualbravo.edu.co\/wp-content\/uploads\/2022\/02\/pce_logistica_integral.jpg\",\"datePublished\":\"2022-04-07T16:13:56+00:00\",\"dateModified\":\"2022-04-29T15:40:27+00:00\",\"breadcrumb\":{\"@id\":\"https:\/\/educacioncontinua.pascualbravo.edu.co\/?product=introduccion-a-la-programacion-cnc-control-numerico-computarizado#breadcrumb\"},\"inLanguage\":\"es-CO\",\"potentialAction\":[{\"@type\":\"ReadAction\",\"target\":[\"https:\/\/educacioncontinua.pascualbravo.edu.co\/?product=introduccion-a-la-programacion-cnc-control-numerico-computarizado\"]}]},{\"@type\":\"ImageObject\",\"inLanguage\":\"es-CO\",\"@id\":\"https:\/\/educacioncontinua.pascualbravo.edu.co\/?product=introduccion-a-la-programacion-cnc-control-numerico-computarizado#primaryimage\",\"url\":\"https:\/\/educacioncontinua.pascualbravo.edu.co\/wp-content\/uploads\/2022\/02\/pce_logistica_integral.jpg\",\"contentUrl\":\"https:\/\/educacioncontinua.pascualbravo.edu.co\/wp-content\/uploads\/2022\/02\/pce_logistica_integral.jpg\",\"width\":300,\"height\":300},{\"@type\":\"BreadcrumbList\",\"@id\":\"https:\/\/educacioncontinua.pascualbravo.edu.co\/?product=introduccion-a-la-programacion-cnc-control-numerico-computarizado#breadcrumb\",\"itemListElement\":[{\"@type\":\"ListItem\",\"position\":1,\"name\":\"Inicio\",\"item\":\"https:\/\/educacioncontinua.pascualbravo.edu.co\/\"},{\"@type\":\"ListItem\",\"position\":2,\"name\":\"Oferta acad\u00e9mica\",\"item\":\"https:\/\/educacioncontinua.pascualbravo.edu.co\/?page_id=14\"},{\"@type\":\"ListItem\",\"position\":3,\"name\":\"Introducci\u00f3n a la programaci\u00f3n CNC (Control Num\u00e9rico Computarizado)\"}]},{\"@type\":\"WebSite\",\"@id\":\"https:\/\/educacioncontinua.pascualbravo.edu.co\/#website\",\"url\":\"https:\/\/educacioncontinua.pascualbravo.edu.co\/\",\"name\":\"Unidad de Educaci\u00f3n Continua - I.U. Pascual Bravo\",\"description\":\"Unidad de Educaci\u00f3n Continua - I.U. Pascual Bravo\",\"publisher\":{\"@id\":\"https:\/\/educacioncontinua.pascualbravo.edu.co\/#organization\"},\"potentialAction\":[{\"@type\":\"SearchAction\",\"target\":{\"@type\":\"EntryPoint\",\"urlTemplate\":\"https:\/\/educacioncontinua.pascualbravo.edu.co\/?s={search_term_string}\"},\"query-input\":\"required name=search_term_string\"}],\"inLanguage\":\"es-CO\"},{\"@type\":\"Organization\",\"@id\":\"https:\/\/educacioncontinua.pascualbravo.edu.co\/#organization\",\"name\":\"Unidad de Educaci\u00f3n Continua - I.U. Pascual Bravo\",\"url\":\"https:\/\/educacioncontinua.pascualbravo.edu.co\/\",\"logo\":{\"@type\":\"ImageObject\",\"inLanguage\":\"es-CO\",\"@id\":\"https:\/\/educacioncontinua.pascualbravo.edu.co\/#\/schema\/logo\/image\/\",\"url\":\"https:\/\/educacioncontinua.pascualbravo.edu.co\/wp-content\/uploads\/2020\/12\/Pascual-Bravo.png\",\"contentUrl\":\"https:\/\/educacioncontinua.pascualbravo.edu.co\/wp-content\/uploads\/2020\/12\/Pascual-Bravo.png\",\"width\":300,\"height\":77,\"caption\":\"Unidad de Educaci\u00f3n Continua - I.U. Pascual Bravo\"},\"image\":{\"@id\":\"https:\/\/educacioncontinua.pascualbravo.edu.co\/#\/schema\/logo\/image\/\"}}]}<\/script>\n<!-- \/ Yoast SEO plugin. -->","yoast_head_json":{"title":"Introducci\u00f3n a la programaci\u00f3n CNC (Control Num\u00e9rico Computarizado) - Unidad de Educaci\u00f3n Continua - I.U. Pascual Bravo","robots":{"index":"index","follow":"follow","max-snippet":"max-snippet:-1","max-image-preview":"max-image-preview:large","max-video-preview":"max-video-preview:-1"},"canonical":"https:\/\/educacioncontinua.pascualbravo.edu.co\/?product=introduccion-a-la-programacion-cnc-control-numerico-computarizado","og_locale":"es_ES","og_type":"article","og_title":"Introducci\u00f3n a la programaci\u00f3n CNC (Control Num\u00e9rico Computarizado) - Unidad de Educaci\u00f3n Continua - I.U. Pascual Bravo","og_description":"La industria est\u00e1 cambiando y con ella el aumento de tecnolog\u00eda que ayuda a mejorar la productividad, automatizar procesos y optimizar los recursos. La tecnolog\u00eda de control num\u00e9rico computarizado (CNC) brinda estos y m\u00e1s beneficios a la manufactura, pero algunas veces, no son aprovechados al m\u00e1ximo por falta de conocimiento del personal encargado de estas [&hellip;]","og_url":"https:\/\/educacioncontinua.pascualbravo.edu.co\/?product=introduccion-a-la-programacion-cnc-control-numerico-computarizado","og_site_name":"Unidad de Educaci\u00f3n Continua - I.U. Pascual Bravo","article_modified_time":"2022-04-29T15:40:27+00:00","og_image":[{"width":300,"height":300,"url":"https:\/\/educacioncontinua.pascualbravo.edu.co\/wp-content\/uploads\/2022\/02\/pce_logistica_integral.jpg","type":"image\/jpeg"}],"twitter_card":"summary_large_image","twitter_misc":{"Tiempo de lectura":"2 minutos"},"schema":{"@context":"https:\/\/schema.org","@graph":[{"@type":"WebPage","@id":"https:\/\/educacioncontinua.pascualbravo.edu.co\/?product=introduccion-a-la-programacion-cnc-control-numerico-computarizado","url":"https:\/\/educacioncontinua.pascualbravo.edu.co\/?product=introduccion-a-la-programacion-cnc-control-numerico-computarizado","name":"Introducci\u00f3n a la programaci\u00f3n CNC (Control Num\u00e9rico Computarizado) - Unidad de Educaci\u00f3n Continua - I.U. Pascual Bravo","isPartOf":{"@id":"https:\/\/educacioncontinua.pascualbravo.edu.co\/#website"},"primaryImageOfPage":{"@id":"https:\/\/educacioncontinua.pascualbravo.edu.co\/?product=introduccion-a-la-programacion-cnc-control-numerico-computarizado#primaryimage"},"image":{"@id":"https:\/\/educacioncontinua.pascualbravo.edu.co\/?product=introduccion-a-la-programacion-cnc-control-numerico-computarizado#primaryimage"},"thumbnailUrl":"https:\/\/educacioncontinua.pascualbravo.edu.co\/wp-content\/uploads\/2022\/02\/pce_logistica_integral.jpg","datePublished":"2022-04-07T16:13:56+00:00","dateModified":"2022-04-29T15:40:27+00:00","breadcrumb":{"@id":"https:\/\/educacioncontinua.pascualbravo.edu.co\/?product=introduccion-a-la-programacion-cnc-control-numerico-computarizado#breadcrumb"},"inLanguage":"es-CO","potentialAction":[{"@type":"ReadAction","target":["https:\/\/educacioncontinua.pascualbravo.edu.co\/?product=introduccion-a-la-programacion-cnc-control-numerico-computarizado"]}]},{"@type":"ImageObject","inLanguage":"es-CO","@id":"https:\/\/educacioncontinua.pascualbravo.edu.co\/?product=introduccion-a-la-programacion-cnc-control-numerico-computarizado#primaryimage","url":"https:\/\/educacioncontinua.pascualbravo.edu.co\/wp-content\/uploads\/2022\/02\/pce_logistica_integral.jpg","contentUrl":"https:\/\/educacioncontinua.pascualbravo.edu.co\/wp-content\/uploads\/2022\/02\/pce_logistica_integral.jpg","width":300,"height":300},{"@type":"BreadcrumbList","@id":"https:\/\/educacioncontinua.pascualbravo.edu.co\/?product=introduccion-a-la-programacion-cnc-control-numerico-computarizado#breadcrumb","itemListElement":[{"@type":"ListItem","position":1,"name":"Inicio","item":"https:\/\/educacioncontinua.pascualbravo.edu.co\/"},{"@type":"ListItem","position":2,"name":"Oferta acad\u00e9mica","item":"https:\/\/educacioncontinua.pascualbravo.edu.co\/?page_id=14"},{"@type":"ListItem","position":3,"name":"Introducci\u00f3n a la programaci\u00f3n CNC (Control Num\u00e9rico Computarizado)"}]},{"@type":"WebSite","@id":"https:\/\/educacioncontinua.pascualbravo.edu.co\/#website","url":"https:\/\/educacioncontinua.pascualbravo.edu.co\/","name":"Unidad de Educaci\u00f3n Continua - I.U. Pascual Bravo","description":"Unidad de Educaci\u00f3n Continua - I.U. Pascual Bravo","publisher":{"@id":"https:\/\/educacioncontinua.pascualbravo.edu.co\/#organization"},"potentialAction":[{"@type":"SearchAction","target":{"@type":"EntryPoint","urlTemplate":"https:\/\/educacioncontinua.pascualbravo.edu.co\/?s={search_term_string}"},"query-input":"required name=search_term_string"}],"inLanguage":"es-CO"},{"@type":"Organization","@id":"https:\/\/educacioncontinua.pascualbravo.edu.co\/#organization","name":"Unidad de Educaci\u00f3n Continua - I.U. Pascual Bravo","url":"https:\/\/educacioncontinua.pascualbravo.edu.co\/","logo":{"@type":"ImageObject","inLanguage":"es-CO","@id":"https:\/\/educacioncontinua.pascualbravo.edu.co\/#\/schema\/logo\/image\/","url":"https:\/\/educacioncontinua.pascualbravo.edu.co\/wp-content\/uploads\/2020\/12\/Pascual-Bravo.png","contentUrl":"https:\/\/educacioncontinua.pascualbravo.edu.co\/wp-content\/uploads\/2020\/12\/Pascual-Bravo.png","width":300,"height":77,"caption":"Unidad de Educaci\u00f3n Continua - I.U. Pascual Bravo"},"image":{"@id":"https:\/\/educacioncontinua.pascualbravo.edu.co\/#\/schema\/logo\/image\/"}}]}},"_links":{"self":[{"href":"https:\/\/educacioncontinua.pascualbravo.edu.co\/index.php?rest_route=\/wp\/v2\/product\/3988"}],"collection":[{"href":"https:\/\/educacioncontinua.pascualbravo.edu.co\/index.php?rest_route=\/wp\/v2\/product"}],"about":[{"href":"https:\/\/educacioncontinua.pascualbravo.edu.co\/index.php?rest_route=\/wp\/v2\/types\/product"}],"replies":[{"embeddable":true,"href":"https:\/\/educacioncontinua.pascualbravo.edu.co\/index.php?rest_route=%2Fwp%2Fv2%2Fcomments&post=3988"}],"wp:featuredmedia":[{"embeddable":true,"href":"https:\/\/educacioncontinua.pascualbravo.edu.co\/index.php?rest_route=\/wp\/v2\/media\/3565"}],"wp:attachment":[{"href":"https:\/\/educacioncontinua.pascualbravo.edu.co\/index.php?rest_route=%2Fwp%2Fv2%2Fmedia&parent=3988"}],"wp:term":[{"taxonomy":"product_cat","embeddable":true,"href":"https:\/\/educacioncontinua.pascualbravo.edu.co\/index.php?rest_route=%2Fwp%2Fv2%2Fproduct_cat&post=3988"},{"taxonomy":"product_tag","embeddable":true,"href":"https:\/\/educacioncontinua.pascualbravo.edu.co\/index.php?rest_route=%2Fwp%2Fv2%2Fproduct_tag&post=3988"},{"taxonomy":"tipo_oferta","embeddable":true,"href":"https:\/\/educacioncontinua.pascualbravo.edu.co\/index.php?rest_route=%2Fwp%2Fv2%2Ftipo_oferta&post=3988"},{"taxonomy":"modalidad","embeddable":true,"href":"https:\/\/educacioncontinua.pascualbravo.edu.co\/index.php?rest_route=%2Fwp%2Fv2%2Fmodalidad&post=3988"},{"taxonomy":"nivel","embeddable":true,"href":"https:\/\/educacioncontinua.pascualbravo.edu.co\/index.php?rest_route=%2Fwp%2Fv2%2Fnivel&post=3988"},{"taxonomy":"tipo_de_programa","embeddable":true,"href":"https:\/\/educacioncontinua.pascualbravo.edu.co\/index.php?rest_route=%2Fwp%2Fv2%2Ftipo_de_programa&post=3988"}],"curies":[{"name":"wp","href":"https:\/\/api.w.org\/{rel}","templated":true}]}}