{"id":3681,"date":"2022-03-24T14:45:58","date_gmt":"2022-03-24T19:45:58","guid":{"rendered":"https:\/\/educacioncontinua.pascualbravo.edu.co\/?post_type=product&#038;p=3681"},"modified":"2024-11-29T17:40:10","modified_gmt":"2024-11-29T22:40:10","slug":"contexto-y-aplicacion-de-la-cuarta-revolucion-industrial","status":"publish","type":"product","link":"https:\/\/educacioncontinua.pascualbravo.edu.co\/?product=contexto-y-aplicacion-de-la-cuarta-revolucion-industrial","title":{"rendered":"Contexto y aplicaci\u00f3n de la Cuarta Revoluci\u00f3n Industrial"},"content":{"rendered":"<p>La cuarta revoluci\u00f3n industrial fusiona diversas disciplinas, garantizando la satisfacci\u00f3n del cliente y la personalizaci\u00f3n de servicios, as\u00ed como la mejora en la productividad de la industria en general. Esta revoluci\u00f3n es la uni\u00f3n entre tecnolog\u00edas que permiten la creaci\u00f3n de mercados in\u00e9ditos y la interacci\u00f3n entre actores econ\u00f3micos, sacando provecho de la hiperconectividad presente hasta en los lugares menos pensados del planeta. Estas oportunidades hist\u00f3ricas hacen necesario el entendimiento y comprensi\u00f3n de las consecuencias que una revoluci\u00f3n de este tipo trae, en especial en las necesidades de reinvenci\u00f3n y resiliencia ante el cambio inevitable para la sociedad. La inteligencia artificial, el Big Data y el IIoT son tres de los pilares a conocer para abordar el cambio de la mejor manera, entendi\u00e9ndose como herramientas para generar oportunidades en todos los niveles y como potenciadores de la evoluci\u00f3n de nuestra sociedad.<\/p>\n<h5>Objetivo general:<\/h5>\n<p>Formar a los docentes de la I.U. Pascual Bravo sobre el contexto y alcance de la Cuarta Revoluci\u00f3n Industrial.<\/p>\n<h5>Objetivos espec\u00edficos:<\/h5>\n<ul>\n<li>Contextualizar a los participantes en las tecnolog\u00edas emergentes desde el campo de la inteligencia artificial, BigData e IIoT proporcionando as\u00ed herramientas que puedan tener en cuenta para usar en los campos de estudio de cada uno.<\/li>\n<li>Mostrar la uni\u00f3n entre tecnolog\u00edas que permiten generar un cambio econ\u00f3mico y social.<\/li>\n<li>Entender la cuarta revoluci\u00f3n industrial como una oportunidad de mejora, los contextos para ello y los alcances seg\u00fan el \u00e1rea tem\u00e1tica de desempe\u00f1o.<\/li>\n<\/ul>\n<h5>Lo que vas a aprender:<\/h5>\n<p><!--aqu\u00ed empieza acoerde\u00f3n de qu\u00e9 vas a aprender--><\/p>\n<div id=\"accordionExample\" class=\"accordion\">\n<div class=\"card ec-card\">\n<div id=\"headingOne\" class=\"card-header ec-header\">\n<p><button class=\"btn btn-link btn-block text-left ec-btn\" type=\"button\" data-toggle=\"collapse\" data-target=\"#collapseOne\"><br \/>\nContexto y alcance de la Cuarta Revoluci\u00f3n Industrial<br \/>\n<\/button><\/p>\n<\/div>\n<div id=\"collapseOne\" class=\"collapse show\" aria-labelledby=\"headingOne\" data-parent=\"#accordionExample\">\n<div class=\"card-body ec-cardbody\">\n<ul>\n<li>\u00bfC\u00f3mo nace la 4ta revoluci\u00f3n industrial?<\/li>\n<li>Las oportunidades que ha abierto para todos la 4RI.<\/li>\n<li>Factores que la convierten en la 4ta revoluci\u00f3n industrial.<\/li>\n<li>Cambio econ\u00f3mico y social.<\/li>\n<li>Aplicaci\u00f3n de la cuarta Revoluci\u00f3n Industrial en econom\u00eda, construcci\u00f3n, log\u00edstica, agricultura, transporte, artes y educaci\u00f3n.<\/li>\n<\/ul>\n<\/div>\n<\/div>\n<\/div>\n<div class=\"card ec-card\">\n<div id=\"headingTwo\" class=\"card-header ec-header\">\n<p><button class=\"btn btn-link btn-block text-left ec-btn\" type=\"button\" data-toggle=\"collapse\" data-target=\"#collapseTwo\"><br \/>\nIntroducci\u00f3n a la inteligencia artificial<br \/>\n<\/button><\/p>\n<\/div>\n<div id=\"collapseTwo\" class=\"collapse\" aria-labelledby=\"headingTwo\" data-parent=\"#accordionExample\">\n<div class=\"card-body ec-cardbody\">\n<ul>\n<li>\u00bfQu\u00e9 es la inteligencia artificial?<\/li>\n<li>Tipos de inteligencia artificial.<\/li>\n<li>\u00bfQu\u00e9 son los Sistemas Expertos?<\/li>\n<li>\u00bfQu\u00e9 es el Aprendizaje Autom\u00e1tico?<\/li>\n<li>\u00bfQu\u00e9 es el Deep Learning y cuales son sus aplicaciones?<\/li>\n<\/ul>\n<\/div>\n<\/div>\n<\/div>\n<div class=\"card ec-card\">\n<div id=\"headingThree\" class=\"card-header ec-header\">\n<p><button class=\"btn btn-link btn-block text-left ec-btn\" type=\"button\" data-toggle=\"collapse\" data-target=\"#collapseThree\"><br \/>\nBig Data y su aplicaci\u00f3n en la cuarta Revoluci\u00f3n Industrial<br \/>\n<\/button><\/p>\n<\/div>\n<div id=\"collapseThree\" class=\"collapse\" aria-labelledby=\"headingThree\" data-parent=\"#accordionExample\">\n<div class=\"card-body ec-cardbody\">\n<ul>\n<li>Introducci\u00f3n al Big Data- gran vol\u00famen de datos.<\/li>\n<li>Adquisici\u00f3n y almacenamiento de datos.<\/li>\n<li>Herramientas para procesamiento y an\u00e1lisis de datos.<\/li>\n<li>Modelamiento de datos.<\/li>\n<li>Visualizaci\u00f3n de los datos.<\/li>\n<li>Toma de decisiones a partir de Big Data.<\/li>\n<\/ul>\n<\/div>\n<\/div>\n<\/div>\n<div class=\"card ec-card\">\n<div id=\"headingFour\" class=\"card-header ec-header\">\n<p><button class=\"btn btn-link btn-block text-left ec-btn\" type=\"button\" data-toggle=\"collapse\" data-target=\"#collapseFour\"><br \/>\nIoT en la educaci\u00f3n y la industria<br \/>\n<\/button><\/p>\n<\/div>\n<div id=\"collapseFour\" class=\"collapse\" aria-labelledby=\"headingFour\" data-parent=\"#accordionExample\">\n<div class=\"card-body ec-cardbody\">\n<ul>\n<li>Introducci\u00f3n al IoT.<\/li>\n<li>Smart Citizen.<\/li>\n<li>Conceptos de Ciudades Inteligentes.<\/li>\n<li>Aplicaci\u00f3n de IoT en industria.<\/li>\n<li>Aplicaci\u00f3n de IoT en educaci\u00f3n.<\/li>\n<li>Sistemas embebidos.<\/li>\n<\/ul>\n<\/div>\n<\/div>\n<\/div>\n<\/div>\n<p><!--aqu\u00ed termina acoerde\u00f3n de qu\u00e9 vas a aprender--><\/p>\n<p>El inicio del curso se encuentra sujeto a la inscripci\u00f3n del cupo m\u00ednimo de 15 participantes.<\/p>\n","protected":false},"excerpt":{"rendered":"<p>La cuarta revoluci\u00f3n industrial fusiona diversas disciplinas, garantizando la satisfacci\u00f3n del cliente y la personalizaci\u00f3n de servicios, as\u00ed como la mejora en la productividad de la industria en general. Esta revoluci\u00f3n es la uni\u00f3n entre tecnolog\u00edas que permiten la creaci\u00f3n de mercados in\u00e9ditos y la interacci\u00f3n entre actores econ\u00f3micos, sacando provecho de la hiperconectividad presente [&hellip;]<\/p>\n","protected":false},"featured_media":3896,"comment_status":"open","ping_status":"closed","template":"","meta":{"_acf_changed":false},"product_cat":[15],"product_tag":[],"tipo_oferta":[],"modalidad":[92],"nivel":[93],"tipo_de_programa":[],"acf":[],"yoast_head":"<!-- This site is optimized with the Yoast SEO plugin v22.9 - https:\/\/yoast.com\/wordpress\/plugins\/seo\/ -->\n<title>Contexto y aplicaci\u00f3n de la Cuarta Revoluci\u00f3n Industrial - Unidad de Educaci\u00f3n Continua - I.U. Pascual Bravo<\/title>\n<meta name=\"robots\" content=\"index, follow, max-snippet:-1, max-image-preview:large, max-video-preview:-1\" \/>\n<link rel=\"canonical\" href=\"https:\/\/educacioncontinua.pascualbravo.edu.co\/?product=contexto-y-aplicacion-de-la-cuarta-revolucion-industrial\" \/>\n<meta property=\"og:locale\" content=\"es_ES\" \/>\n<meta property=\"og:type\" content=\"article\" \/>\n<meta property=\"og:title\" content=\"Contexto y aplicaci\u00f3n de la Cuarta Revoluci\u00f3n Industrial - Unidad de Educaci\u00f3n Continua - I.U. Pascual Bravo\" \/>\n<meta property=\"og:description\" content=\"La cuarta revoluci\u00f3n industrial fusiona diversas disciplinas, garantizando la satisfacci\u00f3n del cliente y la personalizaci\u00f3n de servicios, as\u00ed como la mejora en la productividad de la industria en general. Esta revoluci\u00f3n es la uni\u00f3n entre tecnolog\u00edas que permiten la creaci\u00f3n de mercados in\u00e9ditos y la interacci\u00f3n entre actores econ\u00f3micos, sacando provecho de la hiperconectividad presente [&hellip;]\" \/>\n<meta property=\"og:url\" content=\"https:\/\/educacioncontinua.pascualbravo.edu.co\/?product=contexto-y-aplicacion-de-la-cuarta-revolucion-industrial\" \/>\n<meta property=\"og:site_name\" content=\"Unidad de Educaci\u00f3n Continua - I.U. Pascual Bravo\" \/>\n<meta property=\"article:modified_time\" content=\"2024-11-29T22:40:10+00:00\" \/>\n<meta property=\"og:image\" content=\"https:\/\/educacioncontinua.pascualbravo.edu.co\/wp-content\/uploads\/2022\/03\/contexto_alcance.jpg\" \/>\n\t<meta property=\"og:image:width\" content=\"300\" \/>\n\t<meta property=\"og:image:height\" content=\"301\" \/>\n\t<meta property=\"og:image:type\" content=\"image\/jpeg\" \/>\n<meta name=\"twitter:card\" content=\"summary_large_image\" \/>\n<meta name=\"twitter:label1\" content=\"Tiempo de lectura\" \/>\n\t<meta name=\"twitter:data1\" content=\"3 minutos\" \/>\n<script type=\"application\/ld+json\" class=\"yoast-schema-graph\">{\"@context\":\"https:\/\/schema.org\",\"@graph\":[{\"@type\":\"WebPage\",\"@id\":\"https:\/\/educacioncontinua.pascualbravo.edu.co\/?product=contexto-y-aplicacion-de-la-cuarta-revolucion-industrial\",\"url\":\"https:\/\/educacioncontinua.pascualbravo.edu.co\/?product=contexto-y-aplicacion-de-la-cuarta-revolucion-industrial\",\"name\":\"Contexto y aplicaci\u00f3n de la Cuarta Revoluci\u00f3n Industrial - Unidad de Educaci\u00f3n Continua - I.U. Pascual Bravo\",\"isPartOf\":{\"@id\":\"https:\/\/educacioncontinua.pascualbravo.edu.co\/#website\"},\"primaryImageOfPage\":{\"@id\":\"https:\/\/educacioncontinua.pascualbravo.edu.co\/?product=contexto-y-aplicacion-de-la-cuarta-revolucion-industrial#primaryimage\"},\"image\":{\"@id\":\"https:\/\/educacioncontinua.pascualbravo.edu.co\/?product=contexto-y-aplicacion-de-la-cuarta-revolucion-industrial#primaryimage\"},\"thumbnailUrl\":\"https:\/\/educacioncontinua.pascualbravo.edu.co\/wp-content\/uploads\/2022\/03\/contexto_alcance.jpg\",\"datePublished\":\"2022-03-24T19:45:58+00:00\",\"dateModified\":\"2024-11-29T22:40:10+00:00\",\"breadcrumb\":{\"@id\":\"https:\/\/educacioncontinua.pascualbravo.edu.co\/?product=contexto-y-aplicacion-de-la-cuarta-revolucion-industrial#breadcrumb\"},\"inLanguage\":\"es-CO\",\"potentialAction\":[{\"@type\":\"ReadAction\",\"target\":[\"https:\/\/educacioncontinua.pascualbravo.edu.co\/?product=contexto-y-aplicacion-de-la-cuarta-revolucion-industrial\"]}]},{\"@type\":\"ImageObject\",\"inLanguage\":\"es-CO\",\"@id\":\"https:\/\/educacioncontinua.pascualbravo.edu.co\/?product=contexto-y-aplicacion-de-la-cuarta-revolucion-industrial#primaryimage\",\"url\":\"https:\/\/educacioncontinua.pascualbravo.edu.co\/wp-content\/uploads\/2022\/03\/contexto_alcance.jpg\",\"contentUrl\":\"https:\/\/educacioncontinua.pascualbravo.edu.co\/wp-content\/uploads\/2022\/03\/contexto_alcance.jpg\",\"width\":300,\"height\":301},{\"@type\":\"BreadcrumbList\",\"@id\":\"https:\/\/educacioncontinua.pascualbravo.edu.co\/?product=contexto-y-aplicacion-de-la-cuarta-revolucion-industrial#breadcrumb\",\"itemListElement\":[{\"@type\":\"ListItem\",\"position\":1,\"name\":\"Inicio\",\"item\":\"https:\/\/educacioncontinua.pascualbravo.edu.co\/\"},{\"@type\":\"ListItem\",\"position\":2,\"name\":\"Oferta acad\u00e9mica\",\"item\":\"https:\/\/educacioncontinua.pascualbravo.edu.co\/?page_id=14\"},{\"@type\":\"ListItem\",\"position\":3,\"name\":\"Contexto y aplicaci\u00f3n de la Cuarta Revoluci\u00f3n Industrial\"}]},{\"@type\":\"WebSite\",\"@id\":\"https:\/\/educacioncontinua.pascualbravo.edu.co\/#website\",\"url\":\"https:\/\/educacioncontinua.pascualbravo.edu.co\/\",\"name\":\"Unidad de Educaci\u00f3n Continua - I.U. Pascual Bravo\",\"description\":\"Unidad de Educaci\u00f3n Continua - I.U. Pascual Bravo\",\"publisher\":{\"@id\":\"https:\/\/educacioncontinua.pascualbravo.edu.co\/#organization\"},\"potentialAction\":[{\"@type\":\"SearchAction\",\"target\":{\"@type\":\"EntryPoint\",\"urlTemplate\":\"https:\/\/educacioncontinua.pascualbravo.edu.co\/?s={search_term_string}\"},\"query-input\":\"required name=search_term_string\"}],\"inLanguage\":\"es-CO\"},{\"@type\":\"Organization\",\"@id\":\"https:\/\/educacioncontinua.pascualbravo.edu.co\/#organization\",\"name\":\"Unidad de Educaci\u00f3n Continua - I.U. Pascual Bravo\",\"url\":\"https:\/\/educacioncontinua.pascualbravo.edu.co\/\",\"logo\":{\"@type\":\"ImageObject\",\"inLanguage\":\"es-CO\",\"@id\":\"https:\/\/educacioncontinua.pascualbravo.edu.co\/#\/schema\/logo\/image\/\",\"url\":\"https:\/\/educacioncontinua.pascualbravo.edu.co\/wp-content\/uploads\/2020\/12\/Pascual-Bravo.png\",\"contentUrl\":\"https:\/\/educacioncontinua.pascualbravo.edu.co\/wp-content\/uploads\/2020\/12\/Pascual-Bravo.png\",\"width\":300,\"height\":77,\"caption\":\"Unidad de Educaci\u00f3n Continua - I.U. Pascual Bravo\"},\"image\":{\"@id\":\"https:\/\/educacioncontinua.pascualbravo.edu.co\/#\/schema\/logo\/image\/\"}}]}<\/script>\n<!-- \/ Yoast SEO plugin. -->","yoast_head_json":{"title":"Contexto y aplicaci\u00f3n de la Cuarta Revoluci\u00f3n Industrial - Unidad de Educaci\u00f3n Continua - I.U. Pascual Bravo","robots":{"index":"index","follow":"follow","max-snippet":"max-snippet:-1","max-image-preview":"max-image-preview:large","max-video-preview":"max-video-preview:-1"},"canonical":"https:\/\/educacioncontinua.pascualbravo.edu.co\/?product=contexto-y-aplicacion-de-la-cuarta-revolucion-industrial","og_locale":"es_ES","og_type":"article","og_title":"Contexto y aplicaci\u00f3n de la Cuarta Revoluci\u00f3n Industrial - Unidad de Educaci\u00f3n Continua - I.U. Pascual Bravo","og_description":"La cuarta revoluci\u00f3n industrial fusiona diversas disciplinas, garantizando la satisfacci\u00f3n del cliente y la personalizaci\u00f3n de servicios, as\u00ed como la mejora en la productividad de la industria en general. Esta revoluci\u00f3n es la uni\u00f3n entre tecnolog\u00edas que permiten la creaci\u00f3n de mercados in\u00e9ditos y la interacci\u00f3n entre actores econ\u00f3micos, sacando provecho de la hiperconectividad presente [&hellip;]","og_url":"https:\/\/educacioncontinua.pascualbravo.edu.co\/?product=contexto-y-aplicacion-de-la-cuarta-revolucion-industrial","og_site_name":"Unidad de Educaci\u00f3n Continua - I.U. Pascual Bravo","article_modified_time":"2024-11-29T22:40:10+00:00","og_image":[{"width":300,"height":301,"url":"https:\/\/educacioncontinua.pascualbravo.edu.co\/wp-content\/uploads\/2022\/03\/contexto_alcance.jpg","type":"image\/jpeg"}],"twitter_card":"summary_large_image","twitter_misc":{"Tiempo de lectura":"3 minutos"},"schema":{"@context":"https:\/\/schema.org","@graph":[{"@type":"WebPage","@id":"https:\/\/educacioncontinua.pascualbravo.edu.co\/?product=contexto-y-aplicacion-de-la-cuarta-revolucion-industrial","url":"https:\/\/educacioncontinua.pascualbravo.edu.co\/?product=contexto-y-aplicacion-de-la-cuarta-revolucion-industrial","name":"Contexto y aplicaci\u00f3n de la Cuarta Revoluci\u00f3n Industrial - Unidad de Educaci\u00f3n Continua - I.U. Pascual Bravo","isPartOf":{"@id":"https:\/\/educacioncontinua.pascualbravo.edu.co\/#website"},"primaryImageOfPage":{"@id":"https:\/\/educacioncontinua.pascualbravo.edu.co\/?product=contexto-y-aplicacion-de-la-cuarta-revolucion-industrial#primaryimage"},"image":{"@id":"https:\/\/educacioncontinua.pascualbravo.edu.co\/?product=contexto-y-aplicacion-de-la-cuarta-revolucion-industrial#primaryimage"},"thumbnailUrl":"https:\/\/educacioncontinua.pascualbravo.edu.co\/wp-content\/uploads\/2022\/03\/contexto_alcance.jpg","datePublished":"2022-03-24T19:45:58+00:00","dateModified":"2024-11-29T22:40:10+00:00","breadcrumb":{"@id":"https:\/\/educacioncontinua.pascualbravo.edu.co\/?product=contexto-y-aplicacion-de-la-cuarta-revolucion-industrial#breadcrumb"},"inLanguage":"es-CO","potentialAction":[{"@type":"ReadAction","target":["https:\/\/educacioncontinua.pascualbravo.edu.co\/?product=contexto-y-aplicacion-de-la-cuarta-revolucion-industrial"]}]},{"@type":"ImageObject","inLanguage":"es-CO","@id":"https:\/\/educacioncontinua.pascualbravo.edu.co\/?product=contexto-y-aplicacion-de-la-cuarta-revolucion-industrial#primaryimage","url":"https:\/\/educacioncontinua.pascualbravo.edu.co\/wp-content\/uploads\/2022\/03\/contexto_alcance.jpg","contentUrl":"https:\/\/educacioncontinua.pascualbravo.edu.co\/wp-content\/uploads\/2022\/03\/contexto_alcance.jpg","width":300,"height":301},{"@type":"BreadcrumbList","@id":"https:\/\/educacioncontinua.pascualbravo.edu.co\/?product=contexto-y-aplicacion-de-la-cuarta-revolucion-industrial#breadcrumb","itemListElement":[{"@type":"ListItem","position":1,"name":"Inicio","item":"https:\/\/educacioncontinua.pascualbravo.edu.co\/"},{"@type":"ListItem","position":2,"name":"Oferta acad\u00e9mica","item":"https:\/\/educacioncontinua.pascualbravo.edu.co\/?page_id=14"},{"@type":"ListItem","position":3,"name":"Contexto y aplicaci\u00f3n de la Cuarta Revoluci\u00f3n Industrial"}]},{"@type":"WebSite","@id":"https:\/\/educacioncontinua.pascualbravo.edu.co\/#website","url":"https:\/\/educacioncontinua.pascualbravo.edu.co\/","name":"Unidad de Educaci\u00f3n Continua - I.U. Pascual Bravo","description":"Unidad de Educaci\u00f3n Continua - I.U. Pascual Bravo","publisher":{"@id":"https:\/\/educacioncontinua.pascualbravo.edu.co\/#organization"},"potentialAction":[{"@type":"SearchAction","target":{"@type":"EntryPoint","urlTemplate":"https:\/\/educacioncontinua.pascualbravo.edu.co\/?s={search_term_string}"},"query-input":"required name=search_term_string"}],"inLanguage":"es-CO"},{"@type":"Organization","@id":"https:\/\/educacioncontinua.pascualbravo.edu.co\/#organization","name":"Unidad de Educaci\u00f3n Continua - I.U. Pascual Bravo","url":"https:\/\/educacioncontinua.pascualbravo.edu.co\/","logo":{"@type":"ImageObject","inLanguage":"es-CO","@id":"https:\/\/educacioncontinua.pascualbravo.edu.co\/#\/schema\/logo\/image\/","url":"https:\/\/educacioncontinua.pascualbravo.edu.co\/wp-content\/uploads\/2020\/12\/Pascual-Bravo.png","contentUrl":"https:\/\/educacioncontinua.pascualbravo.edu.co\/wp-content\/uploads\/2020\/12\/Pascual-Bravo.png","width":300,"height":77,"caption":"Unidad de Educaci\u00f3n Continua - I.U. Pascual Bravo"},"image":{"@id":"https:\/\/educacioncontinua.pascualbravo.edu.co\/#\/schema\/logo\/image\/"}}]}},"_links":{"self":[{"href":"https:\/\/educacioncontinua.pascualbravo.edu.co\/index.php?rest_route=\/wp\/v2\/product\/3681"}],"collection":[{"href":"https:\/\/educacioncontinua.pascualbravo.edu.co\/index.php?rest_route=\/wp\/v2\/product"}],"about":[{"href":"https:\/\/educacioncontinua.pascualbravo.edu.co\/index.php?rest_route=\/wp\/v2\/types\/product"}],"replies":[{"embeddable":true,"href":"https:\/\/educacioncontinua.pascualbravo.edu.co\/index.php?rest_route=%2Fwp%2Fv2%2Fcomments&post=3681"}],"wp:featuredmedia":[{"embeddable":true,"href":"https:\/\/educacioncontinua.pascualbravo.edu.co\/index.php?rest_route=\/wp\/v2\/media\/3896"}],"wp:attachment":[{"href":"https:\/\/educacioncontinua.pascualbravo.edu.co\/index.php?rest_route=%2Fwp%2Fv2%2Fmedia&parent=3681"}],"wp:term":[{"taxonomy":"product_cat","embeddable":true,"href":"https:\/\/educacioncontinua.pascualbravo.edu.co\/index.php?rest_route=%2Fwp%2Fv2%2Fproduct_cat&post=3681"},{"taxonomy":"product_tag","embeddable":true,"href":"https:\/\/educacioncontinua.pascualbravo.edu.co\/index.php?rest_route=%2Fwp%2Fv2%2Fproduct_tag&post=3681"},{"taxonomy":"tipo_oferta","embeddable":true,"href":"https:\/\/educacioncontinua.pascualbravo.edu.co\/index.php?rest_route=%2Fwp%2Fv2%2Ftipo_oferta&post=3681"},{"taxonomy":"modalidad","embeddable":true,"href":"https:\/\/educacioncontinua.pascualbravo.edu.co\/index.php?rest_route=%2Fwp%2Fv2%2Fmodalidad&post=3681"},{"taxonomy":"nivel","embeddable":true,"href":"https:\/\/educacioncontinua.pascualbravo.edu.co\/index.php?rest_route=%2Fwp%2Fv2%2Fnivel&post=3681"},{"taxonomy":"tipo_de_programa","embeddable":true,"href":"https:\/\/educacioncontinua.pascualbravo.edu.co\/index.php?rest_route=%2Fwp%2Fv2%2Ftipo_de_programa&post=3681"}],"curies":[{"name":"wp","href":"https:\/\/api.w.org\/{rel}","templated":true}]}}