{"id":3203,"date":"2022-02-14T16:49:52","date_gmt":"2022-02-14T21:49:52","guid":{"rendered":"https:\/\/educacioncontinua.pascualbravo.edu.co\/?post_type=product&#038;p=3203"},"modified":"2026-02-04T19:39:53","modified_gmt":"2026-02-05T00:39:53","slug":"diseno-y-desarrollo-de-videojuegos-en-unity-y-bolt","status":"publish","type":"product","link":"https:\/\/educacioncontinua.pascualbravo.edu.co\/?product=diseno-y-desarrollo-de-videojuegos-en-unity-y-bolt","title":{"rendered":"Dise\u00f1o y Desarrollo de videojuegos en Unity y Bolt"},"content":{"rendered":"<p>El sector del entretenimiento presenta ya un gran crecimiento, tanto en volumen como en valor global. El motor de videojuegos Unity, es usado profesionalmente para desarrollar simuladores, juegos, libros interactivos y videojuegos educativos y recreativos, en 2 y 3 dimensiones. Permite adquirir las habilidades b\u00e1sicas para desarrollar juegos 3D, sea para el trabajo, la investigaci\u00f3n, o por hobby y comprender el mercado actual y lo que se requiere para crear un juego comercialmente exitoso.<\/p>\n<p>En este curso se aprender\u00e1,\u00a0 de la mano de Unity, C# y el plugin Bolt, a conocer los conceptos b\u00e1sicos de rutas especializadas en arte, programaci\u00f3n y dise\u00f1o de videojuegos, a manejar las herramientas necesarias para la creaci\u00f3n de juegos 3D, los conceptos para la generaci\u00f3n de escenas con sus ambientes, colocaci\u00f3n de props, personajes con sus animaciones y acciones, creaci\u00f3n de din\u00e1micas y mec\u00e1nicas a partir de t\u00e9cnicas de programaci\u00f3n. Se pueden desarrollar y manifestar todas las ideas creativas en el desarrollo de un videojuego totalmente funcional creado desde cero. Crear un prototipo de juego 3D al explorar los conceptos necesarios y las herramientas para el desarrollo de videojuegos en 3D disponibles en Unity y en la web, el uso de herramientas para crear una escena 3D en Unity, agregar personajes y animaciones 3D e integrarlas en los escenarios y, finalmente, definir el comportamiento e interacci\u00f3n entre elementos del videojuego.<\/p>\n<h5>Objetivo general:<\/h5>\n<p>El curso tiene como objetivo desarrollar las habilidades necesarias para la creaci\u00f3n de videojuegos, en el programa de Unity mediante la utilizaci\u00f3n de ambientes, animaciones y personajes predise\u00f1ados; adem\u00e1s, con la ayuda de la programaci\u00f3n se puedan crear las mec\u00e1nicas de juego.<\/p>\n<h5><strong>Objetivos espec\u00edficos:\u00a0<\/strong><\/h5>\n<ul>\n<li>Tener una visi\u00f3n general en Unity a partir de sus herramientas de creaci\u00f3n y edici\u00f3n para el dise\u00f1o de videojuegos.<\/li>\n<li>Conocer los conceptos b\u00e1sicos de programaci\u00f3n para comprender la integraci\u00f3n de din\u00e1micas y mec\u00e1nicas de un videojuego.<\/li>\n<li>Integrar los conceptos de dise\u00f1o a los conceptos de las din\u00e1micas y mec\u00e1nicas para la creaci\u00f3n de un videojuego.<\/li>\n<\/ul>\n<h5>Lo que vas a aprender:<\/h5>\n<p><!--aqu\u00ed empieza acoerde\u00f3n de qu\u00e9 vas a aprender--><\/p>\n<div id=\"accordionExample\" class=\"accordion\">\n<div class=\"card ec-card\">\n<div id=\"headingOne\" class=\"card-header ec-header\">\n<p><button class=\"btn btn-link btn-block text-left ec-btn\" type=\"button\" data-toggle=\"collapse\" data-target=\"#collapseOne\"><br \/>\nVisi\u00f3n general de la f\u00edsica en Unity<br \/>\n<\/button><\/p>\n<\/div>\n<div id=\"collapseOne\" class=\"collapse show\" aria-labelledby=\"headingOne\" data-parent=\"#accordionExample\">\n<div class=\"card-body ec-cardbody\">\n<ul>\n<li>Instalaci\u00f3n e interfaz.<\/li>\n<li>Terrains y Standard assets.<\/li>\n<li>Asset Store.<\/li>\n<li>Colliders.<\/li>\n<li>Importar modelos.<\/li>\n<li>Materiales.<\/li>\n<li>Shaders.<\/li>\n<li>Iluminaci\u00f3n.<\/li>\n<\/ul>\n<\/div>\n<\/div>\n<\/div>\n<div class=\"card ec-card\">\n<div id=\"headingTwo\" class=\"card-header ec-header\">\n<p><button class=\"btn btn-link btn-block text-left collapsed ec-btn\" type=\"button\" data-toggle=\"collapse\" data-target=\"#collapseTwo\"><br \/>\nPrincipios de programaci\u00f3n<br \/>\n<\/button><\/p>\n<\/div>\n<div id=\"collapseTwo\" class=\"collapse\" aria-labelledby=\"headingTwo\" data-parent=\"#accordionExample\">\n<div class=\"card-body ec-cardbody\">\n<ul>\n<li>L\u00f3gica de programaci\u00f3n.<\/li>\n<li>Algoritmos.<\/li>\n<li>Condicionales.<\/li>\n<li>Ciclos.<\/li>\n<li>BOLT1.<\/li>\n<li>BOLT II.<\/li>\n<li>BOLT III.<\/li>\n<\/ul>\n<\/div>\n<\/div>\n<\/div>\n<div class=\"card ec-card\">\n<div id=\"headingThree\" class=\"card-header ec-header\">\n<p><button class=\"btn btn-link btn-block text-left collapsed ec-btn\" type=\"button\" data-toggle=\"collapse\" data-target=\"#collapseThree\"><br \/>\nIntegraci\u00f3n<br \/>\n<\/button><\/p>\n<\/div>\n<div id=\"collapseThree\" class=\"collapse\" aria-labelledby=\"headingThree\" data-parent=\"#accordionExample\">\n<div class=\"card-body ec-cardbody\">\n<ul>\n<li>Manejo de variables de los animators.<\/li>\n<li>Animaciones.<\/li>\n<li>Animator y variables.<\/li>\n<li>Sistemas de part\u00edculas.<\/li>\n<li>UI.<\/li>\n<li>Actividades y retos.<\/li>\n<li>Manejo de variables de los Animators.<\/li>\n<li>Exposici\u00f3n y correcciones de fallos.<\/li>\n<\/ul>\n<\/div>\n<\/div>\n<\/div>\n<\/div>\n<p><!--aqu\u00ed termina acoerde\u00f3n de qu\u00e9 vas a aprender--><\/p>\n<p>El inicio del curso se encuentra sujeto a la inscripci\u00f3n del cupo m\u00ednimo de 15 participantes.<\/p>\n","protected":false},"excerpt":{"rendered":"<p>El sector del entretenimiento presenta ya un gran crecimiento, tanto en volumen como en valor global. El motor de videojuegos Unity, es usado profesionalmente para desarrollar simuladores, juegos, libros interactivos y videojuegos educativos y recreativos, en 2 y 3 dimensiones. Permite adquirir las habilidades b\u00e1sicas para desarrollar juegos 3D, sea para el trabajo, la investigaci\u00f3n, [&hellip;]<\/p>\n","protected":false},"featured_media":3223,"comment_status":"open","ping_status":"closed","template":"","meta":{"_acf_changed":false},"product_cat":[65],"product_tag":[],"tipo_oferta":[88],"modalidad":[92],"nivel":[93],"tipo_de_programa":[103],"acf":[],"yoast_head":"<!-- This site is optimized with the Yoast SEO plugin v22.9 - https:\/\/yoast.com\/wordpress\/plugins\/seo\/ -->\n<title>Dise\u00f1o y Desarrollo de videojuegos en Unity y Bolt - Unidad de Educaci\u00f3n Continua - I.U. Pascual Bravo<\/title>\n<meta name=\"robots\" content=\"index, follow, max-snippet:-1, max-image-preview:large, max-video-preview:-1\" \/>\n<link rel=\"canonical\" href=\"https:\/\/educacioncontinua.pascualbravo.edu.co\/?product=diseno-y-desarrollo-de-videojuegos-en-unity-y-bolt\" \/>\n<meta property=\"og:locale\" content=\"es_ES\" \/>\n<meta property=\"og:type\" content=\"article\" \/>\n<meta property=\"og:title\" content=\"Dise\u00f1o y Desarrollo de videojuegos en Unity y Bolt - Unidad de Educaci\u00f3n Continua - I.U. Pascual Bravo\" \/>\n<meta property=\"og:description\" content=\"El sector del entretenimiento presenta ya un gran crecimiento, tanto en volumen como en valor global. El motor de videojuegos Unity, es usado profesionalmente para desarrollar simuladores, juegos, libros interactivos y videojuegos educativos y recreativos, en 2 y 3 dimensiones. Permite adquirir las habilidades b\u00e1sicas para desarrollar juegos 3D, sea para el trabajo, la investigaci\u00f3n, [&hellip;]\" \/>\n<meta property=\"og:url\" content=\"https:\/\/educacioncontinua.pascualbravo.edu.co\/?product=diseno-y-desarrollo-de-videojuegos-en-unity-y-bolt\" \/>\n<meta property=\"og:site_name\" content=\"Unidad de Educaci\u00f3n Continua - I.U. Pascual Bravo\" \/>\n<meta property=\"article:modified_time\" content=\"2026-02-05T00:39:53+00:00\" \/>\n<meta property=\"og:image\" content=\"https:\/\/educacioncontinua.pascualbravo.edu.co\/wp-content\/uploads\/2022\/02\/7_diseno_videojuegos.jpg\" \/>\n\t<meta property=\"og:image:width\" content=\"301\" \/>\n\t<meta property=\"og:image:height\" content=\"301\" \/>\n\t<meta property=\"og:image:type\" content=\"image\/jpeg\" \/>\n<meta name=\"twitter:card\" content=\"summary_large_image\" \/>\n<meta name=\"twitter:label1\" content=\"Tiempo de lectura\" \/>\n\t<meta name=\"twitter:data1\" content=\"3 minutos\" \/>\n<script type=\"application\/ld+json\" class=\"yoast-schema-graph\">{\"@context\":\"https:\/\/schema.org\",\"@graph\":[{\"@type\":\"WebPage\",\"@id\":\"https:\/\/educacioncontinua.pascualbravo.edu.co\/?product=diseno-y-desarrollo-de-videojuegos-en-unity-y-bolt\",\"url\":\"https:\/\/educacioncontinua.pascualbravo.edu.co\/?product=diseno-y-desarrollo-de-videojuegos-en-unity-y-bolt\",\"name\":\"Dise\u00f1o y Desarrollo de videojuegos en Unity y Bolt - Unidad de Educaci\u00f3n Continua - I.U. Pascual Bravo\",\"isPartOf\":{\"@id\":\"https:\/\/educacioncontinua.pascualbravo.edu.co\/#website\"},\"primaryImageOfPage\":{\"@id\":\"https:\/\/educacioncontinua.pascualbravo.edu.co\/?product=diseno-y-desarrollo-de-videojuegos-en-unity-y-bolt#primaryimage\"},\"image\":{\"@id\":\"https:\/\/educacioncontinua.pascualbravo.edu.co\/?product=diseno-y-desarrollo-de-videojuegos-en-unity-y-bolt#primaryimage\"},\"thumbnailUrl\":\"https:\/\/educacioncontinua.pascualbravo.edu.co\/wp-content\/uploads\/2022\/02\/7_diseno_videojuegos.jpg\",\"datePublished\":\"2022-02-14T21:49:52+00:00\",\"dateModified\":\"2026-02-05T00:39:53+00:00\",\"breadcrumb\":{\"@id\":\"https:\/\/educacioncontinua.pascualbravo.edu.co\/?product=diseno-y-desarrollo-de-videojuegos-en-unity-y-bolt#breadcrumb\"},\"inLanguage\":\"es-CO\",\"potentialAction\":[{\"@type\":\"ReadAction\",\"target\":[\"https:\/\/educacioncontinua.pascualbravo.edu.co\/?product=diseno-y-desarrollo-de-videojuegos-en-unity-y-bolt\"]}]},{\"@type\":\"ImageObject\",\"inLanguage\":\"es-CO\",\"@id\":\"https:\/\/educacioncontinua.pascualbravo.edu.co\/?product=diseno-y-desarrollo-de-videojuegos-en-unity-y-bolt#primaryimage\",\"url\":\"https:\/\/educacioncontinua.pascualbravo.edu.co\/wp-content\/uploads\/2022\/02\/7_diseno_videojuegos.jpg\",\"contentUrl\":\"https:\/\/educacioncontinua.pascualbravo.edu.co\/wp-content\/uploads\/2022\/02\/7_diseno_videojuegos.jpg\",\"width\":301,\"height\":301},{\"@type\":\"BreadcrumbList\",\"@id\":\"https:\/\/educacioncontinua.pascualbravo.edu.co\/?product=diseno-y-desarrollo-de-videojuegos-en-unity-y-bolt#breadcrumb\",\"itemListElement\":[{\"@type\":\"ListItem\",\"position\":1,\"name\":\"Inicio\",\"item\":\"https:\/\/educacioncontinua.pascualbravo.edu.co\/\"},{\"@type\":\"ListItem\",\"position\":2,\"name\":\"Oferta acad\u00e9mica\",\"item\":\"https:\/\/educacioncontinua.pascualbravo.edu.co\/?page_id=14\"},{\"@type\":\"ListItem\",\"position\":3,\"name\":\"Dise\u00f1o y Desarrollo de videojuegos en Unity y Bolt\"}]},{\"@type\":\"WebSite\",\"@id\":\"https:\/\/educacioncontinua.pascualbravo.edu.co\/#website\",\"url\":\"https:\/\/educacioncontinua.pascualbravo.edu.co\/\",\"name\":\"Unidad de Educaci\u00f3n Continua - I.U. Pascual Bravo\",\"description\":\"Unidad de Educaci\u00f3n Continua - I.U. Pascual Bravo\",\"publisher\":{\"@id\":\"https:\/\/educacioncontinua.pascualbravo.edu.co\/#organization\"},\"potentialAction\":[{\"@type\":\"SearchAction\",\"target\":{\"@type\":\"EntryPoint\",\"urlTemplate\":\"https:\/\/educacioncontinua.pascualbravo.edu.co\/?s={search_term_string}\"},\"query-input\":\"required name=search_term_string\"}],\"inLanguage\":\"es-CO\"},{\"@type\":\"Organization\",\"@id\":\"https:\/\/educacioncontinua.pascualbravo.edu.co\/#organization\",\"name\":\"Unidad de Educaci\u00f3n Continua - I.U. Pascual Bravo\",\"url\":\"https:\/\/educacioncontinua.pascualbravo.edu.co\/\",\"logo\":{\"@type\":\"ImageObject\",\"inLanguage\":\"es-CO\",\"@id\":\"https:\/\/educacioncontinua.pascualbravo.edu.co\/#\/schema\/logo\/image\/\",\"url\":\"https:\/\/educacioncontinua.pascualbravo.edu.co\/wp-content\/uploads\/2020\/12\/Pascual-Bravo.png\",\"contentUrl\":\"https:\/\/educacioncontinua.pascualbravo.edu.co\/wp-content\/uploads\/2020\/12\/Pascual-Bravo.png\",\"width\":300,\"height\":77,\"caption\":\"Unidad de Educaci\u00f3n Continua - I.U. Pascual Bravo\"},\"image\":{\"@id\":\"https:\/\/educacioncontinua.pascualbravo.edu.co\/#\/schema\/logo\/image\/\"}}]}<\/script>\n<!-- \/ Yoast SEO plugin. -->","yoast_head_json":{"title":"Dise\u00f1o y Desarrollo de videojuegos en Unity y Bolt - Unidad de Educaci\u00f3n Continua - I.U. Pascual Bravo","robots":{"index":"index","follow":"follow","max-snippet":"max-snippet:-1","max-image-preview":"max-image-preview:large","max-video-preview":"max-video-preview:-1"},"canonical":"https:\/\/educacioncontinua.pascualbravo.edu.co\/?product=diseno-y-desarrollo-de-videojuegos-en-unity-y-bolt","og_locale":"es_ES","og_type":"article","og_title":"Dise\u00f1o y Desarrollo de videojuegos en Unity y Bolt - Unidad de Educaci\u00f3n Continua - I.U. Pascual Bravo","og_description":"El sector del entretenimiento presenta ya un gran crecimiento, tanto en volumen como en valor global. El motor de videojuegos Unity, es usado profesionalmente para desarrollar simuladores, juegos, libros interactivos y videojuegos educativos y recreativos, en 2 y 3 dimensiones. Permite adquirir las habilidades b\u00e1sicas para desarrollar juegos 3D, sea para el trabajo, la investigaci\u00f3n, [&hellip;]","og_url":"https:\/\/educacioncontinua.pascualbravo.edu.co\/?product=diseno-y-desarrollo-de-videojuegos-en-unity-y-bolt","og_site_name":"Unidad de Educaci\u00f3n Continua - I.U. Pascual Bravo","article_modified_time":"2026-02-05T00:39:53+00:00","og_image":[{"width":301,"height":301,"url":"https:\/\/educacioncontinua.pascualbravo.edu.co\/wp-content\/uploads\/2022\/02\/7_diseno_videojuegos.jpg","type":"image\/jpeg"}],"twitter_card":"summary_large_image","twitter_misc":{"Tiempo de lectura":"3 minutos"},"schema":{"@context":"https:\/\/schema.org","@graph":[{"@type":"WebPage","@id":"https:\/\/educacioncontinua.pascualbravo.edu.co\/?product=diseno-y-desarrollo-de-videojuegos-en-unity-y-bolt","url":"https:\/\/educacioncontinua.pascualbravo.edu.co\/?product=diseno-y-desarrollo-de-videojuegos-en-unity-y-bolt","name":"Dise\u00f1o y Desarrollo de videojuegos en Unity y Bolt - Unidad de Educaci\u00f3n Continua - I.U. Pascual Bravo","isPartOf":{"@id":"https:\/\/educacioncontinua.pascualbravo.edu.co\/#website"},"primaryImageOfPage":{"@id":"https:\/\/educacioncontinua.pascualbravo.edu.co\/?product=diseno-y-desarrollo-de-videojuegos-en-unity-y-bolt#primaryimage"},"image":{"@id":"https:\/\/educacioncontinua.pascualbravo.edu.co\/?product=diseno-y-desarrollo-de-videojuegos-en-unity-y-bolt#primaryimage"},"thumbnailUrl":"https:\/\/educacioncontinua.pascualbravo.edu.co\/wp-content\/uploads\/2022\/02\/7_diseno_videojuegos.jpg","datePublished":"2022-02-14T21:49:52+00:00","dateModified":"2026-02-05T00:39:53+00:00","breadcrumb":{"@id":"https:\/\/educacioncontinua.pascualbravo.edu.co\/?product=diseno-y-desarrollo-de-videojuegos-en-unity-y-bolt#breadcrumb"},"inLanguage":"es-CO","potentialAction":[{"@type":"ReadAction","target":["https:\/\/educacioncontinua.pascualbravo.edu.co\/?product=diseno-y-desarrollo-de-videojuegos-en-unity-y-bolt"]}]},{"@type":"ImageObject","inLanguage":"es-CO","@id":"https:\/\/educacioncontinua.pascualbravo.edu.co\/?product=diseno-y-desarrollo-de-videojuegos-en-unity-y-bolt#primaryimage","url":"https:\/\/educacioncontinua.pascualbravo.edu.co\/wp-content\/uploads\/2022\/02\/7_diseno_videojuegos.jpg","contentUrl":"https:\/\/educacioncontinua.pascualbravo.edu.co\/wp-content\/uploads\/2022\/02\/7_diseno_videojuegos.jpg","width":301,"height":301},{"@type":"BreadcrumbList","@id":"https:\/\/educacioncontinua.pascualbravo.edu.co\/?product=diseno-y-desarrollo-de-videojuegos-en-unity-y-bolt#breadcrumb","itemListElement":[{"@type":"ListItem","position":1,"name":"Inicio","item":"https:\/\/educacioncontinua.pascualbravo.edu.co\/"},{"@type":"ListItem","position":2,"name":"Oferta acad\u00e9mica","item":"https:\/\/educacioncontinua.pascualbravo.edu.co\/?page_id=14"},{"@type":"ListItem","position":3,"name":"Dise\u00f1o y Desarrollo de videojuegos en Unity y Bolt"}]},{"@type":"WebSite","@id":"https:\/\/educacioncontinua.pascualbravo.edu.co\/#website","url":"https:\/\/educacioncontinua.pascualbravo.edu.co\/","name":"Unidad de Educaci\u00f3n Continua - I.U. Pascual Bravo","description":"Unidad de Educaci\u00f3n Continua - I.U. Pascual Bravo","publisher":{"@id":"https:\/\/educacioncontinua.pascualbravo.edu.co\/#organization"},"potentialAction":[{"@type":"SearchAction","target":{"@type":"EntryPoint","urlTemplate":"https:\/\/educacioncontinua.pascualbravo.edu.co\/?s={search_term_string}"},"query-input":"required name=search_term_string"}],"inLanguage":"es-CO"},{"@type":"Organization","@id":"https:\/\/educacioncontinua.pascualbravo.edu.co\/#organization","name":"Unidad de Educaci\u00f3n Continua - I.U. Pascual Bravo","url":"https:\/\/educacioncontinua.pascualbravo.edu.co\/","logo":{"@type":"ImageObject","inLanguage":"es-CO","@id":"https:\/\/educacioncontinua.pascualbravo.edu.co\/#\/schema\/logo\/image\/","url":"https:\/\/educacioncontinua.pascualbravo.edu.co\/wp-content\/uploads\/2020\/12\/Pascual-Bravo.png","contentUrl":"https:\/\/educacioncontinua.pascualbravo.edu.co\/wp-content\/uploads\/2020\/12\/Pascual-Bravo.png","width":300,"height":77,"caption":"Unidad de Educaci\u00f3n Continua - I.U. Pascual Bravo"},"image":{"@id":"https:\/\/educacioncontinua.pascualbravo.edu.co\/#\/schema\/logo\/image\/"}}]}},"_links":{"self":[{"href":"https:\/\/educacioncontinua.pascualbravo.edu.co\/index.php?rest_route=\/wp\/v2\/product\/3203"}],"collection":[{"href":"https:\/\/educacioncontinua.pascualbravo.edu.co\/index.php?rest_route=\/wp\/v2\/product"}],"about":[{"href":"https:\/\/educacioncontinua.pascualbravo.edu.co\/index.php?rest_route=\/wp\/v2\/types\/product"}],"replies":[{"embeddable":true,"href":"https:\/\/educacioncontinua.pascualbravo.edu.co\/index.php?rest_route=%2Fwp%2Fv2%2Fcomments&post=3203"}],"wp:featuredmedia":[{"embeddable":true,"href":"https:\/\/educacioncontinua.pascualbravo.edu.co\/index.php?rest_route=\/wp\/v2\/media\/3223"}],"wp:attachment":[{"href":"https:\/\/educacioncontinua.pascualbravo.edu.co\/index.php?rest_route=%2Fwp%2Fv2%2Fmedia&parent=3203"}],"wp:term":[{"taxonomy":"product_cat","embeddable":true,"href":"https:\/\/educacioncontinua.pascualbravo.edu.co\/index.php?rest_route=%2Fwp%2Fv2%2Fproduct_cat&post=3203"},{"taxonomy":"product_tag","embeddable":true,"href":"https:\/\/educacioncontinua.pascualbravo.edu.co\/index.php?rest_route=%2Fwp%2Fv2%2Fproduct_tag&post=3203"},{"taxonomy":"tipo_oferta","embeddable":true,"href":"https:\/\/educacioncontinua.pascualbravo.edu.co\/index.php?rest_route=%2Fwp%2Fv2%2Ftipo_oferta&post=3203"},{"taxonomy":"modalidad","embeddable":true,"href":"https:\/\/educacioncontinua.pascualbravo.edu.co\/index.php?rest_route=%2Fwp%2Fv2%2Fmodalidad&post=3203"},{"taxonomy":"nivel","embeddable":true,"href":"https:\/\/educacioncontinua.pascualbravo.edu.co\/index.php?rest_route=%2Fwp%2Fv2%2Fnivel&post=3203"},{"taxonomy":"tipo_de_programa","embeddable":true,"href":"https:\/\/educacioncontinua.pascualbravo.edu.co\/index.php?rest_route=%2Fwp%2Fv2%2Ftipo_de_programa&post=3203"}],"curies":[{"name":"wp","href":"https:\/\/api.w.org\/{rel}","templated":true}]}}