{"id":3190,"date":"2022-02-14T13:47:12","date_gmt":"2022-02-14T18:47:12","guid":{"rendered":"https:\/\/educacioncontinua.pascualbravo.edu.co\/?post_type=product&#038;p=3190"},"modified":"2024-11-29T18:05:15","modified_gmt":"2024-11-29T23:05:15","slug":"robotica-con-impresion-3d","status":"publish","type":"product","link":"https:\/\/educacioncontinua.pascualbravo.edu.co\/?product=robotica-con-impresion-3d","title":{"rendered":"Rob\u00f3tica con impresi\u00f3n 3D"},"content":{"rendered":"<p>El \u00e1rea de la rob\u00f3tica siempre ha despertado inter\u00e9s en la sociedad, generando expectativas en la parte cient\u00edfica. Diversos trabajos se han realizado a lo largo de los a\u00f1os y cada vez los especialistas del \u00e1rea de la rob\u00f3tica est\u00e1n asumiendo un papel fundamental en nuestras vidas cotidianas. En hechos concretos est\u00e1 demostrado que los robots est\u00e1n presentes en todos los aspectos sociales y econ\u00f3micos de la humanidad. Algunos de ellos son los robots industriales (p. ej. Robot Puma) que mejoran la calidad y la productividad de las empresas, robots cirujanos (p. ej. robot Da Vinci) que permiten operaciones muy delicadas y poco invasivas, robots espaciales (p. ej. Curiosity) que realizan operaciones de exploraci\u00f3n de otros mundos. Pero tambi\u00e9n existen robots que interact\u00faan a diario con las personas, como pueden ser los robots aspiradora (p. ej. Roomba), o incluso los robots aut\u00f3nomos, con los que est\u00e1n apostando fuertemente compa\u00f1\u00edas tan importantes como Google.<\/p>\n<p>La rob\u00f3tica es una materia que se est\u00e1 empezando a implementar, a nivel mundial, en los planes docentes de cursos de todas las edades para capacitar a los estudiantes en el desarrollo de nuevas tecnolog\u00edas para la Cuarta Revoluci\u00f3n Industrial.<\/p>\n<p>Este curso permitir\u00e1 a los estudiantes profundizar en temas como el dise\u00f1o mec\u00e1nico, electr\u00f3nica, hardware y programaci\u00f3n a trav\u00e9s del desarrollo de una plataforma rob\u00f3tica, con el objetivo de aumentar el nivel de conocimiento en estas \u00e1reas para ingresar al mundo de la cuarta revoluci\u00f3n industrial.<\/p>\n<h5>Objetivo general:<\/h5>\n<p>Desarrollar una plataforma m\u00f3vil para el aprendizaje de sistemas rob\u00f3ticos.<\/p>\n<h5>Objetivos espec\u00edficos:<\/h5>\n<ul>\n<li>Modelado CAD de un robot tipo diferencial en el software Solidworks.<\/li>\n<li>Desarrollar el prototipo de un robot tipo diferencial.<\/li>\n<li>Dise\u00f1ar algoritmos de control de navegaci\u00f3n en entornos interiores en Arduino.<\/li>\n<\/ul>\n<h5>Lo que vas a aprender:<\/h5>\n<p><!--aqu\u00ed empieza acoerde\u00f3n de qu\u00e9 vas a aprender--><\/p>\n<div id=\"accordionExample\" class=\"accordion\">\n<div class=\"card ec-card\">\n<div id=\"headingOne\" class=\"card-header ec-header\">\n<p><button class=\"btn btn-link btn-block text-left ec-btn\" type=\"button\" data-toggle=\"collapse\" data-target=\"#collapseOne\"><br \/>\nPrincipio de Funcionamiento<br \/>\n<\/button><\/p>\n<\/div>\n<div id=\"collapseOne\" class=\"collapse show\" aria-labelledby=\"headingOne\" data-parent=\"#accordionExample\">\n<div class=\"card-body ec-cardbody\">\n<ul>\n<li>Dise\u00f1o CAD de las partes del robot diferencial.<\/li>\n<li>Ensamble de piezas del robot diferencial.<\/li>\n<li>Impresi\u00f3n 3D.<\/li>\n<li>Desarrollo del prototipo.<\/li>\n<\/ul>\n<\/div>\n<\/div>\n<\/div>\n<div class=\"card ec-card\">\n<div id=\"headingTwo\" class=\"card-header ec-header\">\n<p><button class=\"btn btn-link btn-block text-left collapsed ec-btn\" type=\"button\" data-toggle=\"collapse\" data-target=\"#collapseTwo\"><br \/>\nActuadores<br \/>\n<\/button><\/p>\n<\/div>\n<div id=\"collapseTwo\" class=\"collapse\" aria-labelledby=\"headingTwo\" data-parent=\"#accordionExample\">\n<div class=\"card-body ec-cardbody\">\n<ul>\n<li>Introducci\u00f3n a la programaci\u00f3n en Arduino.<\/li>\n<li>Aprendiendo condicionales en programaci\u00f3n.<\/li>\n<li>Aprendiendo sobre bucles o ciclos.<\/li>\n<li>Desarrollo de funciones.<\/li>\n<li>Control de velocidad del robot diferencial.<\/li>\n<li>Comunicaci\u00f3n serial.<\/li>\n<li>Desarrollo de un aplicativo m\u00f3vil<\/li>\n<\/ul>\n<\/div>\n<\/div>\n<\/div>\n<div class=\"card ec-card\">\n<div id=\"headingThree\" class=\"card-header ec-header\">\n<p><button class=\"btn btn-link btn-block text-left collapsed ec-btn\" type=\"button\" data-toggle=\"collapse\" data-target=\"#collapseThree\"><br \/>\nSensores<br \/>\n<\/button><\/p>\n<\/div>\n<div id=\"collapseThree\" class=\"collapse\" aria-labelledby=\"headingThree\" data-parent=\"#accordionExample\">\n<div class=\"card-body ec-cardbody\">\n<ul>\n<li>Funcionamiento del sensor ultras\u00f3nico.<\/li>\n<li>Desarrollo de un filtro pasa bajas.<\/li>\n<li>Tomando datos de distancia de objetos.<\/li>\n<li>Pruebas experimentales.<\/li>\n<\/ul>\n<\/div>\n<\/div>\n<\/div>\n<div class=\"card ec-card\">\n<div id=\"headingFour\" class=\"card-header ec-header\">\n<p><button class=\"btn btn-link btn-block text-left collapsed ec-btn\" type=\"button\" data-toggle=\"collapse\" data-target=\"#collapseFour\"><br \/>\nDise\u00f1o de controladores en Arduino<br \/>\n<\/button><\/p>\n<\/div>\n<div id=\"collapseFour\" class=\"collapse\" aria-labelledby=\"headingFour\" data-parent=\"#accordionExample\">\n<div class=\"card-body ec-cardbody\">\n<ul>\n<li>Introducci\u00f3n al control fuzzy.<\/li>\n<li>Control de seguimiento de trayectorias.<\/li>\n<li>Control de evasi\u00f3n de obst\u00e1culos.<\/li>\n<li>Pruebas experimentales.<\/li>\n<\/ul>\n<\/div>\n<\/div>\n<\/div>\n<\/div>\n<p><!--aqu\u00ed termina acoerde\u00f3n de qu\u00e9 vas a aprender--><\/p>\n<p>El inicio del curso se encuentra sujeto a la inscripci\u00f3n del cupo m\u00ednimo de 15 participantes.<\/p>\n","protected":false},"excerpt":{"rendered":"<p>El \u00e1rea de la rob\u00f3tica siempre ha despertado inter\u00e9s en la sociedad, generando expectativas en la parte cient\u00edfica. Diversos trabajos se han realizado a lo largo de los a\u00f1os y cada vez los especialistas del \u00e1rea de la rob\u00f3tica est\u00e1n asumiendo un papel fundamental en nuestras vidas cotidianas. En hechos concretos est\u00e1 demostrado que los [&hellip;]<\/p>\n","protected":false},"featured_media":3219,"comment_status":"open","ping_status":"closed","template":"","meta":{"_acf_changed":false},"product_cat":[15],"product_tag":[],"tipo_oferta":[88],"modalidad":[92],"nivel":[93],"tipo_de_programa":[103],"acf":[],"yoast_head":"<!-- This site is optimized with the Yoast SEO plugin v22.9 - https:\/\/yoast.com\/wordpress\/plugins\/seo\/ -->\n<title>Rob\u00f3tica con impresi\u00f3n 3D - Unidad de Educaci\u00f3n Continua - I.U. Pascual Bravo<\/title>\n<meta name=\"robots\" content=\"index, follow, max-snippet:-1, max-image-preview:large, max-video-preview:-1\" \/>\n<link rel=\"canonical\" href=\"https:\/\/educacioncontinua.pascualbravo.edu.co\/?product=robotica-con-impresion-3d\" \/>\n<meta property=\"og:locale\" content=\"es_ES\" \/>\n<meta property=\"og:type\" content=\"article\" \/>\n<meta property=\"og:title\" content=\"Rob\u00f3tica con impresi\u00f3n 3D - Unidad de Educaci\u00f3n Continua - I.U. Pascual Bravo\" \/>\n<meta property=\"og:description\" content=\"El \u00e1rea de la rob\u00f3tica siempre ha despertado inter\u00e9s en la sociedad, generando expectativas en la parte cient\u00edfica. Diversos trabajos se han realizado a lo largo de los a\u00f1os y cada vez los especialistas del \u00e1rea de la rob\u00f3tica est\u00e1n asumiendo un papel fundamental en nuestras vidas cotidianas. En hechos concretos est\u00e1 demostrado que los [&hellip;]\" \/>\n<meta property=\"og:url\" content=\"https:\/\/educacioncontinua.pascualbravo.edu.co\/?product=robotica-con-impresion-3d\" \/>\n<meta property=\"og:site_name\" content=\"Unidad de Educaci\u00f3n Continua - I.U. Pascual Bravo\" \/>\n<meta property=\"article:modified_time\" content=\"2024-11-29T23:05:15+00:00\" \/>\n<meta property=\"og:image\" content=\"https:\/\/educacioncontinua.pascualbravo.edu.co\/wp-content\/uploads\/2022\/02\/3_robotica_3d.jpg\" \/>\n\t<meta property=\"og:image:width\" content=\"301\" \/>\n\t<meta property=\"og:image:height\" content=\"301\" \/>\n\t<meta property=\"og:image:type\" content=\"image\/jpeg\" \/>\n<meta name=\"twitter:card\" content=\"summary_large_image\" \/>\n<meta name=\"twitter:label1\" content=\"Tiempo de lectura\" \/>\n\t<meta name=\"twitter:data1\" content=\"3 minutos\" \/>\n<script type=\"application\/ld+json\" class=\"yoast-schema-graph\">{\"@context\":\"https:\/\/schema.org\",\"@graph\":[{\"@type\":\"WebPage\",\"@id\":\"https:\/\/educacioncontinua.pascualbravo.edu.co\/?product=robotica-con-impresion-3d\",\"url\":\"https:\/\/educacioncontinua.pascualbravo.edu.co\/?product=robotica-con-impresion-3d\",\"name\":\"Rob\u00f3tica con impresi\u00f3n 3D - Unidad de Educaci\u00f3n Continua - I.U. Pascual Bravo\",\"isPartOf\":{\"@id\":\"https:\/\/educacioncontinua.pascualbravo.edu.co\/#website\"},\"primaryImageOfPage\":{\"@id\":\"https:\/\/educacioncontinua.pascualbravo.edu.co\/?product=robotica-con-impresion-3d#primaryimage\"},\"image\":{\"@id\":\"https:\/\/educacioncontinua.pascualbravo.edu.co\/?product=robotica-con-impresion-3d#primaryimage\"},\"thumbnailUrl\":\"https:\/\/educacioncontinua.pascualbravo.edu.co\/wp-content\/uploads\/2022\/02\/3_robotica_3d.jpg\",\"datePublished\":\"2022-02-14T18:47:12+00:00\",\"dateModified\":\"2024-11-29T23:05:15+00:00\",\"breadcrumb\":{\"@id\":\"https:\/\/educacioncontinua.pascualbravo.edu.co\/?product=robotica-con-impresion-3d#breadcrumb\"},\"inLanguage\":\"es-CO\",\"potentialAction\":[{\"@type\":\"ReadAction\",\"target\":[\"https:\/\/educacioncontinua.pascualbravo.edu.co\/?product=robotica-con-impresion-3d\"]}]},{\"@type\":\"ImageObject\",\"inLanguage\":\"es-CO\",\"@id\":\"https:\/\/educacioncontinua.pascualbravo.edu.co\/?product=robotica-con-impresion-3d#primaryimage\",\"url\":\"https:\/\/educacioncontinua.pascualbravo.edu.co\/wp-content\/uploads\/2022\/02\/3_robotica_3d.jpg\",\"contentUrl\":\"https:\/\/educacioncontinua.pascualbravo.edu.co\/wp-content\/uploads\/2022\/02\/3_robotica_3d.jpg\",\"width\":301,\"height\":301},{\"@type\":\"BreadcrumbList\",\"@id\":\"https:\/\/educacioncontinua.pascualbravo.edu.co\/?product=robotica-con-impresion-3d#breadcrumb\",\"itemListElement\":[{\"@type\":\"ListItem\",\"position\":1,\"name\":\"Inicio\",\"item\":\"https:\/\/educacioncontinua.pascualbravo.edu.co\/\"},{\"@type\":\"ListItem\",\"position\":2,\"name\":\"Oferta acad\u00e9mica\",\"item\":\"https:\/\/educacioncontinua.pascualbravo.edu.co\/?page_id=14\"},{\"@type\":\"ListItem\",\"position\":3,\"name\":\"Rob\u00f3tica con impresi\u00f3n 3D\"}]},{\"@type\":\"WebSite\",\"@id\":\"https:\/\/educacioncontinua.pascualbravo.edu.co\/#website\",\"url\":\"https:\/\/educacioncontinua.pascualbravo.edu.co\/\",\"name\":\"Unidad de Educaci\u00f3n Continua - I.U. Pascual Bravo\",\"description\":\"Unidad de Educaci\u00f3n Continua - I.U. Pascual Bravo\",\"publisher\":{\"@id\":\"https:\/\/educacioncontinua.pascualbravo.edu.co\/#organization\"},\"potentialAction\":[{\"@type\":\"SearchAction\",\"target\":{\"@type\":\"EntryPoint\",\"urlTemplate\":\"https:\/\/educacioncontinua.pascualbravo.edu.co\/?s={search_term_string}\"},\"query-input\":\"required name=search_term_string\"}],\"inLanguage\":\"es-CO\"},{\"@type\":\"Organization\",\"@id\":\"https:\/\/educacioncontinua.pascualbravo.edu.co\/#organization\",\"name\":\"Unidad de Educaci\u00f3n Continua - I.U. Pascual Bravo\",\"url\":\"https:\/\/educacioncontinua.pascualbravo.edu.co\/\",\"logo\":{\"@type\":\"ImageObject\",\"inLanguage\":\"es-CO\",\"@id\":\"https:\/\/educacioncontinua.pascualbravo.edu.co\/#\/schema\/logo\/image\/\",\"url\":\"https:\/\/educacioncontinua.pascualbravo.edu.co\/wp-content\/uploads\/2020\/12\/Pascual-Bravo.png\",\"contentUrl\":\"https:\/\/educacioncontinua.pascualbravo.edu.co\/wp-content\/uploads\/2020\/12\/Pascual-Bravo.png\",\"width\":300,\"height\":77,\"caption\":\"Unidad de Educaci\u00f3n Continua - I.U. Pascual Bravo\"},\"image\":{\"@id\":\"https:\/\/educacioncontinua.pascualbravo.edu.co\/#\/schema\/logo\/image\/\"}}]}<\/script>\n<!-- \/ Yoast SEO plugin. -->","yoast_head_json":{"title":"Rob\u00f3tica con impresi\u00f3n 3D - Unidad de Educaci\u00f3n Continua - I.U. Pascual Bravo","robots":{"index":"index","follow":"follow","max-snippet":"max-snippet:-1","max-image-preview":"max-image-preview:large","max-video-preview":"max-video-preview:-1"},"canonical":"https:\/\/educacioncontinua.pascualbravo.edu.co\/?product=robotica-con-impresion-3d","og_locale":"es_ES","og_type":"article","og_title":"Rob\u00f3tica con impresi\u00f3n 3D - Unidad de Educaci\u00f3n Continua - I.U. Pascual Bravo","og_description":"El \u00e1rea de la rob\u00f3tica siempre ha despertado inter\u00e9s en la sociedad, generando expectativas en la parte cient\u00edfica. Diversos trabajos se han realizado a lo largo de los a\u00f1os y cada vez los especialistas del \u00e1rea de la rob\u00f3tica est\u00e1n asumiendo un papel fundamental en nuestras vidas cotidianas. En hechos concretos est\u00e1 demostrado que los [&hellip;]","og_url":"https:\/\/educacioncontinua.pascualbravo.edu.co\/?product=robotica-con-impresion-3d","og_site_name":"Unidad de Educaci\u00f3n Continua - I.U. Pascual Bravo","article_modified_time":"2024-11-29T23:05:15+00:00","og_image":[{"width":301,"height":301,"url":"https:\/\/educacioncontinua.pascualbravo.edu.co\/wp-content\/uploads\/2022\/02\/3_robotica_3d.jpg","type":"image\/jpeg"}],"twitter_card":"summary_large_image","twitter_misc":{"Tiempo de lectura":"3 minutos"},"schema":{"@context":"https:\/\/schema.org","@graph":[{"@type":"WebPage","@id":"https:\/\/educacioncontinua.pascualbravo.edu.co\/?product=robotica-con-impresion-3d","url":"https:\/\/educacioncontinua.pascualbravo.edu.co\/?product=robotica-con-impresion-3d","name":"Rob\u00f3tica con impresi\u00f3n 3D - Unidad de Educaci\u00f3n Continua - I.U. Pascual Bravo","isPartOf":{"@id":"https:\/\/educacioncontinua.pascualbravo.edu.co\/#website"},"primaryImageOfPage":{"@id":"https:\/\/educacioncontinua.pascualbravo.edu.co\/?product=robotica-con-impresion-3d#primaryimage"},"image":{"@id":"https:\/\/educacioncontinua.pascualbravo.edu.co\/?product=robotica-con-impresion-3d#primaryimage"},"thumbnailUrl":"https:\/\/educacioncontinua.pascualbravo.edu.co\/wp-content\/uploads\/2022\/02\/3_robotica_3d.jpg","datePublished":"2022-02-14T18:47:12+00:00","dateModified":"2024-11-29T23:05:15+00:00","breadcrumb":{"@id":"https:\/\/educacioncontinua.pascualbravo.edu.co\/?product=robotica-con-impresion-3d#breadcrumb"},"inLanguage":"es-CO","potentialAction":[{"@type":"ReadAction","target":["https:\/\/educacioncontinua.pascualbravo.edu.co\/?product=robotica-con-impresion-3d"]}]},{"@type":"ImageObject","inLanguage":"es-CO","@id":"https:\/\/educacioncontinua.pascualbravo.edu.co\/?product=robotica-con-impresion-3d#primaryimage","url":"https:\/\/educacioncontinua.pascualbravo.edu.co\/wp-content\/uploads\/2022\/02\/3_robotica_3d.jpg","contentUrl":"https:\/\/educacioncontinua.pascualbravo.edu.co\/wp-content\/uploads\/2022\/02\/3_robotica_3d.jpg","width":301,"height":301},{"@type":"BreadcrumbList","@id":"https:\/\/educacioncontinua.pascualbravo.edu.co\/?product=robotica-con-impresion-3d#breadcrumb","itemListElement":[{"@type":"ListItem","position":1,"name":"Inicio","item":"https:\/\/educacioncontinua.pascualbravo.edu.co\/"},{"@type":"ListItem","position":2,"name":"Oferta acad\u00e9mica","item":"https:\/\/educacioncontinua.pascualbravo.edu.co\/?page_id=14"},{"@type":"ListItem","position":3,"name":"Rob\u00f3tica con impresi\u00f3n 3D"}]},{"@type":"WebSite","@id":"https:\/\/educacioncontinua.pascualbravo.edu.co\/#website","url":"https:\/\/educacioncontinua.pascualbravo.edu.co\/","name":"Unidad de Educaci\u00f3n Continua - I.U. Pascual Bravo","description":"Unidad de Educaci\u00f3n Continua - I.U. Pascual Bravo","publisher":{"@id":"https:\/\/educacioncontinua.pascualbravo.edu.co\/#organization"},"potentialAction":[{"@type":"SearchAction","target":{"@type":"EntryPoint","urlTemplate":"https:\/\/educacioncontinua.pascualbravo.edu.co\/?s={search_term_string}"},"query-input":"required name=search_term_string"}],"inLanguage":"es-CO"},{"@type":"Organization","@id":"https:\/\/educacioncontinua.pascualbravo.edu.co\/#organization","name":"Unidad de Educaci\u00f3n Continua - I.U. Pascual Bravo","url":"https:\/\/educacioncontinua.pascualbravo.edu.co\/","logo":{"@type":"ImageObject","inLanguage":"es-CO","@id":"https:\/\/educacioncontinua.pascualbravo.edu.co\/#\/schema\/logo\/image\/","url":"https:\/\/educacioncontinua.pascualbravo.edu.co\/wp-content\/uploads\/2020\/12\/Pascual-Bravo.png","contentUrl":"https:\/\/educacioncontinua.pascualbravo.edu.co\/wp-content\/uploads\/2020\/12\/Pascual-Bravo.png","width":300,"height":77,"caption":"Unidad de Educaci\u00f3n Continua - I.U. Pascual Bravo"},"image":{"@id":"https:\/\/educacioncontinua.pascualbravo.edu.co\/#\/schema\/logo\/image\/"}}]}},"_links":{"self":[{"href":"https:\/\/educacioncontinua.pascualbravo.edu.co\/index.php?rest_route=\/wp\/v2\/product\/3190"}],"collection":[{"href":"https:\/\/educacioncontinua.pascualbravo.edu.co\/index.php?rest_route=\/wp\/v2\/product"}],"about":[{"href":"https:\/\/educacioncontinua.pascualbravo.edu.co\/index.php?rest_route=\/wp\/v2\/types\/product"}],"replies":[{"embeddable":true,"href":"https:\/\/educacioncontinua.pascualbravo.edu.co\/index.php?rest_route=%2Fwp%2Fv2%2Fcomments&post=3190"}],"wp:featuredmedia":[{"embeddable":true,"href":"https:\/\/educacioncontinua.pascualbravo.edu.co\/index.php?rest_route=\/wp\/v2\/media\/3219"}],"wp:attachment":[{"href":"https:\/\/educacioncontinua.pascualbravo.edu.co\/index.php?rest_route=%2Fwp%2Fv2%2Fmedia&parent=3190"}],"wp:term":[{"taxonomy":"product_cat","embeddable":true,"href":"https:\/\/educacioncontinua.pascualbravo.edu.co\/index.php?rest_route=%2Fwp%2Fv2%2Fproduct_cat&post=3190"},{"taxonomy":"product_tag","embeddable":true,"href":"https:\/\/educacioncontinua.pascualbravo.edu.co\/index.php?rest_route=%2Fwp%2Fv2%2Fproduct_tag&post=3190"},{"taxonomy":"tipo_oferta","embeddable":true,"href":"https:\/\/educacioncontinua.pascualbravo.edu.co\/index.php?rest_route=%2Fwp%2Fv2%2Ftipo_oferta&post=3190"},{"taxonomy":"modalidad","embeddable":true,"href":"https:\/\/educacioncontinua.pascualbravo.edu.co\/index.php?rest_route=%2Fwp%2Fv2%2Fmodalidad&post=3190"},{"taxonomy":"nivel","embeddable":true,"href":"https:\/\/educacioncontinua.pascualbravo.edu.co\/index.php?rest_route=%2Fwp%2Fv2%2Fnivel&post=3190"},{"taxonomy":"tipo_de_programa","embeddable":true,"href":"https:\/\/educacioncontinua.pascualbravo.edu.co\/index.php?rest_route=%2Fwp%2Fv2%2Ftipo_de_programa&post=3190"}],"curies":[{"name":"wp","href":"https:\/\/api.w.org\/{rel}","templated":true}]}}