{"id":3189,"date":"2022-02-14T13:43:45","date_gmt":"2022-02-14T18:43:45","guid":{"rendered":"https:\/\/educacioncontinua.pascualbravo.edu.co\/?post_type=product&#038;p=3189"},"modified":"2024-11-29T18:06:35","modified_gmt":"2024-11-29T23:06:35","slug":"fundamentos-y-aplicaciones-de-vision-artificial","status":"publish","type":"product","link":"https:\/\/educacioncontinua.pascualbravo.edu.co\/?product=fundamentos-y-aplicaciones-de-vision-artificial","title":{"rendered":"Fundamentos y aplicaciones de visi\u00f3n artificial"},"content":{"rendered":"<p>Las aplicaciones de la Inteligencia Artificial m\u00e1s visibles para el p\u00fablico general son las que integran la Visi\u00f3n Artificial. As\u00ed pues, esta disciplina es un punto estrat\u00e9gico de entrada a los sistemas de inteligencia artificial. Por esto es de suma importancia que las personas conozcan los fundamentos de la visi\u00f3n artificial y reconozcan las aplicaciones que se generan a partir de esta disciplina.<\/p>\n<p>Hoy en d\u00eda la mayor\u00eda de las personas tienen acceso a una c\u00e1mara digital, ya sea desde un celular o desde un computador. Es sumamente importante que las personas reconozcan el potencial que ese dispositivo tiene y para esto es indispensable conocer las bases de funcionamiento de estos dispositivos y los conceptos que se manejan alrededor del procesamiento de im\u00e1genes digitales.<\/p>\n<p>Dada la democratizaci\u00f3n de las c\u00e1maras, los sistemas de visi\u00f3n artificial se encuentran f\u00e1cilmente en nuestro entorno en aplicaciones que dada su simplicidad pueden pasar desapercibidas y que pueden ser muy \u00fatiles. Estas aplicaciones pueden ser herramientas \u00fatiles en problemas cotidianos, pero para identificar estas oportunidades es imprescindible conocer c\u00f3mo los computadores les dan sentido a las im\u00e1genes digitales procesadas.<\/p>\n<h5>Objetivo General:<\/h5>\n<p>Fundamentar las aplicaciones de visi\u00f3n artificial mediante el uso de conceptos b\u00e1sicos de procesamiento digital de im\u00e1genes y la aplicaci\u00f3n de estos.<\/p>\n<h5>Objetivos espec\u00edficos:<\/h5>\n<ul>\n<li>Identificar los conceptos b\u00e1sicos de adquisici\u00f3n y preprocesamiento de im\u00e1genes digitales.<\/li>\n<li>Fundamentar los procesos y presentar aplicaciones demostrativas de la interpretaci\u00f3n autom\u00e1tica de im\u00e1genes.<\/li>\n<\/ul>\n<h5>Lo que vas a aprender:<\/h5>\n<p><!--aqu\u00ed empieza acoerde\u00f3n de qu\u00e9 vas a aprender--><\/p>\n<div id=\"accordionExample\" class=\"accordion\">\n<div class=\"card ec-card\">\n<div id=\"headingOne\" class=\"card-header ec-header\">\n<p><button class=\"btn btn-link btn-block text-left ec-btn\" type=\"button\" data-toggle=\"collapse\" data-target=\"#collapseOne\"><br \/>\nProcesamiento de im\u00e1genes digitales<br \/>\n<\/button><\/p>\n<\/div>\n<div id=\"collapseOne\" class=\"collapse show\" aria-labelledby=\"headingOne\" data-parent=\"#accordionExample\">\n<div class=\"card-body ec-cardbody\">\n<ul>\n<li>Conceptos para la adquisici\u00f3n digital de im\u00e1genes.<\/li>\n<li>Preprocesamiento de im\u00e1genes digitales.<\/li>\n<li>Segmentaci\u00f3n de im\u00e1genes digitales.<\/li>\n<\/ul>\n<\/div>\n<\/div>\n<\/div>\n<div class=\"card ec-card\">\n<div id=\"headingTwo\" class=\"card-header ec-header\">\n<p><button class=\"btn btn-link btn-block text-left collapsed ec-btn\" type=\"button\" data-toggle=\"collapse\" data-target=\"#collapseTwo\"><br \/>\nInterpretaci\u00f3n autom\u00e1tica de Im\u00e1genes<br \/>\n<\/button><\/p>\n<\/div>\n<div id=\"collapseTwo\" class=\"collapse\" aria-labelledby=\"headingTwo\" data-parent=\"#accordionExample\">\n<div class=\"card-body ec-cardbody\">\n<ul>\n<li>Bases de caracterizaci\u00f3n para im\u00e1genes.<\/li>\n<li>Librer\u00edas para visi\u00f3n artificial.<\/li>\n<li>Clasificaci\u00f3n de im\u00e1genes.<\/li>\n<\/ul>\n<\/div>\n<\/div>\n<\/div>\n<\/div>\n<p><!--aqu\u00ed termina acoerde\u00f3n de qu\u00e9 vas a aprender--><\/p>\n<p>El inicio del curso se encuentra sujeto a la inscripci\u00f3n del cupo m\u00ednimo de 15 participantes.<\/p>\n","protected":false},"excerpt":{"rendered":"<p>Las aplicaciones de la Inteligencia Artificial m\u00e1s visibles para el p\u00fablico general son las que integran la Visi\u00f3n Artificial. As\u00ed pues, esta disciplina es un punto estrat\u00e9gico de entrada a los sistemas de inteligencia artificial. Por esto es de suma importancia que las personas conozcan los fundamentos de la visi\u00f3n artificial y reconozcan las aplicaciones [&hellip;]<\/p>\n","protected":false},"featured_media":3217,"comment_status":"open","ping_status":"closed","template":"","meta":{"_acf_changed":false},"product_cat":[15],"product_tag":[],"tipo_oferta":[88],"modalidad":[92],"nivel":[93],"tipo_de_programa":[103],"acf":[],"yoast_head":"<!-- This site is optimized with the Yoast SEO plugin v22.9 - https:\/\/yoast.com\/wordpress\/plugins\/seo\/ -->\n<title>Fundamentos y aplicaciones de visi\u00f3n artificial - Unidad de Educaci\u00f3n Continua - I.U. Pascual Bravo<\/title>\n<meta name=\"robots\" content=\"index, follow, max-snippet:-1, max-image-preview:large, max-video-preview:-1\" \/>\n<link rel=\"canonical\" href=\"https:\/\/educacioncontinua.pascualbravo.edu.co\/?product=fundamentos-y-aplicaciones-de-vision-artificial\" \/>\n<meta property=\"og:locale\" content=\"es_ES\" \/>\n<meta property=\"og:type\" content=\"article\" \/>\n<meta property=\"og:title\" content=\"Fundamentos y aplicaciones de visi\u00f3n artificial - Unidad de Educaci\u00f3n Continua - I.U. Pascual Bravo\" \/>\n<meta property=\"og:description\" content=\"Las aplicaciones de la Inteligencia Artificial m\u00e1s visibles para el p\u00fablico general son las que integran la Visi\u00f3n Artificial. As\u00ed pues, esta disciplina es un punto estrat\u00e9gico de entrada a los sistemas de inteligencia artificial. Por esto es de suma importancia que las personas conozcan los fundamentos de la visi\u00f3n artificial y reconozcan las aplicaciones [&hellip;]\" \/>\n<meta property=\"og:url\" content=\"https:\/\/educacioncontinua.pascualbravo.edu.co\/?product=fundamentos-y-aplicaciones-de-vision-artificial\" \/>\n<meta property=\"og:site_name\" content=\"Unidad de Educaci\u00f3n Continua - I.U. Pascual Bravo\" \/>\n<meta property=\"article:modified_time\" content=\"2024-11-29T23:06:35+00:00\" \/>\n<meta property=\"og:image\" content=\"https:\/\/educacioncontinua.pascualbravo.edu.co\/wp-content\/uploads\/2022\/02\/2_fundamentos_aplicaciones_vision_artificial.jpg\" \/>\n\t<meta property=\"og:image:width\" content=\"301\" \/>\n\t<meta property=\"og:image:height\" content=\"301\" \/>\n\t<meta property=\"og:image:type\" content=\"image\/jpeg\" \/>\n<meta name=\"twitter:card\" content=\"summary_large_image\" \/>\n<meta name=\"twitter:label1\" content=\"Tiempo de lectura\" \/>\n\t<meta name=\"twitter:data1\" content=\"2 minutos\" \/>\n<script type=\"application\/ld+json\" class=\"yoast-schema-graph\">{\"@context\":\"https:\/\/schema.org\",\"@graph\":[{\"@type\":\"WebPage\",\"@id\":\"https:\/\/educacioncontinua.pascualbravo.edu.co\/?product=fundamentos-y-aplicaciones-de-vision-artificial\",\"url\":\"https:\/\/educacioncontinua.pascualbravo.edu.co\/?product=fundamentos-y-aplicaciones-de-vision-artificial\",\"name\":\"Fundamentos y aplicaciones de visi\u00f3n artificial - Unidad de Educaci\u00f3n Continua - I.U. Pascual Bravo\",\"isPartOf\":{\"@id\":\"https:\/\/educacioncontinua.pascualbravo.edu.co\/#website\"},\"primaryImageOfPage\":{\"@id\":\"https:\/\/educacioncontinua.pascualbravo.edu.co\/?product=fundamentos-y-aplicaciones-de-vision-artificial#primaryimage\"},\"image\":{\"@id\":\"https:\/\/educacioncontinua.pascualbravo.edu.co\/?product=fundamentos-y-aplicaciones-de-vision-artificial#primaryimage\"},\"thumbnailUrl\":\"https:\/\/educacioncontinua.pascualbravo.edu.co\/wp-content\/uploads\/2022\/02\/2_fundamentos_aplicaciones_vision_artificial.jpg\",\"datePublished\":\"2022-02-14T18:43:45+00:00\",\"dateModified\":\"2024-11-29T23:06:35+00:00\",\"breadcrumb\":{\"@id\":\"https:\/\/educacioncontinua.pascualbravo.edu.co\/?product=fundamentos-y-aplicaciones-de-vision-artificial#breadcrumb\"},\"inLanguage\":\"es-CO\",\"potentialAction\":[{\"@type\":\"ReadAction\",\"target\":[\"https:\/\/educacioncontinua.pascualbravo.edu.co\/?product=fundamentos-y-aplicaciones-de-vision-artificial\"]}]},{\"@type\":\"ImageObject\",\"inLanguage\":\"es-CO\",\"@id\":\"https:\/\/educacioncontinua.pascualbravo.edu.co\/?product=fundamentos-y-aplicaciones-de-vision-artificial#primaryimage\",\"url\":\"https:\/\/educacioncontinua.pascualbravo.edu.co\/wp-content\/uploads\/2022\/02\/2_fundamentos_aplicaciones_vision_artificial.jpg\",\"contentUrl\":\"https:\/\/educacioncontinua.pascualbravo.edu.co\/wp-content\/uploads\/2022\/02\/2_fundamentos_aplicaciones_vision_artificial.jpg\",\"width\":301,\"height\":301},{\"@type\":\"BreadcrumbList\",\"@id\":\"https:\/\/educacioncontinua.pascualbravo.edu.co\/?product=fundamentos-y-aplicaciones-de-vision-artificial#breadcrumb\",\"itemListElement\":[{\"@type\":\"ListItem\",\"position\":1,\"name\":\"Inicio\",\"item\":\"https:\/\/educacioncontinua.pascualbravo.edu.co\/\"},{\"@type\":\"ListItem\",\"position\":2,\"name\":\"Oferta acad\u00e9mica\",\"item\":\"https:\/\/educacioncontinua.pascualbravo.edu.co\/?page_id=14\"},{\"@type\":\"ListItem\",\"position\":3,\"name\":\"Fundamentos y aplicaciones de visi\u00f3n artificial\"}]},{\"@type\":\"WebSite\",\"@id\":\"https:\/\/educacioncontinua.pascualbravo.edu.co\/#website\",\"url\":\"https:\/\/educacioncontinua.pascualbravo.edu.co\/\",\"name\":\"Unidad de Educaci\u00f3n Continua - I.U. Pascual Bravo\",\"description\":\"Unidad de Educaci\u00f3n Continua - I.U. Pascual Bravo\",\"publisher\":{\"@id\":\"https:\/\/educacioncontinua.pascualbravo.edu.co\/#organization\"},\"potentialAction\":[{\"@type\":\"SearchAction\",\"target\":{\"@type\":\"EntryPoint\",\"urlTemplate\":\"https:\/\/educacioncontinua.pascualbravo.edu.co\/?s={search_term_string}\"},\"query-input\":\"required name=search_term_string\"}],\"inLanguage\":\"es-CO\"},{\"@type\":\"Organization\",\"@id\":\"https:\/\/educacioncontinua.pascualbravo.edu.co\/#organization\",\"name\":\"Unidad de Educaci\u00f3n Continua - I.U. Pascual Bravo\",\"url\":\"https:\/\/educacioncontinua.pascualbravo.edu.co\/\",\"logo\":{\"@type\":\"ImageObject\",\"inLanguage\":\"es-CO\",\"@id\":\"https:\/\/educacioncontinua.pascualbravo.edu.co\/#\/schema\/logo\/image\/\",\"url\":\"https:\/\/educacioncontinua.pascualbravo.edu.co\/wp-content\/uploads\/2020\/12\/Pascual-Bravo.png\",\"contentUrl\":\"https:\/\/educacioncontinua.pascualbravo.edu.co\/wp-content\/uploads\/2020\/12\/Pascual-Bravo.png\",\"width\":300,\"height\":77,\"caption\":\"Unidad de Educaci\u00f3n Continua - I.U. Pascual Bravo\"},\"image\":{\"@id\":\"https:\/\/educacioncontinua.pascualbravo.edu.co\/#\/schema\/logo\/image\/\"}}]}<\/script>\n<!-- \/ Yoast SEO plugin. -->","yoast_head_json":{"title":"Fundamentos y aplicaciones de visi\u00f3n artificial - Unidad de Educaci\u00f3n Continua - I.U. Pascual Bravo","robots":{"index":"index","follow":"follow","max-snippet":"max-snippet:-1","max-image-preview":"max-image-preview:large","max-video-preview":"max-video-preview:-1"},"canonical":"https:\/\/educacioncontinua.pascualbravo.edu.co\/?product=fundamentos-y-aplicaciones-de-vision-artificial","og_locale":"es_ES","og_type":"article","og_title":"Fundamentos y aplicaciones de visi\u00f3n artificial - Unidad de Educaci\u00f3n Continua - I.U. Pascual Bravo","og_description":"Las aplicaciones de la Inteligencia Artificial m\u00e1s visibles para el p\u00fablico general son las que integran la Visi\u00f3n Artificial. As\u00ed pues, esta disciplina es un punto estrat\u00e9gico de entrada a los sistemas de inteligencia artificial. Por esto es de suma importancia que las personas conozcan los fundamentos de la visi\u00f3n artificial y reconozcan las aplicaciones [&hellip;]","og_url":"https:\/\/educacioncontinua.pascualbravo.edu.co\/?product=fundamentos-y-aplicaciones-de-vision-artificial","og_site_name":"Unidad de Educaci\u00f3n Continua - I.U. Pascual Bravo","article_modified_time":"2024-11-29T23:06:35+00:00","og_image":[{"width":301,"height":301,"url":"https:\/\/educacioncontinua.pascualbravo.edu.co\/wp-content\/uploads\/2022\/02\/2_fundamentos_aplicaciones_vision_artificial.jpg","type":"image\/jpeg"}],"twitter_card":"summary_large_image","twitter_misc":{"Tiempo de lectura":"2 minutos"},"schema":{"@context":"https:\/\/schema.org","@graph":[{"@type":"WebPage","@id":"https:\/\/educacioncontinua.pascualbravo.edu.co\/?product=fundamentos-y-aplicaciones-de-vision-artificial","url":"https:\/\/educacioncontinua.pascualbravo.edu.co\/?product=fundamentos-y-aplicaciones-de-vision-artificial","name":"Fundamentos y aplicaciones de visi\u00f3n artificial - Unidad de Educaci\u00f3n Continua - I.U. Pascual Bravo","isPartOf":{"@id":"https:\/\/educacioncontinua.pascualbravo.edu.co\/#website"},"primaryImageOfPage":{"@id":"https:\/\/educacioncontinua.pascualbravo.edu.co\/?product=fundamentos-y-aplicaciones-de-vision-artificial#primaryimage"},"image":{"@id":"https:\/\/educacioncontinua.pascualbravo.edu.co\/?product=fundamentos-y-aplicaciones-de-vision-artificial#primaryimage"},"thumbnailUrl":"https:\/\/educacioncontinua.pascualbravo.edu.co\/wp-content\/uploads\/2022\/02\/2_fundamentos_aplicaciones_vision_artificial.jpg","datePublished":"2022-02-14T18:43:45+00:00","dateModified":"2024-11-29T23:06:35+00:00","breadcrumb":{"@id":"https:\/\/educacioncontinua.pascualbravo.edu.co\/?product=fundamentos-y-aplicaciones-de-vision-artificial#breadcrumb"},"inLanguage":"es-CO","potentialAction":[{"@type":"ReadAction","target":["https:\/\/educacioncontinua.pascualbravo.edu.co\/?product=fundamentos-y-aplicaciones-de-vision-artificial"]}]},{"@type":"ImageObject","inLanguage":"es-CO","@id":"https:\/\/educacioncontinua.pascualbravo.edu.co\/?product=fundamentos-y-aplicaciones-de-vision-artificial#primaryimage","url":"https:\/\/educacioncontinua.pascualbravo.edu.co\/wp-content\/uploads\/2022\/02\/2_fundamentos_aplicaciones_vision_artificial.jpg","contentUrl":"https:\/\/educacioncontinua.pascualbravo.edu.co\/wp-content\/uploads\/2022\/02\/2_fundamentos_aplicaciones_vision_artificial.jpg","width":301,"height":301},{"@type":"BreadcrumbList","@id":"https:\/\/educacioncontinua.pascualbravo.edu.co\/?product=fundamentos-y-aplicaciones-de-vision-artificial#breadcrumb","itemListElement":[{"@type":"ListItem","position":1,"name":"Inicio","item":"https:\/\/educacioncontinua.pascualbravo.edu.co\/"},{"@type":"ListItem","position":2,"name":"Oferta acad\u00e9mica","item":"https:\/\/educacioncontinua.pascualbravo.edu.co\/?page_id=14"},{"@type":"ListItem","position":3,"name":"Fundamentos y aplicaciones de visi\u00f3n artificial"}]},{"@type":"WebSite","@id":"https:\/\/educacioncontinua.pascualbravo.edu.co\/#website","url":"https:\/\/educacioncontinua.pascualbravo.edu.co\/","name":"Unidad de Educaci\u00f3n Continua - I.U. Pascual Bravo","description":"Unidad de Educaci\u00f3n Continua - I.U. Pascual Bravo","publisher":{"@id":"https:\/\/educacioncontinua.pascualbravo.edu.co\/#organization"},"potentialAction":[{"@type":"SearchAction","target":{"@type":"EntryPoint","urlTemplate":"https:\/\/educacioncontinua.pascualbravo.edu.co\/?s={search_term_string}"},"query-input":"required name=search_term_string"}],"inLanguage":"es-CO"},{"@type":"Organization","@id":"https:\/\/educacioncontinua.pascualbravo.edu.co\/#organization","name":"Unidad de Educaci\u00f3n Continua - I.U. Pascual Bravo","url":"https:\/\/educacioncontinua.pascualbravo.edu.co\/","logo":{"@type":"ImageObject","inLanguage":"es-CO","@id":"https:\/\/educacioncontinua.pascualbravo.edu.co\/#\/schema\/logo\/image\/","url":"https:\/\/educacioncontinua.pascualbravo.edu.co\/wp-content\/uploads\/2020\/12\/Pascual-Bravo.png","contentUrl":"https:\/\/educacioncontinua.pascualbravo.edu.co\/wp-content\/uploads\/2020\/12\/Pascual-Bravo.png","width":300,"height":77,"caption":"Unidad de Educaci\u00f3n Continua - I.U. Pascual Bravo"},"image":{"@id":"https:\/\/educacioncontinua.pascualbravo.edu.co\/#\/schema\/logo\/image\/"}}]}},"_links":{"self":[{"href":"https:\/\/educacioncontinua.pascualbravo.edu.co\/index.php?rest_route=\/wp\/v2\/product\/3189"}],"collection":[{"href":"https:\/\/educacioncontinua.pascualbravo.edu.co\/index.php?rest_route=\/wp\/v2\/product"}],"about":[{"href":"https:\/\/educacioncontinua.pascualbravo.edu.co\/index.php?rest_route=\/wp\/v2\/types\/product"}],"replies":[{"embeddable":true,"href":"https:\/\/educacioncontinua.pascualbravo.edu.co\/index.php?rest_route=%2Fwp%2Fv2%2Fcomments&post=3189"}],"wp:featuredmedia":[{"embeddable":true,"href":"https:\/\/educacioncontinua.pascualbravo.edu.co\/index.php?rest_route=\/wp\/v2\/media\/3217"}],"wp:attachment":[{"href":"https:\/\/educacioncontinua.pascualbravo.edu.co\/index.php?rest_route=%2Fwp%2Fv2%2Fmedia&parent=3189"}],"wp:term":[{"taxonomy":"product_cat","embeddable":true,"href":"https:\/\/educacioncontinua.pascualbravo.edu.co\/index.php?rest_route=%2Fwp%2Fv2%2Fproduct_cat&post=3189"},{"taxonomy":"product_tag","embeddable":true,"href":"https:\/\/educacioncontinua.pascualbravo.edu.co\/index.php?rest_route=%2Fwp%2Fv2%2Fproduct_tag&post=3189"},{"taxonomy":"tipo_oferta","embeddable":true,"href":"https:\/\/educacioncontinua.pascualbravo.edu.co\/index.php?rest_route=%2Fwp%2Fv2%2Ftipo_oferta&post=3189"},{"taxonomy":"modalidad","embeddable":true,"href":"https:\/\/educacioncontinua.pascualbravo.edu.co\/index.php?rest_route=%2Fwp%2Fv2%2Fmodalidad&post=3189"},{"taxonomy":"nivel","embeddable":true,"href":"https:\/\/educacioncontinua.pascualbravo.edu.co\/index.php?rest_route=%2Fwp%2Fv2%2Fnivel&post=3189"},{"taxonomy":"tipo_de_programa","embeddable":true,"href":"https:\/\/educacioncontinua.pascualbravo.edu.co\/index.php?rest_route=%2Fwp%2Fv2%2Ftipo_de_programa&post=3189"}],"curies":[{"name":"wp","href":"https:\/\/api.w.org\/{rel}","templated":true}]}}