{"id":3160,"date":"2022-02-06T14:05:55","date_gmt":"2022-02-06T19:05:55","guid":{"rendered":"https:\/\/educacioncontinua.pascualbravo.edu.co\/?post_type=product&#038;p=3160"},"modified":"2024-11-29T18:09:57","modified_gmt":"2024-11-29T23:09:57","slug":"integracion-de-diseno-arquitectonico-con-autodesk-autocad-3d-max-y-unity-para-desarrollo-de-videojuegos","status":"publish","type":"product","link":"https:\/\/educacioncontinua.pascualbravo.edu.co\/?product=integracion-de-diseno-arquitectonico-con-autodesk-autocad-3d-max-y-unity-para-desarrollo-de-videojuegos","title":{"rendered":"Integraci\u00f3n de dise\u00f1o arquitect\u00f3nico con Autodesk Autocad, 3D Max y Unity para desarrollo de videojuegos"},"content":{"rendered":"<p>Para la industria en la generaci\u00f3n de videojuegos 3D es importante conocer las t\u00e9cnicas de modelado de construcciones arquitect\u00f3nicas en tama\u00f1o real dentro del dise\u00f1o de videojuegos, se parte de planos bidimensionales, para luego convertirlos a modelos tridimensionales, donde se distribuyen las texturas y se amuebla para luego trasladarlo a un engine de videojuegos e iluminarlo y observar su interactividad y sus mec\u00e1nicas.<\/p>\n<p>Seg\u00fan lo anterior, se ense\u00f1a a dominar AutoCad para dise\u00f1o arquitect\u00f3nico 2D, aprender\u00e1s c\u00f3mo exportar el dise\u00f1o a 3D Studio Max para realizar el levantamiento 3D, colocar texturas e importar amoblamiento, luego, realizar la exportaci\u00f3n a Unity para la creaci\u00f3n de videojuegos 3d.<\/p>\n<h5>Objetivo general:<\/h5>\n<p>Crear el dise\u00f1o de un ambiente arquitect\u00f3nico para videojuegos, mediante la integraci\u00f3n de Autodesk autocad, Autodesk 3d<br \/>\nMax y Unity Engine.<\/p>\n<h5>Objetivos espec\u00edficos:<\/h5>\n<ul>\n<li>Generar el plano arquitect\u00f3nico en dos dimensiones con el software Autodesk Autocad.<\/li>\n<li>Convertir el plano a objeto tridimensional con el software Autodesk 3d Max.<\/li>\n<li>Pintar texturas en software Adobe Photoshop.<\/li>\n<li>Ubicar el objeto en software Unity Engine para su jugabilidad.<\/li>\n<\/ul>\n<h5>Lo que aprender\u00e1s:<\/h5>\n<p><!--aqu\u00ed empieza acoerde\u00f3n de qu\u00e9 vas a aprender--><\/p>\n<div id=\"accordionExample\" class=\"accordion\">\n<div class=\"card ec-card\">\n<div id=\"headingOne\" class=\"card-header ec-header\">\n<p><button class=\"btn btn-link btn-block text-left ec-btn\" type=\"button\" data-toggle=\"collapse\" data-target=\"#collapseOne\"><br \/>\nCreaci\u00f3n de plano de edificaci\u00f3n arquitect\u00f3nica<br \/>\n<\/button><\/p>\n<\/div>\n<div id=\"collapseOne\" class=\"collapse show\" aria-labelledby=\"headingOne\" data-parent=\"#accordionExample\">\n<div class=\"card-body ec-cardbody\">\n<ul>\n<li>Herramientas b\u00e1sicas de dise\u00f1o Autocad.<\/li>\n<li>Creaci\u00f3n de plano arquitect\u00f3nico.<\/li>\n<li>Acotaci\u00f3n y exportaci\u00f3n plano arquitect\u00f3nico.<\/li>\n<\/ul>\n<\/div>\n<\/div>\n<\/div>\n<div class=\"card ec-card\">\n<div id=\"headingTwo\" class=\"card-header ec-header\">\n<p><button class=\"btn btn-link btn-block text-left ec-btn\" type=\"button\" data-toggle=\"collapse\" data-target=\"#collapseTwo\"><br \/>\nConversi\u00f3n de plano bidimensional a tridimensional<br \/>\n<\/button><\/p>\n<\/div>\n<div id=\"collapseTwo\" class=\"collapse\" aria-labelledby=\"headingTwo\" data-parent=\"#accordionExample\">\n<div class=\"card-body ec-cardbody\">\n<ul>\n<li>Archivos de importaci\u00f3n, Alzado 3d.<\/li>\n<li>Importaci\u00f3n de amoblamiento.<\/li>\n<li>Archivos de exportaci\u00f3n.<\/li>\n<\/ul>\n<\/div>\n<\/div>\n<\/div>\n<div class=\"card ec-card\">\n<div id=\"headingThree\" class=\"card-header ec-header\">\n<p><button class=\"btn btn-link btn-block text-left ec-btn\" type=\"button\" data-toggle=\"collapse\" data-target=\"#collapseThree\"><br \/>\nTexturizaci\u00f3n<br \/>\n<\/button><\/p>\n<\/div>\n<div id=\"collapseThree\" class=\"collapse\" aria-labelledby=\"headingThree\" data-parent=\"#accordionExample\">\n<div class=\"card-body ec-cardbody\">\n<ul>\n<li>Manejo de cortes UV.<\/li>\n<li>Texturizaci\u00f3n b\u00e1sica.<\/li>\n<li>Fases de textura y ubicaci\u00f3n de textura.<\/li>\n<li>Asesor\u00eda.<\/li>\n<\/ul>\n<\/div>\n<\/div>\n<\/div>\n<div class=\"card ec-card\">\n<div id=\"headingCuatro\" class=\"card-header ec-header\">\n<p><button class=\"btn btn-link btn-block text-left ec-btn\" type=\"button\" data-toggle=\"collapse\" data-target=\"#collapseCuatro\"><br \/>\nExportaci\u00f3n motor videojuegos<br \/>\n<\/button><\/p>\n<\/div>\n<div id=\"collapseCuatro\" class=\"collapse\" aria-labelledby=\"headingCuatro\" data-parent=\"#accordionExample\">\n<div class=\"card-body ec-cardbody\">\n<ul>\n<li>Importaci\u00f3n a motor de videojuegos.<\/li>\n<li>Iluminaci\u00f3n .<\/li>\n<li>Interacci\u00f3n FPS.<\/li>\n<\/ul>\n<\/div>\n<\/div>\n<\/div>\n<\/div>\n<p><!--aqu\u00ed termina acoerde\u00f3n de qu\u00e9 vas a aprender--><\/p>\n<p>El inicio del curso se encuentra sujeto a la inscripci\u00f3n del cupo m\u00ednimo de 15 participantes.<\/p>\n","protected":false},"excerpt":{"rendered":"<p>Para la industria en la generaci\u00f3n de videojuegos 3D es importante conocer las t\u00e9cnicas de modelado de construcciones arquitect\u00f3nicas en tama\u00f1o real dentro del dise\u00f1o de videojuegos, se parte de planos bidimensionales, para luego convertirlos a modelos tridimensionales, donde se distribuyen las texturas y se amuebla para luego trasladarlo a un engine de videojuegos e [&hellip;]<\/p>\n","protected":false},"featured_media":3222,"comment_status":"open","ping_status":"closed","template":"","meta":{"_acf_changed":false},"product_cat":[65],"product_tag":[],"tipo_oferta":[88],"modalidad":[92],"nivel":[93],"tipo_de_programa":[103],"acf":[],"yoast_head":"<!-- This site is optimized with the Yoast SEO plugin v22.9 - https:\/\/yoast.com\/wordpress\/plugins\/seo\/ -->\n<title>Integraci\u00f3n de dise\u00f1o arquitect\u00f3nico con Autodesk Autocad, 3D Max y Unity para desarrollo de videojuegos - Unidad de Educaci\u00f3n Continua - I.U. Pascual Bravo<\/title>\n<meta name=\"robots\" content=\"index, follow, max-snippet:-1, max-image-preview:large, max-video-preview:-1\" \/>\n<link rel=\"canonical\" href=\"https:\/\/educacioncontinua.pascualbravo.edu.co\/?product=integracion-de-diseno-arquitectonico-con-autodesk-autocad-3d-max-y-unity-para-desarrollo-de-videojuegos\" \/>\n<meta property=\"og:locale\" content=\"es_ES\" \/>\n<meta property=\"og:type\" content=\"article\" \/>\n<meta property=\"og:title\" content=\"Integraci\u00f3n de dise\u00f1o arquitect\u00f3nico con Autodesk Autocad, 3D Max y Unity para desarrollo de videojuegos - Unidad de Educaci\u00f3n Continua - I.U. Pascual Bravo\" \/>\n<meta property=\"og:description\" content=\"Para la industria en la generaci\u00f3n de videojuegos 3D es importante conocer las t\u00e9cnicas de modelado de construcciones arquitect\u00f3nicas en tama\u00f1o real dentro del dise\u00f1o de videojuegos, se parte de planos bidimensionales, para luego convertirlos a modelos tridimensionales, donde se distribuyen las texturas y se amuebla para luego trasladarlo a un engine de videojuegos e [&hellip;]\" \/>\n<meta property=\"og:url\" content=\"https:\/\/educacioncontinua.pascualbravo.edu.co\/?product=integracion-de-diseno-arquitectonico-con-autodesk-autocad-3d-max-y-unity-para-desarrollo-de-videojuegos\" \/>\n<meta property=\"og:site_name\" content=\"Unidad de Educaci\u00f3n Continua - I.U. Pascual Bravo\" \/>\n<meta property=\"article:modified_time\" content=\"2024-11-29T23:09:57+00:00\" \/>\n<meta property=\"og:image\" content=\"https:\/\/educacioncontinua.pascualbravo.edu.co\/wp-content\/uploads\/2022\/02\/6_diseno_arquitectonico.jpg\" \/>\n\t<meta property=\"og:image:width\" content=\"301\" \/>\n\t<meta property=\"og:image:height\" content=\"301\" \/>\n\t<meta property=\"og:image:type\" content=\"image\/jpeg\" \/>\n<meta name=\"twitter:card\" content=\"summary_large_image\" \/>\n<meta name=\"twitter:label1\" content=\"Tiempo de lectura\" \/>\n\t<meta name=\"twitter:data1\" content=\"2 minutos\" \/>\n<script type=\"application\/ld+json\" class=\"yoast-schema-graph\">{\"@context\":\"https:\/\/schema.org\",\"@graph\":[{\"@type\":\"WebPage\",\"@id\":\"https:\/\/educacioncontinua.pascualbravo.edu.co\/?product=integracion-de-diseno-arquitectonico-con-autodesk-autocad-3d-max-y-unity-para-desarrollo-de-videojuegos\",\"url\":\"https:\/\/educacioncontinua.pascualbravo.edu.co\/?product=integracion-de-diseno-arquitectonico-con-autodesk-autocad-3d-max-y-unity-para-desarrollo-de-videojuegos\",\"name\":\"Integraci\u00f3n de dise\u00f1o arquitect\u00f3nico con Autodesk Autocad, 3D Max y Unity para desarrollo de videojuegos - Unidad de Educaci\u00f3n Continua - I.U. Pascual Bravo\",\"isPartOf\":{\"@id\":\"https:\/\/educacioncontinua.pascualbravo.edu.co\/#website\"},\"primaryImageOfPage\":{\"@id\":\"https:\/\/educacioncontinua.pascualbravo.edu.co\/?product=integracion-de-diseno-arquitectonico-con-autodesk-autocad-3d-max-y-unity-para-desarrollo-de-videojuegos#primaryimage\"},\"image\":{\"@id\":\"https:\/\/educacioncontinua.pascualbravo.edu.co\/?product=integracion-de-diseno-arquitectonico-con-autodesk-autocad-3d-max-y-unity-para-desarrollo-de-videojuegos#primaryimage\"},\"thumbnailUrl\":\"https:\/\/educacioncontinua.pascualbravo.edu.co\/wp-content\/uploads\/2022\/02\/6_diseno_arquitectonico.jpg\",\"datePublished\":\"2022-02-06T19:05:55+00:00\",\"dateModified\":\"2024-11-29T23:09:57+00:00\",\"breadcrumb\":{\"@id\":\"https:\/\/educacioncontinua.pascualbravo.edu.co\/?product=integracion-de-diseno-arquitectonico-con-autodesk-autocad-3d-max-y-unity-para-desarrollo-de-videojuegos#breadcrumb\"},\"inLanguage\":\"es-CO\",\"potentialAction\":[{\"@type\":\"ReadAction\",\"target\":[\"https:\/\/educacioncontinua.pascualbravo.edu.co\/?product=integracion-de-diseno-arquitectonico-con-autodesk-autocad-3d-max-y-unity-para-desarrollo-de-videojuegos\"]}]},{\"@type\":\"ImageObject\",\"inLanguage\":\"es-CO\",\"@id\":\"https:\/\/educacioncontinua.pascualbravo.edu.co\/?product=integracion-de-diseno-arquitectonico-con-autodesk-autocad-3d-max-y-unity-para-desarrollo-de-videojuegos#primaryimage\",\"url\":\"https:\/\/educacioncontinua.pascualbravo.edu.co\/wp-content\/uploads\/2022\/02\/6_diseno_arquitectonico.jpg\",\"contentUrl\":\"https:\/\/educacioncontinua.pascualbravo.edu.co\/wp-content\/uploads\/2022\/02\/6_diseno_arquitectonico.jpg\",\"width\":301,\"height\":301},{\"@type\":\"BreadcrumbList\",\"@id\":\"https:\/\/educacioncontinua.pascualbravo.edu.co\/?product=integracion-de-diseno-arquitectonico-con-autodesk-autocad-3d-max-y-unity-para-desarrollo-de-videojuegos#breadcrumb\",\"itemListElement\":[{\"@type\":\"ListItem\",\"position\":1,\"name\":\"Inicio\",\"item\":\"https:\/\/educacioncontinua.pascualbravo.edu.co\/\"},{\"@type\":\"ListItem\",\"position\":2,\"name\":\"Oferta acad\u00e9mica\",\"item\":\"https:\/\/educacioncontinua.pascualbravo.edu.co\/?page_id=14\"},{\"@type\":\"ListItem\",\"position\":3,\"name\":\"Integraci\u00f3n de dise\u00f1o arquitect\u00f3nico con Autodesk Autocad, 3D Max y Unity para desarrollo de videojuegos\"}]},{\"@type\":\"WebSite\",\"@id\":\"https:\/\/educacioncontinua.pascualbravo.edu.co\/#website\",\"url\":\"https:\/\/educacioncontinua.pascualbravo.edu.co\/\",\"name\":\"Unidad de Educaci\u00f3n Continua - I.U. Pascual Bravo\",\"description\":\"Unidad de Educaci\u00f3n Continua - I.U. Pascual Bravo\",\"publisher\":{\"@id\":\"https:\/\/educacioncontinua.pascualbravo.edu.co\/#organization\"},\"potentialAction\":[{\"@type\":\"SearchAction\",\"target\":{\"@type\":\"EntryPoint\",\"urlTemplate\":\"https:\/\/educacioncontinua.pascualbravo.edu.co\/?s={search_term_string}\"},\"query-input\":\"required name=search_term_string\"}],\"inLanguage\":\"es-CO\"},{\"@type\":\"Organization\",\"@id\":\"https:\/\/educacioncontinua.pascualbravo.edu.co\/#organization\",\"name\":\"Unidad de Educaci\u00f3n Continua - I.U. Pascual Bravo\",\"url\":\"https:\/\/educacioncontinua.pascualbravo.edu.co\/\",\"logo\":{\"@type\":\"ImageObject\",\"inLanguage\":\"es-CO\",\"@id\":\"https:\/\/educacioncontinua.pascualbravo.edu.co\/#\/schema\/logo\/image\/\",\"url\":\"https:\/\/educacioncontinua.pascualbravo.edu.co\/wp-content\/uploads\/2020\/12\/Pascual-Bravo.png\",\"contentUrl\":\"https:\/\/educacioncontinua.pascualbravo.edu.co\/wp-content\/uploads\/2020\/12\/Pascual-Bravo.png\",\"width\":300,\"height\":77,\"caption\":\"Unidad de Educaci\u00f3n Continua - I.U. Pascual Bravo\"},\"image\":{\"@id\":\"https:\/\/educacioncontinua.pascualbravo.edu.co\/#\/schema\/logo\/image\/\"}}]}<\/script>\n<!-- \/ Yoast SEO plugin. -->","yoast_head_json":{"title":"Integraci\u00f3n de dise\u00f1o arquitect\u00f3nico con Autodesk Autocad, 3D Max y Unity para desarrollo de videojuegos - Unidad de Educaci\u00f3n Continua - I.U. Pascual Bravo","robots":{"index":"index","follow":"follow","max-snippet":"max-snippet:-1","max-image-preview":"max-image-preview:large","max-video-preview":"max-video-preview:-1"},"canonical":"https:\/\/educacioncontinua.pascualbravo.edu.co\/?product=integracion-de-diseno-arquitectonico-con-autodesk-autocad-3d-max-y-unity-para-desarrollo-de-videojuegos","og_locale":"es_ES","og_type":"article","og_title":"Integraci\u00f3n de dise\u00f1o arquitect\u00f3nico con Autodesk Autocad, 3D Max y Unity para desarrollo de videojuegos - Unidad de Educaci\u00f3n Continua - I.U. Pascual Bravo","og_description":"Para la industria en la generaci\u00f3n de videojuegos 3D es importante conocer las t\u00e9cnicas de modelado de construcciones arquitect\u00f3nicas en tama\u00f1o real dentro del dise\u00f1o de videojuegos, se parte de planos bidimensionales, para luego convertirlos a modelos tridimensionales, donde se distribuyen las texturas y se amuebla para luego trasladarlo a un engine de videojuegos e [&hellip;]","og_url":"https:\/\/educacioncontinua.pascualbravo.edu.co\/?product=integracion-de-diseno-arquitectonico-con-autodesk-autocad-3d-max-y-unity-para-desarrollo-de-videojuegos","og_site_name":"Unidad de Educaci\u00f3n Continua - I.U. Pascual Bravo","article_modified_time":"2024-11-29T23:09:57+00:00","og_image":[{"width":301,"height":301,"url":"https:\/\/educacioncontinua.pascualbravo.edu.co\/wp-content\/uploads\/2022\/02\/6_diseno_arquitectonico.jpg","type":"image\/jpeg"}],"twitter_card":"summary_large_image","twitter_misc":{"Tiempo de lectura":"2 minutos"},"schema":{"@context":"https:\/\/schema.org","@graph":[{"@type":"WebPage","@id":"https:\/\/educacioncontinua.pascualbravo.edu.co\/?product=integracion-de-diseno-arquitectonico-con-autodesk-autocad-3d-max-y-unity-para-desarrollo-de-videojuegos","url":"https:\/\/educacioncontinua.pascualbravo.edu.co\/?product=integracion-de-diseno-arquitectonico-con-autodesk-autocad-3d-max-y-unity-para-desarrollo-de-videojuegos","name":"Integraci\u00f3n de dise\u00f1o arquitect\u00f3nico con Autodesk Autocad, 3D Max y Unity para desarrollo de videojuegos - Unidad de Educaci\u00f3n Continua - I.U. Pascual Bravo","isPartOf":{"@id":"https:\/\/educacioncontinua.pascualbravo.edu.co\/#website"},"primaryImageOfPage":{"@id":"https:\/\/educacioncontinua.pascualbravo.edu.co\/?product=integracion-de-diseno-arquitectonico-con-autodesk-autocad-3d-max-y-unity-para-desarrollo-de-videojuegos#primaryimage"},"image":{"@id":"https:\/\/educacioncontinua.pascualbravo.edu.co\/?product=integracion-de-diseno-arquitectonico-con-autodesk-autocad-3d-max-y-unity-para-desarrollo-de-videojuegos#primaryimage"},"thumbnailUrl":"https:\/\/educacioncontinua.pascualbravo.edu.co\/wp-content\/uploads\/2022\/02\/6_diseno_arquitectonico.jpg","datePublished":"2022-02-06T19:05:55+00:00","dateModified":"2024-11-29T23:09:57+00:00","breadcrumb":{"@id":"https:\/\/educacioncontinua.pascualbravo.edu.co\/?product=integracion-de-diseno-arquitectonico-con-autodesk-autocad-3d-max-y-unity-para-desarrollo-de-videojuegos#breadcrumb"},"inLanguage":"es-CO","potentialAction":[{"@type":"ReadAction","target":["https:\/\/educacioncontinua.pascualbravo.edu.co\/?product=integracion-de-diseno-arquitectonico-con-autodesk-autocad-3d-max-y-unity-para-desarrollo-de-videojuegos"]}]},{"@type":"ImageObject","inLanguage":"es-CO","@id":"https:\/\/educacioncontinua.pascualbravo.edu.co\/?product=integracion-de-diseno-arquitectonico-con-autodesk-autocad-3d-max-y-unity-para-desarrollo-de-videojuegos#primaryimage","url":"https:\/\/educacioncontinua.pascualbravo.edu.co\/wp-content\/uploads\/2022\/02\/6_diseno_arquitectonico.jpg","contentUrl":"https:\/\/educacioncontinua.pascualbravo.edu.co\/wp-content\/uploads\/2022\/02\/6_diseno_arquitectonico.jpg","width":301,"height":301},{"@type":"BreadcrumbList","@id":"https:\/\/educacioncontinua.pascualbravo.edu.co\/?product=integracion-de-diseno-arquitectonico-con-autodesk-autocad-3d-max-y-unity-para-desarrollo-de-videojuegos#breadcrumb","itemListElement":[{"@type":"ListItem","position":1,"name":"Inicio","item":"https:\/\/educacioncontinua.pascualbravo.edu.co\/"},{"@type":"ListItem","position":2,"name":"Oferta acad\u00e9mica","item":"https:\/\/educacioncontinua.pascualbravo.edu.co\/?page_id=14"},{"@type":"ListItem","position":3,"name":"Integraci\u00f3n de dise\u00f1o arquitect\u00f3nico con Autodesk Autocad, 3D Max y Unity para desarrollo de videojuegos"}]},{"@type":"WebSite","@id":"https:\/\/educacioncontinua.pascualbravo.edu.co\/#website","url":"https:\/\/educacioncontinua.pascualbravo.edu.co\/","name":"Unidad de Educaci\u00f3n Continua - I.U. Pascual Bravo","description":"Unidad de Educaci\u00f3n Continua - I.U. Pascual Bravo","publisher":{"@id":"https:\/\/educacioncontinua.pascualbravo.edu.co\/#organization"},"potentialAction":[{"@type":"SearchAction","target":{"@type":"EntryPoint","urlTemplate":"https:\/\/educacioncontinua.pascualbravo.edu.co\/?s={search_term_string}"},"query-input":"required name=search_term_string"}],"inLanguage":"es-CO"},{"@type":"Organization","@id":"https:\/\/educacioncontinua.pascualbravo.edu.co\/#organization","name":"Unidad de Educaci\u00f3n Continua - I.U. Pascual Bravo","url":"https:\/\/educacioncontinua.pascualbravo.edu.co\/","logo":{"@type":"ImageObject","inLanguage":"es-CO","@id":"https:\/\/educacioncontinua.pascualbravo.edu.co\/#\/schema\/logo\/image\/","url":"https:\/\/educacioncontinua.pascualbravo.edu.co\/wp-content\/uploads\/2020\/12\/Pascual-Bravo.png","contentUrl":"https:\/\/educacioncontinua.pascualbravo.edu.co\/wp-content\/uploads\/2020\/12\/Pascual-Bravo.png","width":300,"height":77,"caption":"Unidad de Educaci\u00f3n Continua - I.U. Pascual Bravo"},"image":{"@id":"https:\/\/educacioncontinua.pascualbravo.edu.co\/#\/schema\/logo\/image\/"}}]}},"_links":{"self":[{"href":"https:\/\/educacioncontinua.pascualbravo.edu.co\/index.php?rest_route=\/wp\/v2\/product\/3160"}],"collection":[{"href":"https:\/\/educacioncontinua.pascualbravo.edu.co\/index.php?rest_route=\/wp\/v2\/product"}],"about":[{"href":"https:\/\/educacioncontinua.pascualbravo.edu.co\/index.php?rest_route=\/wp\/v2\/types\/product"}],"replies":[{"embeddable":true,"href":"https:\/\/educacioncontinua.pascualbravo.edu.co\/index.php?rest_route=%2Fwp%2Fv2%2Fcomments&post=3160"}],"wp:featuredmedia":[{"embeddable":true,"href":"https:\/\/educacioncontinua.pascualbravo.edu.co\/index.php?rest_route=\/wp\/v2\/media\/3222"}],"wp:attachment":[{"href":"https:\/\/educacioncontinua.pascualbravo.edu.co\/index.php?rest_route=%2Fwp%2Fv2%2Fmedia&parent=3160"}],"wp:term":[{"taxonomy":"product_cat","embeddable":true,"href":"https:\/\/educacioncontinua.pascualbravo.edu.co\/index.php?rest_route=%2Fwp%2Fv2%2Fproduct_cat&post=3160"},{"taxonomy":"product_tag","embeddable":true,"href":"https:\/\/educacioncontinua.pascualbravo.edu.co\/index.php?rest_route=%2Fwp%2Fv2%2Fproduct_tag&post=3160"},{"taxonomy":"tipo_oferta","embeddable":true,"href":"https:\/\/educacioncontinua.pascualbravo.edu.co\/index.php?rest_route=%2Fwp%2Fv2%2Ftipo_oferta&post=3160"},{"taxonomy":"modalidad","embeddable":true,"href":"https:\/\/educacioncontinua.pascualbravo.edu.co\/index.php?rest_route=%2Fwp%2Fv2%2Fmodalidad&post=3160"},{"taxonomy":"nivel","embeddable":true,"href":"https:\/\/educacioncontinua.pascualbravo.edu.co\/index.php?rest_route=%2Fwp%2Fv2%2Fnivel&post=3160"},{"taxonomy":"tipo_de_programa","embeddable":true,"href":"https:\/\/educacioncontinua.pascualbravo.edu.co\/index.php?rest_route=%2Fwp%2Fv2%2Ftipo_de_programa&post=3160"}],"curies":[{"name":"wp","href":"https:\/\/api.w.org\/{rel}","templated":true}]}}