{"id":3155,"date":"2022-02-05T18:40:27","date_gmt":"2022-02-05T23:40:27","guid":{"rendered":"https:\/\/educacioncontinua.pascualbravo.edu.co\/?post_type=product&#038;p=3155"},"modified":"2024-11-29T18:12:32","modified_gmt":"2024-11-29T23:12:32","slug":"robotica-movil-con-vision-artificial","status":"publish","type":"product","link":"https:\/\/educacioncontinua.pascualbravo.edu.co\/?product=robotica-movil-con-vision-artificial","title":{"rendered":"Rob\u00f3tica M\u00f3vil con Visi\u00f3n Artificial"},"content":{"rendered":"<p>La visi\u00f3n artificial, tambi\u00e9n conocida como visi\u00f3n por computadora, es una disciplina cient\u00edfica que incluye m\u00e9todos para adquirir, procesar, analizar y comprender las im\u00e1genes del mundo real con el fin de producir informaci\u00f3n num\u00e9rica o simb\u00f3lica para que puedan ser tratados por un computador.<\/p>\n<p>Los avances en inteligencia artificial junto con la rob\u00f3tica, han originado una serie de investigaciones en el campo de algoritmos inteligentes, m\u00e9todos cognitivos artificiales, visi\u00f3n artificial y aprendizaje artificial. Estos algoritmos inteligentes permiten al robot tener una correcta interpretaci\u00f3n del entorno y una eficiente interacci\u00f3n con el hombre, de manera tal que se puedan resolver tareas complejas que solucionan problemas reales. Por ejemplo, los robots m\u00f3viles aut\u00f3nomos necesitan reconocer obst\u00e1culos del ambiente a trav\u00e9s de la integraci\u00f3n de algoritmos de inteligencia artificial para la navegaci\u00f3n del entorno de forma segura.<\/p>\n<p>Este curso est\u00e1 enfocado en el \u00e1rea de inteligencia artificial aplicada en robots m\u00f3viles para resolver problemas de interacci\u00f3n y reconocimiento de im\u00e1genes principalmente, con el objetivo de aumentar el nivel de control de una tarea robotizada en donde algoritmos comunes de control son insuficientes debido a la complejidad del sistema.<\/p>\n<h5>Objetivo general:<\/h5>\n<p>Implementar algoritmos de visi\u00f3n artificial para la navegaci\u00f3n aut\u00f3noma de un robot m\u00f3vil.<\/p>\n<h5>Objetivos espec\u00edficos:<\/h5>\n<ul>\n<li>Modelado CAD de un robot m\u00f3vil omnidireccional de tres ruedas en el software Solidworks.<\/li>\n<li>Desarrollar el prototipo de un robot m\u00f3vil omnidireccional de tres ruedas.<\/li>\n<li>Implementar algoritmos de visi\u00f3n artificial para el reconocimiento de im\u00e1genes en entornos interiores.<\/li>\n<li>Implementaci\u00f3n de algoritmos de visi\u00f3n artificial en robot m\u00f3vil omnidireccional de tres ruedas.<\/li>\n<\/ul>\n<h5>Lo que vas a aprender:<\/h5>\n<p><!--aqu\u00ed empieza acoerde\u00f3n de qu\u00e9 vas a aprender--><\/p>\n<div id=\"accordionExample\" class=\"accordion\">\n<div class=\"card ec-card\">\n<div id=\"headingOne\" class=\"card-header ec-header\">\n<p><button class=\"btn btn-link btn-block text-left ec-btn\" type=\"button\" data-toggle=\"collapse\" data-target=\"#collapseOne\"><br \/>\nDesarrollo de un robot m\u00f3vil omnidireccional de tres ruedas<br \/>\n<\/button><\/p>\n<\/div>\n<div id=\"collapseOne\" class=\"collapse show\" aria-labelledby=\"headingOne\" data-parent=\"#accordionExample\">\n<div class=\"card-body ec-cardbody\">\n<ul>\n<li>Dise\u00f1o CAD de las partes de un robot omnidireccional de tres ruedas.<\/li>\n<li>Ensamble del robot omnidireccional de tres ruedas en CAD.<\/li>\n<li>Desarrollo de un prototipo de un robot omnidireccional de tres ruedas.<\/li>\n<\/ul>\n<\/div>\n<\/div>\n<\/div>\n<div class=\"card ec-card\">\n<div id=\"headingTwo\" class=\"card-header ec-header\">\n<p><button class=\"btn btn-link btn-block text-left collapsed ec-btn\" type=\"button\" data-toggle=\"collapse\" data-target=\"#collapseTwo\"><br \/>\nProcesamiento de im\u00e1genes<br \/>\n<\/button><\/p>\n<\/div>\n<div id=\"collapseTwo\" class=\"collapse\" aria-labelledby=\"headingTwo\" data-parent=\"#accordionExample\">\n<div class=\"card-body ec-cardbody\">\n<ul>\n<li>Inteligencia Artificial y Visi\u00f3n por computadora.<\/li>\n<li>Procesamiento de im\u00e1genes.<\/li>\n<\/ul>\n<\/div>\n<\/div>\n<\/div>\n<div class=\"card ec-card\">\n<div id=\"headingThree\" class=\"card-header ec-header\">\n<p><button class=\"btn btn-link btn-block text-left collapsed ec-btn\" type=\"button\" data-toggle=\"collapse\" data-target=\"#collapseThree\"><br \/>\nAutonom\u00eda y control<br \/>\n<\/button><\/p>\n<\/div>\n<div id=\"collapseThree\" class=\"collapse\" aria-labelledby=\"headingThree\" data-parent=\"#accordionExample\">\n<div class=\"card-body ec-cardbody\">\n<ul>\n<li>An\u00e1lisis de movimiento y seguimiento de objetos.<\/li>\n<li>Detecci\u00f3n de carril.<\/li>\n<li>Autonom\u00eda y teor\u00eda de control.<\/li>\n<\/ul>\n<\/div>\n<\/div>\n<\/div>\n<div class=\"card ec-card\">\n<div id=\"headingCuatro\" class=\"card-header ec-header\">\n<p><button class=\"btn btn-link btn-block text-left collapsed ec-btn\" type=\"button\" data-toggle=\"collapse\" data-target=\"#collapseCuatro\"><br \/>\nMachine Learning<br \/>\n<\/button><\/p>\n<\/div>\n<div id=\"collapseCuatro\" class=\"collapse\" aria-labelledby=\"headingCuatro\" data-parent=\"#accordionExample\">\n<div class=\"card-body ec-cardbody\">\n<ul>\n<li>Machine Learning y Stop.<\/li>\n<li>Cambio de sem\u00e1foro.<\/li>\n<li>Visi\u00f3n artificial en veh\u00edculo aut\u00f3nomo.<\/li>\n<\/ul>\n<\/div>\n<\/div>\n<\/div>\n<\/div>\n<p><!--aqu\u00ed termina acoerde\u00f3n de qu\u00e9 vas a aprender--><\/p>\n<p>El inicio del curso se encuentra sujeto a la inscripci\u00f3n del cupo m\u00ednimo de 15 participantes.<\/p>\n","protected":false},"excerpt":{"rendered":"<p>La visi\u00f3n artificial, tambi\u00e9n conocida como visi\u00f3n por computadora, es una disciplina cient\u00edfica que incluye m\u00e9todos para adquirir, procesar, analizar y comprender las im\u00e1genes del mundo real con el fin de producir informaci\u00f3n num\u00e9rica o simb\u00f3lica para que puedan ser tratados por un computador. Los avances en inteligencia artificial junto con la rob\u00f3tica, han originado [&hellip;]<\/p>\n","protected":false},"featured_media":3695,"comment_status":"open","ping_status":"closed","template":"","meta":{"_acf_changed":false},"product_cat":[15],"product_tag":[],"tipo_oferta":[88],"modalidad":[92],"nivel":[93],"tipo_de_programa":[103],"acf":[],"yoast_head":"<!-- This site is optimized with the Yoast SEO plugin v22.9 - https:\/\/yoast.com\/wordpress\/plugins\/seo\/ -->\n<title>Rob\u00f3tica M\u00f3vil con Visi\u00f3n Artificial - Unidad de Educaci\u00f3n Continua - I.U. Pascual Bravo<\/title>\n<meta name=\"robots\" content=\"index, follow, max-snippet:-1, max-image-preview:large, max-video-preview:-1\" \/>\n<link rel=\"canonical\" href=\"https:\/\/educacioncontinua.pascualbravo.edu.co\/?product=robotica-movil-con-vision-artificial\" \/>\n<meta property=\"og:locale\" content=\"es_ES\" \/>\n<meta property=\"og:type\" content=\"article\" \/>\n<meta property=\"og:title\" content=\"Rob\u00f3tica M\u00f3vil con Visi\u00f3n Artificial - Unidad de Educaci\u00f3n Continua - I.U. Pascual Bravo\" \/>\n<meta property=\"og:description\" content=\"La visi\u00f3n artificial, tambi\u00e9n conocida como visi\u00f3n por computadora, es una disciplina cient\u00edfica que incluye m\u00e9todos para adquirir, procesar, analizar y comprender las im\u00e1genes del mundo real con el fin de producir informaci\u00f3n num\u00e9rica o simb\u00f3lica para que puedan ser tratados por un computador. Los avances en inteligencia artificial junto con la rob\u00f3tica, han originado [&hellip;]\" \/>\n<meta property=\"og:url\" content=\"https:\/\/educacioncontinua.pascualbravo.edu.co\/?product=robotica-movil-con-vision-artificial\" \/>\n<meta property=\"og:site_name\" content=\"Unidad de Educaci\u00f3n Continua - I.U. Pascual Bravo\" \/>\n<meta property=\"article:modified_time\" content=\"2024-11-29T23:12:32+00:00\" \/>\n<meta property=\"og:image\" content=\"https:\/\/educacioncontinua.pascualbravo.edu.co\/wp-content\/uploads\/2022\/02\/robotica_movil_va.jpg\" \/>\n\t<meta property=\"og:image:width\" content=\"300\" \/>\n\t<meta property=\"og:image:height\" content=\"300\" \/>\n\t<meta property=\"og:image:type\" content=\"image\/jpeg\" \/>\n<meta name=\"twitter:card\" content=\"summary_large_image\" \/>\n<meta name=\"twitter:label1\" content=\"Tiempo de lectura\" \/>\n\t<meta name=\"twitter:data1\" content=\"2 minutos\" \/>\n<script type=\"application\/ld+json\" class=\"yoast-schema-graph\">{\"@context\":\"https:\/\/schema.org\",\"@graph\":[{\"@type\":\"WebPage\",\"@id\":\"https:\/\/educacioncontinua.pascualbravo.edu.co\/?product=robotica-movil-con-vision-artificial\",\"url\":\"https:\/\/educacioncontinua.pascualbravo.edu.co\/?product=robotica-movil-con-vision-artificial\",\"name\":\"Rob\u00f3tica M\u00f3vil con Visi\u00f3n Artificial - Unidad de Educaci\u00f3n Continua - I.U. Pascual Bravo\",\"isPartOf\":{\"@id\":\"https:\/\/educacioncontinua.pascualbravo.edu.co\/#website\"},\"primaryImageOfPage\":{\"@id\":\"https:\/\/educacioncontinua.pascualbravo.edu.co\/?product=robotica-movil-con-vision-artificial#primaryimage\"},\"image\":{\"@id\":\"https:\/\/educacioncontinua.pascualbravo.edu.co\/?product=robotica-movil-con-vision-artificial#primaryimage\"},\"thumbnailUrl\":\"https:\/\/educacioncontinua.pascualbravo.edu.co\/wp-content\/uploads\/2022\/02\/robotica_movil_va.jpg\",\"datePublished\":\"2022-02-05T23:40:27+00:00\",\"dateModified\":\"2024-11-29T23:12:32+00:00\",\"breadcrumb\":{\"@id\":\"https:\/\/educacioncontinua.pascualbravo.edu.co\/?product=robotica-movil-con-vision-artificial#breadcrumb\"},\"inLanguage\":\"es-CO\",\"potentialAction\":[{\"@type\":\"ReadAction\",\"target\":[\"https:\/\/educacioncontinua.pascualbravo.edu.co\/?product=robotica-movil-con-vision-artificial\"]}]},{\"@type\":\"ImageObject\",\"inLanguage\":\"es-CO\",\"@id\":\"https:\/\/educacioncontinua.pascualbravo.edu.co\/?product=robotica-movil-con-vision-artificial#primaryimage\",\"url\":\"https:\/\/educacioncontinua.pascualbravo.edu.co\/wp-content\/uploads\/2022\/02\/robotica_movil_va.jpg\",\"contentUrl\":\"https:\/\/educacioncontinua.pascualbravo.edu.co\/wp-content\/uploads\/2022\/02\/robotica_movil_va.jpg\",\"width\":300,\"height\":300},{\"@type\":\"BreadcrumbList\",\"@id\":\"https:\/\/educacioncontinua.pascualbravo.edu.co\/?product=robotica-movil-con-vision-artificial#breadcrumb\",\"itemListElement\":[{\"@type\":\"ListItem\",\"position\":1,\"name\":\"Inicio\",\"item\":\"https:\/\/educacioncontinua.pascualbravo.edu.co\/\"},{\"@type\":\"ListItem\",\"position\":2,\"name\":\"Oferta acad\u00e9mica\",\"item\":\"https:\/\/educacioncontinua.pascualbravo.edu.co\/?page_id=14\"},{\"@type\":\"ListItem\",\"position\":3,\"name\":\"Rob\u00f3tica M\u00f3vil con Visi\u00f3n Artificial\"}]},{\"@type\":\"WebSite\",\"@id\":\"https:\/\/educacioncontinua.pascualbravo.edu.co\/#website\",\"url\":\"https:\/\/educacioncontinua.pascualbravo.edu.co\/\",\"name\":\"Unidad de Educaci\u00f3n Continua - I.U. Pascual Bravo\",\"description\":\"Unidad de Educaci\u00f3n Continua - I.U. Pascual Bravo\",\"publisher\":{\"@id\":\"https:\/\/educacioncontinua.pascualbravo.edu.co\/#organization\"},\"potentialAction\":[{\"@type\":\"SearchAction\",\"target\":{\"@type\":\"EntryPoint\",\"urlTemplate\":\"https:\/\/educacioncontinua.pascualbravo.edu.co\/?s={search_term_string}\"},\"query-input\":\"required name=search_term_string\"}],\"inLanguage\":\"es-CO\"},{\"@type\":\"Organization\",\"@id\":\"https:\/\/educacioncontinua.pascualbravo.edu.co\/#organization\",\"name\":\"Unidad de Educaci\u00f3n Continua - I.U. Pascual Bravo\",\"url\":\"https:\/\/educacioncontinua.pascualbravo.edu.co\/\",\"logo\":{\"@type\":\"ImageObject\",\"inLanguage\":\"es-CO\",\"@id\":\"https:\/\/educacioncontinua.pascualbravo.edu.co\/#\/schema\/logo\/image\/\",\"url\":\"https:\/\/educacioncontinua.pascualbravo.edu.co\/wp-content\/uploads\/2020\/12\/Pascual-Bravo.png\",\"contentUrl\":\"https:\/\/educacioncontinua.pascualbravo.edu.co\/wp-content\/uploads\/2020\/12\/Pascual-Bravo.png\",\"width\":300,\"height\":77,\"caption\":\"Unidad de Educaci\u00f3n Continua - I.U. Pascual Bravo\"},\"image\":{\"@id\":\"https:\/\/educacioncontinua.pascualbravo.edu.co\/#\/schema\/logo\/image\/\"}}]}<\/script>\n<!-- \/ Yoast SEO plugin. -->","yoast_head_json":{"title":"Rob\u00f3tica M\u00f3vil con Visi\u00f3n Artificial - Unidad de Educaci\u00f3n Continua - I.U. Pascual Bravo","robots":{"index":"index","follow":"follow","max-snippet":"max-snippet:-1","max-image-preview":"max-image-preview:large","max-video-preview":"max-video-preview:-1"},"canonical":"https:\/\/educacioncontinua.pascualbravo.edu.co\/?product=robotica-movil-con-vision-artificial","og_locale":"es_ES","og_type":"article","og_title":"Rob\u00f3tica M\u00f3vil con Visi\u00f3n Artificial - Unidad de Educaci\u00f3n Continua - I.U. Pascual Bravo","og_description":"La visi\u00f3n artificial, tambi\u00e9n conocida como visi\u00f3n por computadora, es una disciplina cient\u00edfica que incluye m\u00e9todos para adquirir, procesar, analizar y comprender las im\u00e1genes del mundo real con el fin de producir informaci\u00f3n num\u00e9rica o simb\u00f3lica para que puedan ser tratados por un computador. Los avances en inteligencia artificial junto con la rob\u00f3tica, han originado [&hellip;]","og_url":"https:\/\/educacioncontinua.pascualbravo.edu.co\/?product=robotica-movil-con-vision-artificial","og_site_name":"Unidad de Educaci\u00f3n Continua - I.U. Pascual Bravo","article_modified_time":"2024-11-29T23:12:32+00:00","og_image":[{"width":300,"height":300,"url":"https:\/\/educacioncontinua.pascualbravo.edu.co\/wp-content\/uploads\/2022\/02\/robotica_movil_va.jpg","type":"image\/jpeg"}],"twitter_card":"summary_large_image","twitter_misc":{"Tiempo de lectura":"2 minutos"},"schema":{"@context":"https:\/\/schema.org","@graph":[{"@type":"WebPage","@id":"https:\/\/educacioncontinua.pascualbravo.edu.co\/?product=robotica-movil-con-vision-artificial","url":"https:\/\/educacioncontinua.pascualbravo.edu.co\/?product=robotica-movil-con-vision-artificial","name":"Rob\u00f3tica M\u00f3vil con Visi\u00f3n Artificial - Unidad de Educaci\u00f3n Continua - I.U. Pascual Bravo","isPartOf":{"@id":"https:\/\/educacioncontinua.pascualbravo.edu.co\/#website"},"primaryImageOfPage":{"@id":"https:\/\/educacioncontinua.pascualbravo.edu.co\/?product=robotica-movil-con-vision-artificial#primaryimage"},"image":{"@id":"https:\/\/educacioncontinua.pascualbravo.edu.co\/?product=robotica-movil-con-vision-artificial#primaryimage"},"thumbnailUrl":"https:\/\/educacioncontinua.pascualbravo.edu.co\/wp-content\/uploads\/2022\/02\/robotica_movil_va.jpg","datePublished":"2022-02-05T23:40:27+00:00","dateModified":"2024-11-29T23:12:32+00:00","breadcrumb":{"@id":"https:\/\/educacioncontinua.pascualbravo.edu.co\/?product=robotica-movil-con-vision-artificial#breadcrumb"},"inLanguage":"es-CO","potentialAction":[{"@type":"ReadAction","target":["https:\/\/educacioncontinua.pascualbravo.edu.co\/?product=robotica-movil-con-vision-artificial"]}]},{"@type":"ImageObject","inLanguage":"es-CO","@id":"https:\/\/educacioncontinua.pascualbravo.edu.co\/?product=robotica-movil-con-vision-artificial#primaryimage","url":"https:\/\/educacioncontinua.pascualbravo.edu.co\/wp-content\/uploads\/2022\/02\/robotica_movil_va.jpg","contentUrl":"https:\/\/educacioncontinua.pascualbravo.edu.co\/wp-content\/uploads\/2022\/02\/robotica_movil_va.jpg","width":300,"height":300},{"@type":"BreadcrumbList","@id":"https:\/\/educacioncontinua.pascualbravo.edu.co\/?product=robotica-movil-con-vision-artificial#breadcrumb","itemListElement":[{"@type":"ListItem","position":1,"name":"Inicio","item":"https:\/\/educacioncontinua.pascualbravo.edu.co\/"},{"@type":"ListItem","position":2,"name":"Oferta acad\u00e9mica","item":"https:\/\/educacioncontinua.pascualbravo.edu.co\/?page_id=14"},{"@type":"ListItem","position":3,"name":"Rob\u00f3tica M\u00f3vil con Visi\u00f3n Artificial"}]},{"@type":"WebSite","@id":"https:\/\/educacioncontinua.pascualbravo.edu.co\/#website","url":"https:\/\/educacioncontinua.pascualbravo.edu.co\/","name":"Unidad de Educaci\u00f3n Continua - I.U. Pascual Bravo","description":"Unidad de Educaci\u00f3n Continua - I.U. Pascual Bravo","publisher":{"@id":"https:\/\/educacioncontinua.pascualbravo.edu.co\/#organization"},"potentialAction":[{"@type":"SearchAction","target":{"@type":"EntryPoint","urlTemplate":"https:\/\/educacioncontinua.pascualbravo.edu.co\/?s={search_term_string}"},"query-input":"required name=search_term_string"}],"inLanguage":"es-CO"},{"@type":"Organization","@id":"https:\/\/educacioncontinua.pascualbravo.edu.co\/#organization","name":"Unidad de Educaci\u00f3n Continua - I.U. Pascual Bravo","url":"https:\/\/educacioncontinua.pascualbravo.edu.co\/","logo":{"@type":"ImageObject","inLanguage":"es-CO","@id":"https:\/\/educacioncontinua.pascualbravo.edu.co\/#\/schema\/logo\/image\/","url":"https:\/\/educacioncontinua.pascualbravo.edu.co\/wp-content\/uploads\/2020\/12\/Pascual-Bravo.png","contentUrl":"https:\/\/educacioncontinua.pascualbravo.edu.co\/wp-content\/uploads\/2020\/12\/Pascual-Bravo.png","width":300,"height":77,"caption":"Unidad de Educaci\u00f3n Continua - I.U. Pascual Bravo"},"image":{"@id":"https:\/\/educacioncontinua.pascualbravo.edu.co\/#\/schema\/logo\/image\/"}}]}},"_links":{"self":[{"href":"https:\/\/educacioncontinua.pascualbravo.edu.co\/index.php?rest_route=\/wp\/v2\/product\/3155"}],"collection":[{"href":"https:\/\/educacioncontinua.pascualbravo.edu.co\/index.php?rest_route=\/wp\/v2\/product"}],"about":[{"href":"https:\/\/educacioncontinua.pascualbravo.edu.co\/index.php?rest_route=\/wp\/v2\/types\/product"}],"replies":[{"embeddable":true,"href":"https:\/\/educacioncontinua.pascualbravo.edu.co\/index.php?rest_route=%2Fwp%2Fv2%2Fcomments&post=3155"}],"wp:featuredmedia":[{"embeddable":true,"href":"https:\/\/educacioncontinua.pascualbravo.edu.co\/index.php?rest_route=\/wp\/v2\/media\/3695"}],"wp:attachment":[{"href":"https:\/\/educacioncontinua.pascualbravo.edu.co\/index.php?rest_route=%2Fwp%2Fv2%2Fmedia&parent=3155"}],"wp:term":[{"taxonomy":"product_cat","embeddable":true,"href":"https:\/\/educacioncontinua.pascualbravo.edu.co\/index.php?rest_route=%2Fwp%2Fv2%2Fproduct_cat&post=3155"},{"taxonomy":"product_tag","embeddable":true,"href":"https:\/\/educacioncontinua.pascualbravo.edu.co\/index.php?rest_route=%2Fwp%2Fv2%2Fproduct_tag&post=3155"},{"taxonomy":"tipo_oferta","embeddable":true,"href":"https:\/\/educacioncontinua.pascualbravo.edu.co\/index.php?rest_route=%2Fwp%2Fv2%2Ftipo_oferta&post=3155"},{"taxonomy":"modalidad","embeddable":true,"href":"https:\/\/educacioncontinua.pascualbravo.edu.co\/index.php?rest_route=%2Fwp%2Fv2%2Fmodalidad&post=3155"},{"taxonomy":"nivel","embeddable":true,"href":"https:\/\/educacioncontinua.pascualbravo.edu.co\/index.php?rest_route=%2Fwp%2Fv2%2Fnivel&post=3155"},{"taxonomy":"tipo_de_programa","embeddable":true,"href":"https:\/\/educacioncontinua.pascualbravo.edu.co\/index.php?rest_route=%2Fwp%2Fv2%2Ftipo_de_programa&post=3155"}],"curies":[{"name":"wp","href":"https:\/\/api.w.org\/{rel}","templated":true}]}}