{"id":2413,"date":"2021-12-02T15:01:39","date_gmt":"2021-12-02T20:01:39","guid":{"rendered":"https:\/\/educacioncontinua.pascualbravo.edu.co\/product\/fundamentos-de-big-data-2\/"},"modified":"2024-11-29T18:14:51","modified_gmt":"2024-11-29T23:14:51","slug":"fundamentos-de-big-data-2","status":"publish","type":"product","link":"https:\/\/educacioncontinua.pascualbravo.edu.co\/?product=fundamentos-de-big-data-2","title":{"rendered":"Fundamentos de Big Data"},"content":{"rendered":"<p>En este curso descubriremos los fundamentos de Big Data, en el cual apropiamos un nuevo vocabulario que nos permita comprender con mayor facilidad la literatura t\u00e9cnica y la comprensi\u00f3n del t\u00e9rmino y su aplicaci\u00f3n en la vida cotidiana as\u00ed que describiremos la historia y evoluci\u00f3n del procesamiento distribuido, con lo cual entenderemos mejor el funcionamiento interno de las arquitecturas computacionales configuradas en un cluster. Por otra parte, identificamos las distintas herramientas del ecosistema, con lo que distinguiremos entre utilitarios de pago y open source y tendremos el criterio para seleccionar las m\u00e1s apropiadas para nuestro entorno.<br \/>\nTambi\u00e9n gracias a este curso MOOC, podremos analizar los distintos campos de acci\u00f3n de esta disciplina como lo es el Data Engineer y el Data Scientist, de tal forma que con estos conocimientos analizaremos las rutas de aprendizaje m\u00e1s convenientes para potencializar nuestro talento profesional. Finalmente, seremos capaces de construir un nodo de Big Data dentro de nuestro computador y una vez desarrollado este proyecto de implantaci\u00f3n, tendremos las herramientas necesarias para llevar al terreno pr\u00e1ctico lo aprendido en el curso con software Open Source.<\/p>\n<h5>Objetivo general:<\/h5>\n<p>Describir la evoluci\u00f3n del procesamiento distribuido, el Big Data, las diferentes herramientas del ecosistema, sus aplicaciones y los campos de acci\u00f3n referentes, data engineer, data scientist y construir un nodo de big data dentro de una m\u00e1quina virtual.<\/p>\n<h5>Objetivos espec\u00edficos:<\/h5>\n<ul>\n<li>Describir la evoluci\u00f3n del procesamiento distribuido e identificar las diferentes herramientas del ecosistema de aplicaciones Big Data.<\/li>\n<li>Determinar los campos de acci\u00f3n del Data Engineer, el Data Scientist y construir un nodo de Big Data dentro de una m\u00e1quina virtual.<\/li>\n<\/ul>\n<h5>Lo que vas a aprender:<\/h5>\n<p><!--aqu\u00ed empieza acoerde\u00f3n de qu\u00e9 vas a aprender--><\/p>\n<div id=\"accordionExample\" class=\"accordion\">\n<div class=\"card ec-card\">\n<div id=\"headingOne\" class=\"card-header ec-header\">\n<p><button class=\"btn btn-link btn-block text-left ec-btn\" type=\"button\" data-toggle=\"collapse\" data-target=\"#collapseOne\"><br \/>\nIntroducci\u00f3n<br \/>\n<\/button><\/p>\n<\/div>\n<div id=\"collapseOne\" class=\"collapse show\" aria-labelledby=\"headingOne\" data-parent=\"#accordionExample\">\n<div class=\"card-body ec-cardbody\">\n<ul>\n<li>Presentaci\u00f3n.<\/li>\n<li>Ruta de aprendizaje.<\/li>\n<li>Evaluaci\u00f3n.<\/li>\n<li>Evaluaci\u00f3n Diagn\u00f3stica.<\/li>\n<\/ul>\n<\/div>\n<\/div>\n<\/div>\n<div class=\"card ec-card\">\n<div id=\"headingTwo\" class=\"card-header ec-header\">\n<p><button class=\"btn btn-link btn-block text-left collapsed ec-btn\" type=\"button\" data-toggle=\"collapse\" data-target=\"#collapseTwo\"><br \/>\nEvoluci\u00f3n del ecosistema &#8211; Big Data<br \/>\n<\/button><\/p>\n<\/div>\n<div id=\"collapseTwo\" class=\"collapse\" aria-labelledby=\"headingTwo\" data-parent=\"#accordionExample\">\n<div class=\"card-body ec-cardbody\">\n<ul>\n<li>Definici\u00f3n del Big data.<\/li>\n<li>Desarrollo y movimiento del Big data.<\/li>\n<li>Herramientas para procesar y almacenar grandes vol\u00famenes de datos-Ecosistemas.<\/li>\n<li>Arquitectura de referencia.<\/li>\n<\/ul>\n<\/div>\n<\/div>\n<\/div>\n<div class=\"card ec-card\">\n<div id=\"headingThree\" class=\"card-header ec-header\">\n<p><button class=\"btn btn-link btn-block text-left collapsed ec-btn\" type=\"button\" data-toggle=\"collapse\" data-target=\"#collapseThree\"><br \/>\nAplicaci\u00f3n de Big Data en la vida real<br \/>\n<\/button><\/p>\n<\/div>\n<div id=\"collapseThree\" class=\"collapse\" aria-labelledby=\"headingThree\" data-parent=\"#accordionExample\">\n<div class=\"card-body ec-cardbody\">\n<ul>\n<li>Perfiles de un profesional en Big Data.<\/li>\n<li>Ruta de aprendizaje del Ingeniero de Datos.<\/li>\n<li>Ruta de aprendizaje del Cient\u00edfico de Datos.<\/li>\n<li>Implementaci\u00f3n de un nodo Big Data.<\/li>\n<\/ul>\n<\/div>\n<\/div>\n<\/div>\n<\/div>\n<p>El inicio del curso se encuentra sujeto a la inscripci\u00f3n del cupo m\u00ednimo de 15 participantes.<\/p>\n","protected":false},"excerpt":{"rendered":"<p>En este curso descubriremos los fundamentos de Big Data, en el cual apropiamos un nuevo vocabulario que nos permita comprender con mayor facilidad la literatura t\u00e9cnica y la comprensi\u00f3n del t\u00e9rmino y su aplicaci\u00f3n en la vida cotidiana as\u00ed que describiremos la historia y evoluci\u00f3n del procesamiento distribuido, con lo cual entenderemos mejor el funcionamiento [&hellip;]<\/p>\n","protected":false},"featured_media":2465,"comment_status":"open","ping_status":"closed","template":"","meta":{"_acf_changed":false},"product_cat":[15],"product_tag":[66],"tipo_oferta":[88],"modalidad":[91],"nivel":[93],"tipo_de_programa":[103],"acf":[],"yoast_head":"<!-- This site is optimized with the Yoast SEO plugin v22.9 - https:\/\/yoast.com\/wordpress\/plugins\/seo\/ -->\n<title>Fundamentos de Big Data - Unidad de Educaci\u00f3n Continua - I.U. Pascual Bravo<\/title>\n<meta name=\"robots\" content=\"index, follow, max-snippet:-1, max-image-preview:large, max-video-preview:-1\" \/>\n<link rel=\"canonical\" href=\"https:\/\/educacioncontinua.pascualbravo.edu.co\/?product=fundamentos-de-big-data-2\" \/>\n<meta property=\"og:locale\" content=\"es_ES\" \/>\n<meta property=\"og:type\" content=\"article\" \/>\n<meta property=\"og:title\" content=\"Fundamentos de Big Data - Unidad de Educaci\u00f3n Continua - I.U. Pascual Bravo\" \/>\n<meta property=\"og:description\" content=\"En este curso descubriremos los fundamentos de Big Data, en el cual apropiamos un nuevo vocabulario que nos permita comprender con mayor facilidad la literatura t\u00e9cnica y la comprensi\u00f3n del t\u00e9rmino y su aplicaci\u00f3n en la vida cotidiana as\u00ed que describiremos la historia y evoluci\u00f3n del procesamiento distribuido, con lo cual entenderemos mejor el funcionamiento [&hellip;]\" \/>\n<meta property=\"og:url\" content=\"https:\/\/educacioncontinua.pascualbravo.edu.co\/?product=fundamentos-de-big-data-2\" \/>\n<meta property=\"og:site_name\" content=\"Unidad de Educaci\u00f3n Continua - I.U. Pascual Bravo\" \/>\n<meta property=\"article:modified_time\" content=\"2024-11-29T23:14:51+00:00\" \/>\n<meta property=\"og:image\" content=\"https:\/\/educacioncontinua.pascualbravo.edu.co\/wp-content\/uploads\/2021\/12\/home_big_data.jpg\" \/>\n\t<meta property=\"og:image:width\" content=\"301\" \/>\n\t<meta property=\"og:image:height\" content=\"301\" \/>\n\t<meta property=\"og:image:type\" content=\"image\/jpeg\" \/>\n<meta name=\"twitter:card\" content=\"summary_large_image\" \/>\n<meta name=\"twitter:label1\" content=\"Tiempo de lectura\" \/>\n\t<meta name=\"twitter:data1\" content=\"2 minutos\" \/>\n<script type=\"application\/ld+json\" class=\"yoast-schema-graph\">{\"@context\":\"https:\/\/schema.org\",\"@graph\":[{\"@type\":\"WebPage\",\"@id\":\"https:\/\/educacioncontinua.pascualbravo.edu.co\/?product=fundamentos-de-big-data-2\",\"url\":\"https:\/\/educacioncontinua.pascualbravo.edu.co\/?product=fundamentos-de-big-data-2\",\"name\":\"Fundamentos de Big Data - Unidad de Educaci\u00f3n Continua - I.U. Pascual Bravo\",\"isPartOf\":{\"@id\":\"https:\/\/educacioncontinua.pascualbravo.edu.co\/#website\"},\"primaryImageOfPage\":{\"@id\":\"https:\/\/educacioncontinua.pascualbravo.edu.co\/?product=fundamentos-de-big-data-2#primaryimage\"},\"image\":{\"@id\":\"https:\/\/educacioncontinua.pascualbravo.edu.co\/?product=fundamentos-de-big-data-2#primaryimage\"},\"thumbnailUrl\":\"https:\/\/educacioncontinua.pascualbravo.edu.co\/wp-content\/uploads\/2021\/12\/home_big_data.jpg\",\"datePublished\":\"2021-12-02T20:01:39+00:00\",\"dateModified\":\"2024-11-29T23:14:51+00:00\",\"breadcrumb\":{\"@id\":\"https:\/\/educacioncontinua.pascualbravo.edu.co\/?product=fundamentos-de-big-data-2#breadcrumb\"},\"inLanguage\":\"es-CO\",\"potentialAction\":[{\"@type\":\"ReadAction\",\"target\":[\"https:\/\/educacioncontinua.pascualbravo.edu.co\/?product=fundamentos-de-big-data-2\"]}]},{\"@type\":\"ImageObject\",\"inLanguage\":\"es-CO\",\"@id\":\"https:\/\/educacioncontinua.pascualbravo.edu.co\/?product=fundamentos-de-big-data-2#primaryimage\",\"url\":\"https:\/\/educacioncontinua.pascualbravo.edu.co\/wp-content\/uploads\/2021\/12\/home_big_data.jpg\",\"contentUrl\":\"https:\/\/educacioncontinua.pascualbravo.edu.co\/wp-content\/uploads\/2021\/12\/home_big_data.jpg\",\"width\":301,\"height\":301},{\"@type\":\"BreadcrumbList\",\"@id\":\"https:\/\/educacioncontinua.pascualbravo.edu.co\/?product=fundamentos-de-big-data-2#breadcrumb\",\"itemListElement\":[{\"@type\":\"ListItem\",\"position\":1,\"name\":\"Inicio\",\"item\":\"https:\/\/educacioncontinua.pascualbravo.edu.co\/\"},{\"@type\":\"ListItem\",\"position\":2,\"name\":\"Oferta acad\u00e9mica\",\"item\":\"https:\/\/educacioncontinua.pascualbravo.edu.co\/?page_id=14\"},{\"@type\":\"ListItem\",\"position\":3,\"name\":\"Fundamentos de Big Data\"}]},{\"@type\":\"WebSite\",\"@id\":\"https:\/\/educacioncontinua.pascualbravo.edu.co\/#website\",\"url\":\"https:\/\/educacioncontinua.pascualbravo.edu.co\/\",\"name\":\"Unidad de Educaci\u00f3n Continua - I.U. Pascual Bravo\",\"description\":\"Unidad de Educaci\u00f3n Continua - I.U. Pascual Bravo\",\"publisher\":{\"@id\":\"https:\/\/educacioncontinua.pascualbravo.edu.co\/#organization\"},\"potentialAction\":[{\"@type\":\"SearchAction\",\"target\":{\"@type\":\"EntryPoint\",\"urlTemplate\":\"https:\/\/educacioncontinua.pascualbravo.edu.co\/?s={search_term_string}\"},\"query-input\":\"required name=search_term_string\"}],\"inLanguage\":\"es-CO\"},{\"@type\":\"Organization\",\"@id\":\"https:\/\/educacioncontinua.pascualbravo.edu.co\/#organization\",\"name\":\"Unidad de Educaci\u00f3n Continua - I.U. Pascual Bravo\",\"url\":\"https:\/\/educacioncontinua.pascualbravo.edu.co\/\",\"logo\":{\"@type\":\"ImageObject\",\"inLanguage\":\"es-CO\",\"@id\":\"https:\/\/educacioncontinua.pascualbravo.edu.co\/#\/schema\/logo\/image\/\",\"url\":\"https:\/\/educacioncontinua.pascualbravo.edu.co\/wp-content\/uploads\/2020\/12\/Pascual-Bravo.png\",\"contentUrl\":\"https:\/\/educacioncontinua.pascualbravo.edu.co\/wp-content\/uploads\/2020\/12\/Pascual-Bravo.png\",\"width\":300,\"height\":77,\"caption\":\"Unidad de Educaci\u00f3n Continua - I.U. Pascual Bravo\"},\"image\":{\"@id\":\"https:\/\/educacioncontinua.pascualbravo.edu.co\/#\/schema\/logo\/image\/\"}}]}<\/script>\n<!-- \/ Yoast SEO plugin. -->","yoast_head_json":{"title":"Fundamentos de Big Data - Unidad de Educaci\u00f3n Continua - I.U. Pascual Bravo","robots":{"index":"index","follow":"follow","max-snippet":"max-snippet:-1","max-image-preview":"max-image-preview:large","max-video-preview":"max-video-preview:-1"},"canonical":"https:\/\/educacioncontinua.pascualbravo.edu.co\/?product=fundamentos-de-big-data-2","og_locale":"es_ES","og_type":"article","og_title":"Fundamentos de Big Data - Unidad de Educaci\u00f3n Continua - I.U. Pascual Bravo","og_description":"En este curso descubriremos los fundamentos de Big Data, en el cual apropiamos un nuevo vocabulario que nos permita comprender con mayor facilidad la literatura t\u00e9cnica y la comprensi\u00f3n del t\u00e9rmino y su aplicaci\u00f3n en la vida cotidiana as\u00ed que describiremos la historia y evoluci\u00f3n del procesamiento distribuido, con lo cual entenderemos mejor el funcionamiento [&hellip;]","og_url":"https:\/\/educacioncontinua.pascualbravo.edu.co\/?product=fundamentos-de-big-data-2","og_site_name":"Unidad de Educaci\u00f3n Continua - I.U. Pascual Bravo","article_modified_time":"2024-11-29T23:14:51+00:00","og_image":[{"width":301,"height":301,"url":"https:\/\/educacioncontinua.pascualbravo.edu.co\/wp-content\/uploads\/2021\/12\/home_big_data.jpg","type":"image\/jpeg"}],"twitter_card":"summary_large_image","twitter_misc":{"Tiempo de lectura":"2 minutos"},"schema":{"@context":"https:\/\/schema.org","@graph":[{"@type":"WebPage","@id":"https:\/\/educacioncontinua.pascualbravo.edu.co\/?product=fundamentos-de-big-data-2","url":"https:\/\/educacioncontinua.pascualbravo.edu.co\/?product=fundamentos-de-big-data-2","name":"Fundamentos de Big Data - Unidad de Educaci\u00f3n Continua - I.U. Pascual Bravo","isPartOf":{"@id":"https:\/\/educacioncontinua.pascualbravo.edu.co\/#website"},"primaryImageOfPage":{"@id":"https:\/\/educacioncontinua.pascualbravo.edu.co\/?product=fundamentos-de-big-data-2#primaryimage"},"image":{"@id":"https:\/\/educacioncontinua.pascualbravo.edu.co\/?product=fundamentos-de-big-data-2#primaryimage"},"thumbnailUrl":"https:\/\/educacioncontinua.pascualbravo.edu.co\/wp-content\/uploads\/2021\/12\/home_big_data.jpg","datePublished":"2021-12-02T20:01:39+00:00","dateModified":"2024-11-29T23:14:51+00:00","breadcrumb":{"@id":"https:\/\/educacioncontinua.pascualbravo.edu.co\/?product=fundamentos-de-big-data-2#breadcrumb"},"inLanguage":"es-CO","potentialAction":[{"@type":"ReadAction","target":["https:\/\/educacioncontinua.pascualbravo.edu.co\/?product=fundamentos-de-big-data-2"]}]},{"@type":"ImageObject","inLanguage":"es-CO","@id":"https:\/\/educacioncontinua.pascualbravo.edu.co\/?product=fundamentos-de-big-data-2#primaryimage","url":"https:\/\/educacioncontinua.pascualbravo.edu.co\/wp-content\/uploads\/2021\/12\/home_big_data.jpg","contentUrl":"https:\/\/educacioncontinua.pascualbravo.edu.co\/wp-content\/uploads\/2021\/12\/home_big_data.jpg","width":301,"height":301},{"@type":"BreadcrumbList","@id":"https:\/\/educacioncontinua.pascualbravo.edu.co\/?product=fundamentos-de-big-data-2#breadcrumb","itemListElement":[{"@type":"ListItem","position":1,"name":"Inicio","item":"https:\/\/educacioncontinua.pascualbravo.edu.co\/"},{"@type":"ListItem","position":2,"name":"Oferta acad\u00e9mica","item":"https:\/\/educacioncontinua.pascualbravo.edu.co\/?page_id=14"},{"@type":"ListItem","position":3,"name":"Fundamentos de Big Data"}]},{"@type":"WebSite","@id":"https:\/\/educacioncontinua.pascualbravo.edu.co\/#website","url":"https:\/\/educacioncontinua.pascualbravo.edu.co\/","name":"Unidad de Educaci\u00f3n Continua - I.U. Pascual Bravo","description":"Unidad de Educaci\u00f3n Continua - I.U. Pascual Bravo","publisher":{"@id":"https:\/\/educacioncontinua.pascualbravo.edu.co\/#organization"},"potentialAction":[{"@type":"SearchAction","target":{"@type":"EntryPoint","urlTemplate":"https:\/\/educacioncontinua.pascualbravo.edu.co\/?s={search_term_string}"},"query-input":"required name=search_term_string"}],"inLanguage":"es-CO"},{"@type":"Organization","@id":"https:\/\/educacioncontinua.pascualbravo.edu.co\/#organization","name":"Unidad de Educaci\u00f3n Continua - I.U. Pascual Bravo","url":"https:\/\/educacioncontinua.pascualbravo.edu.co\/","logo":{"@type":"ImageObject","inLanguage":"es-CO","@id":"https:\/\/educacioncontinua.pascualbravo.edu.co\/#\/schema\/logo\/image\/","url":"https:\/\/educacioncontinua.pascualbravo.edu.co\/wp-content\/uploads\/2020\/12\/Pascual-Bravo.png","contentUrl":"https:\/\/educacioncontinua.pascualbravo.edu.co\/wp-content\/uploads\/2020\/12\/Pascual-Bravo.png","width":300,"height":77,"caption":"Unidad de Educaci\u00f3n Continua - I.U. Pascual Bravo"},"image":{"@id":"https:\/\/educacioncontinua.pascualbravo.edu.co\/#\/schema\/logo\/image\/"}}]}},"_links":{"self":[{"href":"https:\/\/educacioncontinua.pascualbravo.edu.co\/index.php?rest_route=\/wp\/v2\/product\/2413"}],"collection":[{"href":"https:\/\/educacioncontinua.pascualbravo.edu.co\/index.php?rest_route=\/wp\/v2\/product"}],"about":[{"href":"https:\/\/educacioncontinua.pascualbravo.edu.co\/index.php?rest_route=\/wp\/v2\/types\/product"}],"replies":[{"embeddable":true,"href":"https:\/\/educacioncontinua.pascualbravo.edu.co\/index.php?rest_route=%2Fwp%2Fv2%2Fcomments&post=2413"}],"wp:featuredmedia":[{"embeddable":true,"href":"https:\/\/educacioncontinua.pascualbravo.edu.co\/index.php?rest_route=\/wp\/v2\/media\/2465"}],"wp:attachment":[{"href":"https:\/\/educacioncontinua.pascualbravo.edu.co\/index.php?rest_route=%2Fwp%2Fv2%2Fmedia&parent=2413"}],"wp:term":[{"taxonomy":"product_cat","embeddable":true,"href":"https:\/\/educacioncontinua.pascualbravo.edu.co\/index.php?rest_route=%2Fwp%2Fv2%2Fproduct_cat&post=2413"},{"taxonomy":"product_tag","embeddable":true,"href":"https:\/\/educacioncontinua.pascualbravo.edu.co\/index.php?rest_route=%2Fwp%2Fv2%2Fproduct_tag&post=2413"},{"taxonomy":"tipo_oferta","embeddable":true,"href":"https:\/\/educacioncontinua.pascualbravo.edu.co\/index.php?rest_route=%2Fwp%2Fv2%2Ftipo_oferta&post=2413"},{"taxonomy":"modalidad","embeddable":true,"href":"https:\/\/educacioncontinua.pascualbravo.edu.co\/index.php?rest_route=%2Fwp%2Fv2%2Fmodalidad&post=2413"},{"taxonomy":"nivel","embeddable":true,"href":"https:\/\/educacioncontinua.pascualbravo.edu.co\/index.php?rest_route=%2Fwp%2Fv2%2Fnivel&post=2413"},{"taxonomy":"tipo_de_programa","embeddable":true,"href":"https:\/\/educacioncontinua.pascualbravo.edu.co\/index.php?rest_route=%2Fwp%2Fv2%2Ftipo_de_programa&post=2413"}],"curies":[{"name":"wp","href":"https:\/\/api.w.org\/{rel}","templated":true}]}}