{"id":2411,"date":"2021-12-02T15:01:39","date_gmt":"2021-12-02T20:01:39","guid":{"rendered":"https:\/\/educacioncontinua.pascualbravo.edu.co\/product\/fundamentos-de-inteligencia-artificial\/"},"modified":"2025-11-26T15:14:42","modified_gmt":"2025-11-26T20:14:42","slug":"fundamentos-de-inteligencia-artificial","status":"publish","type":"product","link":"https:\/\/educacioncontinua.pascualbravo.edu.co\/?product=fundamentos-de-inteligencia-artificial","title":{"rendered":"Fundamentos de Rob\u00f3tica e Inteligencia Artificial"},"content":{"rendered":"<p>Dada la importancia que tienen los sistemas rob\u00f3ticos e inteligentes en todo tipo de entornos de la vida cotidiana, es cada vez m\u00e1s importante que las personas y m\u00e1s los egresados de nuestra instituci\u00f3n conozcan el contexto en el que se desarrollan estas tecnolog\u00edas, las bases en que se fundamentan y las aplicaciones que tienen en la actualidad.<\/p>\n<p>Muchas de las tareas que se realizan en la actualidad son facilitadas por sistemas rob\u00f3ticos e inteligentes. La fundamentaci\u00f3n en estos sistemas se hace importante para dar un mejor uso a los sistemas que conocemos y para tenerlos en cuenta como herramientas para solucionar problemas que se presenten en los entornos en los que se encuentran los estudiantes.<\/p>\n<p>En concordancia con esto. Este m\u00f3dulo brinda los conceptos que servir\u00e1n de fundamento para que los estudiantes puedan identificar un sistema rob\u00f3tico o inteligente y que pueda idear soluciones a problemas utilizando estas tecnolog\u00edas sin entrar en detalles t\u00e9cnicos.<\/p>\n<h5>Objetivo general:<\/h5>\n<p>Contextualizar a los estudiantes sobre las tecnolog\u00edas basadas en rob\u00f3tica e inteligencia artificial y las aplicaciones de estas.<\/p>\n<h5>Objetivos espec\u00edficos:<\/h5>\n<ul>\n<li>Presentar cronol\u00f3gicamente el desarrollo de la rob\u00f3tica y la inteligencia artificial.<\/li>\n<li>Presentar los conceptos generales necesarios para la comprensi\u00f3n de lo que es y lo que hace un sistema de inteligencia artificial en sus diferentes aplicaciones.<\/li>\n<li>Desarrollar algoritmos de visi\u00f3n artificial para reconocimiento de im\u00e1genes.<\/li>\n<li>Aplicar algoritmos de visi\u00f3n artificial para la navegaci\u00f3n aut\u00f3noma de un robot m\u00f3vil.<\/li>\n<\/ul>\n<h5>Lo que vas a aprender:<\/h5>\n<p><!--aqu\u00ed empieza acoerde\u00f3n de qu\u00e9 vas a aprender--><\/p>\n<div id=\"accordionExample\" class=\"accordion\">\n<div class=\"card ec-card\">\n<div id=\"headingOne\" class=\"card-header ec-header\"><button class=\"btn btn-link btn-block text-left ec-btn\" type=\"button\" data-toggle=\"collapse\" data-target=\"#collapseOne\"><br \/>\nContexto hist\u00f3rico de sistemas rob\u00f3ticos e inteligentes<br \/>\n<\/button><\/div>\n<div id=\"collapseOne\" class=\"collapse show\" aria-labelledby=\"headingOne\" data-parent=\"#accordionExample\">\n<div class=\"card-body ec-cardbody\">\n<ul>\n<li>Sistemas aut\u00f3matas.<\/li>\n<li>Evoluci\u00f3n de la rob\u00f3tica.<\/li>\n<li>Sistemas inteligentes.<\/li>\n<li>Evoluci\u00f3n de la inteligencia artificial.<\/li>\n<\/ul>\n<\/div>\n<\/div>\n<\/div>\n<div class=\"card ec-card\">\n<div id=\"headingTwo\" class=\"card-header ec-header\"><button class=\"btn btn-link btn-block text-left ec-btn\" type=\"button\" data-toggle=\"collapse\" data-target=\"#collapseTwo\"><br \/>\nFundamentos de Inteligencia Artificial<br \/>\n<\/button><\/div>\n<div id=\"collapseTwo\" class=\"collapse\" aria-labelledby=\"headingTwo\" data-parent=\"#accordionExample\">\n<div class=\"card-body ec-cardbody\">\n<ul>\n<li>Fundamentos de aprendizaje de m\u00e1quina.<\/li>\n<li>Fundamentos de visi\u00f3n artificial.<\/li>\n<li>Fundamentos de procesamiento de lenguaje natural.<\/li>\n<\/ul>\n<\/div>\n<\/div>\n<\/div>\n<div class=\"card ec-card\">\n<div id=\"headingThree\" class=\"card-header ec-header\"><button class=\"btn btn-link btn-block text-left ec-btn\" type=\"button\" data-toggle=\"collapse\" data-target=\"#collapseThree\"><br \/>\nProcesamiento de im\u00e1genes<br \/>\n<\/button><\/div>\n<div id=\"collapseThree\" class=\"collapse\" aria-labelledby=\"headingThree\" data-parent=\"#accordionExample\">\n<div class=\"card-body ec-cardbody\">\n<ul>\n<li>Fundamentos de programaci\u00f3n en Python.<\/li>\n<li>Fundamentos de procesamiento de im\u00e1genes.<\/li>\n<li>An\u00e1lisis de movimiento y seguimiento de objetos.<\/li>\n<\/ul>\n<\/div>\n<\/div>\n<\/div>\n<div class=\"card ec-card\">\n<div id=\"headingCuatro\" class=\"card-header ec-header\"><button class=\"btn btn-link btn-block text-left ec-btn\" type=\"button\" data-toggle=\"collapse\" data-target=\"#collapseCuatro\"><br \/>\nProgramaci\u00f3n veh\u00edculo aut\u00f3nomo<br \/>\n<\/button><\/div>\n<div id=\"collapseCuatro\" class=\"collapse\" aria-labelledby=\"headingCuatro\" data-parent=\"#accordionExample\">\n<div class=\"card-body ec-cardbody\">\n<ul>\n<li>Sistemas embebidos.<\/li>\n<li>Aplicaci\u00f3n de algoritmos en sistemas embebidos.<\/li>\n<li>Fundamentos de programaci\u00f3n de veh\u00edculos aut\u00f3nomos.<\/li>\n<\/ul>\n<\/div>\n<\/div>\n<\/div>\n<\/div>\n<p>El inicio del curso se encuentra sujeto a la inscripci\u00f3n del cupo m\u00ednimo de 15 participantes.<\/p>\n","protected":false},"excerpt":{"rendered":"<p>Dada la importancia que tienen los sistemas rob\u00f3ticos e inteligentes en todo tipo de entornos de la vida cotidiana, es cada vez m\u00e1s importante que las personas y m\u00e1s los egresados de nuestra instituci\u00f3n conozcan el contexto en el que se desarrollan estas tecnolog\u00edas, las bases en que se fundamentan y las aplicaciones que tienen [&hellip;]<\/p>\n","protected":false},"featured_media":2467,"comment_status":"open","ping_status":"closed","template":"","meta":{"_acf_changed":false},"product_cat":[15],"product_tag":[66],"tipo_oferta":[88],"modalidad":[91],"nivel":[93],"tipo_de_programa":[103],"acf":[],"yoast_head":"<!-- This site is optimized with the Yoast SEO plugin v22.9 - https:\/\/yoast.com\/wordpress\/plugins\/seo\/ -->\n<title>Fundamentos de Rob\u00f3tica e Inteligencia Artificial - Unidad de Educaci\u00f3n Continua - I.U. Pascual Bravo<\/title>\n<meta name=\"robots\" content=\"index, follow, max-snippet:-1, max-image-preview:large, max-video-preview:-1\" \/>\n<link rel=\"canonical\" href=\"https:\/\/educacioncontinua.pascualbravo.edu.co\/?product=fundamentos-de-inteligencia-artificial\" \/>\n<meta property=\"og:locale\" content=\"es_ES\" \/>\n<meta property=\"og:type\" content=\"article\" \/>\n<meta property=\"og:title\" content=\"Fundamentos de Rob\u00f3tica e Inteligencia Artificial - Unidad de Educaci\u00f3n Continua - I.U. Pascual Bravo\" \/>\n<meta property=\"og:description\" content=\"Dada la importancia que tienen los sistemas rob\u00f3ticos e inteligentes en todo tipo de entornos de la vida cotidiana, es cada vez m\u00e1s importante que las personas y m\u00e1s los egresados de nuestra instituci\u00f3n conozcan el contexto en el que se desarrollan estas tecnolog\u00edas, las bases en que se fundamentan y las aplicaciones que tienen [&hellip;]\" \/>\n<meta property=\"og:url\" content=\"https:\/\/educacioncontinua.pascualbravo.edu.co\/?product=fundamentos-de-inteligencia-artificial\" \/>\n<meta property=\"og:site_name\" content=\"Unidad de Educaci\u00f3n Continua - I.U. Pascual Bravo\" \/>\n<meta property=\"article:modified_time\" content=\"2025-11-26T20:14:42+00:00\" \/>\n<meta property=\"og:image\" content=\"https:\/\/educacioncontinua.pascualbravo.edu.co\/wp-content\/uploads\/2021\/12\/home_ia_ih.jpg\" \/>\n\t<meta property=\"og:image:width\" content=\"301\" \/>\n\t<meta property=\"og:image:height\" content=\"301\" \/>\n\t<meta property=\"og:image:type\" content=\"image\/jpeg\" \/>\n<meta name=\"twitter:card\" content=\"summary_large_image\" \/>\n<meta name=\"twitter:label1\" content=\"Tiempo de lectura\" \/>\n\t<meta name=\"twitter:data1\" content=\"2 minutos\" \/>\n<script type=\"application\/ld+json\" class=\"yoast-schema-graph\">{\"@context\":\"https:\/\/schema.org\",\"@graph\":[{\"@type\":\"WebPage\",\"@id\":\"https:\/\/educacioncontinua.pascualbravo.edu.co\/?product=fundamentos-de-inteligencia-artificial\",\"url\":\"https:\/\/educacioncontinua.pascualbravo.edu.co\/?product=fundamentos-de-inteligencia-artificial\",\"name\":\"Fundamentos de Rob\u00f3tica e Inteligencia Artificial - Unidad de Educaci\u00f3n Continua - I.U. Pascual Bravo\",\"isPartOf\":{\"@id\":\"https:\/\/educacioncontinua.pascualbravo.edu.co\/#website\"},\"primaryImageOfPage\":{\"@id\":\"https:\/\/educacioncontinua.pascualbravo.edu.co\/?product=fundamentos-de-inteligencia-artificial#primaryimage\"},\"image\":{\"@id\":\"https:\/\/educacioncontinua.pascualbravo.edu.co\/?product=fundamentos-de-inteligencia-artificial#primaryimage\"},\"thumbnailUrl\":\"https:\/\/educacioncontinua.pascualbravo.edu.co\/wp-content\/uploads\/2021\/12\/home_ia_ih.jpg\",\"datePublished\":\"2021-12-02T20:01:39+00:00\",\"dateModified\":\"2025-11-26T20:14:42+00:00\",\"breadcrumb\":{\"@id\":\"https:\/\/educacioncontinua.pascualbravo.edu.co\/?product=fundamentos-de-inteligencia-artificial#breadcrumb\"},\"inLanguage\":\"es-CO\",\"potentialAction\":[{\"@type\":\"ReadAction\",\"target\":[\"https:\/\/educacioncontinua.pascualbravo.edu.co\/?product=fundamentos-de-inteligencia-artificial\"]}]},{\"@type\":\"ImageObject\",\"inLanguage\":\"es-CO\",\"@id\":\"https:\/\/educacioncontinua.pascualbravo.edu.co\/?product=fundamentos-de-inteligencia-artificial#primaryimage\",\"url\":\"https:\/\/educacioncontinua.pascualbravo.edu.co\/wp-content\/uploads\/2021\/12\/home_ia_ih.jpg\",\"contentUrl\":\"https:\/\/educacioncontinua.pascualbravo.edu.co\/wp-content\/uploads\/2021\/12\/home_ia_ih.jpg\",\"width\":301,\"height\":301},{\"@type\":\"BreadcrumbList\",\"@id\":\"https:\/\/educacioncontinua.pascualbravo.edu.co\/?product=fundamentos-de-inteligencia-artificial#breadcrumb\",\"itemListElement\":[{\"@type\":\"ListItem\",\"position\":1,\"name\":\"Inicio\",\"item\":\"https:\/\/educacioncontinua.pascualbravo.edu.co\/\"},{\"@type\":\"ListItem\",\"position\":2,\"name\":\"Oferta acad\u00e9mica\",\"item\":\"https:\/\/educacioncontinua.pascualbravo.edu.co\/?page_id=14\"},{\"@type\":\"ListItem\",\"position\":3,\"name\":\"Fundamentos de Rob\u00f3tica e Inteligencia Artificial\"}]},{\"@type\":\"WebSite\",\"@id\":\"https:\/\/educacioncontinua.pascualbravo.edu.co\/#website\",\"url\":\"https:\/\/educacioncontinua.pascualbravo.edu.co\/\",\"name\":\"Unidad de Educaci\u00f3n Continua - I.U. Pascual Bravo\",\"description\":\"Unidad de Educaci\u00f3n Continua - I.U. Pascual Bravo\",\"publisher\":{\"@id\":\"https:\/\/educacioncontinua.pascualbravo.edu.co\/#organization\"},\"potentialAction\":[{\"@type\":\"SearchAction\",\"target\":{\"@type\":\"EntryPoint\",\"urlTemplate\":\"https:\/\/educacioncontinua.pascualbravo.edu.co\/?s={search_term_string}\"},\"query-input\":\"required name=search_term_string\"}],\"inLanguage\":\"es-CO\"},{\"@type\":\"Organization\",\"@id\":\"https:\/\/educacioncontinua.pascualbravo.edu.co\/#organization\",\"name\":\"Unidad de Educaci\u00f3n Continua - I.U. Pascual Bravo\",\"url\":\"https:\/\/educacioncontinua.pascualbravo.edu.co\/\",\"logo\":{\"@type\":\"ImageObject\",\"inLanguage\":\"es-CO\",\"@id\":\"https:\/\/educacioncontinua.pascualbravo.edu.co\/#\/schema\/logo\/image\/\",\"url\":\"https:\/\/educacioncontinua.pascualbravo.edu.co\/wp-content\/uploads\/2020\/12\/Pascual-Bravo.png\",\"contentUrl\":\"https:\/\/educacioncontinua.pascualbravo.edu.co\/wp-content\/uploads\/2020\/12\/Pascual-Bravo.png\",\"width\":300,\"height\":77,\"caption\":\"Unidad de Educaci\u00f3n Continua - I.U. Pascual Bravo\"},\"image\":{\"@id\":\"https:\/\/educacioncontinua.pascualbravo.edu.co\/#\/schema\/logo\/image\/\"}}]}<\/script>\n<!-- \/ Yoast SEO plugin. -->","yoast_head_json":{"title":"Fundamentos de Rob\u00f3tica e Inteligencia Artificial - Unidad de Educaci\u00f3n Continua - I.U. Pascual Bravo","robots":{"index":"index","follow":"follow","max-snippet":"max-snippet:-1","max-image-preview":"max-image-preview:large","max-video-preview":"max-video-preview:-1"},"canonical":"https:\/\/educacioncontinua.pascualbravo.edu.co\/?product=fundamentos-de-inteligencia-artificial","og_locale":"es_ES","og_type":"article","og_title":"Fundamentos de Rob\u00f3tica e Inteligencia Artificial - Unidad de Educaci\u00f3n Continua - I.U. Pascual Bravo","og_description":"Dada la importancia que tienen los sistemas rob\u00f3ticos e inteligentes en todo tipo de entornos de la vida cotidiana, es cada vez m\u00e1s importante que las personas y m\u00e1s los egresados de nuestra instituci\u00f3n conozcan el contexto en el que se desarrollan estas tecnolog\u00edas, las bases en que se fundamentan y las aplicaciones que tienen [&hellip;]","og_url":"https:\/\/educacioncontinua.pascualbravo.edu.co\/?product=fundamentos-de-inteligencia-artificial","og_site_name":"Unidad de Educaci\u00f3n Continua - I.U. Pascual Bravo","article_modified_time":"2025-11-26T20:14:42+00:00","og_image":[{"width":301,"height":301,"url":"https:\/\/educacioncontinua.pascualbravo.edu.co\/wp-content\/uploads\/2021\/12\/home_ia_ih.jpg","type":"image\/jpeg"}],"twitter_card":"summary_large_image","twitter_misc":{"Tiempo de lectura":"2 minutos"},"schema":{"@context":"https:\/\/schema.org","@graph":[{"@type":"WebPage","@id":"https:\/\/educacioncontinua.pascualbravo.edu.co\/?product=fundamentos-de-inteligencia-artificial","url":"https:\/\/educacioncontinua.pascualbravo.edu.co\/?product=fundamentos-de-inteligencia-artificial","name":"Fundamentos de Rob\u00f3tica e Inteligencia Artificial - Unidad de Educaci\u00f3n Continua - I.U. Pascual Bravo","isPartOf":{"@id":"https:\/\/educacioncontinua.pascualbravo.edu.co\/#website"},"primaryImageOfPage":{"@id":"https:\/\/educacioncontinua.pascualbravo.edu.co\/?product=fundamentos-de-inteligencia-artificial#primaryimage"},"image":{"@id":"https:\/\/educacioncontinua.pascualbravo.edu.co\/?product=fundamentos-de-inteligencia-artificial#primaryimage"},"thumbnailUrl":"https:\/\/educacioncontinua.pascualbravo.edu.co\/wp-content\/uploads\/2021\/12\/home_ia_ih.jpg","datePublished":"2021-12-02T20:01:39+00:00","dateModified":"2025-11-26T20:14:42+00:00","breadcrumb":{"@id":"https:\/\/educacioncontinua.pascualbravo.edu.co\/?product=fundamentos-de-inteligencia-artificial#breadcrumb"},"inLanguage":"es-CO","potentialAction":[{"@type":"ReadAction","target":["https:\/\/educacioncontinua.pascualbravo.edu.co\/?product=fundamentos-de-inteligencia-artificial"]}]},{"@type":"ImageObject","inLanguage":"es-CO","@id":"https:\/\/educacioncontinua.pascualbravo.edu.co\/?product=fundamentos-de-inteligencia-artificial#primaryimage","url":"https:\/\/educacioncontinua.pascualbravo.edu.co\/wp-content\/uploads\/2021\/12\/home_ia_ih.jpg","contentUrl":"https:\/\/educacioncontinua.pascualbravo.edu.co\/wp-content\/uploads\/2021\/12\/home_ia_ih.jpg","width":301,"height":301},{"@type":"BreadcrumbList","@id":"https:\/\/educacioncontinua.pascualbravo.edu.co\/?product=fundamentos-de-inteligencia-artificial#breadcrumb","itemListElement":[{"@type":"ListItem","position":1,"name":"Inicio","item":"https:\/\/educacioncontinua.pascualbravo.edu.co\/"},{"@type":"ListItem","position":2,"name":"Oferta acad\u00e9mica","item":"https:\/\/educacioncontinua.pascualbravo.edu.co\/?page_id=14"},{"@type":"ListItem","position":3,"name":"Fundamentos de Rob\u00f3tica e Inteligencia Artificial"}]},{"@type":"WebSite","@id":"https:\/\/educacioncontinua.pascualbravo.edu.co\/#website","url":"https:\/\/educacioncontinua.pascualbravo.edu.co\/","name":"Unidad de Educaci\u00f3n Continua - I.U. Pascual Bravo","description":"Unidad de Educaci\u00f3n Continua - I.U. Pascual Bravo","publisher":{"@id":"https:\/\/educacioncontinua.pascualbravo.edu.co\/#organization"},"potentialAction":[{"@type":"SearchAction","target":{"@type":"EntryPoint","urlTemplate":"https:\/\/educacioncontinua.pascualbravo.edu.co\/?s={search_term_string}"},"query-input":"required name=search_term_string"}],"inLanguage":"es-CO"},{"@type":"Organization","@id":"https:\/\/educacioncontinua.pascualbravo.edu.co\/#organization","name":"Unidad de Educaci\u00f3n Continua - I.U. Pascual Bravo","url":"https:\/\/educacioncontinua.pascualbravo.edu.co\/","logo":{"@type":"ImageObject","inLanguage":"es-CO","@id":"https:\/\/educacioncontinua.pascualbravo.edu.co\/#\/schema\/logo\/image\/","url":"https:\/\/educacioncontinua.pascualbravo.edu.co\/wp-content\/uploads\/2020\/12\/Pascual-Bravo.png","contentUrl":"https:\/\/educacioncontinua.pascualbravo.edu.co\/wp-content\/uploads\/2020\/12\/Pascual-Bravo.png","width":300,"height":77,"caption":"Unidad de Educaci\u00f3n Continua - I.U. Pascual Bravo"},"image":{"@id":"https:\/\/educacioncontinua.pascualbravo.edu.co\/#\/schema\/logo\/image\/"}}]}},"_links":{"self":[{"href":"https:\/\/educacioncontinua.pascualbravo.edu.co\/index.php?rest_route=\/wp\/v2\/product\/2411"}],"collection":[{"href":"https:\/\/educacioncontinua.pascualbravo.edu.co\/index.php?rest_route=\/wp\/v2\/product"}],"about":[{"href":"https:\/\/educacioncontinua.pascualbravo.edu.co\/index.php?rest_route=\/wp\/v2\/types\/product"}],"replies":[{"embeddable":true,"href":"https:\/\/educacioncontinua.pascualbravo.edu.co\/index.php?rest_route=%2Fwp%2Fv2%2Fcomments&post=2411"}],"wp:featuredmedia":[{"embeddable":true,"href":"https:\/\/educacioncontinua.pascualbravo.edu.co\/index.php?rest_route=\/wp\/v2\/media\/2467"}],"wp:attachment":[{"href":"https:\/\/educacioncontinua.pascualbravo.edu.co\/index.php?rest_route=%2Fwp%2Fv2%2Fmedia&parent=2411"}],"wp:term":[{"taxonomy":"product_cat","embeddable":true,"href":"https:\/\/educacioncontinua.pascualbravo.edu.co\/index.php?rest_route=%2Fwp%2Fv2%2Fproduct_cat&post=2411"},{"taxonomy":"product_tag","embeddable":true,"href":"https:\/\/educacioncontinua.pascualbravo.edu.co\/index.php?rest_route=%2Fwp%2Fv2%2Fproduct_tag&post=2411"},{"taxonomy":"tipo_oferta","embeddable":true,"href":"https:\/\/educacioncontinua.pascualbravo.edu.co\/index.php?rest_route=%2Fwp%2Fv2%2Ftipo_oferta&post=2411"},{"taxonomy":"modalidad","embeddable":true,"href":"https:\/\/educacioncontinua.pascualbravo.edu.co\/index.php?rest_route=%2Fwp%2Fv2%2Fmodalidad&post=2411"},{"taxonomy":"nivel","embeddable":true,"href":"https:\/\/educacioncontinua.pascualbravo.edu.co\/index.php?rest_route=%2Fwp%2Fv2%2Fnivel&post=2411"},{"taxonomy":"tipo_de_programa","embeddable":true,"href":"https:\/\/educacioncontinua.pascualbravo.edu.co\/index.php?rest_route=%2Fwp%2Fv2%2Ftipo_de_programa&post=2411"}],"curies":[{"name":"wp","href":"https:\/\/api.w.org\/{rel}","templated":true}]}}