{"id":1651,"date":"2021-11-22T15:31:50","date_gmt":"2021-11-22T20:31:50","guid":{"rendered":"https:\/\/educacioncontinua.pascualbravo.edu.co\/product\/inteligencia-artificial-y-humana-cognitivamente-inspiradas\/"},"modified":"2024-11-29T18:18:41","modified_gmt":"2024-11-29T23:18:41","slug":"inteligencia-artificial-y-humana-cognitivamente-inspiradas","status":"publish","type":"product","link":"https:\/\/educacioncontinua.pascualbravo.edu.co\/?product=inteligencia-artificial-y-humana-cognitivamente-inspiradas","title":{"rendered":"Inteligencia Artificial y Humana Cognitivamente Inspiradas"},"content":{"rendered":"<p>\u00a1Te damos la bienvenida al curso Inteligencia Artificial y Humana Cognitivamente Inspiradas!<\/p>\n<p>En este curso vivencial\u00a0 descubrir\u00e1s, aclarar\u00e1s y profundizar\u00e1s muchos de los mitos, las realidades y las proyecciones coherentes de la inteligencia artificial y la inteligencia humana, desde una perspectiva amplia, cognitiva y multidisciplinar. Al mismo tiempo, con toda la exposici\u00f3n te\u00f3rica, podr\u00e1s enfrentar retos graduales que involucra la exploraci\u00f3n y el desarrollo de formas diversas de materializar tu inteligencia, esto te permitir\u00e1 identificar tus destrezas cognitivas de primero, segundo y tercer nivel.<\/p>\n<p>Los m\u00f3dulos te brindar\u00e1n elementos cualitativos adicionales para entender subjetiva y objetivamente la noci\u00f3n de inteligencia, de una manera te\u00f3rica y pragm\u00e1tica.<\/p>\n<p>Los m\u00f3dulos de trabajo y sus temas se abrir\u00e1n seg\u00fan las fechas se\u00f1aladas en la ruta de aprendizaje. No se cerrar\u00e1n en ning\u00fan momento, al contrario, podr\u00e1s revisar los contenidos nuevamente y ponerte al d\u00eda en caso de necesitarlo.<\/p>\n<h5>Objetivo general:<\/h5>\n<p>Conocer las aplicaciones m\u00e1s significativas de la inteligencia artificial y humana cognitivamente inspirada en \u00e1reas como las matem\u00e1ticas puras; la Inteligencia Artificial Matem\u00e1tica; y el desarrollo humano: la Mentor\u00eda Cognitiva-Espacial.<\/p>\n<h5><strong>Objetivos espec\u00edficos:\u00a0<\/strong><\/h5>\n<ul>\n<li>Ampliar sem\u00e1ntica y pragm\u00e1ticamente la noci\u00f3n de inteligencia humana y artificial en diversos contextos.<\/li>\n<li>Obtener claridad sobre los mayores mitos, proyecciones futuras y estado del arte actual relacionados con inteligencia artificial y humana.<\/li>\n<li>Conocer los diversos tipos de materializaciones de la inteligencia artificial y humana.<\/li>\n<li>Identificar talentos (inteligencias) primarias, secundarias y terciarias en el \u00e1mbito personal.<\/li>\n<li>Conocer una taxonom\u00eda global de las habilidades cognitivas m\u00e1s fundamentales de la mente humana, las cuales estructuran el pensamiento creativo formal.<\/li>\n<\/ul>\n<h5>Lo que vas a aprender:<\/h5>\n<p><!--aqu\u00ed empieza acoerde\u00f3n de qu\u00e9 vas a aprender--><\/p>\n<div id=\"accordionExample\" class=\"accordion\">\n<div class=\"card ec-card\">\n<div id=\"headingOne\" class=\"card-header ec-header\">\n<p><button class=\"btn btn-link btn-block text-left ec-btn\" type=\"button\" data-toggle=\"collapse\" data-target=\"#collapseOne\"><br \/>\nPresentaci\u00f3n<br \/>\n<\/button><\/p>\n<\/div>\n<div id=\"collapseOne\" class=\"collapse show\" aria-labelledby=\"headingOne\" data-parent=\"#accordionExample\">\n<div class=\"card-body ec-cardbody\">\n<ul>\n<li>Presentaci\u00f3n.<\/li>\n<li>Ruta de aprendizaje.<\/li>\n<li>Evaluaci\u00f3n.<\/li>\n<li>Evaluaci\u00f3n diagn\u00f3stica.<\/li>\n<\/ul>\n<\/div>\n<\/div>\n<\/div>\n<div class=\"card ec-card\">\n<div id=\"headingTwo\" class=\"card-header ec-header\">\n<p><button class=\"btn btn-link btn-block text-left collapsed ec-btn\" type=\"button\" data-toggle=\"collapse\" data-target=\"#collapseTwo\"><br \/>\nFundamentos, mitos y realidades sobre la inteligencia humana y artificial<br \/>\n<\/button><\/p>\n<\/div>\n<div id=\"collapseTwo\" class=\"collapse\" aria-labelledby=\"headingTwo\" data-parent=\"#accordionExample\">\n<div class=\"card-body ec-cardbody\">\n<ul>\n<li>\u00bfQu\u00e9 es para ti la inteligencia humana y la inteligencia artificial?<\/li>\n<li>Sobre la noci\u00f3n de inteligencia humana.<\/li>\n<li>Las diversas materializaciones de la inteligencia humana.<\/li>\n<li>Reto pragm\u00e1tico de inteligencias m\u00faltiples.<\/li>\n<li>T\u00e9cnicas de dibujo.<\/li>\n<li>Promesas iniciales de la inteligencia artificial cl\u00e1sica.<\/li>\n<li>Las tres fuentes seminales de conocimiento sobre la inteligencia artificial.<\/li>\n<li>Efecto cognitivo sobre las fuentes de influencias m\u00e1s importantes en IA.<\/li>\n<li>Sobre la inteligencia artificial local y global.<\/li>\n<li>La inteligencia artificial como cooperadora y motivadora de la IA.<\/li>\n<li>M\u00e1s sobre las diversas materializaciones de la inteligencia humana.<\/li>\n<li>Tipos de inteligencia, destrezas y talentos cognitivos.<\/li>\n<li>Dimensiones de la destreza cognitiva.<\/li>\n<\/ul>\n<\/div>\n<\/div>\n<\/div>\n<div class=\"card ec-card\">\n<div id=\"headingThree\" class=\"card-header ec-header\">\n<p><button class=\"btn btn-link btn-block text-left collapsed ec-btn\" type=\"button\" data-toggle=\"collapse\" data-target=\"#collapseThree\"><br \/>\nTaxonom\u00eda global de las habilidades cognitivas fundamentales<br \/>\n<\/button><\/p>\n<\/div>\n<div id=\"collapseThree\" class=\"collapse\" aria-labelledby=\"headingThree\" data-parent=\"#accordionExample\">\n<div class=\"card-body ec-cardbody\">\n<ul>\n<li>El contexto de la taxonom\u00eda global de las habilidades cognitivas.<\/li>\n<li>Algunas habilidades cognitivas<\/li>\n<\/ul>\n<\/div>\n<\/div>\n<\/div>\n<div class=\"card ec-card\">\n<div id=\"headingCuatro\" class=\"card-header ec-header\">\n<p><button class=\"btn btn-link btn-block text-left collapsed ec-btn\" type=\"button\" data-toggle=\"collapse\" data-target=\"#collapseCuatro\"><br \/>\nLa inteligencia artificial matem\u00e1tica y la mentor\u00eda cognitiva<br \/>\n<\/button><\/p>\n<\/div>\n<div id=\"collapseCuatro\" class=\"collapse\" aria-labelledby=\"headingCuatro\" data-parent=\"#accordionExample\">\n<div class=\"card-body ec-cardbody\">\n<ul>\n<li>Introducci\u00f3n general a la inteligencia artificial matem\u00e1tica.<\/li>\n<li>Metaproyecto de investigaci\u00f3n \u201cInteligencia Artificial Matem\u00e1tica&#8221;.<\/li>\n<li>Introducci\u00f3n a la mentor\u00eda cognitiva y sobre la noci\u00f3n de ley mental.<\/li>\n<li>Algunos pilares fundamentales de la renovaci\u00f3n cognitivo-espacial personal.<\/li>\n<\/ul>\n<\/div>\n<\/div>\n<\/div>\n<\/div>\n<p><!--aqu\u00ed termina acorde\u00f3n de qu\u00e9 vas a aprender--><\/p>\n<p>El inicio del curso se encuentra sujeto a la inscripci\u00f3n del cupo m\u00ednimo de 15 participantes.<\/p>\n","protected":false},"excerpt":{"rendered":"<p>\u00a1Te damos la bienvenida al curso Inteligencia Artificial y Humana Cognitivamente Inspiradas! En este curso vivencial\u00a0 descubrir\u00e1s, aclarar\u00e1s y profundizar\u00e1s muchos de los mitos, las realidades y las proyecciones coherentes de la inteligencia artificial y la inteligencia humana, desde una perspectiva amplia, cognitiva y multidisciplinar. Al mismo tiempo, con toda la exposici\u00f3n te\u00f3rica, podr\u00e1s enfrentar [&hellip;]<\/p>\n","protected":false},"featured_media":2463,"comment_status":"open","ping_status":"closed","template":"","meta":{"_acf_changed":false},"product_cat":[15],"product_tag":[],"tipo_oferta":[88],"modalidad":[91],"nivel":[93],"tipo_de_programa":[103],"acf":[],"yoast_head":"<!-- This site is optimized with the Yoast SEO plugin v22.9 - https:\/\/yoast.com\/wordpress\/plugins\/seo\/ -->\n<title>Inteligencia Artificial y Humana Cognitivamente Inspiradas - Unidad de Educaci\u00f3n Continua - I.U. Pascual Bravo<\/title>\n<meta name=\"robots\" content=\"index, follow, max-snippet:-1, max-image-preview:large, max-video-preview:-1\" \/>\n<link rel=\"canonical\" href=\"https:\/\/educacioncontinua.pascualbravo.edu.co\/?product=inteligencia-artificial-y-humana-cognitivamente-inspiradas\" \/>\n<meta property=\"og:locale\" content=\"es_ES\" \/>\n<meta property=\"og:type\" content=\"article\" \/>\n<meta property=\"og:title\" content=\"Inteligencia Artificial y Humana Cognitivamente Inspiradas - Unidad de Educaci\u00f3n Continua - I.U. Pascual Bravo\" \/>\n<meta property=\"og:description\" content=\"\u00a1Te damos la bienvenida al curso Inteligencia Artificial y Humana Cognitivamente Inspiradas! En este curso vivencial\u00a0 descubrir\u00e1s, aclarar\u00e1s y profundizar\u00e1s muchos de los mitos, las realidades y las proyecciones coherentes de la inteligencia artificial y la inteligencia humana, desde una perspectiva amplia, cognitiva y multidisciplinar. Al mismo tiempo, con toda la exposici\u00f3n te\u00f3rica, podr\u00e1s enfrentar [&hellip;]\" \/>\n<meta property=\"og:url\" content=\"https:\/\/educacioncontinua.pascualbravo.edu.co\/?product=inteligencia-artificial-y-humana-cognitivamente-inspiradas\" \/>\n<meta property=\"og:site_name\" content=\"Unidad de Educaci\u00f3n Continua - I.U. Pascual Bravo\" \/>\n<meta property=\"article:modified_time\" content=\"2024-11-29T23:18:41+00:00\" \/>\n<meta property=\"og:image\" content=\"https:\/\/educacioncontinua.pascualbravo.edu.co\/wp-content\/uploads\/2021\/12\/home_ai_cognitiva.jpg\" \/>\n\t<meta property=\"og:image:width\" content=\"301\" \/>\n\t<meta property=\"og:image:height\" content=\"301\" \/>\n\t<meta property=\"og:image:type\" content=\"image\/jpeg\" \/>\n<meta name=\"twitter:card\" content=\"summary_large_image\" \/>\n<meta name=\"twitter:label1\" content=\"Tiempo de lectura\" \/>\n\t<meta name=\"twitter:data1\" content=\"3 minutos\" \/>\n<script type=\"application\/ld+json\" class=\"yoast-schema-graph\">{\"@context\":\"https:\/\/schema.org\",\"@graph\":[{\"@type\":\"WebPage\",\"@id\":\"https:\/\/educacioncontinua.pascualbravo.edu.co\/?product=inteligencia-artificial-y-humana-cognitivamente-inspiradas\",\"url\":\"https:\/\/educacioncontinua.pascualbravo.edu.co\/?product=inteligencia-artificial-y-humana-cognitivamente-inspiradas\",\"name\":\"Inteligencia Artificial y Humana Cognitivamente Inspiradas - Unidad de Educaci\u00f3n Continua - I.U. Pascual Bravo\",\"isPartOf\":{\"@id\":\"https:\/\/educacioncontinua.pascualbravo.edu.co\/#website\"},\"primaryImageOfPage\":{\"@id\":\"https:\/\/educacioncontinua.pascualbravo.edu.co\/?product=inteligencia-artificial-y-humana-cognitivamente-inspiradas#primaryimage\"},\"image\":{\"@id\":\"https:\/\/educacioncontinua.pascualbravo.edu.co\/?product=inteligencia-artificial-y-humana-cognitivamente-inspiradas#primaryimage\"},\"thumbnailUrl\":\"https:\/\/educacioncontinua.pascualbravo.edu.co\/wp-content\/uploads\/2021\/12\/home_ai_cognitiva.jpg\",\"datePublished\":\"2021-11-22T20:31:50+00:00\",\"dateModified\":\"2024-11-29T23:18:41+00:00\",\"breadcrumb\":{\"@id\":\"https:\/\/educacioncontinua.pascualbravo.edu.co\/?product=inteligencia-artificial-y-humana-cognitivamente-inspiradas#breadcrumb\"},\"inLanguage\":\"es-CO\",\"potentialAction\":[{\"@type\":\"ReadAction\",\"target\":[\"https:\/\/educacioncontinua.pascualbravo.edu.co\/?product=inteligencia-artificial-y-humana-cognitivamente-inspiradas\"]}]},{\"@type\":\"ImageObject\",\"inLanguage\":\"es-CO\",\"@id\":\"https:\/\/educacioncontinua.pascualbravo.edu.co\/?product=inteligencia-artificial-y-humana-cognitivamente-inspiradas#primaryimage\",\"url\":\"https:\/\/educacioncontinua.pascualbravo.edu.co\/wp-content\/uploads\/2021\/12\/home_ai_cognitiva.jpg\",\"contentUrl\":\"https:\/\/educacioncontinua.pascualbravo.edu.co\/wp-content\/uploads\/2021\/12\/home_ai_cognitiva.jpg\",\"width\":301,\"height\":301},{\"@type\":\"BreadcrumbList\",\"@id\":\"https:\/\/educacioncontinua.pascualbravo.edu.co\/?product=inteligencia-artificial-y-humana-cognitivamente-inspiradas#breadcrumb\",\"itemListElement\":[{\"@type\":\"ListItem\",\"position\":1,\"name\":\"Inicio\",\"item\":\"https:\/\/educacioncontinua.pascualbravo.edu.co\/\"},{\"@type\":\"ListItem\",\"position\":2,\"name\":\"Oferta acad\u00e9mica\",\"item\":\"https:\/\/educacioncontinua.pascualbravo.edu.co\/?page_id=14\"},{\"@type\":\"ListItem\",\"position\":3,\"name\":\"Inteligencia Artificial y Humana Cognitivamente Inspiradas\"}]},{\"@type\":\"WebSite\",\"@id\":\"https:\/\/educacioncontinua.pascualbravo.edu.co\/#website\",\"url\":\"https:\/\/educacioncontinua.pascualbravo.edu.co\/\",\"name\":\"Unidad de Educaci\u00f3n Continua - I.U. Pascual Bravo\",\"description\":\"Unidad de Educaci\u00f3n Continua - I.U. Pascual Bravo\",\"publisher\":{\"@id\":\"https:\/\/educacioncontinua.pascualbravo.edu.co\/#organization\"},\"potentialAction\":[{\"@type\":\"SearchAction\",\"target\":{\"@type\":\"EntryPoint\",\"urlTemplate\":\"https:\/\/educacioncontinua.pascualbravo.edu.co\/?s={search_term_string}\"},\"query-input\":\"required name=search_term_string\"}],\"inLanguage\":\"es-CO\"},{\"@type\":\"Organization\",\"@id\":\"https:\/\/educacioncontinua.pascualbravo.edu.co\/#organization\",\"name\":\"Unidad de Educaci\u00f3n Continua - I.U. Pascual Bravo\",\"url\":\"https:\/\/educacioncontinua.pascualbravo.edu.co\/\",\"logo\":{\"@type\":\"ImageObject\",\"inLanguage\":\"es-CO\",\"@id\":\"https:\/\/educacioncontinua.pascualbravo.edu.co\/#\/schema\/logo\/image\/\",\"url\":\"https:\/\/educacioncontinua.pascualbravo.edu.co\/wp-content\/uploads\/2020\/12\/Pascual-Bravo.png\",\"contentUrl\":\"https:\/\/educacioncontinua.pascualbravo.edu.co\/wp-content\/uploads\/2020\/12\/Pascual-Bravo.png\",\"width\":300,\"height\":77,\"caption\":\"Unidad de Educaci\u00f3n Continua - I.U. Pascual Bravo\"},\"image\":{\"@id\":\"https:\/\/educacioncontinua.pascualbravo.edu.co\/#\/schema\/logo\/image\/\"}}]}<\/script>\n<!-- \/ Yoast SEO plugin. -->","yoast_head_json":{"title":"Inteligencia Artificial y Humana Cognitivamente Inspiradas - Unidad de Educaci\u00f3n Continua - I.U. Pascual Bravo","robots":{"index":"index","follow":"follow","max-snippet":"max-snippet:-1","max-image-preview":"max-image-preview:large","max-video-preview":"max-video-preview:-1"},"canonical":"https:\/\/educacioncontinua.pascualbravo.edu.co\/?product=inteligencia-artificial-y-humana-cognitivamente-inspiradas","og_locale":"es_ES","og_type":"article","og_title":"Inteligencia Artificial y Humana Cognitivamente Inspiradas - Unidad de Educaci\u00f3n Continua - I.U. Pascual Bravo","og_description":"\u00a1Te damos la bienvenida al curso Inteligencia Artificial y Humana Cognitivamente Inspiradas! En este curso vivencial\u00a0 descubrir\u00e1s, aclarar\u00e1s y profundizar\u00e1s muchos de los mitos, las realidades y las proyecciones coherentes de la inteligencia artificial y la inteligencia humana, desde una perspectiva amplia, cognitiva y multidisciplinar. Al mismo tiempo, con toda la exposici\u00f3n te\u00f3rica, podr\u00e1s enfrentar [&hellip;]","og_url":"https:\/\/educacioncontinua.pascualbravo.edu.co\/?product=inteligencia-artificial-y-humana-cognitivamente-inspiradas","og_site_name":"Unidad de Educaci\u00f3n Continua - I.U. Pascual Bravo","article_modified_time":"2024-11-29T23:18:41+00:00","og_image":[{"width":301,"height":301,"url":"https:\/\/educacioncontinua.pascualbravo.edu.co\/wp-content\/uploads\/2021\/12\/home_ai_cognitiva.jpg","type":"image\/jpeg"}],"twitter_card":"summary_large_image","twitter_misc":{"Tiempo de lectura":"3 minutos"},"schema":{"@context":"https:\/\/schema.org","@graph":[{"@type":"WebPage","@id":"https:\/\/educacioncontinua.pascualbravo.edu.co\/?product=inteligencia-artificial-y-humana-cognitivamente-inspiradas","url":"https:\/\/educacioncontinua.pascualbravo.edu.co\/?product=inteligencia-artificial-y-humana-cognitivamente-inspiradas","name":"Inteligencia Artificial y Humana Cognitivamente Inspiradas - Unidad de Educaci\u00f3n Continua - I.U. Pascual Bravo","isPartOf":{"@id":"https:\/\/educacioncontinua.pascualbravo.edu.co\/#website"},"primaryImageOfPage":{"@id":"https:\/\/educacioncontinua.pascualbravo.edu.co\/?product=inteligencia-artificial-y-humana-cognitivamente-inspiradas#primaryimage"},"image":{"@id":"https:\/\/educacioncontinua.pascualbravo.edu.co\/?product=inteligencia-artificial-y-humana-cognitivamente-inspiradas#primaryimage"},"thumbnailUrl":"https:\/\/educacioncontinua.pascualbravo.edu.co\/wp-content\/uploads\/2021\/12\/home_ai_cognitiva.jpg","datePublished":"2021-11-22T20:31:50+00:00","dateModified":"2024-11-29T23:18:41+00:00","breadcrumb":{"@id":"https:\/\/educacioncontinua.pascualbravo.edu.co\/?product=inteligencia-artificial-y-humana-cognitivamente-inspiradas#breadcrumb"},"inLanguage":"es-CO","potentialAction":[{"@type":"ReadAction","target":["https:\/\/educacioncontinua.pascualbravo.edu.co\/?product=inteligencia-artificial-y-humana-cognitivamente-inspiradas"]}]},{"@type":"ImageObject","inLanguage":"es-CO","@id":"https:\/\/educacioncontinua.pascualbravo.edu.co\/?product=inteligencia-artificial-y-humana-cognitivamente-inspiradas#primaryimage","url":"https:\/\/educacioncontinua.pascualbravo.edu.co\/wp-content\/uploads\/2021\/12\/home_ai_cognitiva.jpg","contentUrl":"https:\/\/educacioncontinua.pascualbravo.edu.co\/wp-content\/uploads\/2021\/12\/home_ai_cognitiva.jpg","width":301,"height":301},{"@type":"BreadcrumbList","@id":"https:\/\/educacioncontinua.pascualbravo.edu.co\/?product=inteligencia-artificial-y-humana-cognitivamente-inspiradas#breadcrumb","itemListElement":[{"@type":"ListItem","position":1,"name":"Inicio","item":"https:\/\/educacioncontinua.pascualbravo.edu.co\/"},{"@type":"ListItem","position":2,"name":"Oferta acad\u00e9mica","item":"https:\/\/educacioncontinua.pascualbravo.edu.co\/?page_id=14"},{"@type":"ListItem","position":3,"name":"Inteligencia Artificial y Humana Cognitivamente Inspiradas"}]},{"@type":"WebSite","@id":"https:\/\/educacioncontinua.pascualbravo.edu.co\/#website","url":"https:\/\/educacioncontinua.pascualbravo.edu.co\/","name":"Unidad de Educaci\u00f3n Continua - I.U. Pascual Bravo","description":"Unidad de Educaci\u00f3n Continua - I.U. Pascual Bravo","publisher":{"@id":"https:\/\/educacioncontinua.pascualbravo.edu.co\/#organization"},"potentialAction":[{"@type":"SearchAction","target":{"@type":"EntryPoint","urlTemplate":"https:\/\/educacioncontinua.pascualbravo.edu.co\/?s={search_term_string}"},"query-input":"required name=search_term_string"}],"inLanguage":"es-CO"},{"@type":"Organization","@id":"https:\/\/educacioncontinua.pascualbravo.edu.co\/#organization","name":"Unidad de Educaci\u00f3n Continua - I.U. Pascual Bravo","url":"https:\/\/educacioncontinua.pascualbravo.edu.co\/","logo":{"@type":"ImageObject","inLanguage":"es-CO","@id":"https:\/\/educacioncontinua.pascualbravo.edu.co\/#\/schema\/logo\/image\/","url":"https:\/\/educacioncontinua.pascualbravo.edu.co\/wp-content\/uploads\/2020\/12\/Pascual-Bravo.png","contentUrl":"https:\/\/educacioncontinua.pascualbravo.edu.co\/wp-content\/uploads\/2020\/12\/Pascual-Bravo.png","width":300,"height":77,"caption":"Unidad de Educaci\u00f3n Continua - I.U. Pascual Bravo"},"image":{"@id":"https:\/\/educacioncontinua.pascualbravo.edu.co\/#\/schema\/logo\/image\/"}}]}},"_links":{"self":[{"href":"https:\/\/educacioncontinua.pascualbravo.edu.co\/index.php?rest_route=\/wp\/v2\/product\/1651"}],"collection":[{"href":"https:\/\/educacioncontinua.pascualbravo.edu.co\/index.php?rest_route=\/wp\/v2\/product"}],"about":[{"href":"https:\/\/educacioncontinua.pascualbravo.edu.co\/index.php?rest_route=\/wp\/v2\/types\/product"}],"replies":[{"embeddable":true,"href":"https:\/\/educacioncontinua.pascualbravo.edu.co\/index.php?rest_route=%2Fwp%2Fv2%2Fcomments&post=1651"}],"wp:featuredmedia":[{"embeddable":true,"href":"https:\/\/educacioncontinua.pascualbravo.edu.co\/index.php?rest_route=\/wp\/v2\/media\/2463"}],"wp:attachment":[{"href":"https:\/\/educacioncontinua.pascualbravo.edu.co\/index.php?rest_route=%2Fwp%2Fv2%2Fmedia&parent=1651"}],"wp:term":[{"taxonomy":"product_cat","embeddable":true,"href":"https:\/\/educacioncontinua.pascualbravo.edu.co\/index.php?rest_route=%2Fwp%2Fv2%2Fproduct_cat&post=1651"},{"taxonomy":"product_tag","embeddable":true,"href":"https:\/\/educacioncontinua.pascualbravo.edu.co\/index.php?rest_route=%2Fwp%2Fv2%2Fproduct_tag&post=1651"},{"taxonomy":"tipo_oferta","embeddable":true,"href":"https:\/\/educacioncontinua.pascualbravo.edu.co\/index.php?rest_route=%2Fwp%2Fv2%2Ftipo_oferta&post=1651"},{"taxonomy":"modalidad","embeddable":true,"href":"https:\/\/educacioncontinua.pascualbravo.edu.co\/index.php?rest_route=%2Fwp%2Fv2%2Fmodalidad&post=1651"},{"taxonomy":"nivel","embeddable":true,"href":"https:\/\/educacioncontinua.pascualbravo.edu.co\/index.php?rest_route=%2Fwp%2Fv2%2Fnivel&post=1651"},{"taxonomy":"tipo_de_programa","embeddable":true,"href":"https:\/\/educacioncontinua.pascualbravo.edu.co\/index.php?rest_route=%2Fwp%2Fv2%2Ftipo_de_programa&post=1651"}],"curies":[{"name":"wp","href":"https:\/\/api.w.org\/{rel}","templated":true}]}}