{"id":1650,"date":"2021-11-22T15:31:50","date_gmt":"2021-11-22T20:31:50","guid":{"rendered":"https:\/\/educacioncontinua.pascualbravo.edu.co\/product\/creacion-de-stop-motion-con-dispositivos-moviles\/"},"modified":"2024-11-29T18:25:01","modified_gmt":"2024-11-29T23:25:01","slug":"creacion-de-stop-motion-con-dispositivos-moviles","status":"publish","type":"product","link":"https:\/\/educacioncontinua.pascualbravo.edu.co\/?product=creacion-de-stop-motion-con-dispositivos-moviles","title":{"rendered":"Creaci\u00f3n de Stop Motion con dispositivos m\u00f3viles"},"content":{"rendered":"<p>Aprender\u00e1s de las primeras t\u00e9cnicas de creaci\u00f3n cinematogr\u00e1fica animada, a trav\u00e9s de conceptos b\u00e1sicos de animaci\u00f3n y la experimentaci\u00f3n de t\u00e9cnicas an\u00e1logas y digitales que se han unido para crear movimiento y realizar contenidos disruptivos.<\/p>\n<h5>Objetivo General:<\/h5>\n<p>Abordar la t\u00e9cnica Stop Motion o animaci\u00f3n foto a foto, a trav\u00e9s del an\u00e1lisis de obras que revolucionaron la historia del cine por medio de esta t\u00e9cnica. De tal manera, y mediante la aplicaci\u00f3n de los principios de la animaci\u00f3n, se busca la experimentaci\u00f3n con diferentes materiales para construir un Stop Motion con dispositivos m\u00f3viles.<\/p>\n<h5>Objetivos espec\u00edficos:<\/h5>\n<ul>\n<li>Identificar las t\u00e9cnicas narrativas que ofrece la animaci\u00f3n para producir un video.<\/li>\n<li>Dise\u00f1ar un storyboard, a partir de los conceptos t\u00e9cnicos del gui\u00f3n, para realizar un video en stop motion.<\/li>\n<li>Conocer los requerimientos previos antes de iniciar un rodaje.<\/li>\n<li>Aplicar los conceptos aprendidos, los tipos de planos y movimientos de c\u00e1mara en la producci\u00f3n de un stop motion.<\/li>\n<li>Usar las herramientas tecnol\u00f3gicas y recursos a disposici\u00f3n para fomentar la creatividad en la construcci\u00f3n de una historia.<\/li>\n<li>Producir y editar un video en Stop Motion.<\/li>\n<\/ul>\n<h5>Lo que vas a aprender:<\/h5>\n<p><!--aqu\u00ed empieza acoerde\u00f3n de qu\u00e9 vas a aprender--><\/p>\n<div id=\"accordionExample\" class=\"accordion\">\n<div class=\"card ec-card\">\n<div id=\"headingOne\" class=\"card-header ec-header\">\n<p><button class=\"btn btn-link btn-block text-left ec-btn\" type=\"button\" data-toggle=\"collapse\" data-target=\"#collapseOne\"><br \/>\nAnimaci\u00f3n: historia,principios y conceptos b\u00e1sicos<br \/>\n<\/button><\/p>\n<\/div>\n<div id=\"collapseOne\" class=\"collapse show\" aria-labelledby=\"headingOne\" data-parent=\"#accordionExample\">\n<div class=\"card-body ec-cardbody\">\n<ul>\n<li>La animaci\u00f3n.<\/li>\n<li>Tipos de animaci\u00f3n.<\/li>\n<li>Principios de la animaci\u00f3n.<\/li>\n<li>\u00bfQu\u00e9 es stop motion?<\/li>\n<li>Tipos de stop motion.<\/li>\n<li>Narrativa audiovisual.<\/li>\n<li>Haz tu taumatropo.<\/li>\n<\/ul>\n<\/div>\n<\/div>\n<\/div>\n<div class=\"card ec-card\">\n<div id=\"headingTwo\" class=\"card-header ec-header\">\n<p><button class=\"btn btn-link btn-block text-left ec-btn\" type=\"button\" data-toggle=\"collapse\" data-target=\"#collapseTwo\"><br \/>\nEtapas de la producci\u00f3n audiovisual<br \/>\n<\/button><\/p>\n<\/div>\n<div id=\"collapseTwo\" class=\"collapse\" aria-labelledby=\"headingTwo\" data-parent=\"#accordionExample\">\n<div class=\"card-body ec-cardbody\">\n<ul>\n<li>\u00bfCu\u00e1les son las etapas de producci\u00f3n audiovisual?<\/li>\n<li>El gui\u00f3n.<\/li>\n<li>\u00bfC\u00f3mo hacer un storyboard?<\/li>\n<li>Construye tu storyboard.<\/li>\n<\/ul>\n<\/div>\n<\/div>\n<\/div>\n<div class=\"card ec-card\">\n<div id=\"headingThree\" class=\"card-header ec-header\">\n<p><button class=\"btn btn-link btn-block text-left ec-btn\" type=\"button\" data-toggle=\"collapse\" data-target=\"#collapseThree\"><br \/>\nProducci\u00f3n y postproducci\u00f3n audiovisual<br \/>\n<\/button><\/p>\n<\/div>\n<div id=\"collapseThree\" class=\"collapse\" aria-labelledby=\"headingThree\" data-parent=\"#accordionExample\">\n<div class=\"card-body ec-cardbody\">\n<ul>\n<li>\u00bfQu\u00e9 es un fotograma (FPS)?<\/li>\n<li>Formatos.<\/li>\n<li>\u00bfQu\u00e9 necesitas para empezar tu video?<\/li>\n<li>Producci\u00f3n, puesta en escena y rodaje.<\/li>\n<li>Edici\u00f3n.<\/li>\n<li>Actividad de aplicaci\u00f3n Stop motion studio.<\/li>\n<\/ul>\n<\/div>\n<\/div>\n<\/div>\n<\/div>\n<p><!--aqu\u00ed termina acoerde\u00f3n de qu\u00e9 vas a aprender--><\/p>\n<p>El inicio del curso se encuentra sujeto a la inscripci\u00f3n del cupo m\u00ednimo de 15 participantes.<\/p>\n","protected":false},"excerpt":{"rendered":"<p>Aprender\u00e1s de las primeras t\u00e9cnicas de creaci\u00f3n cinematogr\u00e1fica animada, a trav\u00e9s de conceptos b\u00e1sicos de animaci\u00f3n y la experimentaci\u00f3n de t\u00e9cnicas an\u00e1logas y digitales que se han unido para crear movimiento y realizar contenidos disruptivos. Objetivo General: Abordar la t\u00e9cnica Stop Motion o animaci\u00f3n foto a foto, a trav\u00e9s del an\u00e1lisis de obras que revolucionaron [&hellip;]<\/p>\n","protected":false},"featured_media":2403,"comment_status":"open","ping_status":"closed","template":"","meta":{"_acf_changed":false},"product_cat":[65],"product_tag":[],"tipo_oferta":[88],"modalidad":[91],"nivel":[93],"tipo_de_programa":[103],"acf":[],"yoast_head":"<!-- This site is optimized with the Yoast SEO plugin v22.9 - https:\/\/yoast.com\/wordpress\/plugins\/seo\/ -->\n<title>Creaci\u00f3n de Stop Motion con dispositivos m\u00f3viles - Unidad de Educaci\u00f3n Continua - I.U. Pascual Bravo<\/title>\n<meta name=\"robots\" content=\"index, follow, max-snippet:-1, max-image-preview:large, max-video-preview:-1\" \/>\n<link rel=\"canonical\" href=\"https:\/\/educacioncontinua.pascualbravo.edu.co\/?product=creacion-de-stop-motion-con-dispositivos-moviles\" \/>\n<meta property=\"og:locale\" content=\"es_ES\" \/>\n<meta property=\"og:type\" content=\"article\" \/>\n<meta property=\"og:title\" content=\"Creaci\u00f3n de Stop Motion con dispositivos m\u00f3viles - Unidad de Educaci\u00f3n Continua - I.U. Pascual Bravo\" \/>\n<meta property=\"og:description\" content=\"Aprender\u00e1s de las primeras t\u00e9cnicas de creaci\u00f3n cinematogr\u00e1fica animada, a trav\u00e9s de conceptos b\u00e1sicos de animaci\u00f3n y la experimentaci\u00f3n de t\u00e9cnicas an\u00e1logas y digitales que se han unido para crear movimiento y realizar contenidos disruptivos. Objetivo General: Abordar la t\u00e9cnica Stop Motion o animaci\u00f3n foto a foto, a trav\u00e9s del an\u00e1lisis de obras que revolucionaron [&hellip;]\" \/>\n<meta property=\"og:url\" content=\"https:\/\/educacioncontinua.pascualbravo.edu.co\/?product=creacion-de-stop-motion-con-dispositivos-moviles\" \/>\n<meta property=\"og:site_name\" content=\"Unidad de Educaci\u00f3n Continua - I.U. Pascual Bravo\" \/>\n<meta property=\"article:modified_time\" content=\"2024-11-29T23:25:01+00:00\" \/>\n<meta property=\"og:image\" content=\"https:\/\/educacioncontinua.pascualbravo.edu.co\/wp-content\/uploads\/2021\/12\/home_stop_motion.jpg\" \/>\n\t<meta property=\"og:image:width\" content=\"301\" \/>\n\t<meta property=\"og:image:height\" content=\"301\" \/>\n\t<meta property=\"og:image:type\" content=\"image\/jpeg\" \/>\n<meta name=\"twitter:card\" content=\"summary_large_image\" \/>\n<meta name=\"twitter:label1\" content=\"Tiempo de lectura\" \/>\n\t<meta name=\"twitter:data1\" content=\"2 minutos\" \/>\n<script type=\"application\/ld+json\" class=\"yoast-schema-graph\">{\"@context\":\"https:\/\/schema.org\",\"@graph\":[{\"@type\":\"WebPage\",\"@id\":\"https:\/\/educacioncontinua.pascualbravo.edu.co\/?product=creacion-de-stop-motion-con-dispositivos-moviles\",\"url\":\"https:\/\/educacioncontinua.pascualbravo.edu.co\/?product=creacion-de-stop-motion-con-dispositivos-moviles\",\"name\":\"Creaci\u00f3n de Stop Motion con dispositivos m\u00f3viles - Unidad de Educaci\u00f3n Continua - I.U. Pascual Bravo\",\"isPartOf\":{\"@id\":\"https:\/\/educacioncontinua.pascualbravo.edu.co\/#website\"},\"primaryImageOfPage\":{\"@id\":\"https:\/\/educacioncontinua.pascualbravo.edu.co\/?product=creacion-de-stop-motion-con-dispositivos-moviles#primaryimage\"},\"image\":{\"@id\":\"https:\/\/educacioncontinua.pascualbravo.edu.co\/?product=creacion-de-stop-motion-con-dispositivos-moviles#primaryimage\"},\"thumbnailUrl\":\"https:\/\/educacioncontinua.pascualbravo.edu.co\/wp-content\/uploads\/2021\/12\/home_stop_motion.jpg\",\"datePublished\":\"2021-11-22T20:31:50+00:00\",\"dateModified\":\"2024-11-29T23:25:01+00:00\",\"breadcrumb\":{\"@id\":\"https:\/\/educacioncontinua.pascualbravo.edu.co\/?product=creacion-de-stop-motion-con-dispositivos-moviles#breadcrumb\"},\"inLanguage\":\"es-CO\",\"potentialAction\":[{\"@type\":\"ReadAction\",\"target\":[\"https:\/\/educacioncontinua.pascualbravo.edu.co\/?product=creacion-de-stop-motion-con-dispositivos-moviles\"]}]},{\"@type\":\"ImageObject\",\"inLanguage\":\"es-CO\",\"@id\":\"https:\/\/educacioncontinua.pascualbravo.edu.co\/?product=creacion-de-stop-motion-con-dispositivos-moviles#primaryimage\",\"url\":\"https:\/\/educacioncontinua.pascualbravo.edu.co\/wp-content\/uploads\/2021\/12\/home_stop_motion.jpg\",\"contentUrl\":\"https:\/\/educacioncontinua.pascualbravo.edu.co\/wp-content\/uploads\/2021\/12\/home_stop_motion.jpg\",\"width\":301,\"height\":301},{\"@type\":\"BreadcrumbList\",\"@id\":\"https:\/\/educacioncontinua.pascualbravo.edu.co\/?product=creacion-de-stop-motion-con-dispositivos-moviles#breadcrumb\",\"itemListElement\":[{\"@type\":\"ListItem\",\"position\":1,\"name\":\"Inicio\",\"item\":\"https:\/\/educacioncontinua.pascualbravo.edu.co\/\"},{\"@type\":\"ListItem\",\"position\":2,\"name\":\"Oferta acad\u00e9mica\",\"item\":\"https:\/\/educacioncontinua.pascualbravo.edu.co\/?page_id=14\"},{\"@type\":\"ListItem\",\"position\":3,\"name\":\"Creaci\u00f3n de Stop Motion con dispositivos m\u00f3viles\"}]},{\"@type\":\"WebSite\",\"@id\":\"https:\/\/educacioncontinua.pascualbravo.edu.co\/#website\",\"url\":\"https:\/\/educacioncontinua.pascualbravo.edu.co\/\",\"name\":\"Unidad de Educaci\u00f3n Continua - I.U. Pascual Bravo\",\"description\":\"Unidad de Educaci\u00f3n Continua - I.U. Pascual Bravo\",\"publisher\":{\"@id\":\"https:\/\/educacioncontinua.pascualbravo.edu.co\/#organization\"},\"potentialAction\":[{\"@type\":\"SearchAction\",\"target\":{\"@type\":\"EntryPoint\",\"urlTemplate\":\"https:\/\/educacioncontinua.pascualbravo.edu.co\/?s={search_term_string}\"},\"query-input\":\"required name=search_term_string\"}],\"inLanguage\":\"es-CO\"},{\"@type\":\"Organization\",\"@id\":\"https:\/\/educacioncontinua.pascualbravo.edu.co\/#organization\",\"name\":\"Unidad de Educaci\u00f3n Continua - I.U. Pascual Bravo\",\"url\":\"https:\/\/educacioncontinua.pascualbravo.edu.co\/\",\"logo\":{\"@type\":\"ImageObject\",\"inLanguage\":\"es-CO\",\"@id\":\"https:\/\/educacioncontinua.pascualbravo.edu.co\/#\/schema\/logo\/image\/\",\"url\":\"https:\/\/educacioncontinua.pascualbravo.edu.co\/wp-content\/uploads\/2020\/12\/Pascual-Bravo.png\",\"contentUrl\":\"https:\/\/educacioncontinua.pascualbravo.edu.co\/wp-content\/uploads\/2020\/12\/Pascual-Bravo.png\",\"width\":300,\"height\":77,\"caption\":\"Unidad de Educaci\u00f3n Continua - I.U. Pascual Bravo\"},\"image\":{\"@id\":\"https:\/\/educacioncontinua.pascualbravo.edu.co\/#\/schema\/logo\/image\/\"}}]}<\/script>\n<!-- \/ Yoast SEO plugin. -->","yoast_head_json":{"title":"Creaci\u00f3n de Stop Motion con dispositivos m\u00f3viles - Unidad de Educaci\u00f3n Continua - I.U. Pascual Bravo","robots":{"index":"index","follow":"follow","max-snippet":"max-snippet:-1","max-image-preview":"max-image-preview:large","max-video-preview":"max-video-preview:-1"},"canonical":"https:\/\/educacioncontinua.pascualbravo.edu.co\/?product=creacion-de-stop-motion-con-dispositivos-moviles","og_locale":"es_ES","og_type":"article","og_title":"Creaci\u00f3n de Stop Motion con dispositivos m\u00f3viles - Unidad de Educaci\u00f3n Continua - I.U. Pascual Bravo","og_description":"Aprender\u00e1s de las primeras t\u00e9cnicas de creaci\u00f3n cinematogr\u00e1fica animada, a trav\u00e9s de conceptos b\u00e1sicos de animaci\u00f3n y la experimentaci\u00f3n de t\u00e9cnicas an\u00e1logas y digitales que se han unido para crear movimiento y realizar contenidos disruptivos. Objetivo General: Abordar la t\u00e9cnica Stop Motion o animaci\u00f3n foto a foto, a trav\u00e9s del an\u00e1lisis de obras que revolucionaron [&hellip;]","og_url":"https:\/\/educacioncontinua.pascualbravo.edu.co\/?product=creacion-de-stop-motion-con-dispositivos-moviles","og_site_name":"Unidad de Educaci\u00f3n Continua - I.U. Pascual Bravo","article_modified_time":"2024-11-29T23:25:01+00:00","og_image":[{"width":301,"height":301,"url":"https:\/\/educacioncontinua.pascualbravo.edu.co\/wp-content\/uploads\/2021\/12\/home_stop_motion.jpg","type":"image\/jpeg"}],"twitter_card":"summary_large_image","twitter_misc":{"Tiempo de lectura":"2 minutos"},"schema":{"@context":"https:\/\/schema.org","@graph":[{"@type":"WebPage","@id":"https:\/\/educacioncontinua.pascualbravo.edu.co\/?product=creacion-de-stop-motion-con-dispositivos-moviles","url":"https:\/\/educacioncontinua.pascualbravo.edu.co\/?product=creacion-de-stop-motion-con-dispositivos-moviles","name":"Creaci\u00f3n de Stop Motion con dispositivos m\u00f3viles - Unidad de Educaci\u00f3n Continua - I.U. Pascual Bravo","isPartOf":{"@id":"https:\/\/educacioncontinua.pascualbravo.edu.co\/#website"},"primaryImageOfPage":{"@id":"https:\/\/educacioncontinua.pascualbravo.edu.co\/?product=creacion-de-stop-motion-con-dispositivos-moviles#primaryimage"},"image":{"@id":"https:\/\/educacioncontinua.pascualbravo.edu.co\/?product=creacion-de-stop-motion-con-dispositivos-moviles#primaryimage"},"thumbnailUrl":"https:\/\/educacioncontinua.pascualbravo.edu.co\/wp-content\/uploads\/2021\/12\/home_stop_motion.jpg","datePublished":"2021-11-22T20:31:50+00:00","dateModified":"2024-11-29T23:25:01+00:00","breadcrumb":{"@id":"https:\/\/educacioncontinua.pascualbravo.edu.co\/?product=creacion-de-stop-motion-con-dispositivos-moviles#breadcrumb"},"inLanguage":"es-CO","potentialAction":[{"@type":"ReadAction","target":["https:\/\/educacioncontinua.pascualbravo.edu.co\/?product=creacion-de-stop-motion-con-dispositivos-moviles"]}]},{"@type":"ImageObject","inLanguage":"es-CO","@id":"https:\/\/educacioncontinua.pascualbravo.edu.co\/?product=creacion-de-stop-motion-con-dispositivos-moviles#primaryimage","url":"https:\/\/educacioncontinua.pascualbravo.edu.co\/wp-content\/uploads\/2021\/12\/home_stop_motion.jpg","contentUrl":"https:\/\/educacioncontinua.pascualbravo.edu.co\/wp-content\/uploads\/2021\/12\/home_stop_motion.jpg","width":301,"height":301},{"@type":"BreadcrumbList","@id":"https:\/\/educacioncontinua.pascualbravo.edu.co\/?product=creacion-de-stop-motion-con-dispositivos-moviles#breadcrumb","itemListElement":[{"@type":"ListItem","position":1,"name":"Inicio","item":"https:\/\/educacioncontinua.pascualbravo.edu.co\/"},{"@type":"ListItem","position":2,"name":"Oferta acad\u00e9mica","item":"https:\/\/educacioncontinua.pascualbravo.edu.co\/?page_id=14"},{"@type":"ListItem","position":3,"name":"Creaci\u00f3n de Stop Motion con dispositivos m\u00f3viles"}]},{"@type":"WebSite","@id":"https:\/\/educacioncontinua.pascualbravo.edu.co\/#website","url":"https:\/\/educacioncontinua.pascualbravo.edu.co\/","name":"Unidad de Educaci\u00f3n Continua - I.U. Pascual Bravo","description":"Unidad de Educaci\u00f3n Continua - I.U. Pascual Bravo","publisher":{"@id":"https:\/\/educacioncontinua.pascualbravo.edu.co\/#organization"},"potentialAction":[{"@type":"SearchAction","target":{"@type":"EntryPoint","urlTemplate":"https:\/\/educacioncontinua.pascualbravo.edu.co\/?s={search_term_string}"},"query-input":"required name=search_term_string"}],"inLanguage":"es-CO"},{"@type":"Organization","@id":"https:\/\/educacioncontinua.pascualbravo.edu.co\/#organization","name":"Unidad de Educaci\u00f3n Continua - I.U. Pascual Bravo","url":"https:\/\/educacioncontinua.pascualbravo.edu.co\/","logo":{"@type":"ImageObject","inLanguage":"es-CO","@id":"https:\/\/educacioncontinua.pascualbravo.edu.co\/#\/schema\/logo\/image\/","url":"https:\/\/educacioncontinua.pascualbravo.edu.co\/wp-content\/uploads\/2020\/12\/Pascual-Bravo.png","contentUrl":"https:\/\/educacioncontinua.pascualbravo.edu.co\/wp-content\/uploads\/2020\/12\/Pascual-Bravo.png","width":300,"height":77,"caption":"Unidad de Educaci\u00f3n Continua - I.U. Pascual Bravo"},"image":{"@id":"https:\/\/educacioncontinua.pascualbravo.edu.co\/#\/schema\/logo\/image\/"}}]}},"_links":{"self":[{"href":"https:\/\/educacioncontinua.pascualbravo.edu.co\/index.php?rest_route=\/wp\/v2\/product\/1650"}],"collection":[{"href":"https:\/\/educacioncontinua.pascualbravo.edu.co\/index.php?rest_route=\/wp\/v2\/product"}],"about":[{"href":"https:\/\/educacioncontinua.pascualbravo.edu.co\/index.php?rest_route=\/wp\/v2\/types\/product"}],"replies":[{"embeddable":true,"href":"https:\/\/educacioncontinua.pascualbravo.edu.co\/index.php?rest_route=%2Fwp%2Fv2%2Fcomments&post=1650"}],"wp:featuredmedia":[{"embeddable":true,"href":"https:\/\/educacioncontinua.pascualbravo.edu.co\/index.php?rest_route=\/wp\/v2\/media\/2403"}],"wp:attachment":[{"href":"https:\/\/educacioncontinua.pascualbravo.edu.co\/index.php?rest_route=%2Fwp%2Fv2%2Fmedia&parent=1650"}],"wp:term":[{"taxonomy":"product_cat","embeddable":true,"href":"https:\/\/educacioncontinua.pascualbravo.edu.co\/index.php?rest_route=%2Fwp%2Fv2%2Fproduct_cat&post=1650"},{"taxonomy":"product_tag","embeddable":true,"href":"https:\/\/educacioncontinua.pascualbravo.edu.co\/index.php?rest_route=%2Fwp%2Fv2%2Fproduct_tag&post=1650"},{"taxonomy":"tipo_oferta","embeddable":true,"href":"https:\/\/educacioncontinua.pascualbravo.edu.co\/index.php?rest_route=%2Fwp%2Fv2%2Ftipo_oferta&post=1650"},{"taxonomy":"modalidad","embeddable":true,"href":"https:\/\/educacioncontinua.pascualbravo.edu.co\/index.php?rest_route=%2Fwp%2Fv2%2Fmodalidad&post=1650"},{"taxonomy":"nivel","embeddable":true,"href":"https:\/\/educacioncontinua.pascualbravo.edu.co\/index.php?rest_route=%2Fwp%2Fv2%2Fnivel&post=1650"},{"taxonomy":"tipo_de_programa","embeddable":true,"href":"https:\/\/educacioncontinua.pascualbravo.edu.co\/index.php?rest_route=%2Fwp%2Fv2%2Ftipo_de_programa&post=1650"}],"curies":[{"name":"wp","href":"https:\/\/api.w.org\/{rel}","templated":true}]}}